{"id":896,"date":"2020-04-15T14:27:56","date_gmt":"2020-04-15T17:27:56","guid":{"rendered":"http:\/\/sites.usp.br\/labmicro\/?page_id=896"},"modified":"2023-06-28T16:56:51","modified_gmt":"2023-06-28T19:56:51","slug":"arqueologia-do-litoral-norte-do-espirito-santo","status":"publish","type":"page","link":"https:\/\/sites.usp.br\/labmicro\/arqueologia-do-litoral-norte-do-espirito-santo\/","title":{"rendered":"Arqueologia do litoral norte do Esp\u00edrito Santo \/ Archaeology of the northern coast of Esp\u00edrito Santo"},"content":{"rendered":"<p><a href=\"https:\/\/sites.usp.br\/labmicro\/wp-content\/uploads\/sites\/471\/2020\/04\/DSC02201-scaled.jpg\"><img fetchpriority=\"high\" decoding=\"async\" class=\"alignleft wp-image-1123\" src=\"https:\/\/sites.usp.br\/labmicro\/wp-content\/uploads\/sites\/471\/2020\/04\/DSC02201-300x68.jpg\" alt=\"\" width=\"960\" height=\"218\" data-id=\"1123\" srcset=\"https:\/\/sites.usp.br\/labmicro\/wp-content\/uploads\/sites\/471\/2020\/04\/DSC02201-300x68.jpg 300w, https:\/\/sites.usp.br\/labmicro\/wp-content\/uploads\/sites\/471\/2020\/04\/DSC02201-1024x232.jpg 1024w, https:\/\/sites.usp.br\/labmicro\/wp-content\/uploads\/sites\/471\/2020\/04\/DSC02201-768x174.jpg 768w, https:\/\/sites.usp.br\/labmicro\/wp-content\/uploads\/sites\/471\/2020\/04\/DSC02201-1536x348.jpg 1536w, https:\/\/sites.usp.br\/labmicro\/wp-content\/uploads\/sites\/471\/2020\/04\/DSC02201-2048x464.jpg 2048w, https:\/\/sites.usp.br\/labmicro\/wp-content\/uploads\/sites\/471\/2020\/04\/DSC02201-400x91.jpg 400w\" sizes=\"(max-width: 960px) 100vw, 960px\" \/><\/a><\/p>\n<p>&nbsp;<\/p>\n<p>&nbsp;<\/p>\n<p>&nbsp;<\/p>\n<p>&nbsp;<\/p>\n<p>&nbsp;<\/p>\n<p style=\"text-align: justify;\"><strong>PI: Ximena S. Villagran<\/strong><br \/>\nFinanciamento: CNPq Universal 402947\/2016-9<\/p>\n<p style=\"text-align: justify;\"><strong>Sobre o projeto:\u00a0<\/strong>Os sambaquis s\u00e3o s\u00edtios arqueol\u00f3gicos que caracterizam a ocupa\u00e7\u00e3o humana pr\u00e9-hist\u00f3rica de quase toda a faixa costeira do Brasil e foram especialmente pouco documentados no litoral do Esp\u00edrito Santo. Existe uma lacuna de informa\u00e7\u00f5es sobre a ocupa\u00e7\u00e3o sambaquieira ao norte dos estados mais ricos da regi\u00e3o sudeste (S\u00e3o Paulo e Rio de Janeiro), onde as pesquisas arqueol\u00f3gicas foram mais intensas e onde sabemos que o povoamento da costa teria come\u00e7ado no inicio do Holoceno. Os grupos que habitaram a costa brasileira em tempos pr\u00e9-coloniais, conhecidos como &#8220;sambaquieiros&#8221; ou construtores de sambaquis, eram pescadores-ca\u00e7adores-coletores organizados em pequenas comunidades ao longo da faixa costeira. Estes grupos tinham grandes polos de agrega\u00e7\u00e3o, onde os sambaquis atingem dezenas de metros de altura, e sepultavam os seus mortos nos amontoados de conchas, constru\u00eddos ao longo de s\u00e9culos mediante o retrabahamento do ref\u00fago dom\u00e9stico e cerimonial. O projeto visa preencher a lacuna de informa\u00e7\u00f5es sobre cronologia e caracter\u00edsticas da ocupa\u00e7\u00e3o humana no litoral norte do Esp\u00edrito Santo (munic\u00edpio de Linhares), especialmente no que refere aos s\u00edtios pr\u00e9-coloniais, e contribuir com o desenvolvimento da arqueologia de sambaquis \u00a0atrav\u00e9s da escava\u00e7\u00e3o de s\u00edtios nunca antes estudados. No \u00e2mbito do projeto foram escavados j\u00e1 dois sambaquis (Lagoa Bonita 17 e Suruaca 20), com idades de at\u00e9 7000 anos, al\u00e9m de um mont\u00edculo ictiol\u00f3gico (Lagoa Bonita 19), onde se recuperou o primeiro sepultamento humano na \u00e1rea de estudo. O projeto contempla tamb\u00e9m an\u00e1lises de DNA antigo de remanescentes humanos de outros sambaquis do estado, assim como m\u00e9todos geoarqueol\u00f3gicos de alta resolu\u00e7\u00e3o, como micromorfologia, an\u00e1lise de fit\u00f3litos e espectroscopia no infravermelho por transformada de Fourier.<\/p>\n<p>Este projeto da continuidade \u00e0s pesquisas arqueol\u00f3gicas no Munic\u00edpio de Linhares iniciadas pela pesquisadora respons\u00e1vel com o apoio do projeto tem\u00e1tico FAPESP \u201cEstudos paleoambientais interdisciplinares na costa do Esp\u00edrito Santo (PROJES)\u201d (proc. 2011\/00995-7), coordenado pelo Prof. Dr. Luiz C.R. Pessenda (CENA\/USP).<\/p>\n<p><em><strong>About the project<\/strong>: Sambaquis (shell mounds) are archaeological sites that characterize the prehistoric human occupation of almost the whole Brazilian coastal strip, which have been especially under-documented on the coast of Esp\u00edrito Santo. There is a gap in our knowledge about shell mound occupations to the north of the richer states of the southeast region (S\u00e3o Paulo e Rio de Janeiro), where archaeological research has been more intense and where we know that the peopling of the coast started at the beginning of the Holocene. The groups that inhabited the Brazilian coast in precolonial times, known as sambaquieros or shell mound builders, were fisher-hunter-gatherers organized in small communities along the coastal strip. These groups had large poles of aggregation, where the shell mounds reach dozens of meters in height, and where the dead were buried on piles of shells, constructed over centuries through the reworking of domestic and ceremonial refuse. <\/em><em>This project aims to fill a knowledge gap regarding the chronology and characteristics of human occupation on the north coast of Esp\u00edrito Santo (municipality of Linhares), especially in terms of precolonial sites, and contribute to the development of shell mound archaeology through the excavation of sites never studied before. In the remit of the project, two shell mounds were already excavated (Lagoa Bonita 17 and Suruaca 20) that yielded occupations up to 7000 years old, contributing to what we know about the peopling of the capixaba coast, as well as an ichthyological mound (Lagoa Bonita 19) where the first human burial of the region was found. The project also contemplates DNA analysis of human remains from other shell mounds of the region, as well as the application of high-resolution geoarchaeological methods such as micromorphology, phytolith analysis and Fourier Transformed Infrared Spectroscopy.<\/em><\/p>\n<p><em>This project is a continuation of archaeological research in the Municipality of Linhares began by the Principal Investigator with the support of the FAPESP thematic project \u201cInterdisciplinary paleoenvironmenal studies on the coast of Esp\u00edrito Santo (PROJES)\u201d (proc. 2011\/00995-7), coordinated by Prof. Dr. Luiz C. R. Pessenda (CENA\/USP)<\/em><\/p>\n<p><strong>Equipe \/ Team:<\/strong> Henrique A. Valadares Costa; Anderson Tognoli; Igor da Silva Erler; Andr\u00e9 Strauss; Dionne Azevedo; Paulo Bonfim; Marina Di Giusto; Haruan Straioto; Ver\u00f4nica Wesolowski.<\/p>\n<div id=\"attachment_1047\" style=\"width: 310px\" class=\"wp-caption alignleft\"><a href=\"https:\/\/sites.usp.br\/labmicro\/wp-content\/uploads\/sites\/471\/2020\/04\/DSC01108-scaled.jpg\"><img decoding=\"async\" aria-describedby=\"caption-attachment-1047\" class=\"wp-image-1047\" src=\"https:\/\/sites.usp.br\/labmicro\/wp-content\/uploads\/sites\/471\/2020\/04\/DSC01108-300x200.jpg\" alt=\"\" width=\"300\" height=\"200\" data-id=\"1047\" srcset=\"https:\/\/sites.usp.br\/labmicro\/wp-content\/uploads\/sites\/471\/2020\/04\/DSC01108-300x200.jpg 300w, https:\/\/sites.usp.br\/labmicro\/wp-content\/uploads\/sites\/471\/2020\/04\/DSC01108-1024x683.jpg 1024w, https:\/\/sites.usp.br\/labmicro\/wp-content\/uploads\/sites\/471\/2020\/04\/DSC01108-768x512.jpg 768w, https:\/\/sites.usp.br\/labmicro\/wp-content\/uploads\/sites\/471\/2020\/04\/DSC01108-1536x1024.jpg 1536w, https:\/\/sites.usp.br\/labmicro\/wp-content\/uploads\/sites\/471\/2020\/04\/DSC01108-2048x1365.jpg 2048w, https:\/\/sites.usp.br\/labmicro\/wp-content\/uploads\/sites\/471\/2020\/04\/DSC01108-400x267.jpg 400w\" sizes=\"(max-width: 300px) 100vw, 300px\" \/><\/a><p id=\"caption-attachment-1047\" class=\"wp-caption-text\">Quebrando a concre\u00e7\u00e3o carbon\u00e1tica do sambaqui Lagoa Bonita 17, com ajuda da equipe do Prof. Pessenda \/ <em>Breaking the carbonatic concretion of the Lagoa Bonita 17 shell midden, with the help of Prof. Pessenda&#8217;s team.<\/em><\/p><\/div>\n<div id=\"attachment_1049\" style=\"width: 310px\" class=\"wp-caption alignleft\"><a href=\"https:\/\/sites.usp.br\/labmicro\/wp-content\/uploads\/sites\/471\/2020\/04\/DSC02221-scaled.jpg\"><img decoding=\"async\" aria-describedby=\"caption-attachment-1049\" class=\"wp-image-1049\" src=\"https:\/\/sites.usp.br\/labmicro\/wp-content\/uploads\/sites\/471\/2020\/04\/DSC02221-300x200.jpg\" alt=\"\" width=\"300\" height=\"200\" data-id=\"1049\" srcset=\"https:\/\/sites.usp.br\/labmicro\/wp-content\/uploads\/sites\/471\/2020\/04\/DSC02221-300x200.jpg 300w, https:\/\/sites.usp.br\/labmicro\/wp-content\/uploads\/sites\/471\/2020\/04\/DSC02221-1024x683.jpg 1024w, https:\/\/sites.usp.br\/labmicro\/wp-content\/uploads\/sites\/471\/2020\/04\/DSC02221-768x512.jpg 768w, https:\/\/sites.usp.br\/labmicro\/wp-content\/uploads\/sites\/471\/2020\/04\/DSC02221-1536x1024.jpg 1536w, https:\/\/sites.usp.br\/labmicro\/wp-content\/uploads\/sites\/471\/2020\/04\/DSC02221-2048x1365.jpg 2048w, https:\/\/sites.usp.br\/labmicro\/wp-content\/uploads\/sites\/471\/2020\/04\/DSC02221-400x267.jpg 400w\" sizes=\"(max-width: 300px) 100vw, 300px\" \/><\/a><p id=\"caption-attachment-1049\" class=\"wp-caption-text\">Tiago Attorre passando o GPR no sambaqui Suruaca 20 \/ <em>Tiago Attorre passing the GPR on the Suruaca 20 shell midden.<\/em><\/p><\/div>\n<div id=\"attachment_1050\" style=\"width: 310px\" class=\"wp-caption alignleft\"><a href=\"https:\/\/sites.usp.br\/labmicro\/wp-content\/uploads\/sites\/471\/2020\/04\/DSC02583-1-scaled.jpg\"><img loading=\"lazy\" decoding=\"async\" aria-describedby=\"caption-attachment-1050\" class=\"wp-image-1050\" src=\"https:\/\/sites.usp.br\/labmicro\/wp-content\/uploads\/sites\/471\/2020\/04\/DSC02583-1-300x200.jpg\" alt=\"\" width=\"300\" height=\"200\" data-id=\"1050\" srcset=\"https:\/\/sites.usp.br\/labmicro\/wp-content\/uploads\/sites\/471\/2020\/04\/DSC02583-1-300x200.jpg 300w, https:\/\/sites.usp.br\/labmicro\/wp-content\/uploads\/sites\/471\/2020\/04\/DSC02583-1-1024x683.jpg 1024w, https:\/\/sites.usp.br\/labmicro\/wp-content\/uploads\/sites\/471\/2020\/04\/DSC02583-1-768x512.jpg 768w, https:\/\/sites.usp.br\/labmicro\/wp-content\/uploads\/sites\/471\/2020\/04\/DSC02583-1-1536x1024.jpg 1536w, https:\/\/sites.usp.br\/labmicro\/wp-content\/uploads\/sites\/471\/2020\/04\/DSC02583-1-2048x1365.jpg 2048w, https:\/\/sites.usp.br\/labmicro\/wp-content\/uploads\/sites\/471\/2020\/04\/DSC02583-1-400x267.jpg 400w\" sizes=\"(max-width: 300px) 100vw, 300px\" \/><\/a><p id=\"caption-attachment-1050\" class=\"wp-caption-text\">Equipe que escavou o sambaqui Suruaca 20. De esquerda a direita: Anderson Tognoli, Ximena S. Villagran, Tiago Attorre, Daniela Klokler, Igor da Silva Erler, Hernique Valadares e Carlos Duarte \/ <em>Team that excavated the Suruaca 20 site.<\/em><\/p><\/div>\n<p>&nbsp;<\/p>\n<div id=\"attachment_1052\" style=\"width: 310px\" class=\"wp-caption alignleft\"><a href=\"https:\/\/sites.usp.br\/labmicro\/wp-content\/uploads\/sites\/471\/2020\/04\/14b1caf3-2444-49e6-ac5c-146bec69cbf9.jpg\"><img loading=\"lazy\" decoding=\"async\" aria-describedby=\"caption-attachment-1052\" class=\"size-medium wp-image-1052\" src=\"https:\/\/sites.usp.br\/labmicro\/wp-content\/uploads\/sites\/471\/2020\/04\/14b1caf3-2444-49e6-ac5c-146bec69cbf9-300x225.jpg\" alt=\"\" width=\"300\" height=\"225\" data-id=\"1052\" srcset=\"https:\/\/sites.usp.br\/labmicro\/wp-content\/uploads\/sites\/471\/2020\/04\/14b1caf3-2444-49e6-ac5c-146bec69cbf9-300x225.jpg 300w, https:\/\/sites.usp.br\/labmicro\/wp-content\/uploads\/sites\/471\/2020\/04\/14b1caf3-2444-49e6-ac5c-146bec69cbf9-1024x768.jpg 1024w, https:\/\/sites.usp.br\/labmicro\/wp-content\/uploads\/sites\/471\/2020\/04\/14b1caf3-2444-49e6-ac5c-146bec69cbf9-768x576.jpg 768w, https:\/\/sites.usp.br\/labmicro\/wp-content\/uploads\/sites\/471\/2020\/04\/14b1caf3-2444-49e6-ac5c-146bec69cbf9-80x60.jpg 80w, https:\/\/sites.usp.br\/labmicro\/wp-content\/uploads\/sites\/471\/2020\/04\/14b1caf3-2444-49e6-ac5c-146bec69cbf9-400x300.jpg 400w, https:\/\/sites.usp.br\/labmicro\/wp-content\/uploads\/sites\/471\/2020\/04\/14b1caf3-2444-49e6-ac5c-146bec69cbf9.jpg 1152w\" sizes=\"(max-width: 300px) 100vw, 300px\" \/><\/a><p id=\"caption-attachment-1052\" class=\"wp-caption-text\">Equipe que escavou o s\u00edtio Lagoa Bonita 19. De esquerda a direita: Dionne Azevedo, Kelly Brand\u00e3o, Ximena S. Villagran, Haruan Straioto, Henrique Valadares, Anderson Tognoli e Marina di Giusto \/ <em>Team that excavated the Lagoa Bonita 19 site.<\/em><\/p><\/div>\n<div id=\"attachment_1053\" style=\"width: 310px\" class=\"wp-caption alignleft\"><a href=\"https:\/\/sites.usp.br\/labmicro\/wp-content\/uploads\/sites\/471\/2020\/04\/IMG_3564-scaled.jpg\"><img loading=\"lazy\" decoding=\"async\" aria-describedby=\"caption-attachment-1053\" class=\"wp-image-1053 size-medium\" src=\"https:\/\/sites.usp.br\/labmicro\/wp-content\/uploads\/sites\/471\/2020\/04\/IMG_3564-300x225.jpg\" alt=\"\" width=\"300\" height=\"225\" data-id=\"1053\" srcset=\"https:\/\/sites.usp.br\/labmicro\/wp-content\/uploads\/sites\/471\/2020\/04\/IMG_3564-300x225.jpg 300w, https:\/\/sites.usp.br\/labmicro\/wp-content\/uploads\/sites\/471\/2020\/04\/IMG_3564-1024x768.jpg 1024w, https:\/\/sites.usp.br\/labmicro\/wp-content\/uploads\/sites\/471\/2020\/04\/IMG_3564-768x576.jpg 768w, https:\/\/sites.usp.br\/labmicro\/wp-content\/uploads\/sites\/471\/2020\/04\/IMG_3564-1536x1152.jpg 1536w, https:\/\/sites.usp.br\/labmicro\/wp-content\/uploads\/sites\/471\/2020\/04\/IMG_3564-2048x1536.jpg 2048w, https:\/\/sites.usp.br\/labmicro\/wp-content\/uploads\/sites\/471\/2020\/04\/IMG_3564-80x60.jpg 80w, https:\/\/sites.usp.br\/labmicro\/wp-content\/uploads\/sites\/471\/2020\/04\/IMG_3564-400x300.jpg 400w\" sizes=\"(max-width: 300px) 100vw, 300px\" \/><\/a><p id=\"caption-attachment-1053\" class=\"wp-caption-text\">Constru\u00edndo pontes gra\u00e7as ao &#8220;arqueomarcineiro&#8221; Anderson Tognoli \/ <em>Building brigdes thanks to &#8220;archaeowoodworker&#8221; Anderson Tognoli.<\/em><\/p><\/div>\n<div id=\"attachment_1046\" style=\"width: 310px\" class=\"wp-caption alignleft\"><a href=\"https:\/\/sites.usp.br\/labmicro\/wp-content\/uploads\/sites\/471\/2020\/04\/IMG_1994-scaled.jpg\"><img loading=\"lazy\" decoding=\"async\" aria-describedby=\"caption-attachment-1046\" class=\"size-medium wp-image-1046\" src=\"https:\/\/sites.usp.br\/labmicro\/wp-content\/uploads\/sites\/471\/2020\/04\/IMG_1994-300x200.jpg\" alt=\"\" width=\"300\" height=\"200\" data-id=\"1046\" srcset=\"https:\/\/sites.usp.br\/labmicro\/wp-content\/uploads\/sites\/471\/2020\/04\/IMG_1994-300x200.jpg 300w, https:\/\/sites.usp.br\/labmicro\/wp-content\/uploads\/sites\/471\/2020\/04\/IMG_1994-1024x683.jpg 1024w, https:\/\/sites.usp.br\/labmicro\/wp-content\/uploads\/sites\/471\/2020\/04\/IMG_1994-768x512.jpg 768w, https:\/\/sites.usp.br\/labmicro\/wp-content\/uploads\/sites\/471\/2020\/04\/IMG_1994-1536x1024.jpg 1536w, https:\/\/sites.usp.br\/labmicro\/wp-content\/uploads\/sites\/471\/2020\/04\/IMG_1994-2048x1365.jpg 2048w, https:\/\/sites.usp.br\/labmicro\/wp-content\/uploads\/sites\/471\/2020\/04\/IMG_1994-400x267.jpg 400w\" sizes=\"(max-width: 300px) 100vw, 300px\" \/><\/a><p id=\"caption-attachment-1046\" class=\"wp-caption-text\">Escava\u00e7\u00e3o do s\u00edtio Lagoa Bonita 19, onde achamos o primeiro sepultamento humano bem documentado da regi\u00e3o \/ <em>Excavation of Lagoa Bonita 19, where we found the first well-documented human burial in the region.<\/em><\/p><\/div>\n<p>&nbsp;<\/p>\n<p>&nbsp;<\/p>\n<p>&nbsp;<\/p>\n<p><strong>\u00a0<\/strong><\/p>\n<p>&nbsp;<\/p>\n<p>&nbsp;<\/p>\n<p>&nbsp;<\/p>\n<p>&nbsp;<\/p>\n<p>&nbsp;<\/p>\n<p>&nbsp;<\/p>\n<p>&nbsp;<\/p>\n<p>&nbsp;<\/p>\n<p>&nbsp;<\/p>\n<p>&nbsp;<\/p>\n<p>&nbsp;<\/p>\n<p>&nbsp;<\/p>\n<p>&nbsp;<\/p>\n<p>&nbsp;<\/p>\n<p><a href=\"https:\/\/sites.usp.br\/labmicro\/wp-content\/uploads\/sites\/471\/2020\/04\/cnpq-logo-scaled.png\"><img loading=\"lazy\" decoding=\"async\" class=\"alignnone wp-image-1038 \" src=\"https:\/\/sites.usp.br\/labmicro\/wp-content\/uploads\/sites\/471\/2020\/04\/cnpq-logo-650x276.png\" alt=\"\" width=\"275\" height=\"117\" data-id=\"1038\" srcset=\"https:\/\/sites.usp.br\/labmicro\/wp-content\/uploads\/sites\/471\/2020\/04\/cnpq-logo-650x276.png 650w, https:\/\/sites.usp.br\/labmicro\/wp-content\/uploads\/sites\/471\/2020\/04\/cnpq-logo-300x128.png 300w, https:\/\/sites.usp.br\/labmicro\/wp-content\/uploads\/sites\/471\/2020\/04\/cnpq-logo-1024x437.png 1024w, https:\/\/sites.usp.br\/labmicro\/wp-content\/uploads\/sites\/471\/2020\/04\/cnpq-logo-768x328.png 768w, https:\/\/sites.usp.br\/labmicro\/wp-content\/uploads\/sites\/471\/2020\/04\/cnpq-logo-1536x656.png 1536w, https:\/\/sites.usp.br\/labmicro\/wp-content\/uploads\/sites\/471\/2020\/04\/cnpq-logo-2048x875.png 2048w, https:\/\/sites.usp.br\/labmicro\/wp-content\/uploads\/sites\/471\/2020\/04\/cnpq-logo-400x171.png 400w\" sizes=\"(max-width: 275px) 100vw, 275px\" \/><\/a><\/p>\n","protected":false},"excerpt":{"rendered":"<p>&nbsp; &nbsp; &nbsp; &nbsp; &nbsp; PI: Ximena S. Villagran Financiamento: CNPq Universal 402947\/2016-9 Sobre o projeto:\u00a0Os sambaquis s\u00e3o s\u00edtios arqueol\u00f3gicos que caracterizam a ocupa\u00e7\u00e3o humana pr\u00e9-hist\u00f3rica de quase toda a faixa costeira do Brasil e foram especialmente pouco documentados no litoral do Esp\u00edrito Santo. Existe uma lacuna de informa\u00e7\u00f5es sobre a ocupa\u00e7\u00e3o sambaquieira ao norte dos estados mais ricos da regi\u00e3o sudeste (S\u00e3o Paulo e Rio de Janeiro), onde as pesquisas arqueol\u00f3gicas foram mais intensas e onde sabemos que o povoamento da costa teria come\u00e7ado no inicio do Holoceno. Os grupos que habitaram a costa brasileira em tempos pr\u00e9-coloniais, conhecidos como &#8220;sambaquieiros&#8221; ou construtores de sambaquis, eram pescadores-ca\u00e7adores-coletores organizados em pequenas comunidades ao longo da faixa costeira. Estes grupos tinham grandes polos de agrega\u00e7\u00e3o, onde os sambaquis atingem dezenas de metros de altura, e sepultavam os seus mortos nos amontoados de conchas, constru\u00eddos ao longo de s\u00e9culos mediante o retrabahamento do ref\u00fago dom\u00e9stico e cerimonial. O projeto visa preencher a lacuna de informa\u00e7\u00f5es sobre cronologia e caracter\u00edsticas da ocupa\u00e7\u00e3o humana no litoral norte do Esp\u00edrito Santo (munic\u00edpio de Linhares), especialmente no que refere aos s\u00edtios pr\u00e9-coloniais, e contribuir com o desenvolvimento da arqueologia de sambaquis \u00a0atrav\u00e9s da escava\u00e7\u00e3o de s\u00edtios [&#8230;]<\/p>\n","protected":false},"author":845,"featured_media":0,"parent":0,"menu_order":0,"comment_status":"closed","ping_status":"closed","template":"page-full.php","meta":{"_monsterinsights_skip_tracking":false,"_monsterinsights_sitenote_active":false,"_monsterinsights_sitenote_note":"","_monsterinsights_sitenote_category":0,"footnotes":"","_links_to":"","_links_to_target":""},"class_list":["post-896","page","type-page","status-publish","hentry"],"_links":{"self":[{"href":"https:\/\/sites.usp.br\/labmicro\/wp-json\/wp\/v2\/pages\/896","targetHints":{"allow":["GET"]}}],"collection":[{"href":"https:\/\/sites.usp.br\/labmicro\/wp-json\/wp\/v2\/pages"}],"about":[{"href":"https:\/\/sites.usp.br\/labmicro\/wp-json\/wp\/v2\/types\/page"}],"author":[{"embeddable":true,"href":"https:\/\/sites.usp.br\/labmicro\/wp-json\/wp\/v2\/users\/845"}],"replies":[{"embeddable":true,"href":"https:\/\/sites.usp.br\/labmicro\/wp-json\/wp\/v2\/comments?post=896"}],"version-history":[{"count":4,"href":"https:\/\/sites.usp.br\/labmicro\/wp-json\/wp\/v2\/pages\/896\/revisions"}],"predecessor-version":[{"id":2243,"href":"https:\/\/sites.usp.br\/labmicro\/wp-json\/wp\/v2\/pages\/896\/revisions\/2243"}],"wp:attachment":[{"href":"https:\/\/sites.usp.br\/labmicro\/wp-json\/wp\/v2\/media?parent=896"}],"curies":[{"name":"wp","href":"https:\/\/api.w.org\/{rel}","templated":true}]}}