{"id":962,"date":"2022-08-01T12:54:53","date_gmt":"2022-08-01T15:54:53","guid":{"rendered":"http:\/\/sites.usp.br\/labmicro\/?page_id=962"},"modified":"2026-03-05T11:34:18","modified_gmt":"2026-03-05T14:34:18","slug":"home","status":"publish","type":"page","link":"https:\/\/sites.usp.br\/labmicro\/","title":{"rendered":"Home"},"content":{"rendered":"<p><strong>Laborat\u00f3rio de Microarqueologia &#8211; LabMicro<\/strong><\/p>\n<p>A Microarqueologia \u00e9 a disciplina que estuda o registro arqueol\u00f3gico invis\u00edvel, que s\u00f3 pode ser atingido atrav\u00e9s do uso de instrumentos. Os\/as pesquisadores\/as do Laborat\u00f3rio de Microarqueologia do MAE\/USP aplicam uma diversidade de m\u00e9todos, principalmente de microscopia \u00f3ptica (e.g. micromorfologia, microbot\u00e2nica), para estudar a intera\u00e7\u00e3o entre humanos, meio ambiente e paisagens no passado.<\/p>\n<p>Realizamos pesquisas em geoarqueologia, arqueobot\u00e2nica, arqueometr\u00eda e paleoecologia<strong>\u00a0<\/strong>assim como trabalhos de campo em s\u00edtios arqueol\u00f3gicos que abrangem um vasto per\u00edodo da hist\u00f3ria humana, desde as ocupa\u00e7\u00f5es mais antigas da Am\u00e9rica do Sul, at\u00e9 o presente. Nosso interesse est\u00e1 no estudo de: 1) o processo de povoamento da Am\u00e9rica do Sul e as ocupa\u00e7\u00f5es do Pleistoceno tardio; 2) a hist\u00f3ria profunda de intera\u00e7\u00f5es entre pessoas e plantas na Amaz\u00f4nia; 3) o desenvolvimento das culturas mar\u00edtimas na costa Atl\u00e2ntica e Pac\u00edfica; 4) a constru\u00e7\u00e3o\/domestica\u00e7\u00e3o das paisagens e o impacto da a\u00e7\u00e3o humana no meio ambiente; 5) as respostas culturais \u00e0s flutua\u00e7\u00f5es ambientais e mudan\u00e7as na paisagem.<\/p>\n<p>O LabMicro se constitui tamb\u00e9m como um laborat\u00f3rio multiusu\u00e1rio que fornece aos docentes, estudantes e pesquisadores\/as do MAE\/USP um espa\u00e7o completo para o desenvolvimento das suas pesquisas. A nossa Sala de Microscopia conta com um microsc\u00f3pio petrogr\u00e1fico, dois microsc\u00f3pios biol\u00f3gicos e um microsc\u00f3pio estereosc\u00f3pico (lupa), todos equipados com c\u00e2meras para captura e an\u00e1lise digital das imagens, assim como um escanner de alta resolu\u00e7\u00e3o para digitaliza\u00e7\u00e3o de se\u00e7\u00f5es delgadas. A Sala de Microbot\u00e2nica conta com uma completa infraestrutura para extra\u00e7\u00e3o de gr\u00e3os de amido e fit\u00f3litos de amostras de sedimentos e de artefatos, assim como para a impregna\u00e7\u00e3o de amostras de micromorfologia de solos. An\u00e1lises de espectroscopia no infravermelho por transformada de Fourier (FTIR) em s\u00f3lidos e l\u00edquidos podem ser realizadas com o nosso equipamento Cary 630 de Agilent Technologies.<\/p>\n<p>O LabMicro foi fundado gra\u00e7as ao apoio financieiro da FAPESP atrav\u00e9s dos projetos 2015\/19405-6 e 2017\/25157-0.<\/p>\n<p><strong>Contatos<\/strong>: <a href=\"https:\/\/sites.usp.br\/labmicro\/ximena-s-villagran\/\">Profa. Dra. Ximena S. Villagran<\/a> (Geoarqueologia e Petrografia Cer\u00e2mica) ; <a href=\"https:\/\/sites.usp.br\/labmicro\/jennifer-watling\/\">Profa. Dra. Jennifer Watling<\/a> (Arqueobot\u00e2nica); <a href=\"https:\/\/sites.usp.br\/labmicro\/isabela-sodre\/\">Dra. Isabela Sodr\u00e9<\/a> (T\u00e9cnica do Laborat\u00f3rio)<\/p>\n<p>&nbsp;<\/p>\n<p><em><strong>Microarchaeology Laboratory \u2013 LabMicro<\/strong><\/em><\/p>\n<p><em>Microarchaeology is a discipline that studies the part of the archaeological record invisible to the naked eye, which can only be reached by using instruments. The researchers of the Microarchaeology Laboratory at MAE\/USP apply diverse methods, mainly optical microscopy (e.g. micromorphology, microbotany), to study the interaction between humans, the environment, and landscapes in the past.<\/em><\/p>\n<p><em>We carry out research in geoarchaeology, archaeobotany, archaeometry, and paleoecology, and conduct fieldwork in archaeological sites that cover a vast period of human history, from the oldest occupations of South America to areas still occupied by people today. Our interests are in the study of: 1) the process of the peopling of South America and the occupations of the Late Pleistocene; 2) the deep history of interactions between people and plants in Amazonia; 3) the development of maritime cultures on the Atlantic and Pacific coasts; 4) the construction\/domestication of landscapes and the impact of humans on the environment; 5) cultural responses to environmental fluctuations and landscape changes.<\/em><\/p>\n<p><em>LabMicro constitutes a multi-user laboratory that provides faculty, students, and researchers at MAE\/USP a complete space to develop their research. Our Microscopy Room contains one petrographic microscope, two biological microscopes, and one stereoscopic microscope (binocular loop), all equipped with cameras to capture and analyze digital images and a high-resolution scanner for the digitalization of thin sections. The recently inaugurated Microbotany Laboratory provides infrastructure for the extraction of starch grains and phytoliths from sediments and artefacts, as well as for the impregnation of soil micromorphology samples. Fourier transform infrared spectroscopy (FTIR) analyses of solids and liquids can be performed with our Cary 630 equipment from Agilent Technologies.<\/em><\/p>\n<p><em>LabMicro was funded thanks to financial support from FAPESP through the projects 2015\/19405-6 and 2017\/25157-0.<\/em><\/p>\n<p><strong>Contacts<\/strong>:\u00a0<a href=\"https:\/\/sites.usp.br\/labmicro\/ximena-s-villagran\/\"><em>Prof. Ximena S. Villagran<\/em><\/a> (Geoarchaeology and Ceramic Petrography); <a href=\"https:\/\/sites.usp.br\/labmicro\/jennifer-watling\/\"><em>Prof. Jennifer Watling<\/em><\/a> (Microbotany); <em><a href=\"https:\/\/sites.usp.br\/labmicro\/isabela-sodre\/\">Dr. Isabela Sodr\u00e9<\/a> <\/em>(<em>Lab technician<\/em>)<a href=\"https:\/\/sites.usp.br\/labmicro\/wp-content\/uploads\/sites\/471\/2020\/04\/logo-fapesp-e1586993927420.png\"><br \/>\n<\/a><\/p>\n","protected":false},"excerpt":{"rendered":"<p>Laborat\u00f3rio de Microarqueologia &#8211; LabMicro A Microarqueologia \u00e9 a disciplina que estuda o registro arqueol\u00f3gico invis\u00edvel, que s\u00f3 pode ser atingido atrav\u00e9s do uso de instrumentos. Os\/as pesquisadores\/as do Laborat\u00f3rio de Microarqueologia do MAE\/USP aplicam uma diversidade de m\u00e9todos, principalmente de microscopia \u00f3ptica (e.g. micromorfologia, microbot\u00e2nica), para estudar a intera\u00e7\u00e3o entre humanos, meio ambiente e paisagens no passado. Realizamos pesquisas em geoarqueologia, arqueobot\u00e2nica, arqueometr\u00eda e paleoecologia\u00a0assim como trabalhos de campo em s\u00edtios arqueol\u00f3gicos que abrangem um vasto per\u00edodo da hist\u00f3ria humana, desde as ocupa\u00e7\u00f5es mais antigas da Am\u00e9rica do Sul, at\u00e9 o presente. Nosso interesse est\u00e1 no estudo de: 1) o processo de povoamento da Am\u00e9rica do Sul e as ocupa\u00e7\u00f5es do Pleistoceno tardio; 2) a hist\u00f3ria profunda de intera\u00e7\u00f5es entre pessoas e plantas na Amaz\u00f4nia; 3) o desenvolvimento das culturas mar\u00edtimas na costa Atl\u00e2ntica e Pac\u00edfica; 4) a constru\u00e7\u00e3o\/domestica\u00e7\u00e3o das paisagens e o impacto da a\u00e7\u00e3o humana no meio ambiente; 5) as respostas culturais \u00e0s flutua\u00e7\u00f5es ambientais e mudan\u00e7as na paisagem. O LabMicro se constitui tamb\u00e9m como um laborat\u00f3rio multiusu\u00e1rio que fornece aos docentes, estudantes e pesquisadores\/as do MAE\/USP um espa\u00e7o completo para o desenvolvimento das suas pesquisas. A nossa Sala de Microscopia conta com um microsc\u00f3pio petrogr\u00e1fico, dois [&#8230;]<\/p>\n","protected":false},"author":845,"featured_media":0,"parent":0,"menu_order":0,"comment_status":"closed","ping_status":"closed","template":"homepage.php","meta":{"_monsterinsights_skip_tracking":false,"_monsterinsights_sitenote_active":false,"_monsterinsights_sitenote_note":"","_monsterinsights_sitenote_category":0,"footnotes":"","_links_to":"","_links_to_target":""},"class_list":["post-962","page","type-page","status-publish","hentry"],"_links":{"self":[{"href":"https:\/\/sites.usp.br\/labmicro\/wp-json\/wp\/v2\/pages\/962","targetHints":{"allow":["GET"]}}],"collection":[{"href":"https:\/\/sites.usp.br\/labmicro\/wp-json\/wp\/v2\/pages"}],"about":[{"href":"https:\/\/sites.usp.br\/labmicro\/wp-json\/wp\/v2\/types\/page"}],"author":[{"embeddable":true,"href":"https:\/\/sites.usp.br\/labmicro\/wp-json\/wp\/v2\/users\/845"}],"replies":[{"embeddable":true,"href":"https:\/\/sites.usp.br\/labmicro\/wp-json\/wp\/v2\/comments?post=962"}],"version-history":[{"count":6,"href":"https:\/\/sites.usp.br\/labmicro\/wp-json\/wp\/v2\/pages\/962\/revisions"}],"predecessor-version":[{"id":2617,"href":"https:\/\/sites.usp.br\/labmicro\/wp-json\/wp\/v2\/pages\/962\/revisions\/2617"}],"wp:attachment":[{"href":"https:\/\/sites.usp.br\/labmicro\/wp-json\/wp\/v2\/media?parent=962"}],"curies":[{"name":"wp","href":"https:\/\/api.w.org\/{rel}","templated":true}]}}