{"id":980,"date":"2020-04-15T21:41:17","date_gmt":"2020-04-16T00:41:17","guid":{"rendered":"http:\/\/sites.usp.br\/labmicro\/?page_id=980"},"modified":"2024-06-14T14:20:20","modified_gmt":"2024-06-14T17:20:20","slug":"pesquisa","status":"publish","type":"page","link":"https:\/\/sites.usp.br\/labmicro\/pesquisa\/","title":{"rendered":"Pesquisa \/ Research"},"content":{"rendered":"<div id=\"attachment_2337\" style=\"width: 290px\" class=\"wp-caption alignleft\"><a href=\"https:\/\/sites.usp.br\/labmicro\/contacts-ruptures-and-cultural-transitions-in-central-amazonia\/\"><img fetchpriority=\"high\" decoding=\"async\" aria-describedby=\"caption-attachment-2337\" class=\"wp-image-2337\" src=\"https:\/\/sites.usp.br\/labmicro\/wp-content\/uploads\/sites\/471\/2024\/06\/IMG_8583-300x218.jpg\" alt=\"\" width=\"280\" height=\"203\" data-id=\"2337\" srcset=\"https:\/\/sites.usp.br\/labmicro\/wp-content\/uploads\/sites\/471\/2024\/06\/IMG_8583-300x218.jpg 300w, https:\/\/sites.usp.br\/labmicro\/wp-content\/uploads\/sites\/471\/2024\/06\/IMG_8583-1024x743.jpg 1024w, https:\/\/sites.usp.br\/labmicro\/wp-content\/uploads\/sites\/471\/2024\/06\/IMG_8583-768x557.jpg 768w, https:\/\/sites.usp.br\/labmicro\/wp-content\/uploads\/sites\/471\/2024\/06\/IMG_8583-1536x1114.jpg 1536w, https:\/\/sites.usp.br\/labmicro\/wp-content\/uploads\/sites\/471\/2024\/06\/IMG_8583-2048x1486.jpg 2048w, https:\/\/sites.usp.br\/labmicro\/wp-content\/uploads\/sites\/471\/2024\/06\/IMG_8583-400x290.jpg 400w\" sizes=\"(max-width: 280px) 100vw, 280px\" \/><\/a><p id=\"caption-attachment-2337\" class=\"wp-caption-text\"><em>Contacts, ruptures and cultural transitions in Central Amazonia<em> \/ Contatos, rupturas e transi\u00e7\u00f5es culturais na Amaz\u00f4nia central<\/em><\/em><\/p><\/div>\n<div id=\"attachment_2334\" style=\"width: 281px\" class=\"wp-caption alignleft\"><a href=\"https:\/\/sites.usp.br\/labmicro\/as-sociedades-costeiras-do-brasil-pre-colonial\/\"><img decoding=\"async\" aria-describedby=\"caption-attachment-2334\" class=\"wp-image-2334\" src=\"https:\/\/sites.usp.br\/labmicro\/wp-content\/uploads\/sites\/471\/2024\/06\/Jab-18-300x225.jpg\" alt=\"\" width=\"271\" height=\"203\" data-id=\"2334\" srcset=\"https:\/\/sites.usp.br\/labmicro\/wp-content\/uploads\/sites\/471\/2024\/06\/Jab-18-300x225.jpg 300w, https:\/\/sites.usp.br\/labmicro\/wp-content\/uploads\/sites\/471\/2024\/06\/Jab-18-1024x768.jpg 1024w, https:\/\/sites.usp.br\/labmicro\/wp-content\/uploads\/sites\/471\/2024\/06\/Jab-18-768x576.jpg 768w, https:\/\/sites.usp.br\/labmicro\/wp-content\/uploads\/sites\/471\/2024\/06\/Jab-18-1536x1152.jpg 1536w, https:\/\/sites.usp.br\/labmicro\/wp-content\/uploads\/sites\/471\/2024\/06\/Jab-18-80x60.jpg 80w, https:\/\/sites.usp.br\/labmicro\/wp-content\/uploads\/sites\/471\/2024\/06\/Jab-18-400x300.jpg 400w, https:\/\/sites.usp.br\/labmicro\/wp-content\/uploads\/sites\/471\/2024\/06\/Jab-18.jpg 2048w\" sizes=\"(max-width: 271px) 100vw, 271px\" \/><\/a><p id=\"caption-attachment-2334\" class=\"wp-caption-text\">As sociedades costeiras do Brasil pr\u00e9-colonial: fronteiras e transi\u00e7\u00f5es culturais atrav\u00e9s da microarqueologia \/<em> Coastal societies from pre-colonial Brazil: frontiers and cultural transitions through microarchaeology <\/em><\/p><\/div>\n<div id=\"attachment_913\" style=\"width: 310px\" class=\"wp-caption alignleft\"><a href=\"https:\/\/sites.usp.br\/labmicro\/arqueologia-do-litoral-norte-do-espirito-santo\/\"><img decoding=\"async\" aria-describedby=\"caption-attachment-913\" class=\"wp-image-913 size-medium\" src=\"https:\/\/sites.usp.br\/labmicro\/wp-content\/uploads\/sites\/471\/2020\/04\/DSC00964-300x200.jpg\" alt=\"\" width=\"300\" height=\"200\" data-id=\"913\" srcset=\"https:\/\/sites.usp.br\/labmicro\/wp-content\/uploads\/sites\/471\/2020\/04\/DSC00964-300x200.jpg 300w, https:\/\/sites.usp.br\/labmicro\/wp-content\/uploads\/sites\/471\/2020\/04\/DSC00964-1024x683.jpg 1024w, https:\/\/sites.usp.br\/labmicro\/wp-content\/uploads\/sites\/471\/2020\/04\/DSC00964-768x512.jpg 768w, https:\/\/sites.usp.br\/labmicro\/wp-content\/uploads\/sites\/471\/2020\/04\/DSC00964-1536x1024.jpg 1536w, https:\/\/sites.usp.br\/labmicro\/wp-content\/uploads\/sites\/471\/2020\/04\/DSC00964-2048x1365.jpg 2048w, https:\/\/sites.usp.br\/labmicro\/wp-content\/uploads\/sites\/471\/2020\/04\/DSC00964-400x267.jpg 400w\" sizes=\"(max-width: 300px) 100vw, 300px\" \/><\/a><p id=\"caption-attachment-913\" class=\"wp-caption-text\">Arqueologia do litoral norte do Esp\u00edrito Santo \/ <em>Archaeology of the northern coast of Esp\u00edrito Santo<\/em><\/p><\/div>\n<div id=\"attachment_1334\" style=\"width: 310px\" class=\"wp-caption alignnone\"><a href=\"https:\/\/sites.usp.br\/labmicro\/pessoas-plantas-e-paisagens-na-amazonia\/\"><img loading=\"lazy\" decoding=\"async\" aria-describedby=\"caption-attachment-1334\" class=\"wp-image-1334 size-medium\" src=\"https:\/\/sites.usp.br\/labmicro\/wp-content\/uploads\/sites\/471\/2020\/04\/TPA-Mangabal_Jen-300x203.jpg\" alt=\"\" width=\"300\" height=\"203\" data-id=\"1334\" srcset=\"https:\/\/sites.usp.br\/labmicro\/wp-content\/uploads\/sites\/471\/2020\/04\/TPA-Mangabal_Jen-300x203.jpg 300w, https:\/\/sites.usp.br\/labmicro\/wp-content\/uploads\/sites\/471\/2020\/04\/TPA-Mangabal_Jen-400x271.jpg 400w, https:\/\/sites.usp.br\/labmicro\/wp-content\/uploads\/sites\/471\/2020\/04\/TPA-Mangabal_Jen.jpg 738w\" sizes=\"(max-width: 300px) 100vw, 300px\" \/><\/a><p id=\"caption-attachment-1334\" class=\"wp-caption-text\">Pessoas, plantas e paisagens na Amaz\u00f4nia \/ <em>Peoples, plants and landscapes in Amazonia<\/em><\/p><\/div>\n<div id=\"attachment_917\" style=\"width: 310px\" class=\"wp-caption alignleft\"><a href=\"https:\/\/sites.usp.br\/labmicro\/micromorfologia-das-primeiras-ocupacoes-humanas-na-america-do-sul\/\"><img loading=\"lazy\" decoding=\"async\" aria-describedby=\"caption-attachment-917\" class=\"wp-image-917 size-medium\" src=\"https:\/\/sites.usp.br\/labmicro\/wp-content\/uploads\/sites\/471\/2020\/04\/DSC01295-300x200.jpg\" alt=\"\" width=\"300\" height=\"200\" data-id=\"917\" srcset=\"https:\/\/sites.usp.br\/labmicro\/wp-content\/uploads\/sites\/471\/2020\/04\/DSC01295-300x200.jpg 300w, https:\/\/sites.usp.br\/labmicro\/wp-content\/uploads\/sites\/471\/2020\/04\/DSC01295-1024x683.jpg 1024w, https:\/\/sites.usp.br\/labmicro\/wp-content\/uploads\/sites\/471\/2020\/04\/DSC01295-768x512.jpg 768w, https:\/\/sites.usp.br\/labmicro\/wp-content\/uploads\/sites\/471\/2020\/04\/DSC01295-1536x1024.jpg 1536w, https:\/\/sites.usp.br\/labmicro\/wp-content\/uploads\/sites\/471\/2020\/04\/DSC01295-2048x1365.jpg 2048w, https:\/\/sites.usp.br\/labmicro\/wp-content\/uploads\/sites\/471\/2020\/04\/DSC01295-400x267.jpg 400w\" sizes=\"(max-width: 300px) 100vw, 300px\" \/><\/a><p id=\"caption-attachment-917\" class=\"wp-caption-text\">Micromorfologia das primeiras ocupa\u00e7\u00f5es humanas na Am\u00e9rica do Sul \/ <em>Micromorphology of the first human settlements in South America<\/em><\/p><\/div>\n<div id=\"attachment_929\" style=\"width: 310px\" class=\"wp-caption alignleft\"><a href=\"https:\/\/sites.usp.br\/labmicro\/o-uso-do-fogo-no-final-da-idade-da-pedra-media-no-sul-da-africa\/\"><img loading=\"lazy\" decoding=\"async\" aria-describedby=\"caption-attachment-929\" class=\"wp-image-929 size-medium\" src=\"https:\/\/sites.usp.br\/labmicro\/wp-content\/uploads\/sites\/471\/2020\/04\/DSC00579-300x200.jpg\" alt=\"\" width=\"300\" height=\"200\" data-id=\"929\" srcset=\"https:\/\/sites.usp.br\/labmicro\/wp-content\/uploads\/sites\/471\/2020\/04\/DSC00579-300x200.jpg 300w, https:\/\/sites.usp.br\/labmicro\/wp-content\/uploads\/sites\/471\/2020\/04\/DSC00579-1024x683.jpg 1024w, https:\/\/sites.usp.br\/labmicro\/wp-content\/uploads\/sites\/471\/2020\/04\/DSC00579-768x512.jpg 768w, https:\/\/sites.usp.br\/labmicro\/wp-content\/uploads\/sites\/471\/2020\/04\/DSC00579-1536x1024.jpg 1536w, https:\/\/sites.usp.br\/labmicro\/wp-content\/uploads\/sites\/471\/2020\/04\/DSC00579-2048x1365.jpg 2048w, https:\/\/sites.usp.br\/labmicro\/wp-content\/uploads\/sites\/471\/2020\/04\/DSC00579-400x267.jpg 400w\" sizes=\"(max-width: 300px) 100vw, 300px\" \/><\/a><p id=\"caption-attachment-929\" class=\"wp-caption-text\">O uso do fogo no final da Idade da Pedra M\u00e9dia no sul da \u00c1frica \/ <em>The use of fire at the end of the Middle Stone Age in Southern Africa<\/em><\/p><\/div>\n<div id=\"attachment_1883\" style=\"width: 310px\" class=\"wp-caption alignleft\"><a href=\"https:\/\/sites.usp.br\/labmicro\/pb\/povos-indigenas-e-o-meio-ambiente-na-amazonia-antiga-pima\/\"><img loading=\"lazy\" decoding=\"async\" aria-describedby=\"caption-attachment-1883\" class=\"wp-image-1883 size-medium\" src=\"https:\/\/sites.usp.br\/labmicro\/wp-content\/uploads\/sites\/471\/2021\/04\/DSC_0084-300x200.jpg\" alt=\"\" width=\"300\" height=\"200\" data-id=\"1883\" srcset=\"https:\/\/sites.usp.br\/labmicro\/wp-content\/uploads\/sites\/471\/2021\/04\/DSC_0084-300x200.jpg 300w, https:\/\/sites.usp.br\/labmicro\/wp-content\/uploads\/sites\/471\/2021\/04\/DSC_0084-1024x683.jpg 1024w, https:\/\/sites.usp.br\/labmicro\/wp-content\/uploads\/sites\/471\/2021\/04\/DSC_0084-768x512.jpg 768w, https:\/\/sites.usp.br\/labmicro\/wp-content\/uploads\/sites\/471\/2021\/04\/DSC_0084-1536x1024.jpg 1536w, https:\/\/sites.usp.br\/labmicro\/wp-content\/uploads\/sites\/471\/2021\/04\/DSC_0084-2048x1365.jpg 2048w, https:\/\/sites.usp.br\/labmicro\/wp-content\/uploads\/sites\/471\/2021\/04\/DSC_0084-400x267.jpg 400w\" sizes=\"(max-width: 300px) 100vw, 300px\" \/><\/a><p id=\"caption-attachment-1883\" class=\"wp-caption-text\">Povos Ind\u00edgenas e o Meio Ambiente na Amaz\u00f4nia Antiga (PIMA) \/ <em>Human-environment relationships in Pre-Columbian Amazonia (HERCA)<\/em><\/p><\/div>\n<div id=\"attachment_1189\" style=\"width: 310px\" class=\"wp-caption alignleft\"><a href=\"https:\/\/sites.usp.br\/labmicro\/geoarqueologia-lapa-do-santo\/\"><img loading=\"lazy\" decoding=\"async\" aria-describedby=\"caption-attachment-1189\" class=\"wp-image-1189 size-medium\" src=\"https:\/\/sites.usp.br\/labmicro\/wp-content\/uploads\/sites\/471\/2020\/04\/P1010081-300x199.jpg\" alt=\"\" width=\"300\" height=\"199\" data-id=\"1189\" srcset=\"https:\/\/sites.usp.br\/labmicro\/wp-content\/uploads\/sites\/471\/2020\/04\/P1010081-300x199.jpg 300w, https:\/\/sites.usp.br\/labmicro\/wp-content\/uploads\/sites\/471\/2020\/04\/P1010081-1024x680.jpg 1024w, https:\/\/sites.usp.br\/labmicro\/wp-content\/uploads\/sites\/471\/2020\/04\/P1010081-768x510.jpg 768w, https:\/\/sites.usp.br\/labmicro\/wp-content\/uploads\/sites\/471\/2020\/04\/P1010081-1536x1020.jpg 1536w, https:\/\/sites.usp.br\/labmicro\/wp-content\/uploads\/sites\/471\/2020\/04\/P1010081-400x266.jpg 400w, https:\/\/sites.usp.br\/labmicro\/wp-content\/uploads\/sites\/471\/2020\/04\/P1010081.jpg 2048w\" sizes=\"(max-width: 300px) 100vw, 300px\" \/><\/a><p id=\"caption-attachment-1189\" class=\"wp-caption-text\">Geoarqueologia dos primeiros americanos: o s\u00edtio Lapa do Santo \/ <em>Geoarchaeology of the first Americans: Lapa do Santo site, east-central Brazil<\/em><\/p><\/div>\n<div id=\"attachment_1218\" style=\"width: 310px\" class=\"wp-caption alignleft\"><a href=\"https:\/\/sites.usp.br\/labmicro\/wp-content\/uploads\/sites\/471\/2020\/04\/Sambaquis-17-e1587135562191.jpg\"><img loading=\"lazy\" decoding=\"async\" aria-describedby=\"caption-attachment-1218\" class=\"wp-image-1218 size-medium\" src=\"https:\/\/sites.usp.br\/labmicro\/wp-content\/uploads\/sites\/471\/2020\/04\/Sambaquis-17-e1587135509569-300x201.jpg\" alt=\"\" width=\"300\" height=\"201\" data-id=\"1218\" \/><\/a><p id=\"caption-attachment-1218\" class=\"wp-caption-text\">Micromorfologia de s\u00edtios concheiros da Am\u00e9rica do Sul \/ <em>Micromorphology of South American shell-matrix sites<\/em><\/p><\/div>\n<p>&nbsp;<\/p>\n<div class=\"mceTemp\"><\/div>\n<p>&nbsp;<\/p>\n","protected":false},"excerpt":{"rendered":"<p>Contacts, ruptures and cultural transitions in Central Amazonia \/ Contatos, rupturas e transi\u00e7\u00f5es culturais na Amaz\u00f4nia central As sociedades costeiras do Brasil pr\u00e9-colonial: fronteiras e transi\u00e7\u00f5es culturais atrav\u00e9s da microarqueologia \/ Coastal societies from pre-colonial Brazil: frontiers and cultural transitions through microarchaeology Arqueologia do litoral norte do Esp\u00edrito Santo \/ Archaeology of the northern coast of Esp\u00edrito Santo Pessoas, plantas e paisagens na Amaz\u00f4nia \/ Peoples, plants and landscapes in Amazonia Micromorfologia das primeiras ocupa\u00e7\u00f5es humanas na Am\u00e9rica do Sul \/ Micromorphology of the first human settlements in South America O uso do fogo no final da Idade da Pedra M\u00e9dia no sul da \u00c1frica \/ The use of fire at the end of the Middle Stone Age in Southern Africa Povos Ind\u00edgenas e o Meio Ambiente na Amaz\u00f4nia Antiga (PIMA) \/ Human-environment relationships in Pre-Columbian Amazonia (HERCA) Geoarqueologia dos primeiros americanos: o s\u00edtio Lapa do Santo \/ Geoarchaeology of the first Americans: Lapa do Santo site, east-central Brazil Micromorfologia de s\u00edtios concheiros da Am\u00e9rica do Sul \/ Micromorphology of South American shell-matrix sites &nbsp; &nbsp;<\/p>\n","protected":false},"author":845,"featured_media":0,"parent":0,"menu_order":0,"comment_status":"closed","ping_status":"closed","template":"page-full.php","meta":{"_monsterinsights_skip_tracking":false,"_monsterinsights_sitenote_active":false,"_monsterinsights_sitenote_note":"","_monsterinsights_sitenote_category":0,"footnotes":"","_links_to":"","_links_to_target":""},"class_list":["post-980","page","type-page","status-publish","hentry"],"_links":{"self":[{"href":"https:\/\/sites.usp.br\/labmicro\/wp-json\/wp\/v2\/pages\/980","targetHints":{"allow":["GET"]}}],"collection":[{"href":"https:\/\/sites.usp.br\/labmicro\/wp-json\/wp\/v2\/pages"}],"about":[{"href":"https:\/\/sites.usp.br\/labmicro\/wp-json\/wp\/v2\/types\/page"}],"author":[{"embeddable":true,"href":"https:\/\/sites.usp.br\/labmicro\/wp-json\/wp\/v2\/users\/845"}],"replies":[{"embeddable":true,"href":"https:\/\/sites.usp.br\/labmicro\/wp-json\/wp\/v2\/comments?post=980"}],"version-history":[{"count":4,"href":"https:\/\/sites.usp.br\/labmicro\/wp-json\/wp\/v2\/pages\/980\/revisions"}],"predecessor-version":[{"id":2367,"href":"https:\/\/sites.usp.br\/labmicro\/wp-json\/wp\/v2\/pages\/980\/revisions\/2367"}],"wp:attachment":[{"href":"https:\/\/sites.usp.br\/labmicro\/wp-json\/wp\/v2\/media?parent=980"}],"curies":[{"name":"wp","href":"https:\/\/api.w.org\/{rel}","templated":true}]}}