{"id":986,"date":"2020-04-15T21:47:08","date_gmt":"2020-04-16T00:47:08","guid":{"rendered":"http:\/\/sites.usp.br\/labmicro\/?page_id=986"},"modified":"2024-06-14T14:19:11","modified_gmt":"2024-06-14T17:19:11","slug":"arqueologia","status":"publish","type":"page","link":"https:\/\/sites.usp.br\/labmicro\/arqueologia\/","title":{"rendered":"Arqueologia \/ Archaeology"},"content":{"rendered":"<div id=\"attachment_2337\" style=\"width: 460px\" class=\"wp-caption aligncenter\"><a href=\"https:\/\/sites.usp.br\/labmicro\/contacts-ruptures-and-cultural-transitions-in-central-amazonia\/\"><img fetchpriority=\"high\" decoding=\"async\" aria-describedby=\"caption-attachment-2337\" class=\"wp-image-2337\" src=\"https:\/\/sites.usp.br\/labmicro\/wp-content\/uploads\/sites\/471\/2024\/06\/IMG_8583-1024x743.jpg\" alt=\"\" width=\"450\" height=\"326\" data-id=\"2337\" srcset=\"https:\/\/sites.usp.br\/labmicro\/wp-content\/uploads\/sites\/471\/2024\/06\/IMG_8583-1024x743.jpg 1024w, https:\/\/sites.usp.br\/labmicro\/wp-content\/uploads\/sites\/471\/2024\/06\/IMG_8583-300x218.jpg 300w, https:\/\/sites.usp.br\/labmicro\/wp-content\/uploads\/sites\/471\/2024\/06\/IMG_8583-768x557.jpg 768w, https:\/\/sites.usp.br\/labmicro\/wp-content\/uploads\/sites\/471\/2024\/06\/IMG_8583-1536x1114.jpg 1536w, https:\/\/sites.usp.br\/labmicro\/wp-content\/uploads\/sites\/471\/2024\/06\/IMG_8583-2048x1486.jpg 2048w, https:\/\/sites.usp.br\/labmicro\/wp-content\/uploads\/sites\/471\/2024\/06\/IMG_8583-400x290.jpg 400w\" sizes=\"(max-width: 450px) 100vw, 450px\" \/><\/a><p id=\"caption-attachment-2337\" class=\"wp-caption-text\">Contacts, ruptures and cultural transitions in Central Amazonia \/ Profa. Ximena S. Villagran<\/p><\/div>\n<div id=\"attachment_1334\" style=\"width: 460px\" class=\"wp-caption aligncenter\"><a href=\"https:\/\/sites.usp.br\/labmicro\/pessoas-plantas-e-paisagens-na-amazonia\/\"><img decoding=\"async\" aria-describedby=\"caption-attachment-1334\" class=\"wp-image-1334\" src=\"https:\/\/sites.usp.br\/labmicro\/wp-content\/uploads\/sites\/471\/2020\/04\/TPA-Mangabal_Jen-300x203.jpg\" alt=\"\" width=\"450\" height=\"305\" data-id=\"1334\" srcset=\"https:\/\/sites.usp.br\/labmicro\/wp-content\/uploads\/sites\/471\/2020\/04\/TPA-Mangabal_Jen-300x203.jpg 300w, https:\/\/sites.usp.br\/labmicro\/wp-content\/uploads\/sites\/471\/2020\/04\/TPA-Mangabal_Jen-400x271.jpg 400w, https:\/\/sites.usp.br\/labmicro\/wp-content\/uploads\/sites\/471\/2020\/04\/TPA-Mangabal_Jen.jpg 738w\" sizes=\"(max-width: 450px) 100vw, 450px\" \/><\/a><p id=\"caption-attachment-1334\" class=\"wp-caption-text\">Pessoas, plantas e paisagens na Amaz\u00f4nia \/ Profa. Jennifer Watling<\/p><\/div>\n<div id=\"attachment_2334\" style=\"width: 460px\" class=\"wp-caption aligncenter\"><a href=\"https:\/\/sites.usp.br\/labmicro\/as-sociedades-costeiras-do-brasil-pre-colonial\/\"><img decoding=\"async\" aria-describedby=\"caption-attachment-2334\" class=\"wp-image-2334\" src=\"https:\/\/sites.usp.br\/labmicro\/wp-content\/uploads\/sites\/471\/2024\/06\/Jab-18-300x225.jpg\" alt=\"\" width=\"450\" height=\"338\" data-id=\"2334\" srcset=\"https:\/\/sites.usp.br\/labmicro\/wp-content\/uploads\/sites\/471\/2024\/06\/Jab-18-300x225.jpg 300w, https:\/\/sites.usp.br\/labmicro\/wp-content\/uploads\/sites\/471\/2024\/06\/Jab-18-1024x768.jpg 1024w, https:\/\/sites.usp.br\/labmicro\/wp-content\/uploads\/sites\/471\/2024\/06\/Jab-18-768x576.jpg 768w, https:\/\/sites.usp.br\/labmicro\/wp-content\/uploads\/sites\/471\/2024\/06\/Jab-18-1536x1152.jpg 1536w, https:\/\/sites.usp.br\/labmicro\/wp-content\/uploads\/sites\/471\/2024\/06\/Jab-18-80x60.jpg 80w, https:\/\/sites.usp.br\/labmicro\/wp-content\/uploads\/sites\/471\/2024\/06\/Jab-18-400x300.jpg 400w, https:\/\/sites.usp.br\/labmicro\/wp-content\/uploads\/sites\/471\/2024\/06\/Jab-18.jpg 2048w\" sizes=\"(max-width: 450px) 100vw, 450px\" \/><\/a><p id=\"caption-attachment-2334\" class=\"wp-caption-text\">As sociedades costeiras do Brasil pr\u00e9-colonial: fronteiras e transi\u00e7\u00f5es culturais atrav\u00e9s da microarqueologia \/ Profa. Ximena S. Villagran<\/p><\/div>\n<div id=\"attachment_913\" style=\"width: 460px\" class=\"wp-caption aligncenter\"><a href=\"https:\/\/sites.usp.br\/labmicro\/arqueologia-do-litoral-norte-do-espirito-santo\/\"><img loading=\"lazy\" decoding=\"async\" aria-describedby=\"caption-attachment-913\" class=\"wp-image-913\" src=\"https:\/\/sites.usp.br\/labmicro\/wp-content\/uploads\/sites\/471\/2020\/04\/DSC00964-300x200.jpg\" alt=\"\" width=\"450\" height=\"300\" data-id=\"913\" srcset=\"https:\/\/sites.usp.br\/labmicro\/wp-content\/uploads\/sites\/471\/2020\/04\/DSC00964-300x200.jpg 300w, https:\/\/sites.usp.br\/labmicro\/wp-content\/uploads\/sites\/471\/2020\/04\/DSC00964-1024x683.jpg 1024w, https:\/\/sites.usp.br\/labmicro\/wp-content\/uploads\/sites\/471\/2020\/04\/DSC00964-768x512.jpg 768w, https:\/\/sites.usp.br\/labmicro\/wp-content\/uploads\/sites\/471\/2020\/04\/DSC00964-1536x1024.jpg 1536w, https:\/\/sites.usp.br\/labmicro\/wp-content\/uploads\/sites\/471\/2020\/04\/DSC00964-2048x1365.jpg 2048w, https:\/\/sites.usp.br\/labmicro\/wp-content\/uploads\/sites\/471\/2020\/04\/DSC00964-400x267.jpg 400w\" sizes=\"(max-width: 450px) 100vw, 450px\" \/><\/a><p id=\"caption-attachment-913\" class=\"wp-caption-text\">Arqueologia do litoral norte do Esp\u00edrito Santo: sambaquis do Munic\u00edpio de Linhares \/ Profa. Ximena S. Villagran<\/p><\/div>\n<div id=\"attachment_1883\" style=\"width: 460px\" class=\"wp-caption aligncenter\"><a href=\"http:\/\/sites.usp.br\/labmicro\/povos-indigenas-e-o-meio-ambiente-na-amazonia-antiga-pima\"><img loading=\"lazy\" decoding=\"async\" aria-describedby=\"caption-attachment-1883\" class=\"wp-image-1883\" src=\"https:\/\/sites.usp.br\/labmicro\/wp-content\/uploads\/sites\/471\/2021\/04\/DSC_0084-300x200.jpg\" alt=\"\" width=\"450\" height=\"300\" data-id=\"1883\" srcset=\"https:\/\/sites.usp.br\/labmicro\/wp-content\/uploads\/sites\/471\/2021\/04\/DSC_0084-300x200.jpg 300w, https:\/\/sites.usp.br\/labmicro\/wp-content\/uploads\/sites\/471\/2021\/04\/DSC_0084-1024x683.jpg 1024w, https:\/\/sites.usp.br\/labmicro\/wp-content\/uploads\/sites\/471\/2021\/04\/DSC_0084-768x512.jpg 768w, https:\/\/sites.usp.br\/labmicro\/wp-content\/uploads\/sites\/471\/2021\/04\/DSC_0084-1536x1024.jpg 1536w, https:\/\/sites.usp.br\/labmicro\/wp-content\/uploads\/sites\/471\/2021\/04\/DSC_0084-2048x1365.jpg 2048w, https:\/\/sites.usp.br\/labmicro\/wp-content\/uploads\/sites\/471\/2021\/04\/DSC_0084-400x267.jpg 400w\" sizes=\"(max-width: 450px) 100vw, 450px\" \/><\/a><p id=\"caption-attachment-1883\" class=\"wp-caption-text\">Povos Ind\u00edgenas e o Meio Ambiente na Amaz\u00f4nia Antiga (PIMA) \/ Prof. Eduardo G. Neves, Prof. Francis Mayle (University of Reading, UK)<\/p><\/div>\n<p>&nbsp;<\/p>\n<p>&nbsp;<\/p>\n<p>&nbsp;<\/p>\n<p>&nbsp;<\/p>\n<p>&nbsp;<\/p>\n<p>&nbsp;<\/p>\n<p>&nbsp;<\/p>\n<p>&nbsp;<\/p>\n<p>&nbsp;<\/p>\n<p>&nbsp;<\/p>\n<p>&nbsp;<\/p>\n<p>&nbsp;<\/p>\n<p>&nbsp;<\/p>\n<p>&nbsp;<\/p>\n<p>&nbsp;<\/p>\n","protected":false},"excerpt":{"rendered":"<p>Contacts, ruptures and cultural transitions in Central Amazonia \/ Profa. Ximena S. Villagran Pessoas, plantas e paisagens na Amaz\u00f4nia \/ Profa. Jennifer Watling As sociedades costeiras do Brasil pr\u00e9-colonial: fronteiras e transi\u00e7\u00f5es culturais atrav\u00e9s da microarqueologia \/ Profa. Ximena S. Villagran Arqueologia do litoral norte do Esp\u00edrito Santo: sambaquis do Munic\u00edpio de Linhares \/ Profa. Ximena S. Villagran Povos Ind\u00edgenas e o Meio Ambiente na Amaz\u00f4nia Antiga (PIMA) \/ Prof. Eduardo G. Neves, Prof. Francis Mayle (University of Reading, UK) &nbsp; &nbsp; &nbsp; &nbsp; &nbsp; &nbsp; &nbsp; &nbsp; &nbsp; &nbsp; &nbsp; &nbsp; &nbsp; &nbsp; &nbsp;<\/p>\n","protected":false},"author":845,"featured_media":0,"parent":0,"menu_order":0,"comment_status":"closed","ping_status":"closed","template":"page-full.php","meta":{"_monsterinsights_skip_tracking":false,"_monsterinsights_sitenote_active":false,"_monsterinsights_sitenote_note":"","_monsterinsights_sitenote_category":0,"footnotes":"","_links_to":"","_links_to_target":""},"class_list":["post-986","page","type-page","status-publish","hentry"],"_links":{"self":[{"href":"https:\/\/sites.usp.br\/labmicro\/wp-json\/wp\/v2\/pages\/986","targetHints":{"allow":["GET"]}}],"collection":[{"href":"https:\/\/sites.usp.br\/labmicro\/wp-json\/wp\/v2\/pages"}],"about":[{"href":"https:\/\/sites.usp.br\/labmicro\/wp-json\/wp\/v2\/types\/page"}],"author":[{"embeddable":true,"href":"https:\/\/sites.usp.br\/labmicro\/wp-json\/wp\/v2\/users\/845"}],"replies":[{"embeddable":true,"href":"https:\/\/sites.usp.br\/labmicro\/wp-json\/wp\/v2\/comments?post=986"}],"version-history":[{"count":4,"href":"https:\/\/sites.usp.br\/labmicro\/wp-json\/wp\/v2\/pages\/986\/revisions"}],"predecessor-version":[{"id":2365,"href":"https:\/\/sites.usp.br\/labmicro\/wp-json\/wp\/v2\/pages\/986\/revisions\/2365"}],"wp:attachment":[{"href":"https:\/\/sites.usp.br\/labmicro\/wp-json\/wp\/v2\/media?parent=986"}],"curies":[{"name":"wp","href":"https:\/\/api.w.org\/{rel}","templated":true}]}}