{"id":1285,"date":"2024-03-08T12:00:47","date_gmt":"2024-03-08T14:00:47","guid":{"rendered":"https:\/\/sites.usp.br\/labnut\/?page_id=1285"},"modified":"2024-03-18T17:53:30","modified_gmt":"2024-03-18T19:53:30","slug":"silicarbonclim","status":"publish","type":"page","link":"https:\/\/sites.usp.br\/labnut\/silicarbonclim\/","title":{"rendered":"SILICARBONCLIM (CNPq\/MCTI\/PROANTAR)"},"content":{"rendered":"<p><a href=\"https:\/\/sites.usp.br\/labnut\/wp-content\/uploads\/sites\/1168\/2024\/03\/logo-silicarbonclim.png\"><img fetchpriority=\"high\" decoding=\"async\" class=\"wp-image-1294 size-medium aligncenter\" src=\"https:\/\/sites.usp.br\/labnut\/wp-content\/uploads\/sites\/1168\/2024\/03\/logo-silicarbonclim-300x300.png\" alt=\"\" width=\"300\" height=\"300\" srcset=\"https:\/\/sites.usp.br\/labnut\/wp-content\/uploads\/sites\/1168\/2024\/03\/logo-silicarbonclim-300x300.png 300w, https:\/\/sites.usp.br\/labnut\/wp-content\/uploads\/sites\/1168\/2024\/03\/logo-silicarbonclim-150x150.png 150w, https:\/\/sites.usp.br\/labnut\/wp-content\/uploads\/sites\/1168\/2024\/03\/logo-silicarbonclim-768x768.png 768w, https:\/\/sites.usp.br\/labnut\/wp-content\/uploads\/sites\/1168\/2024\/03\/logo-silicarbonclim-250x250.png 250w, https:\/\/sites.usp.br\/labnut\/wp-content\/uploads\/sites\/1168\/2024\/03\/logo-silicarbonclim-174x174.png 174w, https:\/\/sites.usp.br\/labnut\/wp-content\/uploads\/sites\/1168\/2024\/03\/logo-silicarbonclim-45x45.png 45w, https:\/\/sites.usp.br\/labnut\/wp-content\/uploads\/sites\/1168\/2024\/03\/logo-silicarbonclim-200x200.png 200w, https:\/\/sites.usp.br\/labnut\/wp-content\/uploads\/sites\/1168\/2024\/03\/logo-silicarbonclim-400x400.png 400w, https:\/\/sites.usp.br\/labnut\/wp-content\/uploads\/sites\/1168\/2024\/03\/logo-silicarbonclim.png 1000w\" sizes=\"(max-width: 300px) 100vw, 300px\" \/><\/a><\/p>\n<p><strong>S\u00edlica biog\u00eanica e o sequestro de carbono na regi\u00e3o Ant\u00e1rtica \u2013 balan\u00e7o biogeoqu\u00edmico dos nutrientes e as mudan\u00e7as clim\u00e1ticas (SILICARBONCLIM)<\/strong><\/p>\n<p>CNPq \u2013 Conselho Nacional de Desenvolvimento Cient\u00edfico e Tecnol\u00f3gico Chamada Cient\u00edfica: CNPq\/MCTI\/FNDCT 082023 \u2013 Programa Ant\u00e1rtico Brasileiro \u2013 PROANTAR<\/p>\n<p style=\"text-align: left;\">A caracter\u00edstica das \u00e1guas ant\u00e1rticas como \u00e1reas de alto potencial para o sequestro de carbono atmosf\u00e9rico depende n\u00e3o apenas das propriedades f\u00edsicas e qu\u00edmicas da \u00e1gua, que facilitam a solubilidade do g\u00e1s, mas tamb\u00e9m da a\u00e7\u00e3o biol\u00f3gica, associada \u00e0 produ\u00e7\u00e3o de mat\u00e9ria org\u00e2nica particulada (MOP) na zona euf\u00f3tica e seu afundamento, proporcionando subs\u00eddios aos ciclos biogeoqu\u00edmicos e o sequestro eficaz de carbono para zonas profundas e\/ou acumula\u00e7\u00e3o no sedimento. O papel dos organismos silicificantes abundantes nesta \u00e1rea torna o sil\u00edcio biog\u00eanico (bSi) um indicador de sequestro de carbono combinado com a biodisponibilidade de nutrientes e fatores ambientais locais, assim como aqueles resultantes de mudan\u00e7as clim\u00e1ticas passadas e com influ\u00eancia antropog\u00eanica.<\/p>\n<p style=\"text-align: center;\"><em>Objetivo Geral<\/em><\/p>\n<p>Avaliar os processos biogeoqu\u00edmicos dos ciclos de nutrientes com \u00eanfase no ciclo do sil\u00edcio (organismos silicificantes) associado ao ciclo do carbono, a fim de compreender o fluxo vertical de mat\u00e9ria org\u00e2nica particulada (POM) na zona euf\u00f3tica da Ba\u00eda do Almirantado e o fluxo de CO 2 na interface ar\/mar, identificando o potencial de sequestro e poss\u00edveis previs\u00f5es de altera\u00e7\u00e3o nesses dois ciclos biogeoqu\u00edmicos em um cen\u00e1rio de derretimento catastr\u00f3fico extremo.<\/p>\n<p>O projeto SILICARBONCLIM tem como coordenadora geral a Prof.\u00aa Dr.\u00aa Elisabete de Santis Braga, do Instituto Oceanogr\u00e1fico da Universidade de S\u00e3o Paulo. O vi\u00e9s multidisciplinar do projeto agrega parcerias com v\u00e1rias universidades ao redor do mundo, bem como o Centro de Energia Nuclear na Agricultura \u2013 CENA, Piracicaba &#8211; SP (BRA), o Instituto de Pesquisas Energ\u00e9ticas e Nucleares \u2013 IPEN, S\u00e3o Paulo &#8211; SP (BRA), a Universidade de Yshieve (EUA), a Administra\u00e7\u00e3o Nacional Oce\u00e2nica e Atmosf\u00e9rica &#8211; NOAA (EUA), o Instituto de Desenvolvimento para Pesquisa &#8211; Universidade de Sorbonne, Paris (FRA), o Instituto de Investiga\u00e7\u00f5es Marinhas de Vigo (SPA), a Universidade do Porto &#8211; Matosinhos (POR) e a Universidade de Parma (ITA).<\/p>\n","protected":false},"excerpt":{"rendered":"<p>S\u00edlica biog\u00eanica e o sequestro de carbono na regi\u00e3o Ant\u00e1rtica \u2013 balan\u00e7o biogeoqu\u00edmico dos nutrientes e as mudan\u00e7as clim\u00e1ticas (SILICARBONCLIM) CNPq \u2013 Conselho Nacional de Desenvolvimento Cient\u00edfico e Tecnol\u00f3gico Chamada Cient\u00edfica: CNPq\/MCTI\/FNDCT 082023 \u2013 Programa Ant\u00e1rtico Brasileiro \u2013 PROANTAR A caracter\u00edstica das \u00e1guas ant\u00e1rticas como \u00e1reas de alto potencial para o sequestro de carbono atmosf\u00e9rico<a href=\"https:\/\/sites.usp.br\/labnut\/silicarbonclim\/\">[&#8230;]<\/a><\/p>\n","protected":false},"author":23833,"featured_media":0,"parent":0,"menu_order":0,"comment_status":"closed","ping_status":"closed","template":"","meta":{"_monsterinsights_skip_tracking":false,"_monsterinsights_sitenote_active":false,"_monsterinsights_sitenote_note":"","_monsterinsights_sitenote_category":0,"footnotes":"","_links_to":"","_links_to_target":""},"class_list":["post-1285","page","type-page","status-publish","hentry"],"_links":{"self":[{"href":"https:\/\/sites.usp.br\/labnut\/wp-json\/wp\/v2\/pages\/1285","targetHints":{"allow":["GET"]}}],"collection":[{"href":"https:\/\/sites.usp.br\/labnut\/wp-json\/wp\/v2\/pages"}],"about":[{"href":"https:\/\/sites.usp.br\/labnut\/wp-json\/wp\/v2\/types\/page"}],"author":[{"embeddable":true,"href":"https:\/\/sites.usp.br\/labnut\/wp-json\/wp\/v2\/users\/23833"}],"replies":[{"embeddable":true,"href":"https:\/\/sites.usp.br\/labnut\/wp-json\/wp\/v2\/comments?post=1285"}],"version-history":[{"count":3,"href":"https:\/\/sites.usp.br\/labnut\/wp-json\/wp\/v2\/pages\/1285\/revisions"}],"predecessor-version":[{"id":1295,"href":"https:\/\/sites.usp.br\/labnut\/wp-json\/wp\/v2\/pages\/1285\/revisions\/1295"}],"wp:attachment":[{"href":"https:\/\/sites.usp.br\/labnut\/wp-json\/wp\/v2\/media?parent=1285"}],"curies":[{"name":"wp","href":"https:\/\/api.w.org\/{rel}","templated":true}]}}