{"id":26,"date":"2013-11-21T19:00:33","date_gmt":"2013-11-21T19:00:33","guid":{"rendered":"http:\/\/sites.usp.br\/labnut\/?page_id=26"},"modified":"2024-04-05T11:02:22","modified_gmt":"2024-04-05T13:02:22","slug":"contato","status":"publish","type":"page","link":"https:\/\/sites.usp.br\/labnut\/contato\/","title":{"rendered":"Contato"},"content":{"rendered":"<p style=\"text-align: center;\">Instituto Oceanogr\u00e1fico<br \/>\nPra\u00e7a do Oceanogr\u00e1fico, 191<br \/>\nCidade Universit\u00e1ria &#8211; Butant\u00e3<br \/>\nS\u00e3o Paulo &#8211; SP<br \/>\nCEP 05508-120<br \/>\n11 3091-6599<br \/>\nlabnut-io@usp.br<\/p>\n<p><a href=\"https:\/\/sites.usp.br\/labnut\/wp-content\/uploads\/sites\/1168\/2022\/09\/logo_labnut.jpeg\"><img decoding=\"async\" class=\"wp-image-304 aligncenter\" src=\"https:\/\/sites.usp.br\/labnut\/wp-content\/uploads\/sites\/1168\/2022\/09\/logo_labnut-e1664573576471-150x150.jpeg\" alt=\"\" width=\"91\" height=\"91\" srcset=\"https:\/\/sites.usp.br\/labnut\/wp-content\/uploads\/sites\/1168\/2022\/09\/logo_labnut-e1664573576471-150x150.jpeg 150w, https:\/\/sites.usp.br\/labnut\/wp-content\/uploads\/sites\/1168\/2022\/09\/logo_labnut-e1664573576471-174x174.jpeg 174w, https:\/\/sites.usp.br\/labnut\/wp-content\/uploads\/sites\/1168\/2022\/09\/logo_labnut-e1664573576471-45x45.jpeg 45w, https:\/\/sites.usp.br\/labnut\/wp-content\/uploads\/sites\/1168\/2022\/09\/logo_labnut-e1664573576471-200x200.jpeg 200w\" sizes=\"(max-width: 91px) 100vw, 91px\" \/><\/a><\/p>\n<p>&nbsp;<\/p>\n","protected":false},"excerpt":{"rendered":"<p>Instituto Oceanogr\u00e1fico Pra\u00e7a do Oceanogr\u00e1fico, 191 Cidade Universit\u00e1ria &#8211; Butant\u00e3 S\u00e3o Paulo &#8211; SP CEP 05508-120 11 3091-6599 labnut-io@usp.br &nbsp;<\/p>\n","protected":false},"author":1,"featured_media":0,"parent":0,"menu_order":0,"comment_status":"closed","ping_status":"closed","template":"","meta":{"_monsterinsights_skip_tracking":false,"_monsterinsights_sitenote_active":false,"_monsterinsights_sitenote_note":"","_monsterinsights_sitenote_category":0,"footnotes":"","_links_to":"","_links_to_target":""},"class_list":["post-26","page","type-page","status-publish","hentry"],"_links":{"self":[{"href":"https:\/\/sites.usp.br\/labnut\/wp-json\/wp\/v2\/pages\/26","targetHints":{"allow":["GET"]}}],"collection":[{"href":"https:\/\/sites.usp.br\/labnut\/wp-json\/wp\/v2\/pages"}],"about":[{"href":"https:\/\/sites.usp.br\/labnut\/wp-json\/wp\/v2\/types\/page"}],"author":[{"embeddable":true,"href":"https:\/\/sites.usp.br\/labnut\/wp-json\/wp\/v2\/users\/1"}],"replies":[{"embeddable":true,"href":"https:\/\/sites.usp.br\/labnut\/wp-json\/wp\/v2\/comments?post=26"}],"version-history":[{"count":5,"href":"https:\/\/sites.usp.br\/labnut\/wp-json\/wp\/v2\/pages\/26\/revisions"}],"predecessor-version":[{"id":593,"href":"https:\/\/sites.usp.br\/labnut\/wp-json\/wp\/v2\/pages\/26\/revisions\/593"}],"wp:attachment":[{"href":"https:\/\/sites.usp.br\/labnut\/wp-json\/wp\/v2\/media?parent=26"}],"curies":[{"name":"wp","href":"https:\/\/api.w.org\/{rel}","templated":true}]}}