{"id":311,"date":"2022-09-27T12:34:01","date_gmt":"2022-09-27T14:34:01","guid":{"rendered":"https:\/\/sites.usp.br\/labnut\/?page_id=311"},"modified":"2024-04-01T18:00:01","modified_gmt":"2024-04-01T20:00:01","slug":"linhas-de-pesquisa","status":"publish","type":"page","link":"https:\/\/sites.usp.br\/labnut\/linhas-de-pesquisa\/","title":{"rendered":"Linhas de Pesquisa"},"content":{"rendered":"<ul>\n<li class=\"font_7\">Ciclos Biogeoqu\u00edmicos dos nutrientes, micronutrientes e tra\u00e7os no mar;<\/li>\n<\/ul>\n<ul class=\"font_7\">\n<li>\n<p class=\"font_7\">Estudos biogeoqu\u00edmicos de processos de interface continente-oceano, \u00e1gua-sedimento e ar-mar;<\/p>\n<\/li>\n<li>\n<p class=\"font_7\">Sistema carbono e gases nos oceanos;<\/p>\n<\/li>\n<li>\n<p class=\"font_7\">Geoqu\u00edmica marinha;<\/p>\n<\/li>\n<li>\n<p class=\"font_7\">Polui\u00e7\u00e3o marinha;<\/p>\n<\/li>\n<li>\n<p class=\"font_7\">Bioqu\u00edmica marinha;<\/p>\n<\/li>\n<li>\n<p class=\"font_7\">Propriedades qu\u00edmicas como tra\u00e7adoras de massas d\u2019 \u00e1gua e nos estudos de dispers\u00e3o oce\u00e2nica;<\/p>\n<\/li>\n<li>\n<p class=\"font_7\">Rela\u00e7\u00f5es s\u00f3cio-ambientais marinhas.<\/p>\n<\/li>\n<\/ul>\n","protected":false},"excerpt":{"rendered":"<p>Ciclos Biogeoqu\u00edmicos dos nutrientes, micronutrientes e tra\u00e7os no mar; Estudos biogeoqu\u00edmicos de processos de interface continente-oceano, \u00e1gua-sedimento e ar-mar; Sistema carbono e gases nos oceanos; Geoqu\u00edmica marinha; Polui\u00e7\u00e3o marinha; Bioqu\u00edmica marinha; Propriedades qu\u00edmicas como tra\u00e7adoras de massas d\u2019 \u00e1gua e nos estudos de dispers\u00e3o oce\u00e2nica; Rela\u00e7\u00f5es s\u00f3cio-ambientais marinhas.<\/p>\n","protected":false},"author":23265,"featured_media":0,"parent":0,"menu_order":0,"comment_status":"closed","ping_status":"closed","template":"","meta":{"_monsterinsights_skip_tracking":false,"_monsterinsights_sitenote_active":false,"_monsterinsights_sitenote_note":"","_monsterinsights_sitenote_category":0,"footnotes":"","_links_to":"","_links_to_target":""},"class_list":["post-311","page","type-page","status-publish","hentry"],"_links":{"self":[{"href":"https:\/\/sites.usp.br\/labnut\/wp-json\/wp\/v2\/pages\/311","targetHints":{"allow":["GET"]}}],"collection":[{"href":"https:\/\/sites.usp.br\/labnut\/wp-json\/wp\/v2\/pages"}],"about":[{"href":"https:\/\/sites.usp.br\/labnut\/wp-json\/wp\/v2\/types\/page"}],"author":[{"embeddable":true,"href":"https:\/\/sites.usp.br\/labnut\/wp-json\/wp\/v2\/users\/23265"}],"replies":[{"embeddable":true,"href":"https:\/\/sites.usp.br\/labnut\/wp-json\/wp\/v2\/comments?post=311"}],"version-history":[{"count":4,"href":"https:\/\/sites.usp.br\/labnut\/wp-json\/wp\/v2\/pages\/311\/revisions"}],"predecessor-version":[{"id":1467,"href":"https:\/\/sites.usp.br\/labnut\/wp-json\/wp\/v2\/pages\/311\/revisions\/1467"}],"wp:attachment":[{"href":"https:\/\/sites.usp.br\/labnut\/wp-json\/wp\/v2\/media?parent=311"}],"curies":[{"name":"wp","href":"https:\/\/api.w.org\/{rel}","templated":true}]}}