{"id":316,"date":"2022-09-27T12:37:58","date_gmt":"2022-09-27T14:37:58","guid":{"rendered":"https:\/\/sites.usp.br\/labnut\/?page_id=316"},"modified":"2022-09-27T14:38:49","modified_gmt":"2022-09-27T16:38:49","slug":"cursos","status":"publish","type":"page","link":"https:\/\/sites.usp.br\/labnut\/cursos\/","title":{"rendered":"Cursos"},"content":{"rendered":"<hr \/>\n<p><b>Curso de difus\u00e3o cultural &#8220;Atualiza\u00e7\u00e3o em ci\u00eancias e direito do mar&#8221;<\/b><\/p>\n<p class=\"v1MsoNormal\">CURSO TEM TAXA DE MATR\u00cdCULA DE R$ 250,00.<\/p>\n<p class=\"v1MsoNormal\">VERS\u00c3O EXCLUSIVAMENTE ON LINE.<\/p>\n<p class=\"v1MsoNormal\">PR\u00c9 REQUISITO:Graduando ou Graduado em Oceanografia, Direito, Engenharia e \u00e1reas vinculadas ao estudo\/ e ou ci\u00eancia\u00a0\u00a0do mar, portu\u00e1rios<\/p>\n<p class=\"v1MsoNormal\">INSCRI\u00c7\u00d5ES \u2013 EXCLUSIVAMENTE atrav\u00e9s do sistema <a href=\"https:\/\/uspdigital.usp.br\/apolo\/\" target=\"_blank\" rel=\"noopener noreferrer\"> <font color=\"blue\">Apolo (usp.br)<\/font>, <\/a>acessando \u00e1rea de acesso p\u00fablico, sem necessidade de login ou senha, clicando em &#8220;inscri\u00e7\u00e3o on line&#8221; e &#8220;fazer inscri\u00e7\u00e3o).<\/p>\n<p class=\"v1MsoNormal\">N\u00daMERO DE VAGAS\u00a0\u2013 100 vagas.<\/p>\n<p class=\"v1MsoNormal\">PER\u00cdODO DE INSCRI\u00c7\u00d5ES\u00a0\u2013 01\/09\/2022 (00:01h) at\u00e9 30\/09\/2022 (23:59h).<\/p>\n<p class=\"v1MsoNormal\">Ao final do per\u00edodo de inscri\u00e7\u00f5es, se houver mais de 200 inscritos, ser\u00e1 realizado sorteio atrav\u00e9s do pr\u00f3prio sistema Apolo.\u00a0 Ap\u00f3s sorteio, ser\u00e1 expedido boleto para pagamento da taxa do curso.<\/p>\n<p class=\"v1MsoNormal\">AULAS \u2013 17 a\u00a025\/10\/2022,\u00a0de 18h a 20h<\/p>\n<p class=\"v1MsoNormal\">CARGA HOR\u00c1RIA TOTAL:\u00a014 horas\u00a0de segunda a sexta<\/p>\n<p class=\"v1MsoNormal\">Coordena\u00e7\u00e3o do curso: Profa.Dra. Elisabete de Santis Braga da Gra\u00e7a Saraiva<\/p>\n<hr \/>\n","protected":false},"excerpt":{"rendered":"<p>Curso de difus\u00e3o cultural &#8220;Atualiza\u00e7\u00e3o em ci\u00eancias e direito do mar&#8221; CURSO TEM TAXA DE MATR\u00cdCULA DE R$ 250,00. VERS\u00c3O EXCLUSIVAMENTE ON LINE. PR\u00c9 REQUISITO:Graduando ou Graduado em Oceanografia, Direito, Engenharia e \u00e1reas vinculadas ao estudo\/ e ou ci\u00eancia\u00a0\u00a0do mar, portu\u00e1rios INSCRI\u00c7\u00d5ES \u2013 EXCLUSIVAMENTE atrav\u00e9s do sistema Apolo (usp.br), acessando \u00e1rea de acesso p\u00fablico, sem<a href=\"https:\/\/sites.usp.br\/labnut\/cursos\/\">[&#8230;]<\/a><\/p>\n","protected":false},"author":23265,"featured_media":0,"parent":0,"menu_order":0,"comment_status":"closed","ping_status":"closed","template":"","meta":{"_monsterinsights_skip_tracking":false,"_monsterinsights_sitenote_active":false,"_monsterinsights_sitenote_note":"","_monsterinsights_sitenote_category":0,"footnotes":"","_links_to":"","_links_to_target":""},"class_list":["post-316","page","type-page","status-publish","hentry"],"_links":{"self":[{"href":"https:\/\/sites.usp.br\/labnut\/wp-json\/wp\/v2\/pages\/316","targetHints":{"allow":["GET"]}}],"collection":[{"href":"https:\/\/sites.usp.br\/labnut\/wp-json\/wp\/v2\/pages"}],"about":[{"href":"https:\/\/sites.usp.br\/labnut\/wp-json\/wp\/v2\/types\/page"}],"author":[{"embeddable":true,"href":"https:\/\/sites.usp.br\/labnut\/wp-json\/wp\/v2\/users\/23265"}],"replies":[{"embeddable":true,"href":"https:\/\/sites.usp.br\/labnut\/wp-json\/wp\/v2\/comments?post=316"}],"version-history":[{"count":3,"href":"https:\/\/sites.usp.br\/labnut\/wp-json\/wp\/v2\/pages\/316\/revisions"}],"predecessor-version":[{"id":351,"href":"https:\/\/sites.usp.br\/labnut\/wp-json\/wp\/v2\/pages\/316\/revisions\/351"}],"wp:attachment":[{"href":"https:\/\/sites.usp.br\/labnut\/wp-json\/wp\/v2\/media?parent=316"}],"curies":[{"name":"wp","href":"https:\/\/api.w.org\/{rel}","templated":true}]}}