{"id":625,"date":"2023-10-31T17:15:27","date_gmt":"2023-10-31T19:15:27","guid":{"rendered":"https:\/\/sites.usp.br\/labnut\/?page_id=625"},"modified":"2024-05-23T15:01:20","modified_gmt":"2024-05-23T17:01:20","slug":"redeoleomar","status":"publish","type":"page","link":"https:\/\/sites.usp.br\/labnut\/redeoleomar\/","title":{"rendered":"REDE OLEOMAR (CNPq\/MCTI)"},"content":{"rendered":"<p style=\"text-align: center;\"><a href=\"https:\/\/sites.usp.br\/labnut\/wp-content\/uploads\/sites\/1168\/2023\/10\/Logo-Oleomar-fundo-branco.png\"><img fetchpriority=\"high\" decoding=\"async\" class=\"aligncenter size-medium wp-image-626\" src=\"https:\/\/sites.usp.br\/labnut\/wp-content\/uploads\/sites\/1168\/2023\/10\/Logo-Oleomar-fundo-branco-171x300.png\" alt=\"\" width=\"171\" height=\"300\" srcset=\"https:\/\/sites.usp.br\/labnut\/wp-content\/uploads\/sites\/1168\/2023\/10\/Logo-Oleomar-fundo-branco-171x300.png 171w, https:\/\/sites.usp.br\/labnut\/wp-content\/uploads\/sites\/1168\/2023\/10\/Logo-Oleomar-fundo-branco-584x1024.png 584w, https:\/\/sites.usp.br\/labnut\/wp-content\/uploads\/sites\/1168\/2023\/10\/Logo-Oleomar-fundo-branco-768x1347.png 768w, https:\/\/sites.usp.br\/labnut\/wp-content\/uploads\/sites\/1168\/2023\/10\/Logo-Oleomar-fundo-branco-876x1536.png 876w, https:\/\/sites.usp.br\/labnut\/wp-content\/uploads\/sites\/1168\/2023\/10\/Logo-Oleomar-fundo-branco-1168x2048.png 1168w, https:\/\/sites.usp.br\/labnut\/wp-content\/uploads\/sites\/1168\/2023\/10\/Logo-Oleomar-fundo-branco-342x600.png 342w\" sizes=\"(max-width: 171px) 100vw, 171px\" \/><\/a><\/p>\n<div style=\"text-align: left;\"><span style=\"color: #000000; font-family: arial, sans-serif;\">O Projeto &#8220;Rede OLEOMAR&#8221;,\u00a0<b>Rede Multidisciplinar de Estudos Costeiro-Oce\u00e2nicos para Monitoramento, Diagn\u00f3stico e Desmobiliza\u00e7\u00e3o na Avalia\u00e7\u00e3o do Gerenciamento da Resili\u00eancia Ambiental em Acidentes que Envolvam Derramamento de \u00d3leo no Mar<\/b>, estabelecido em julho de 2023, foi criado e \u00e9 liderado pelo LABNUT\/IOUSP e tem o objetivo de construir e consolidar uma rede multidisciplinar de estudos voltados ao enfrentamento de acidentes com derramamento de \u00f3leo no meio marinho, com aplica\u00e7\u00e3o costeiro-oce\u00e2nica, com prop\u00f3sito de elaborar estrat\u00e9gias de diagn\u00f3stico, monitoramento e desmobiliza\u00e7\u00e3o ambiental, contribuir \u00e0 biorremedia\u00e7\u00e3o, ao planejamento de medidas de prote\u00e7\u00e3o a serem tomadas para evitar a propaga\u00e7\u00e3o de riscos nos ecossistemas e popula\u00e7\u00e3o humana dentro de planos de conting\u00eancia, investindo na divulga\u00e7\u00e3o do conhecimento adquirido para uso na gest\u00e3o e difus\u00e3o por meio da educa\u00e7\u00e3o ambiental.<\/span><\/div>\n<div><\/div>\n<div style=\"text-align: left;\"><span style=\"color: #000000; font-family: arial, sans-serif;\">Para tanto, a equipe cobrir\u00e1 estudos ambientais, testagens de efeitos, metodologias inovadoras de diagn\u00f3stico, protocolo de seguran\u00e7a e prote\u00e7\u00e3o ambiental, aspectos socioambientais, sa\u00fade e educa\u00e7\u00e3o ambiental. Os cen\u00e1rios estudados incluem sistemas oce\u00e2nicos e costeiros. Integram a Rede os seguintes laborat\u00f3rios: <em>LABNUT<\/em> (<i>Instituto Oceanogr\u00e1fico da USP), LABDADOS\u00a0(<\/i><\/span><i>Instituto Oceanogr\u00e1fico da USP<\/i><i>), BANCO DE ALGAS (Instituto Oceanogr\u00e1fico da USP),\u00a0<\/i><i>GED+S (<\/i><i>Escola Polit\u00e9cnica da USP),\u00a0<\/i><i>Escola Superior de Agricultura ESALQ &#8211; USP, AQUATOX (<\/i><i>Universidade Federal de S\u00e3o Paulo &#8211; UNIFESP),\u00a0<\/i><em>Se\u00e7\u00e3o de Investiga\u00e7\u00f5es de Riscos e Desastres Naturais\/Centro de Tecnologias Geoambientais<\/em> (<i>Instituto de Pesquisas Tecnol\u00f3gicas<\/i>),\u00a0<em>Faculdade de Medicina (Universidade Federal de S\u00e3o Carlos &#8211; UFSCar)<\/em>\u00a0<em>e<\/em> <i>Instituto de Investigaciones Marinas de Vigo &#8211; Espanha.<\/i><\/div>\n","protected":false},"excerpt":{"rendered":"<p>O Projeto &#8220;Rede OLEOMAR&#8221;,\u00a0Rede Multidisciplinar de Estudos Costeiro-Oce\u00e2nicos para Monitoramento, Diagn\u00f3stico e Desmobiliza\u00e7\u00e3o na Avalia\u00e7\u00e3o do Gerenciamento da Resili\u00eancia Ambiental em Acidentes que Envolvam Derramamento de \u00d3leo no Mar, estabelecido em julho de 2023, foi criado e \u00e9 liderado pelo LABNUT\/IOUSP e tem o objetivo de construir e consolidar uma rede multidisciplinar de estudos voltados<a href=\"https:\/\/sites.usp.br\/labnut\/redeoleomar\/\">[&#8230;]<\/a><\/p>\n","protected":false},"author":23265,"featured_media":626,"parent":0,"menu_order":0,"comment_status":"closed","ping_status":"closed","template":"","meta":{"_monsterinsights_skip_tracking":false,"_monsterinsights_sitenote_active":false,"_monsterinsights_sitenote_note":"","_monsterinsights_sitenote_category":0,"footnotes":"","_links_to":"","_links_to_target":""},"class_list":["post-625","page","type-page","status-publish","has-post-thumbnail","hentry"],"_links":{"self":[{"href":"https:\/\/sites.usp.br\/labnut\/wp-json\/wp\/v2\/pages\/625","targetHints":{"allow":["GET"]}}],"collection":[{"href":"https:\/\/sites.usp.br\/labnut\/wp-json\/wp\/v2\/pages"}],"about":[{"href":"https:\/\/sites.usp.br\/labnut\/wp-json\/wp\/v2\/types\/page"}],"author":[{"embeddable":true,"href":"https:\/\/sites.usp.br\/labnut\/wp-json\/wp\/v2\/users\/23265"}],"replies":[{"embeddable":true,"href":"https:\/\/sites.usp.br\/labnut\/wp-json\/wp\/v2\/comments?post=625"}],"version-history":[{"count":4,"href":"https:\/\/sites.usp.br\/labnut\/wp-json\/wp\/v2\/pages\/625\/revisions"}],"predecessor-version":[{"id":1673,"href":"https:\/\/sites.usp.br\/labnut\/wp-json\/wp\/v2\/pages\/625\/revisions\/1673"}],"wp:featuredmedia":[{"embeddable":true,"href":"https:\/\/sites.usp.br\/labnut\/wp-json\/wp\/v2\/media\/626"}],"wp:attachment":[{"href":"https:\/\/sites.usp.br\/labnut\/wp-json\/wp\/v2\/media?parent=625"}],"curies":[{"name":"wp","href":"https:\/\/api.w.org\/{rel}","templated":true}]}}