{"id":79,"date":"2014-02-24T16:51:20","date_gmt":"2014-02-24T18:51:20","guid":{"rendered":"http:\/\/sites.usp.br\/labnut\/?page_id=79"},"modified":"2026-04-28T12:11:26","modified_gmt":"2026-04-28T14:11:26","slug":"pagina-inicial","status":"publish","type":"page","link":"https:\/\/sites.usp.br\/labnut\/","title":{"rendered":"LABNUT &#8211; Laborat\u00f3rio de Biogeoqu\u00edmica de Nutrientes, Micronutrientes e Tra\u00e7os nos Oceanos"},"content":{"rendered":"<div id=\"pl-79\"  class=\"panel-layout\" ><div id=\"pg-79-0\"  class=\"panel-grid panel-no-style\" ><div id=\"pgc-79-0-0\"  class=\"panel-grid-cell\" ><div id=\"panel-79-0-0-0\" class=\"so-panel widget widget_sow-slider panel-first-child\" data-index=\"0\" ><div\n\t\t\t\n\t\t\tclass=\"so-widget-sow-slider so-widget-sow-slider-default-6d39609536fd-79\"\n\t\t\t\n\t\t>\t\t\t\t<div class=\"sow-slider-base\" style=\"display: none\" tabindex=\"0\">\n\t\t\t\t\t<ul\n\t\t\t\t\tclass=\"sow-slider-images\"\n\t\t\t\t\tdata-settings=\"{&quot;pagination&quot;:true,&quot;speed&quot;:800,&quot;timeout&quot;:8000,&quot;paused&quot;:false,&quot;pause_on_hover&quot;:false,&quot;swipe&quot;:true,&quot;nav_always_show_desktop&quot;:&quot;&quot;,&quot;nav_always_show_mobile&quot;:&quot;&quot;,&quot;breakpoint&quot;:&quot;780px&quot;,&quot;unmute&quot;:false,&quot;anchor&quot;:null}\"\n\t\t\t\t\t\t\t\t\t\tdata-anchor-id=\"\"\n\t\t\t\t>\t\t<li class=\"sow-slider-image\" style=\"visibility: visible;\" >\n\t\t\t\t\t\t<img fetchpriority=\"high\" decoding=\"async\" width=\"1280\" height=\"720\" src=\"https:\/\/sites.usp.br\/labnut\/wp-content\/uploads\/sites\/1168\/2024\/04\/IMG-20240423-WA0013.jpg\" class=\"sow-slider-background-image\" alt=\"\" style=\"\" srcset=\"https:\/\/sites.usp.br\/labnut\/wp-content\/uploads\/sites\/1168\/2024\/04\/IMG-20240423-WA0013.jpg 1280w, https:\/\/sites.usp.br\/labnut\/wp-content\/uploads\/sites\/1168\/2024\/04\/IMG-20240423-WA0013-300x169.jpg 300w, https:\/\/sites.usp.br\/labnut\/wp-content\/uploads\/sites\/1168\/2024\/04\/IMG-20240423-WA0013-1024x576.jpg 1024w, https:\/\/sites.usp.br\/labnut\/wp-content\/uploads\/sites\/1168\/2024\/04\/IMG-20240423-WA0013-768x432.jpg 768w, https:\/\/sites.usp.br\/labnut\/wp-content\/uploads\/sites\/1168\/2024\/04\/IMG-20240423-WA0013-310x174.jpg 310w, https:\/\/sites.usp.br\/labnut\/wp-content\/uploads\/sites\/1168\/2024\/04\/IMG-20240423-WA0013-400x225.jpg 400w\" sizes=\"(max-width: 1280px) 100vw, 1280px\" \/>\t\t<\/li>\n\t\t\t\t<li class=\"sow-slider-image\" style=\"visibility: hidden;\" >\n\t\t\t\t\t\t<img decoding=\"async\" width=\"1280\" height=\"720\" src=\"https:\/\/sites.usp.br\/labnut\/wp-content\/uploads\/sites\/1168\/2022\/09\/WhatsApp-Image-2022-09-30-at-17.11.11.jpeg\" class=\"sow-slider-background-image\" alt=\"Projeto BIOGEOQUI-ECOS: 3a campanha (Equipe FAPESP\/FAPEMA)\" style=\"\" srcset=\"https:\/\/sites.usp.br\/labnut\/wp-content\/uploads\/sites\/1168\/2022\/09\/WhatsApp-Image-2022-09-30-at-17.11.11.jpeg 1280w, https:\/\/sites.usp.br\/labnut\/wp-content\/uploads\/sites\/1168\/2022\/09\/WhatsApp-Image-2022-09-30-at-17.11.11-300x169.jpeg 300w, https:\/\/sites.usp.br\/labnut\/wp-content\/uploads\/sites\/1168\/2022\/09\/WhatsApp-Image-2022-09-30-at-17.11.11-1024x576.jpeg 1024w, https:\/\/sites.usp.br\/labnut\/wp-content\/uploads\/sites\/1168\/2022\/09\/WhatsApp-Image-2022-09-30-at-17.11.11-768x432.jpeg 768w, https:\/\/sites.usp.br\/labnut\/wp-content\/uploads\/sites\/1168\/2022\/09\/WhatsApp-Image-2022-09-30-at-17.11.11-310x174.jpeg 310w, https:\/\/sites.usp.br\/labnut\/wp-content\/uploads\/sites\/1168\/2022\/09\/WhatsApp-Image-2022-09-30-at-17.11.11-400x225.jpeg 400w\" sizes=\"(max-width: 1280px) 100vw, 1280px\" \/>\t\t<\/li>\n\t\t\t\t<li class=\"sow-slider-image\" style=\"visibility: hidden;\" >\n\t\t\t\t\t\t<img decoding=\"async\" width=\"2560\" height=\"1440\" src=\"https:\/\/sites.usp.br\/labnut\/wp-content\/uploads\/sites\/1168\/2022\/09\/Meninas-do-MA--scaled.jpeg\" class=\"sow-slider-background-image\" alt=\"Certifica\u00e7\u00e3o: Equipe Maranh\u00e3o (FAPEMA)\" style=\"\" srcset=\"https:\/\/sites.usp.br\/labnut\/wp-content\/uploads\/sites\/1168\/2022\/09\/Meninas-do-MA--scaled.jpeg 2560w, https:\/\/sites.usp.br\/labnut\/wp-content\/uploads\/sites\/1168\/2022\/09\/Meninas-do-MA--300x169.jpeg 300w, https:\/\/sites.usp.br\/labnut\/wp-content\/uploads\/sites\/1168\/2022\/09\/Meninas-do-MA--1024x576.jpeg 1024w, https:\/\/sites.usp.br\/labnut\/wp-content\/uploads\/sites\/1168\/2022\/09\/Meninas-do-MA--768x432.jpeg 768w, https:\/\/sites.usp.br\/labnut\/wp-content\/uploads\/sites\/1168\/2022\/09\/Meninas-do-MA--1536x864.jpeg 1536w, https:\/\/sites.usp.br\/labnut\/wp-content\/uploads\/sites\/1168\/2022\/09\/Meninas-do-MA--2048x1152.jpeg 2048w, https:\/\/sites.usp.br\/labnut\/wp-content\/uploads\/sites\/1168\/2022\/09\/Meninas-do-MA--310x174.jpeg 310w\" sizes=\"(max-width: 2560px) 100vw, 2560px\" \/>\t\t<\/li>\n\t\t<\/ul>\t\t\t\t<ol class=\"sow-slider-pagination\">\n\t\t\t\t\t\t\t\t\t\t\t<li><a href=\"#\" data-goto=\"0\" aria-label=\"Display slide 1\"><\/a><\/li>\n\t\t\t\t\t\t\t\t\t\t\t<li><a href=\"#\" data-goto=\"1\" aria-label=\"Display slide 2\"><\/a><\/li>\n\t\t\t\t\t\t\t\t\t\t\t<li><a href=\"#\" data-goto=\"2\" aria-label=\"Display slide 3\"><\/a><\/li>\n\t\t\t\t\t\t\t\t\t<\/ol>\n\n\t\t\t\t<div class=\"sow-slide-nav sow-slide-nav-next\">\n\t\t\t\t\t<a href=\"#\" data-goto=\"next\" aria-label=\"Next slide\" data-action=\"next\">\n\t\t\t\t\t\t<em class=\"sow-sld-icon-thin-right\"><\/em>\n\t\t\t\t\t<\/a>\n\t\t\t\t<\/div>\n\n\t\t\t\t<div class=\"sow-slide-nav sow-slide-nav-prev\">\n\t\t\t\t\t<a href=\"#\" data-goto=\"previous\" aria-label=\"Previous slide\" data-action=\"prev\">\n\t\t\t\t\t\t<em class=\"sow-sld-icon-thin-left\"><\/em>\n\t\t\t\t\t<\/a>\n\t\t\t\t<\/div>\n\t\t\t\t<\/div><\/div><\/div><div id=\"panel-79-0-0-1\" class=\"so-panel widget widget_text panel-last-child\" data-index=\"1\" >\t\t\t<div class=\"textwidget\"><p>O LABNUT-IOUSP (Laborat\u00f3rio de Nutrientes, Micronutrientes e Tra\u00e7os nos Oceanos) realiza pesquisas oceanogr\u00e1ficas voltadas ao estudo dos ciclos biogeoqu\u00edmicos dos nutrientes principais: Nitrog\u00eanio (N), F\u00f3sforo(P) e Sil\u00edcio (Si), micronutrientes como ferro, zinco e mangan\u00eas, e tra\u00e7os como chumbo e c\u00e1dmio. Atua na verifica\u00e7\u00e3o do potencial das \u00e1guas para a produ\u00e7\u00e3o prim\u00e1ria, os aspectos de polui\u00e7\u00e3o marinha e efeitos bioqu\u00edmicos da polui\u00e7\u00e3o nos organismos trabalhando com biomarcadores e bioacumula\u00e7\u00e3o. Atua no estudo do ciclo biogeoqu\u00edmico do carbono e suas implica\u00e7\u00f5es com as mudan\u00e7as globais. Utiliza componentes qu\u00edmicos como tra\u00e7adores de massas de \u00e1gua e na modelagem de dispers\u00e3o em parceria com outros colegas. Atua tamb\u00e9m, nas rela\u00e7\u00f5es homem-oceano, na vertente s\u00f3cio-ambiental com pesquisa e a\u00e7\u00f5es educativas.<\/p>\n<\/div>\n\t\t<\/div><\/div><\/div><div id=\"pg-79-1\"  class=\"panel-grid panel-no-style\" ><div id=\"pgc-79-1-0\"  class=\"panel-grid-cell\" ><div id=\"panel-79-1-0-0\" class=\"so-panel widget widget_sow-slider panel-first-child panel-last-child\" data-index=\"2\" ><div\n\t\t\t\n\t\t\tclass=\"so-widget-sow-slider so-widget-sow-slider-default-6d39609536fd-79\"\n\t\t\t\n\t\t>\t\t\t\t<div class=\"sow-slider-base\" style=\"display: none\" tabindex=\"0\">\n\t\t\t\t\t<ul\n\t\t\t\t\tclass=\"sow-slider-images\"\n\t\t\t\t\tdata-settings=\"{&quot;pagination&quot;:true,&quot;speed&quot;:800,&quot;timeout&quot;:8000,&quot;paused&quot;:false,&quot;pause_on_hover&quot;:false,&quot;swipe&quot;:true,&quot;nav_always_show_desktop&quot;:&quot;&quot;,&quot;nav_always_show_mobile&quot;:&quot;&quot;,&quot;breakpoint&quot;:&quot;780px&quot;,&quot;unmute&quot;:false,&quot;anchor&quot;:null}\"\n\t\t\t\t\t\t\t\t\t\tdata-anchor-id=\"\"\n\t\t\t\t>\t\t<li class=\"sow-slider-image\" style=\"visibility: visible;\" >\n\t\t\t\t\t\t<img loading=\"lazy\" decoding=\"async\" width=\"1366\" height=\"768\" src=\"https:\/\/sites.usp.br\/labnut\/wp-content\/uploads\/sites\/1168\/2024\/03\/1.png\" class=\"sow-slider-background-image\" alt=\"\" style=\"\" srcset=\"https:\/\/sites.usp.br\/labnut\/wp-content\/uploads\/sites\/1168\/2024\/03\/1.png 1366w, https:\/\/sites.usp.br\/labnut\/wp-content\/uploads\/sites\/1168\/2024\/03\/1-300x169.png 300w, https:\/\/sites.usp.br\/labnut\/wp-content\/uploads\/sites\/1168\/2024\/03\/1-1024x576.png 1024w, https:\/\/sites.usp.br\/labnut\/wp-content\/uploads\/sites\/1168\/2024\/03\/1-768x432.png 768w, https:\/\/sites.usp.br\/labnut\/wp-content\/uploads\/sites\/1168\/2024\/03\/1-310x174.png 310w, https:\/\/sites.usp.br\/labnut\/wp-content\/uploads\/sites\/1168\/2024\/03\/1-400x225.png 400w\" sizes=\"(max-width: 1366px) 100vw, 1366px\" \/>\t\t<\/li>\n\t\t\t\t<li class=\"sow-slider-image\" style=\"visibility: hidden;\" >\n\t\t\t\t\t\t<img loading=\"lazy\" decoding=\"async\" width=\"1366\" height=\"768\" src=\"https:\/\/sites.usp.br\/labnut\/wp-content\/uploads\/sites\/1168\/2024\/03\/2.png\" class=\"sow-slider-background-image\" alt=\"\" style=\"\" srcset=\"https:\/\/sites.usp.br\/labnut\/wp-content\/uploads\/sites\/1168\/2024\/03\/2.png 1366w, https:\/\/sites.usp.br\/labnut\/wp-content\/uploads\/sites\/1168\/2024\/03\/2-300x169.png 300w, https:\/\/sites.usp.br\/labnut\/wp-content\/uploads\/sites\/1168\/2024\/03\/2-1024x576.png 1024w, https:\/\/sites.usp.br\/labnut\/wp-content\/uploads\/sites\/1168\/2024\/03\/2-768x432.png 768w, https:\/\/sites.usp.br\/labnut\/wp-content\/uploads\/sites\/1168\/2024\/03\/2-310x174.png 310w, https:\/\/sites.usp.br\/labnut\/wp-content\/uploads\/sites\/1168\/2024\/03\/2-400x225.png 400w\" sizes=\"(max-width: 1366px) 100vw, 1366px\" \/>\t\t<\/li>\n\t\t\t\t<li class=\"sow-slider-image\" style=\"visibility: hidden;\" >\n\t\t\t\t\t\t<img loading=\"lazy\" decoding=\"async\" width=\"1366\" height=\"768\" src=\"https:\/\/sites.usp.br\/labnut\/wp-content\/uploads\/sites\/1168\/2024\/03\/3.png\" class=\"sow-slider-background-image\" alt=\"\" style=\"\" srcset=\"https:\/\/sites.usp.br\/labnut\/wp-content\/uploads\/sites\/1168\/2024\/03\/3.png 1366w, https:\/\/sites.usp.br\/labnut\/wp-content\/uploads\/sites\/1168\/2024\/03\/3-300x169.png 300w, https:\/\/sites.usp.br\/labnut\/wp-content\/uploads\/sites\/1168\/2024\/03\/3-1024x576.png 1024w, https:\/\/sites.usp.br\/labnut\/wp-content\/uploads\/sites\/1168\/2024\/03\/3-768x432.png 768w, https:\/\/sites.usp.br\/labnut\/wp-content\/uploads\/sites\/1168\/2024\/03\/3-310x174.png 310w, https:\/\/sites.usp.br\/labnut\/wp-content\/uploads\/sites\/1168\/2024\/03\/3-400x225.png 400w\" sizes=\"(max-width: 1366px) 100vw, 1366px\" \/>\t\t<\/li>\n\t\t\t\t<li class=\"sow-slider-image\" style=\"visibility: hidden;\" >\n\t\t\t\t\t\t<img loading=\"lazy\" decoding=\"async\" width=\"1366\" height=\"768\" src=\"https:\/\/sites.usp.br\/labnut\/wp-content\/uploads\/sites\/1168\/2024\/03\/4.png\" class=\"sow-slider-background-image\" alt=\"\" style=\"\" srcset=\"https:\/\/sites.usp.br\/labnut\/wp-content\/uploads\/sites\/1168\/2024\/03\/4.png 1366w, https:\/\/sites.usp.br\/labnut\/wp-content\/uploads\/sites\/1168\/2024\/03\/4-300x169.png 300w, https:\/\/sites.usp.br\/labnut\/wp-content\/uploads\/sites\/1168\/2024\/03\/4-1024x576.png 1024w, https:\/\/sites.usp.br\/labnut\/wp-content\/uploads\/sites\/1168\/2024\/03\/4-768x432.png 768w, https:\/\/sites.usp.br\/labnut\/wp-content\/uploads\/sites\/1168\/2024\/03\/4-310x174.png 310w, https:\/\/sites.usp.br\/labnut\/wp-content\/uploads\/sites\/1168\/2024\/03\/4-400x225.png 400w\" sizes=\"(max-width: 1366px) 100vw, 1366px\" \/>\t\t<\/li>\n\t\t\t\t<li class=\"sow-slider-image\" style=\"visibility: hidden;\" >\n\t\t\t\t\t\t<img loading=\"lazy\" decoding=\"async\" width=\"1366\" height=\"768\" src=\"https:\/\/sites.usp.br\/labnut\/wp-content\/uploads\/sites\/1168\/2024\/03\/5.png\" class=\"sow-slider-background-image\" alt=\"\" style=\"\" srcset=\"https:\/\/sites.usp.br\/labnut\/wp-content\/uploads\/sites\/1168\/2024\/03\/5.png 1366w, https:\/\/sites.usp.br\/labnut\/wp-content\/uploads\/sites\/1168\/2024\/03\/5-300x169.png 300w, https:\/\/sites.usp.br\/labnut\/wp-content\/uploads\/sites\/1168\/2024\/03\/5-1024x576.png 1024w, https:\/\/sites.usp.br\/labnut\/wp-content\/uploads\/sites\/1168\/2024\/03\/5-768x432.png 768w, https:\/\/sites.usp.br\/labnut\/wp-content\/uploads\/sites\/1168\/2024\/03\/5-310x174.png 310w, https:\/\/sites.usp.br\/labnut\/wp-content\/uploads\/sites\/1168\/2024\/03\/5-400x225.png 400w\" sizes=\"(max-width: 1366px) 100vw, 1366px\" \/>\t\t<\/li>\n\t\t\t\t<li class=\"sow-slider-image\" style=\"visibility: hidden;\" >\n\t\t\t\t\t\t<img loading=\"lazy\" decoding=\"async\" width=\"1366\" height=\"768\" src=\"https:\/\/sites.usp.br\/labnut\/wp-content\/uploads\/sites\/1168\/2024\/03\/6.png\" class=\"sow-slider-background-image\" alt=\"\" style=\"\" srcset=\"https:\/\/sites.usp.br\/labnut\/wp-content\/uploads\/sites\/1168\/2024\/03\/6.png 1366w, https:\/\/sites.usp.br\/labnut\/wp-content\/uploads\/sites\/1168\/2024\/03\/6-300x169.png 300w, https:\/\/sites.usp.br\/labnut\/wp-content\/uploads\/sites\/1168\/2024\/03\/6-1024x576.png 1024w, https:\/\/sites.usp.br\/labnut\/wp-content\/uploads\/sites\/1168\/2024\/03\/6-768x432.png 768w, https:\/\/sites.usp.br\/labnut\/wp-content\/uploads\/sites\/1168\/2024\/03\/6-310x174.png 310w, https:\/\/sites.usp.br\/labnut\/wp-content\/uploads\/sites\/1168\/2024\/03\/6-400x225.png 400w\" sizes=\"(max-width: 1366px) 100vw, 1366px\" \/>\t\t<\/li>\n\t\t\t\t<li class=\"sow-slider-image\" style=\"visibility: hidden;\" >\n\t\t\t\t\t\t<img loading=\"lazy\" decoding=\"async\" width=\"1366\" height=\"768\" src=\"https:\/\/sites.usp.br\/labnut\/wp-content\/uploads\/sites\/1168\/2024\/03\/7.png\" class=\"sow-slider-background-image\" alt=\"\" style=\"\" srcset=\"https:\/\/sites.usp.br\/labnut\/wp-content\/uploads\/sites\/1168\/2024\/03\/7.png 1366w, https:\/\/sites.usp.br\/labnut\/wp-content\/uploads\/sites\/1168\/2024\/03\/7-300x169.png 300w, https:\/\/sites.usp.br\/labnut\/wp-content\/uploads\/sites\/1168\/2024\/03\/7-1024x576.png 1024w, https:\/\/sites.usp.br\/labnut\/wp-content\/uploads\/sites\/1168\/2024\/03\/7-768x432.png 768w, https:\/\/sites.usp.br\/labnut\/wp-content\/uploads\/sites\/1168\/2024\/03\/7-310x174.png 310w, https:\/\/sites.usp.br\/labnut\/wp-content\/uploads\/sites\/1168\/2024\/03\/7-400x225.png 400w\" sizes=\"(max-width: 1366px) 100vw, 1366px\" \/>\t\t<\/li>\n\t\t<\/ul>\t\t\t\t<ol class=\"sow-slider-pagination\">\n\t\t\t\t\t\t\t\t\t\t\t<li><a href=\"#\" data-goto=\"0\" aria-label=\"Display slide 1\"><\/a><\/li>\n\t\t\t\t\t\t\t\t\t\t\t<li><a href=\"#\" data-goto=\"1\" aria-label=\"Display slide 2\"><\/a><\/li>\n\t\t\t\t\t\t\t\t\t\t\t<li><a href=\"#\" data-goto=\"2\" aria-label=\"Display slide 3\"><\/a><\/li>\n\t\t\t\t\t\t\t\t\t\t\t<li><a href=\"#\" data-goto=\"3\" aria-label=\"Display slide 4\"><\/a><\/li>\n\t\t\t\t\t\t\t\t\t\t\t<li><a href=\"#\" data-goto=\"4\" aria-label=\"Display slide 5\"><\/a><\/li>\n\t\t\t\t\t\t\t\t\t\t\t<li><a href=\"#\" data-goto=\"5\" aria-label=\"Display slide 6\"><\/a><\/li>\n\t\t\t\t\t\t\t\t\t\t\t<li><a href=\"#\" data-goto=\"6\" aria-label=\"Display slide 7\"><\/a><\/li>\n\t\t\t\t\t\t\t\t\t<\/ol>\n\n\t\t\t\t<div class=\"sow-slide-nav sow-slide-nav-next\">\n\t\t\t\t\t<a href=\"#\" data-goto=\"next\" aria-label=\"Next slide\" data-action=\"next\">\n\t\t\t\t\t\t<em class=\"sow-sld-icon-thin-right\"><\/em>\n\t\t\t\t\t<\/a>\n\t\t\t\t<\/div>\n\n\t\t\t\t<div class=\"sow-slide-nav sow-slide-nav-prev\">\n\t\t\t\t\t<a href=\"#\" data-goto=\"previous\" aria-label=\"Previous slide\" data-action=\"prev\">\n\t\t\t\t\t\t<em class=\"sow-sld-icon-thin-left\"><\/em>\n\t\t\t\t\t<\/a>\n\t\t\t\t<\/div>\n\t\t\t\t<\/div><\/div><\/div><\/div><\/div><div id=\"pg-79-2\"  class=\"panel-grid panel-has-style\" ><div class=\"panel-row-style panel-row-style-for-79-2\" ><div id=\"pgc-79-2-0\"  class=\"panel-grid-cell\" ><div id=\"panel-79-2-0-0\" class=\"so-panel widget widget_sow-image panel-first-child\" data-index=\"3\" ><div\n\t\t\t\n\t\t\tclass=\"so-widget-sow-image so-widget-sow-image-default-8b5b6f678277-79\"\n\t\t\t\n\t\t>\n<div class=\"sow-image-container\">\n\t\t\t<a href=\"https:\/\/sites.usp.br\/labnut\/silicarbonclim\/\"\n\t\t\t\t\t>\n\t\t\t<img loading=\"lazy\" \n\tsrc=\"https:\/\/sites.usp.br\/labnut\/wp-content\/uploads\/sites\/1168\/2024\/03\/logo-silicarbonclim-1.png\" width=\"1080\" height=\"1080\" srcset=\"https:\/\/sites.usp.br\/labnut\/wp-content\/uploads\/sites\/1168\/2024\/03\/logo-silicarbonclim-1.png 1080w, https:\/\/sites.usp.br\/labnut\/wp-content\/uploads\/sites\/1168\/2024\/03\/logo-silicarbonclim-1-300x300.png 300w, https:\/\/sites.usp.br\/labnut\/wp-content\/uploads\/sites\/1168\/2024\/03\/logo-silicarbonclim-1-1024x1024.png 1024w, https:\/\/sites.usp.br\/labnut\/wp-content\/uploads\/sites\/1168\/2024\/03\/logo-silicarbonclim-1-150x150.png 150w, https:\/\/sites.usp.br\/labnut\/wp-content\/uploads\/sites\/1168\/2024\/03\/logo-silicarbonclim-1-768x768.png 768w, https:\/\/sites.usp.br\/labnut\/wp-content\/uploads\/sites\/1168\/2024\/03\/logo-silicarbonclim-1-250x250.png 250w, https:\/\/sites.usp.br\/labnut\/wp-content\/uploads\/sites\/1168\/2024\/03\/logo-silicarbonclim-1-174x174.png 174w, https:\/\/sites.usp.br\/labnut\/wp-content\/uploads\/sites\/1168\/2024\/03\/logo-silicarbonclim-1-45x45.png 45w, https:\/\/sites.usp.br\/labnut\/wp-content\/uploads\/sites\/1168\/2024\/03\/logo-silicarbonclim-1-200x200.png 200w, https:\/\/sites.usp.br\/labnut\/wp-content\/uploads\/sites\/1168\/2024\/03\/logo-silicarbonclim-1-400x400.png 400w\" sizes=\"(max-width: 1080px) 100vw, 1080px\" title=\"(logo silicarbonclim)\" alt=\"\" \t\tclass=\"so-widget-image\"\/>\n\t\t\t<\/a><\/div>\n\n<\/div><\/div><div id=\"panel-79-2-0-1\" class=\"so-panel widget widget_sow-editor panel-last-child\" data-index=\"4\" ><div\n\t\t\t\n\t\t\tclass=\"so-widget-sow-editor so-widget-sow-editor-base\"\n\t\t\t\n\t\t><h3 class=\"widget-title\">SILICARBONCLIM (CNPq\/MCTI\/PROANTAR)<\/h3>\n<div class=\"siteorigin-widget-tinymce textwidget\">\n\t<p>SILICARBONCLIM: S\u00edlica biog\u00eanica e o sequestro de carbono na regi\u00e3o Ant\u00e1rtica \u2013 balan\u00e7o biogeoqu\u00edmico dos nutrientes e as mudan\u00e7as clim\u00e1ticas. <a href=\"https:\/\/sites.usp.br\/labnut\/silicarbonclim\/\">Saiba mais<\/a>.<\/p>\n<\/div>\n<\/div><\/div><\/div><div id=\"pgc-79-2-1\"  class=\"panel-grid-cell\" ><div id=\"panel-79-2-1-0\" class=\"so-panel widget widget_sow-image panel-first-child\" data-index=\"5\" ><div\n\t\t\t\n\t\t\tclass=\"so-widget-sow-image so-widget-sow-image-default-8b5b6f678277-79\"\n\t\t\t\n\t\t>\n<div class=\"sow-image-container\">\n\t\t\t<a href=\"https:\/\/sites.usp.br\/labnut\/redeoleomar\/\"\n\t\t\t\t\t>\n\t\t\t<img loading=\"lazy\" \n\tsrc=\"https:\/\/sites.usp.br\/labnut\/wp-content\/uploads\/sites\/1168\/2024\/03\/logo-oleomar.png\" width=\"1080\" height=\"1080\" srcset=\"https:\/\/sites.usp.br\/labnut\/wp-content\/uploads\/sites\/1168\/2024\/03\/logo-oleomar.png 1080w, https:\/\/sites.usp.br\/labnut\/wp-content\/uploads\/sites\/1168\/2024\/03\/logo-oleomar-300x300.png 300w, https:\/\/sites.usp.br\/labnut\/wp-content\/uploads\/sites\/1168\/2024\/03\/logo-oleomar-1024x1024.png 1024w, https:\/\/sites.usp.br\/labnut\/wp-content\/uploads\/sites\/1168\/2024\/03\/logo-oleomar-150x150.png 150w, https:\/\/sites.usp.br\/labnut\/wp-content\/uploads\/sites\/1168\/2024\/03\/logo-oleomar-768x768.png 768w, https:\/\/sites.usp.br\/labnut\/wp-content\/uploads\/sites\/1168\/2024\/03\/logo-oleomar-250x250.png 250w, https:\/\/sites.usp.br\/labnut\/wp-content\/uploads\/sites\/1168\/2024\/03\/logo-oleomar-174x174.png 174w, https:\/\/sites.usp.br\/labnut\/wp-content\/uploads\/sites\/1168\/2024\/03\/logo-oleomar-45x45.png 45w, https:\/\/sites.usp.br\/labnut\/wp-content\/uploads\/sites\/1168\/2024\/03\/logo-oleomar-200x200.png 200w, https:\/\/sites.usp.br\/labnut\/wp-content\/uploads\/sites\/1168\/2024\/03\/logo-oleomar-400x400.png 400w\" sizes=\"(max-width: 1080px) 100vw, 1080px\" title=\"(logo oleomar)\" alt=\"\" \t\tclass=\"so-widget-image\"\/>\n\t\t\t<\/a><\/div>\n\n<\/div><\/div><div id=\"panel-79-2-1-1\" class=\"so-panel widget widget_sow-editor panel-last-child\" data-index=\"6\" ><div\n\t\t\t\n\t\t\tclass=\"so-widget-sow-editor so-widget-sow-editor-base\"\n\t\t\t\n\t\t><h3 class=\"widget-title\">REDE OLEOMAR (CNPq\/MCTI)<\/h3>\n<div class=\"siteorigin-widget-tinymce textwidget\">\n\t<p>Projeto Rede OLEOMAR: Rede Multidisciplinar de Estudos Costeiro-Oce\u00e2nicos para Monitoramento, Diagn\u00f3stico e Desmobiliza\u00e7\u00e3o na Avalia\u00e7\u00e3o do Gerenciamento da Resili\u00eancia Ambiental em Acidentes que Envolvam Derramamento de \u00d3leo no Mar. <a href=\"https:\/\/sites.usp.br\/labnut\/redeoleomar\/\">Saiba mais<\/a>.<\/p>\n<\/div>\n<\/div><\/div><\/div><\/div><\/div><div id=\"pg-79-3\"  class=\"panel-grid panel-no-style\" ><div id=\"pgc-79-3-0\"  class=\"panel-grid-cell panel-grid-cell-mobile-last\" ><div id=\"panel-79-3-0-0\" class=\"so-panel widget widget_sow-image panel-first-child\" data-index=\"7\" ><div\n\t\t\t\n\t\t\tclass=\"so-widget-sow-image so-widget-sow-image-default-8b5b6f678277-79\"\n\t\t\t\n\t\t>\n<div class=\"sow-image-container\">\n\t\t\t<a href=\"https:\/\/sites.usp.br\/labnut\/labnut-projeto-carbmet\/\"\n\t\t\t\t\t>\n\t\t\t<img loading=\"lazy\" \n\tsrc=\"https:\/\/sites.usp.br\/labnut\/wp-content\/uploads\/sites\/1168\/2024\/03\/logo-carbmet-300x300.png\" width=\"300\" height=\"300\" srcset=\"https:\/\/sites.usp.br\/labnut\/wp-content\/uploads\/sites\/1168\/2024\/03\/logo-carbmet-300x300.png 300w, https:\/\/sites.usp.br\/labnut\/wp-content\/uploads\/sites\/1168\/2024\/03\/logo-carbmet-1024x1024.png 1024w, https:\/\/sites.usp.br\/labnut\/wp-content\/uploads\/sites\/1168\/2024\/03\/logo-carbmet-150x150.png 150w, https:\/\/sites.usp.br\/labnut\/wp-content\/uploads\/sites\/1168\/2024\/03\/logo-carbmet-768x768.png 768w, https:\/\/sites.usp.br\/labnut\/wp-content\/uploads\/sites\/1168\/2024\/03\/logo-carbmet-250x250.png 250w, https:\/\/sites.usp.br\/labnut\/wp-content\/uploads\/sites\/1168\/2024\/03\/logo-carbmet-174x174.png 174w, https:\/\/sites.usp.br\/labnut\/wp-content\/uploads\/sites\/1168\/2024\/03\/logo-carbmet-45x45.png 45w, https:\/\/sites.usp.br\/labnut\/wp-content\/uploads\/sites\/1168\/2024\/03\/logo-carbmet-200x200.png 200w, https:\/\/sites.usp.br\/labnut\/wp-content\/uploads\/sites\/1168\/2024\/03\/logo-carbmet-400x400.png 400w, https:\/\/sites.usp.br\/labnut\/wp-content\/uploads\/sites\/1168\/2024\/03\/logo-carbmet.png 1080w\" sizes=\"(max-width: 300px) 100vw, 300px\" title=\"(logo carbmet)\" alt=\"\" \t\tclass=\"so-widget-image\"\/>\n\t\t\t<\/a><\/div>\n\n<\/div><\/div><div id=\"panel-79-3-0-1\" class=\"so-panel widget widget_sow-editor panel-last-child\" data-index=\"8\" ><div\n\t\t\t\n\t\t\tclass=\"so-widget-sow-editor so-widget-sow-editor-base\"\n\t\t\t\n\t\t><h3 class=\"widget-title\">LABNUT no Projeto CARBMET<\/h3>\n<div class=\"siteorigin-widget-tinymce textwidget\">\n\t<p>O Laborat\u00f3rio de Biogeoqu\u00edmica de Nutrientes, Micronutrientes e Tra\u00e7os nos Oceanos participa do Projeto CARBMET na Esta\u00e7\u00e3o Ant\u00e1rtica Comandante Ferraz. <a href=\"https:\/\/sites.usp.br\/labnut\/labnut-projeto-carbmet\/\">Saiba mais<\/a>.<\/p>\n<\/div>\n<\/div><\/div><\/div><div id=\"pgc-79-3-1\"  class=\"panel-grid-cell panel-grid-cell-empty\" ><\/div><\/div><\/div>","protected":false},"excerpt":{"rendered":"<p>O LABNUT-IOUSP (Laborat\u00f3rio de Nutrientes, Micronutrientes e Tra\u00e7os nos Oceanos) realiza pesquisas oceanogr\u00e1ficas voltadas ao estudo dos ciclos biogeoqu\u00edmicos dos nutrientes principais: Nitrog\u00eanio (N), F\u00f3sforo(P) e Sil\u00edcio (Si), micronutrientes como ferro, zinco e mangan\u00eas, e tra\u00e7os como chumbo e c\u00e1dmio. Atua na verifica\u00e7\u00e3o do potencial das \u00e1guas para a produ\u00e7\u00e3o prim\u00e1ria, os aspectos de polui\u00e7\u00e3o<a href=\"https:\/\/sites.usp.br\/labnut\/\">[&#8230;]<\/a><\/p>\n","protected":false},"author":1,"featured_media":0,"parent":0,"menu_order":0,"comment_status":"closed","ping_status":"closed","template":"","meta":{"_monsterinsights_skip_tracking":false,"_monsterinsights_sitenote_active":false,"_monsterinsights_sitenote_note":"","_monsterinsights_sitenote_category":0,"footnotes":"","_links_to":"","_links_to_target":""},"class_list":["post-79","page","type-page","status-publish","hentry"],"_links":{"self":[{"href":"https:\/\/sites.usp.br\/labnut\/wp-json\/wp\/v2\/pages\/79","targetHints":{"allow":["GET"]}}],"collection":[{"href":"https:\/\/sites.usp.br\/labnut\/wp-json\/wp\/v2\/pages"}],"about":[{"href":"https:\/\/sites.usp.br\/labnut\/wp-json\/wp\/v2\/types\/page"}],"author":[{"embeddable":true,"href":"https:\/\/sites.usp.br\/labnut\/wp-json\/wp\/v2\/users\/1"}],"replies":[{"embeddable":true,"href":"https:\/\/sites.usp.br\/labnut\/wp-json\/wp\/v2\/comments?post=79"}],"version-history":[{"count":5,"href":"https:\/\/sites.usp.br\/labnut\/wp-json\/wp\/v2\/pages\/79\/revisions"}],"predecessor-version":[{"id":2046,"href":"https:\/\/sites.usp.br\/labnut\/wp-json\/wp\/v2\/pages\/79\/revisions\/2046"}],"wp:attachment":[{"href":"https:\/\/sites.usp.br\/labnut\/wp-json\/wp\/v2\/media?parent=79"}],"curies":[{"name":"wp","href":"https:\/\/api.w.org\/{rel}","templated":true}]}}