{"id":151,"date":"2019-04-23T18:17:24","date_gmt":"2019-04-23T20:17:24","guid":{"rendered":"http:\/\/sites.usp.br\/laboratoriochronos\/?page_id=151"},"modified":"2020-03-31T13:02:45","modified_gmt":"2020-03-31T15:02:45","slug":"atividades-academicas","status":"publish","type":"page","link":"https:\/\/sites.usp.br\/laboratoriochronos\/atividades-academicas\/","title":{"rendered":"Atividades Acad\u00eamicas"},"content":{"rendered":"<p><em><strong>Grupos de Estudos:<\/strong><br \/>\n  Psico-Oncologia<br \/>\n  N\u00facleo de Estudos Interdisciplinares em Promo\u00e7\u00e3o de Sa\u00fade<br \/>\n  Pesquisas Realizadas<\/p>\n<p><em><strong>Psico-oncologia<\/strong><\/p>\n<p><em>A partir dos progressos da medicina, como o surgimento das t\u00e9cnicas de remo\u00e7\u00e3o cir\u00fargica dos tumores ou a descoberta da radioterapia e quimioterapia como efetivas no combate ao c\u00e2ncer, percebeu-se que o aparecimento do c\u00e2ncer e submiss\u00e3o aos tratamentos s\u00e3o acompanhados de sofrimentos tanto para o paciente quanto para a fam\u00edlia que o modelo biom\u00e9dico j\u00e1 n\u00e3o \u00e9 capaz de abarcar, apesar dos imensos progressos na \u00e1rea m\u00e9dica e farmacol\u00f3gica.<br \/>\nCresceu ent\u00e3o o n\u00famero de m\u00e9dicos preocupados com os aspectos psicol\u00f3gicos dos pacientes e que solicitavam o aux\u00edlio da psiquiatria para o momento da informa\u00e7\u00e3o do diagn\u00f3stico ou para que colaborassem na informa\u00e7\u00e3o sobre os tratamentos assustadores.<br \/>\nO n\u00famero cada vez maior de sobreviventes ao c\u00e2ncer tamb\u00e9m faz repensar a fun\u00e7\u00e3o do m\u00e9dico como \u00fanico respons\u00e1vel pela sa\u00fade e cuidado ao paciente, uma vez que apesar de ter encerrado o tratamento, continuam as seq\u00fcelas n\u00e3o s\u00f3 f\u00edsicas como psicol\u00f3gicas.<br \/>\nSurge ent\u00e3o a Psico-Oncologia como \u00e1rea sistematizada do conhecimento que estudar\u00e1 estes aspectos. Para Bay\u00e8s (1985) o desenvolvimento da Psico-Oncologia ou Psicologia Oncol\u00f3gica, como ele prefere chamar, tem v\u00e1rios fatos associados tais como:<\/p>\n<p><em>\u2022\tO reconhecimento de que a etiologia e o desenvolvimento do c\u00e2ncer est\u00e3o associados a fatores psicol\u00f3gicos, comportamentais e sociais;<br \/>\n<em>\u2022\tAo fato da ades\u00e3o ao tratamento, reconhecida como de extrema import\u00e2ncia pela comunidade da \u00e1rea da sa\u00fade, estar associada a fatores de natureza social e psicol\u00f3gica, implicando na necessidade de desenvolver estrat\u00e9gias eficientes que possam assegurar a participa\u00e7\u00e3o efetiva de pacientes oncol\u00f3gicos nas diferentes fases do tratamento;<br \/>\n<em>\u2022\tO reconhecimento da import\u00e2ncia de complementar a utiliza\u00e7\u00e3o da tecnologia medicamentosa com a comportamental na \u00e1rea de sa\u00fade;<br \/>\n<em>\u2022\tAo fato dos avan\u00e7os na \u00e1rea m\u00e9dica e tecnol\u00f3gica permitirem um aumento no n\u00famero de sobreviventes e do tempo de sobrevida ap\u00f3s o aparecimento do c\u00e2ncer, permitindo que profissionais de sa\u00fade passassem a ter como alvo a qualidade de vida de seus pacientes.<\/p>\n<p><em>Schav\u00e9lzon (1961) define a Psico-Oncologia como sendo o \u201cramo da Medicina que se ocupa da assist\u00eancia ao paciente com c\u00e2ncer, do seu contexto familiar e social e dos aspectos m\u00e9dico-administrativos presentes no contexto desse paciente\u201d.<br \/>\n<em>J\u00e1 para Jimmy Holland, fundadora do IPOS (International Psychoncology Society \u2013 Sociedade Internacional de Psico-Oncologia) esta \u00e1rea \u00e9 \u201cuma subespecialidade da Oncologia que procura estudar duas dimens\u00f5es psicol\u00f3gicas presentes no diagn\u00f3stico do c\u00e2ncer:<\/p>\n<p><em>\u2022\tO impacto do c\u00e2ncer no funcionamento emocional do paciente, sua fam\u00edlia e dos profissionais envolvidos em seu tratamento;<br \/>\n<em>\u2022\tO papel das vari\u00e1veis psicol\u00f3gicas e comportamentais na incid\u00eancia de sobreviv\u00eancia do c\u00e2ncer.<\/p>\n<p><em>A Psico-Oncologia, dentro de um princ\u00edpio hol\u00edstico de sa\u00fade, necessita de uma equipe multidisciplinar \u2013 m\u00e9dicos, enfermeiras, auxiliares, psic\u00f3logos, fisioterapeutas, assistentes sociais, nutricionistas, etc \u2013 que no Brasil decidiram fundar a Sociedade Brasileira de Psico-Oncologia (SBPO), em 1994, estando ligada \u00e0 Sociedade Internacional (IPOS).<br \/>\n<em>Esta \u00e9 uma \u00e1rea em forma\u00e7\u00e3o no Brasil, que pretende ainda conquistar espa\u00e7o para o desenvolvimento de cada vez mais trabalhos s\u00e9rios de profissionais de sa\u00fade comprometidos com aquilo que deve ser a sua mat\u00e9ria-prima: o ser humano em todas as suas dimens\u00f5es.<\/p>\n<p><em><strong>N\u00facleo de estudos interdiciplinares em promo\u00e7\u00e3o de sa\u00fade<\/strong><\/p>\n<p><em>O N\u00facleo de Estudos Interdisciplinares em Promo\u00e7\u00e3o de Sa\u00fade \u00e9 um espa\u00e7o para estudos, pesquisa, discuss\u00f5es, reflex\u00f5es e propostas te\u00f3rico-metodol\u00f3gicas para as diversas \u00e1reas de conhecimento que comp\u00f5e o cen\u00e1rio profissional e universit\u00e1rio. Os encontros acontecem quinzenalmente \u00e0s segundas-feiras de 8h30 \u00e0s 10h, tendo como processos o ensinar e o aprender, considerando que um fen\u00f4meno observado em qualquer sociedade, e nos grupos constitutivos destas, \u00e9 respons\u00e1vel pela sua manuten\u00e7\u00e3o e perpetua\u00e7\u00e3o a partir da transposi\u00e7\u00e3o dos modos culturais de ser, estar e agir necess\u00e1rios \u00e0 conviv\u00eancia e ao ajustamento de um membro no seu grupo ou sociedade em determinada \u00e9poca.<br \/>\n<em>Assim os estudos sobre promo\u00e7\u00e3o de sa\u00fade envolvem duas dimens\u00f5es distintas: a conceitual que s\u00e3o os princ\u00edpios, premissas e conceitos que sustentam o discurso da promo\u00e7\u00e3o de sa\u00fade e a metodol\u00f3gica que se refere \u00e0s pr\u00e1ticas, planos de a\u00e7\u00e3o, estrat\u00e9gias, formas de interven\u00e7\u00e3o e instrumental metodol\u00f3gico. Logo considerar a promo\u00e7\u00e3o da sa\u00fade num contexto amplo, como resultado de determinantes sociais significa assumir que as mudan\u00e7as econ\u00f4micas, pol\u00edticas, sociais e culturais que ocorreram no mundo desde o s\u00e9culo XIX e que se intensificaram no s\u00e9culo XX, produziram altera\u00e7\u00f5es significativas para a vida em sociedade hoje.<br \/>\nA sa\u00fade, sendo uma esfera da vida de homens e mulheres em toda sua diversidade e singularidade n\u00e3o est\u00e1 fora desse processo de transforma\u00e7\u00e3o s\u00f3cio cultural. Nas \u00faltimas d\u00e9cadas, tornou-se cada vez mais importante cuidar da vida de modo que se reduzisse a vulnerabilidade ao adoecer e as chances de que ele seja produtor de incapacidade, de sofrimento cr\u00f4nico e de morte prematura de indiv\u00edduos e popula\u00e7\u00e3o, evidenciando que a sa\u00fade parece ser um resultado dos modos de organiza\u00e7\u00e3o da produ\u00e7\u00e3o, do trabalho e da sociedade em determinado contexto hist\u00f3rico e o aparato biom\u00e9dico n\u00e3o consegue modificar os condicionantes nem determinantes mais amplos desse processo, operando um modelo de aten\u00e7\u00e3o.<\/p>\n","protected":false},"excerpt":{"rendered":"<p>Grupos de Estudos: Psico-Oncologia N\u00facleo de Estudos Interdisciplinares em Promo\u00e7\u00e3o de Sa\u00fade Pesquisas Realizadas Psico-oncologia A partir dos progressos da&#46;&#46;&#46;<\/p>\n","protected":false},"author":764,"featured_media":0,"parent":0,"menu_order":0,"comment_status":"closed","ping_status":"closed","template":"","meta":{"footnotes":"","_links_to":"","_links_to_target":""},"class_list":["post-151","page","type-page","status-publish","hentry"],"_links":{"self":[{"href":"https:\/\/sites.usp.br\/laboratoriochronos\/wp-json\/wp\/v2\/pages\/151","targetHints":{"allow":["GET"]}}],"collection":[{"href":"https:\/\/sites.usp.br\/laboratoriochronos\/wp-json\/wp\/v2\/pages"}],"about":[{"href":"https:\/\/sites.usp.br\/laboratoriochronos\/wp-json\/wp\/v2\/types\/page"}],"author":[{"embeddable":true,"href":"https:\/\/sites.usp.br\/laboratoriochronos\/wp-json\/wp\/v2\/users\/764"}],"replies":[{"embeddable":true,"href":"https:\/\/sites.usp.br\/laboratoriochronos\/wp-json\/wp\/v2\/comments?post=151"}],"version-history":[{"count":5,"href":"https:\/\/sites.usp.br\/laboratoriochronos\/wp-json\/wp\/v2\/pages\/151\/revisions"}],"predecessor-version":[{"id":428,"href":"https:\/\/sites.usp.br\/laboratoriochronos\/wp-json\/wp\/v2\/pages\/151\/revisions\/428"}],"wp:attachment":[{"href":"https:\/\/sites.usp.br\/laboratoriochronos\/wp-json\/wp\/v2\/media?parent=151"}],"curies":[{"name":"wp","href":"https:\/\/api.w.org\/{rel}","templated":true}]}}