{"id":156,"date":"2019-04-23T18:17:24","date_gmt":"2019-04-23T20:17:24","guid":{"rendered":"http:\/\/sites.usp.br\/laboratoriochronos\/?page_id=156"},"modified":"2020-01-17T11:51:00","modified_gmt":"2020-01-17T13:51:00","slug":"servicos-a-comunidade","status":"publish","type":"page","link":"https:\/\/sites.usp.br\/laboratoriochronos\/servicos-a-comunidade\/","title":{"rendered":"Servi\u00e7os \u00e0 comunidade"},"content":{"rendered":"<p><em>O laborat\u00f3rio Chronos oferece atendimento psicol\u00f3gico gratuito a pacientes oncol\u00f3gicos e seus familiares.<br \/>\nO CHRONOS-USP funciona junto a Cl\u00ednica-Escola do Instituto de Psicologia da Universidade de S\u00e3o Paulo e oferece atendimentos aos pacientes com c\u00e2ncer e aos seus familiares por meio das seguintes atividades:<\/p>\n<p><em>\u2022\tEntrevistas iniciais com hor\u00e1rio marcado previamente por telefone;<br \/>\n\u2022\tPsicoterapia Breve Individual ou em Grupo a pacientes com C\u00e2ncer e Familiares;<br \/>\n\u2022\tGrupo semanal de car\u00e1ter informativo aberto aos pacientes, familiares e \u00e0 comunidade, propiciando a troca de experi\u00eancias e buscando facilitar a compreens\u00e3o e a aceita\u00e7\u00e3o da nova realidade;<br \/>\n\u2022\tGrupos de espera para os pacientes cujos procedimentos (cirurgia, quimioterapia, radioterapia etc.) n\u00e3o sejam de realiza\u00e7\u00e3o imediata.<\/p>\n<p><em>\u00c9 fundamental que as pessoas que nos procurem, caso sejam portadoras de c\u00e2ncer, tenham um oncologista ou servi\u00e7o hospitalar ao qual estejam ligadas e que se responsabilizem pelo paciente do ponto de vista m\u00e9dico. Ser\u00e1 pedida esta declara\u00e7\u00e3o no caso do paciente continuar sendo atendido pelo servi\u00e7o depois da entrevista de triagem.<\/p>\n","protected":false},"excerpt":{"rendered":"<p>O laborat\u00f3rio Chronos oferece atendimento psicol\u00f3gico gratuito a pacientes oncol\u00f3gicos e seus familiares. O CHRONOS-USP funciona junto a Cl\u00ednica-Escola do&#46;&#46;&#46;<\/p>\n","protected":false},"author":764,"featured_media":0,"parent":0,"menu_order":0,"comment_status":"closed","ping_status":"closed","template":"","meta":{"footnotes":"","_links_to":"","_links_to_target":""},"class_list":["post-156","page","type-page","status-publish","hentry"],"_links":{"self":[{"href":"https:\/\/sites.usp.br\/laboratoriochronos\/wp-json\/wp\/v2\/pages\/156","targetHints":{"allow":["GET"]}}],"collection":[{"href":"https:\/\/sites.usp.br\/laboratoriochronos\/wp-json\/wp\/v2\/pages"}],"about":[{"href":"https:\/\/sites.usp.br\/laboratoriochronos\/wp-json\/wp\/v2\/types\/page"}],"author":[{"embeddable":true,"href":"https:\/\/sites.usp.br\/laboratoriochronos\/wp-json\/wp\/v2\/users\/764"}],"replies":[{"embeddable":true,"href":"https:\/\/sites.usp.br\/laboratoriochronos\/wp-json\/wp\/v2\/comments?post=156"}],"version-history":[{"count":5,"href":"https:\/\/sites.usp.br\/laboratoriochronos\/wp-json\/wp\/v2\/pages\/156\/revisions"}],"predecessor-version":[{"id":434,"href":"https:\/\/sites.usp.br\/laboratoriochronos\/wp-json\/wp\/v2\/pages\/156\/revisions\/434"}],"wp:attachment":[{"href":"https:\/\/sites.usp.br\/laboratoriochronos\/wp-json\/wp\/v2\/media?parent=156"}],"curies":[{"name":"wp","href":"https:\/\/api.w.org\/{rel}","templated":true}]}}