{"id":187,"date":"2019-04-23T18:29:51","date_gmt":"2019-04-23T20:29:51","guid":{"rendered":"http:\/\/sites.usp.br\/laboratoriochronos\/?page_id=187"},"modified":"2022-11-25T16:50:46","modified_gmt":"2022-11-25T18:50:46","slug":"quem-somos","status":"publish","type":"page","link":"https:\/\/sites.usp.br\/laboratoriochronos\/quem-somos\/","title":{"rendered":"Quem somos"},"content":{"rendered":"<p><em>O CHRONOS nasceu do desejo de um grupo de estudantes p\u00f3s-gradua\u00e7\u00e3o e gradua\u00e7\u00e3o em iniciar um servi\u00e7o volunt\u00e1rio de atendimento ao paciente de c\u00e2ncer e seus familiares. Posteriormente, esse grupo ampliou-se e hoje o Laborat\u00f3rio conta com diversos colaboradores da \u00e1rea da Sa\u00fade.<br \/>\nMais do que um servi\u00e7o, o Laborat\u00f3rio representa um posicionar-se frente a uma postura social, real e necess\u00e1ria.De onde vem o nome? O Laborat\u00f3rio recebeu o nome de CHRONOS, quando em 1994, ao final de um treinamento realizado pelo professora doutora Elisa Maria Parahyba Campos Rodrigues, uma das pacientes se lembrou da lenda a respeito do Amor e do Tempo: Conta-se que um dia a terra foi inundada por um enorme dil\u00favio, e que todos os sentimentos viram-se ilhados pelas \u00e1guas que subiam perigosamente.O amor decidiu ajudar aos colegas, e foi dando um jeito de colocar a salvo cada sentimento. Ao final de algum tempo, viu-se rodeado pelas \u00e1guas, sozinho, em situa\u00e7\u00e3o de grande perigo.Fez sinais desesperados para os sentimentos que, a salvo, olhavam a cena. A alegria, a tristeza, o medo, enfim, todos tinham uma desculpa para n\u00e3o dar aten\u00e7\u00e3o ao amor, dizendo que n\u00e3o entendiam o que ele estava querendo dizer.<br \/>\nFinalmente, um velho passou em um barco e parou, transportando o amor para a margem, s\u00e3o e salvo. Ao virar-se para agradecer, o amor n\u00e3o viu mais o velho nem o barco.Consultando o or\u00e1culo, o amor perguntou que sentimento era aquele que havia percebido seu desespero, salvando-o. Foi lhe dito que aquele velho n\u00e3o era um sentimento, mas que era o Tempo, porque s\u00f3 o tempo \u00e9 capaz de entender os sinais do Amor\u2026.E assim surgiu o nome CHRONOS \u2013 Centro de Recupera\u00e7\u00e3o em Oncologia e Sa\u00fade, mesmo nome dado pelos gregos ao Deus do Tempo.<\/em><\/p>\n<p><em>O Chronos-USP funciona nas depend\u00eancias do Instituto de Psicologia da Universidade de S\u00e3o Paulo e conta com psic\u00f3logos vinculados do Programa de P\u00f3s Gradua\u00e7\u00e3o do Departamento de Psicologia Cl\u00ednica e psic\u00f3logos volunt\u00e1rios, bem como estudantes de psicologia que queiram se aprofundar na tem\u00e1tica de Psico-Oncologia. <\/em><\/p>\n","protected":false},"excerpt":{"rendered":"<p>O CHRONOS nasceu do desejo de um grupo de estudantes p\u00f3s-gradua\u00e7\u00e3o e gradua\u00e7\u00e3o em iniciar um servi\u00e7o volunt\u00e1rio de atendimento&#46;&#46;&#46;<\/p>\n","protected":false},"author":764,"featured_media":0,"parent":0,"menu_order":0,"comment_status":"closed","ping_status":"closed","template":"","meta":{"footnotes":"","_links_to":"","_links_to_target":""},"class_list":["post-187","page","type-page","status-publish","hentry"],"_links":{"self":[{"href":"https:\/\/sites.usp.br\/laboratoriochronos\/wp-json\/wp\/v2\/pages\/187","targetHints":{"allow":["GET"]}}],"collection":[{"href":"https:\/\/sites.usp.br\/laboratoriochronos\/wp-json\/wp\/v2\/pages"}],"about":[{"href":"https:\/\/sites.usp.br\/laboratoriochronos\/wp-json\/wp\/v2\/types\/page"}],"author":[{"embeddable":true,"href":"https:\/\/sites.usp.br\/laboratoriochronos\/wp-json\/wp\/v2\/users\/764"}],"replies":[{"embeddable":true,"href":"https:\/\/sites.usp.br\/laboratoriochronos\/wp-json\/wp\/v2\/comments?post=187"}],"version-history":[{"count":4,"href":"https:\/\/sites.usp.br\/laboratoriochronos\/wp-json\/wp\/v2\/pages\/187\/revisions"}],"predecessor-version":[{"id":990,"href":"https:\/\/sites.usp.br\/laboratoriochronos\/wp-json\/wp\/v2\/pages\/187\/revisions\/990"}],"wp:attachment":[{"href":"https:\/\/sites.usp.br\/laboratoriochronos\/wp-json\/wp\/v2\/media?parent=187"}],"curies":[{"name":"wp","href":"https:\/\/api.w.org\/{rel}","templated":true}]}}