{"id":188,"date":"2019-04-23T18:29:52","date_gmt":"2019-04-23T20:29:52","guid":{"rendered":"http:\/\/sites.usp.br\/laboratoriochronos\/?page_id=188"},"modified":"2024-05-03T18:31:30","modified_gmt":"2024-05-03T20:31:30","slug":"equipe-2","status":"publish","type":"page","link":"https:\/\/sites.usp.br\/laboratoriochronos\/equipe-2\/","title":{"rendered":"Equipe"},"content":{"rendered":"<p><em><strong>COORDENADORA<\/strong><\/em><\/p>\n<p><em><strong>Profa. Dra. Elisa Maria Parahyba Campos Rodrigues<\/strong><br \/>\nPossui gradua\u00e7\u00e3o em Psicologia pela Universidade de S\u00e3o Paulo (1973), especializa\u00e7\u00e3o em Psicodrama pela Sociedade de Psicodrama de S\u00e3o Paulo (1977), especializa\u00e7\u00e3o em Psicologia Hospitalar pelo Conselho Regional de Psicologia (2000), mestrado em Psicologia Cl\u00ednica pela Universidade de S\u00e3o Paulo (1983) e doutorado em Psicologia Cl\u00ednica pela Universidade de S\u00e3o Paulo (1991). Atualmente \u00e9 Professor Doutor da Universidade de S\u00e3o Paulo. Tem experi\u00eancia na \u00e1rea de Psicologia, com \u00eanfase em Psico-Oncologia. Atuando principalmente nos seguintes temas: Psicologia Cl\u00ednica, Psicoterapia Psicanal\u00edtica, Identidade do Terapeuta.<\/em><\/p>\n<p><em>Lattes:\u00a0<a href=\"http:\/\/lattes.cnpq.br\/3913582934554058\">http:\/\/lattes.cnpq.br\/3913582934554058<\/a><br \/>\n<em>E-mail: elisa.ops@terra.com.br<\/em><\/em><\/p>\n<p>&nbsp;<\/p>\n<p><em><strong>COLABORADORES<\/strong><\/em><\/p>\n<p><em><strong>Aghata Sousa Pereira<\/strong><\/em><br \/>\n<em>Graduada em Psicologia pela Universidade Presbiteriana Mackenzie (2018). P\u00f3s-graduada em Psico-Oncologia pela Resid\u00eancia Multiprofissional do Hospital A.C. Camargo Cancer Center (2021), com experi\u00eancia em Pronto Socorro, enfermarias e UTIs infantis e adultos, Ambulat\u00f3rios, Transplante de Medula \u00d3ssea (TMO) e COVID. Atualmente, atende na modalidade cl\u00ednica particular, \u00e9 psic\u00f3loga colaboradora do Laborat\u00f3rio Chronos (Centro Human\u00edstico de Recupera\u00e7\u00e3o em Oncologia e Sa\u00fade) do Instituto de Psicologia-USP, e \u00e9 psic\u00f3loga de refer\u00eancia das UTI Pedi\u00e1trica, UTI Pedi\u00e1trica Cardiol\u00f3gica e Enfermaria Pedi\u00e1trica do Hospital e Maternidade Sepaco.<\/em><\/p>\n<p><em>Lattes:\u00a0<a href=\"http:\/\/lattes.cnpq.br\/5902439984509614\">http:\/\/lattes.cnpq.br\/5902439984509614<\/a><\/em><br \/>\n<em>E-mail: aghatasousa@hotmail.com<\/em><\/p>\n<p>&nbsp;<\/p>\n<p><em><strong>Anali P\u00f3voas Orico Vila\u00e7a<\/strong><\/em><br \/>\n<em>Possui gradua\u00e7\u00e3o em Psicologia pela Universidade Gama Filho (RJ), mestrado em Psicologia Cl\u00ednica pelo Instituto de Psicologia da USP (2018), P\u00f3s gradua\u00e7\u00e3o em Psicologia Aplicada \u00e0 Sa\u00fade &#8211; Psicologia Hospitalar, forma\u00e7\u00e3o cl\u00ednica em Terapia Cognitivo Comportamental. Participou do treinamento em Terapia Cognitivo Comportamental aplicada a depress\u00e3o e ao suic\u00eddio pelo Beck Institute (EUA\/2019). Atualmente, atua como psic\u00f3loga cl\u00ednica (terapeuta cognitivo comportamental), psico-oncologista colaborada e pesquisadora no Laborat\u00f3rio Chronos-USP, professora (nas disciplinas de psicologia, nutri\u00e7\u00e3o e enfermagem) e supervisora cl\u00ednica. \u00c9 Membro da Diretoria Nacional da Sociedade Brasileira de Psico-Oncologia (2018-2020) e Membro do Laborat\u00f3rio Chronos (desde 2015).<\/em><\/p>\n<p><em>Lattes:\u00a0<a href=\"http:\/\/lattes.cnpq.br\/7924388933307015\">http:\/\/lattes.cnpq.br\/7924388933307015<\/a><\/em><br \/>\n<em>E-mail: analiorico@gmail.com<\/em><\/p>\n<p>&nbsp;<\/p>\n<p><strong><em>D\u00e9bora Magri Neri<\/em><\/strong><br \/>\n<em>Psic\u00f3loga Cl\u00ednica. Graduada em 2022 pela Universidade Nove de Julho. Atua em atendimentos cl\u00ednicos com abordagem psicanal\u00edtica. Com experi\u00eancia no est\u00e1gio cl\u00ednico online e presencial na \u00e1rea de Psicologia Hospitalar. Membro da SBPH e SBPO. Participou da Monitoria Habilidades Sociais na gradua\u00e7\u00e3o de Psicologia em 2019. Realizo atendimentos voltado para a Psico-oncologia no Laborat\u00f3rio CHRONOS USP &#8211; Centro Human\u00edstico de Recupera\u00e7\u00e3o em Oncologia e Sa\u00fade. Graduada em Ci\u00eancias da Computa\u00e7\u00e3o em 2000 pela Universidade Nove de Julho. Atua como analista de suporte em TI. Cursando Po\u0301s-Graduac\u0327a\u0303o Lato Sensu em \u201cPsicologia Hospitalar\u201d e P\u00f3s-gradua\u00e7\u00e3o Lato Sensu &#8211; Especializa\u00e7\u00e3o, Psicologia Cl\u00ednica.<\/em><\/p>\n<p><em>Lattes: http:\u00a0<a href=\"\/\/lattes.cnpq.br\/1553515809204206\">\/\/lattes.cnpq.br\/1553515809204206<\/a><\/em><br \/>\n<em>E-mail: deboraneri.psique@gmail.com<\/em><\/p>\n<p>&nbsp;<\/p>\n<p><em><strong>Eduardo Miguel Silva Cota<\/strong><\/em><br \/>\n<em>Possui gradua\u00e7\u00e3o em Psicologia pela Universidade Anhembi Morumbi (2014). Neuropsic\u00f3logo pelo Instituto de Psiquiatria-HCFMUSP (2017). Atua como Psic\u00f3logo colaborador do Laborat\u00f3rio de Psico-Oncologia CHRONOS &#8211; Centro Human\u00edstico de Recupera\u00e7\u00e3o em Oncologia e Sa\u00fade, do Instituto de Psicologia da USP. Membro da Sociedade Brasileira de Psico-Oncologia (SBPO). Possui experi\u00eancia em Psicologia Cl\u00ednica, Acompanhante Terap\u00eautico (AT), Avalia\u00e7\u00e3o Psicol\u00f3gica e Neuropsicol\u00f3gica no contexto neuropsiqui\u00e1trico; e em processos pr\u00e9 e p\u00f3s cir\u00fargicos.<\/em><\/p>\n<p><em>Lattes<strong>:<\/strong>\u00a0<a href=\"http:\/\/lattes.cnpq.br\/4006410444291292\">http:\/\/lattes.cnpq.br\/4006410444291292<\/a><\/em><br \/>\n<em>Email: neuropsieduardo@gmail.com<\/em><\/p>\n<p>&nbsp;<\/p>\n<p><em><strong>Ivana Lucia Hilgenberg Guimar\u00e3es Vieira<\/strong><\/em><br \/>\n<em>Gradua\u00e7\u00e3o e Bacharelado em Psicologia pela Universidade Tuiuti do Paran\u00e1 (1987), Licenciatura em Psicologia (1987). Mestre pela Universidade Federal do Paran\u00e1 em Psicologia Cl\u00ednica, linha de pesquisa em Psicologia Anal\u00edtica. Especializa\u00e7\u00e3o em Psicologia Anal\u00edtica pela PUC-PR (2000), Aperfei\u00e7oamento em Arteterapia pelo Instituto Sedes Sapientiae &#8211; SP (2003\/2004). Forma\u00e7\u00e3o em Terapia Art\u00edstica Antropos\u00f3fica pela Associa\u00e7\u00e3o Sagres &#8211; Florian\u00f3polis &#8211; SC (2007-2012 &#8211; membro em forma\u00e7\u00e3o em Terapia Art\u00edstica Antropos\u00f3fica), Especializa\u00e7\u00e3o em Antroposofia como Pr\u00e1ticas da Sa\u00fade pela Universidade Positivo &#8211; Paran\u00e1 (2011-2012). Forma\u00e7\u00e3o em Psicoterapia ampliada pela Antroposofia (2017-2022 &#8211; Membro em forma\u00e7\u00e3o do Instituto Brasileiro de Psicologia Antropos\u00f3fica, Curitiba-PR). Forma\u00e7\u00e3o em andamento &#8220;A contribui\u00e7\u00e3o da Antroposofia para a Oncologia&#8221;, atrav\u00e9s da Se\u00e7\u00e3o M\u00e9dica do Brasil e Sociedade Antropos\u00f3fica no Brasil. Especializa\u00e7\u00e3o Nise da Silveira &#8211; O mundo das Imagens (em andamento) pela UNIMES. Psic\u00f3loga colaboradora do Laborat\u00f3rio CHRONOS (Centro Human\u00edstico de Recupera\u00e7\u00e3o em Oncologia e Sa\u00fade) do Instituto de Psicologia da USP. Psic\u00f3loga no LABSAMM (Laborat\u00f3rio de Sa\u00fade Mental e Multimetodos da USP), no Instituto de Psicologia da USP. Docente no curso de P\u00f3s-Gradua\u00e7\u00e3o, em n\u00edvel de especializa\u00e7\u00e3o em Sa\u00fade Mental do Instituto Olhos da Alma S\u00e3. Psic\u00f3loga cl\u00ednica e supervisora cl\u00ednica. Coordenadora do Curso de Especializa\u00e7\u00e3o T\u00e9cnicas Expressivas e Pr\u00e1ticas Integrativas da Sa\u00fade, pela Faculdade\u00a0 Fasem em parceria com o Instituto Olhos da Alma S\u00e3o Goiania.<\/em><\/p>\n<p><em>Lattes:\u00a0<a href=\"http:\/\/lattes.cnpq.br\/2055462763231314\">http:\/\/lattes.cnpq.br\/2055462763231314<\/a><\/em><br \/>\n<em>E-mail: ivanalhgv@hotmail.com<\/em><\/p>\n<p>&nbsp;<\/p>\n<p><strong><em>Larissa Carla Lopes Cardoso Moreira<\/em><\/strong><br \/>\n<em>Licenciada em Letras Portugu\u00eas- Ingl\u00eas pela Universidade Federal do Tocantins (2005). Graduada em Psicologia no Centro Universit\u00e1rio Luterano de Palmas-Ceulp\/Ulbra de Palmas (2017). P\u00f3s-Graduada Lato Sensu em Psican\u00e1lise e Sa\u00fade pelo Instituto Israelita de Ensino e Pesquisa Albert Einstein (2020). A partir de 2019 t\u00eam cumprindo o compromisso profissional de forma\u00e7\u00e3o em Psican\u00e1lise de Orienta\u00e7\u00e3o Lacaniana no F\u00f3rum do Campo Lacaniano &#8211; S\u00e3o Paulo. Sua jornada profissional tem sido em psican\u00e1lise em consult\u00f3rio particular, psic\u00f3loga do Grupo NotreDame Interm\u00e9dica, psic\u00f3loga colaborado do CHRONOS &#8211; Centro Human\u00edstico de Recupera\u00e7\u00e3o em Oncologia e Sa\u00fade vinculado ao Departamento de Psicologia Cl\u00ednica da USP. Integrante do grupo de estudos FaLa-Percurso de Freud a Lacan ligado \u00e0 Universidade Federal do Tocantins &#8211; UFT.<\/em><\/p>\n<p><em>Lattes:\u00a0<a href=\"http:\/\/lattes.cnpq.br\/5469327929101026\">http:\/\/lattes.cnpq.br\/5469327929101026<\/a><\/em><br \/>\n<em>E-mail: lccardosomoreira@gmail.com<\/em><\/p>\n<p>&nbsp;<\/p>\n<p><em><strong>Marcela Rizzo Lico Marega<\/strong><br \/>\nGraduada em Naturologia e Psicologia pela Universidade Anhembi Morumbi (2007) e pelo Centro Universit\u00e1rio S\u00e3o Camilo (2019) respectivamente. P\u00f3s-graduada em Psicossom\u00e1tica pela Faculdade de Ci\u00eancias da Sa\u00fade de S\u00e3o Paulo (2010). Atualiza\u00e7\u00e3o em Processos de Luto pelo Instituto de Psicologia 4 Esta\u00e7\u00f5es (2017). Forma\u00e7\u00e3o em Psico-Oncologia pelo Centro de Estudos Espa\u00e7o Vida, Rio de Janeiro (2018). Atualiza\u00e7\u00e3o em Psicologia Hospitalar pelo Instituto de Ensino e Pesquisa do Hospital Israelita Albert Einstein (2018).<br \/>\nAtualmente, realiza atendimentos na Cl\u00ednica Psicoblue e \u00e9 colaboradora do Laborat\u00f3rio Chronos &#8211; Centro Human\u00edstico de Recupera\u00e7\u00e3o em Oncologia e Sa\u00fade do Ipusp.<\/em><\/p>\n<p><em>marcela.lico@hotmail.com<\/em><\/p>\n<p>&nbsp;<\/p>\n<p><em><strong>Rog\u00e9rio Altisent Cardoso<\/strong><\/em><br \/>\n<em>Especialista em Psicologia Cl\u00ednica Hospitalar pelo InCor-HC FMUSP (Instituto do Cora\u00e7\u00e3o do Hospital das Cl\u00ednicas da Faculdade de Medicina da Universidade de S\u00e3o Paulo). <\/em><em>Graduado em Psicologia pela UnG &#8211; Universidade Guarulhos (2008). <\/em><em>Membro da Sociedade Brasileira de Psicologia Hospitalar desde 2015. <\/em><em>Psic\u00f3logo Colaborador do Laborat\u00f3rio CHRONOS (Centro Human\u00edstico de Recupera\u00e7\u00e3o em Oncologia e Sa\u00fade) do Instituto de Psicologia da USP. Desde 2014 atua no Hospital Municipal Ver. Jos\u00e9 Stor\u00f3polli, trabalhando no atendimento psicol\u00f3gico de pacientes e familiares em diferentes enfermarias (Psiquiatria, Ambulat\u00f3rio, Pronto Socorro Adulto e Infantil, Emerg\u00eancia, Pediatria, Cl\u00ednica M\u00e9dica, Cl\u00ednica M\u00e9dica COVID, Cl\u00ednica Cir\u00fargica Geral e Ortop\u00e9dica, Maternidade e UTIS Neonatal, Pedi\u00e1trica, Adulto e COVID).<\/em><\/p>\n<p><em>Lattes:\u00a0<a href=\"http:\/\/lattes.cnpq.br\/8178642267131972\">http:\/\/lattes.cnpq.br\/8178642267131972<\/a><\/em><br \/>\n<em>E-mail: rogerio.altisent@bol.com.br<\/em><\/p>\n","protected":false},"excerpt":{"rendered":"<p>COORDENADORA Profa. Dra. Elisa Maria Parahyba Campos Rodrigues Possui gradua\u00e7\u00e3o em Psicologia pela Universidade de S\u00e3o Paulo (1973), especializa\u00e7\u00e3o em&#46;&#46;&#46;<\/p>\n","protected":false},"author":764,"featured_media":0,"parent":0,"menu_order":0,"comment_status":"closed","ping_status":"closed","template":"","meta":{"footnotes":"","_links_to":"","_links_to_target":""},"class_list":["post-188","page","type-page","status-publish","hentry"],"_links":{"self":[{"href":"https:\/\/sites.usp.br\/laboratoriochronos\/wp-json\/wp\/v2\/pages\/188","targetHints":{"allow":["GET"]}}],"collection":[{"href":"https:\/\/sites.usp.br\/laboratoriochronos\/wp-json\/wp\/v2\/pages"}],"about":[{"href":"https:\/\/sites.usp.br\/laboratoriochronos\/wp-json\/wp\/v2\/types\/page"}],"author":[{"embeddable":true,"href":"https:\/\/sites.usp.br\/laboratoriochronos\/wp-json\/wp\/v2\/users\/764"}],"replies":[{"embeddable":true,"href":"https:\/\/sites.usp.br\/laboratoriochronos\/wp-json\/wp\/v2\/comments?post=188"}],"version-history":[{"count":5,"href":"https:\/\/sites.usp.br\/laboratoriochronos\/wp-json\/wp\/v2\/pages\/188\/revisions"}],"predecessor-version":[{"id":1101,"href":"https:\/\/sites.usp.br\/laboratoriochronos\/wp-json\/wp\/v2\/pages\/188\/revisions\/1101"}],"wp:attachment":[{"href":"https:\/\/sites.usp.br\/laboratoriochronos\/wp-json\/wp\/v2\/media?parent=188"}],"curies":[{"name":"wp","href":"https:\/\/api.w.org\/{rel}","templated":true}]}}