{"id":3347,"date":"2024-08-13T17:31:26","date_gmt":"2024-08-13T20:31:26","guid":{"rendered":"https:\/\/sites.usp.br\/laboratorioseach\/?page_id=3347"},"modified":"2024-09-06T16:07:02","modified_gmt":"2024-09-06T19:07:02","slug":"ecce","status":"publish","type":"page","link":"https:\/\/sites.usp.br\/laboratorioseach\/ecce\/","title":{"rendered":"ECCE"},"content":{"rendered":"\t\t<div data-elementor-type=\"wp-page\" data-elementor-id=\"3347\" class=\"elementor elementor-3347\" data-elementor-post-type=\"page\">\n\t\t\t\t\t\t<section class=\"elementor-section elementor-top-section elementor-element elementor-element-c308fce elementor-section-boxed elementor-section-height-default elementor-section-height-default\" data-id=\"c308fce\" data-element_type=\"section\" data-settings=\"{&quot;background_background&quot;:&quot;classic&quot;}\">\n\t\t\t\t\t\t<div class=\"elementor-container elementor-column-gap-default\">\n\t\t\t\t\t<div class=\"elementor-column elementor-col-50 elementor-top-column elementor-element elementor-element-59a53db\" data-id=\"59a53db\" data-element_type=\"column\">\n\t\t\t<div class=\"elementor-widget-wrap elementor-element-populated\">\n\t\t\t\t\t\t<div class=\"elementor-element elementor-element-bd38d84 elementor-widget__width-initial elementor-invisible elementor-widget elementor-widget-heading\" data-id=\"bd38d84\" data-element_type=\"widget\" data-settings=\"{&quot;_animation&quot;:&quot;fadeIn&quot;}\" data-widget_type=\"heading.default\">\n\t\t\t\t<div class=\"elementor-widget-container\">\n\t\t\t<h2 class=\"elementor-heading-title elementor-size-default\">espa\u00e7o ci\u00eancia, cultura e educa\u00e7\u00e3o <\/h2>\t\t<\/div>\n\t\t\t\t<\/div>\n\t\t\t\t\t<\/div>\n\t\t<\/div>\n\t\t\t\t<div class=\"elementor-column elementor-col-50 elementor-top-column elementor-element elementor-element-0952c5d\" data-id=\"0952c5d\" data-element_type=\"column\">\n\t\t\t<div class=\"elementor-widget-wrap elementor-element-populated\">\n\t\t\t\t\t\t<div class=\"elementor-element elementor-element-4b75f1f elementor-invisible elementor-widget elementor-widget-image\" data-id=\"4b75f1f\" data-element_type=\"widget\" data-settings=\"{&quot;_animation&quot;:&quot;fadeIn&quot;}\" data-widget_type=\"image.default\">\n\t\t\t\t<div class=\"elementor-widget-container\">\n\t\t\t\t\t\t\t\t\t\t\t\t\t<img fetchpriority=\"high\" decoding=\"async\" width=\"512\" height=\"512\" src=\"https:\/\/sites.usp.br\/laboratorioseach\/wp-content\/uploads\/sites\/1517\/2024\/08\/laboratorio.png\" class=\"attachment-full size-full wp-image-3174\" alt=\"\" srcset=\"https:\/\/sites.usp.br\/laboratorioseach\/wp-content\/uploads\/sites\/1517\/2024\/08\/laboratorio.png 512w, https:\/\/sites.usp.br\/laboratorioseach\/wp-content\/uploads\/sites\/1517\/2024\/08\/laboratorio-300x300.png 300w, https:\/\/sites.usp.br\/laboratorioseach\/wp-content\/uploads\/sites\/1517\/2024\/08\/laboratorio-150x150.png 150w, https:\/\/sites.usp.br\/laboratorioseach\/wp-content\/uploads\/sites\/1517\/2024\/08\/laboratorio-45x45.png 45w, https:\/\/sites.usp.br\/laboratorioseach\/wp-content\/uploads\/sites\/1517\/2024\/08\/laboratorio-200x200.png 200w, https:\/\/sites.usp.br\/laboratorioseach\/wp-content\/uploads\/sites\/1517\/2024\/08\/laboratorio-400x400.png 400w\" sizes=\"(max-width: 512px) 100vw, 512px\" \/>\t\t\t\t\t\t\t\t\t\t\t\t\t<\/div>\n\t\t\t\t<\/div>\n\t\t\t\t\t<\/div>\n\t\t<\/div>\n\t\t\t\t\t<\/div>\n\t\t<\/section>\n\t\t\t\t<section class=\"elementor-section elementor-top-section elementor-element elementor-element-672a963e elementor-section-boxed elementor-section-height-default elementor-section-height-default\" data-id=\"672a963e\" data-element_type=\"section\">\n\t\t\t\t\t\t<div class=\"elementor-container elementor-column-gap-default\">\n\t\t\t\t\t<div class=\"elementor-column elementor-col-100 elementor-top-column elementor-element elementor-element-6770ded3\" data-id=\"6770ded3\" data-element_type=\"column\">\n\t\t\t<div class=\"elementor-widget-wrap elementor-element-populated\">\n\t\t\t\t\t\t<div class=\"elementor-element elementor-element-511ea2d5 elementor-widget elementor-widget-text-editor\" data-id=\"511ea2d5\" data-element_type=\"widget\" data-widget_type=\"text-editor.default\">\n\t\t\t\t<div class=\"elementor-widget-container\">\n\t\t\t\t\t\t\t<p>Criado em 2016, o Espa\u00e7o Ci\u00eancia, Cultura e Educa\u00e7\u00e3o (ECCE) tem o objetivo de promover atividades acad\u00eamicas nos tr\u00eas eixos de atua\u00e7\u00e3o da Universidade (ensino, pesquisa e extens\u00e3o \u00e0 comunidade) com a participa\u00e7\u00e3o de docentes, funcion\u00e1rios e alunos da Escola de Artes, Ci\u00eancias e Humanidades da Universidade de S\u00e3o Paulo.<\/p><p>Ele possibilita a conex\u00e3o dos cursos de Gradua\u00e7\u00e3o e de P\u00f3s-Gradua\u00e7\u00e3o existentes na EACH com a Zona Leste de S\u00e3o Paulo, permitindo levar a educa\u00e7\u00e3o e a divulga\u00e7\u00e3o cient\u00edfica para toda a regi\u00e3o.<\/p>\t\t\t\t\t\t<\/div>\n\t\t\t\t<\/div>\n\t\t\t\t\t<\/div>\n\t\t<\/div>\n\t\t\t\t\t<\/div>\n\t\t<\/section>\n\t\t\t\t<section class=\"elementor-section elementor-top-section elementor-element elementor-element-0190b73 elementor-section-boxed elementor-section-height-default elementor-section-height-default\" data-id=\"0190b73\" data-element_type=\"section\">\n\t\t\t\t\t\t<div class=\"elementor-container elementor-column-gap-default\">\n\t\t\t\t\t<div class=\"elementor-column elementor-col-100 elementor-top-column elementor-element elementor-element-be50920\" data-id=\"be50920\" data-element_type=\"column\">\n\t\t\t<div class=\"elementor-widget-wrap elementor-element-populated\">\n\t\t\t\t\t\t<div class=\"elementor-element elementor-element-9470152 elementor-widget elementor-widget-gallery\" data-id=\"9470152\" data-element_type=\"widget\" data-settings=\"{&quot;lazyload&quot;:&quot;yes&quot;,&quot;gallery_layout&quot;:&quot;grid&quot;,&quot;columns&quot;:4,&quot;columns_tablet&quot;:2,&quot;columns_mobile&quot;:1,&quot;gap&quot;:{&quot;unit&quot;:&quot;px&quot;,&quot;size&quot;:10,&quot;sizes&quot;:[]},&quot;gap_tablet&quot;:{&quot;unit&quot;:&quot;px&quot;,&quot;size&quot;:10,&quot;sizes&quot;:[]},&quot;gap_mobile&quot;:{&quot;unit&quot;:&quot;px&quot;,&quot;size&quot;:10,&quot;sizes&quot;:[]},&quot;link_to&quot;:&quot;file&quot;,&quot;aspect_ratio&quot;:&quot;3:2&quot;,&quot;overlay_background&quot;:&quot;yes&quot;,&quot;content_hover_animation&quot;:&quot;fade-in&quot;}\" data-widget_type=\"gallery.default\">\n\t\t\t\t<div class=\"elementor-widget-container\">\n\t\t\t\t\t<div class=\"elementor-gallery__container\">\n\t\t\t\t\t\t\t<a class=\"e-gallery-item elementor-gallery-item elementor-animated-content\" href=\"https:\/\/sites.usp.br\/laboratorioseach\/wp-content\/uploads\/sites\/1517\/2024\/08\/Imagem-do-WhatsApp-de-2024-08-28-as-11.28.08_0f25b7ab.jpg\" data-elementor-open-lightbox=\"yes\" data-elementor-lightbox-slideshow=\"9470152\" data-elementor-lightbox-title=\"Imagem do WhatsApp de 2024-08-28 \u00e0(s) 11.28.08_0f25b7ab\" data-e-action-hash=\"#elementor-action%3Aaction%3Dlightbox%26settings%3DeyJpZCI6NDE0OSwidXJsIjoiaHR0cHM6XC9cL3NpdGVzLnVzcC5iclwvbGFib3JhdG9yaW9zZWFjaFwvd3AtY29udGVudFwvdXBsb2Fkc1wvc2l0ZXNcLzE1MTdcLzIwMjRcLzA4XC9JbWFnZW0tZG8tV2hhdHNBcHAtZGUtMjAyNC0wOC0yOC1hcy0xMS4yOC4wOF8wZjI1YjdhYi5qcGciLCJzbGlkZXNob3ciOiI5NDcwMTUyIn0%3D\">\n\t\t\t\t\t<div class=\"e-gallery-image elementor-gallery-item__image\" data-thumbnail=\"https:\/\/sites.usp.br\/laboratorioseach\/wp-content\/uploads\/sites\/1517\/2024\/08\/Imagem-do-WhatsApp-de-2024-08-28-as-11.28.08_0f25b7ab-300x225.jpg\" data-width=\"300\" data-height=\"225\" aria-label=\"\" role=\"img\" ><\/div>\n\t\t\t\t\t\t\t\t\t\t\t<div class=\"elementor-gallery-item__overlay\"><\/div>\n\t\t\t\t\t\t\t\t\t\t\t\t\t\t<\/a>\n\t\t\t\t\t\t\t<a class=\"e-gallery-item elementor-gallery-item elementor-animated-content\" href=\"https:\/\/sites.usp.br\/laboratorioseach\/wp-content\/uploads\/sites\/1517\/2024\/08\/Imagem-do-WhatsApp-de-2024-08-28-as-11.27.03_2b141a36.jpg\" data-elementor-open-lightbox=\"yes\" data-elementor-lightbox-slideshow=\"9470152\" data-elementor-lightbox-title=\"Imagem do WhatsApp de 2024-08-28 \u00e0(s) 11.27.03_2b141a36\" data-e-action-hash=\"#elementor-action%3Aaction%3Dlightbox%26settings%3DeyJpZCI6NDE0OCwidXJsIjoiaHR0cHM6XC9cL3NpdGVzLnVzcC5iclwvbGFib3JhdG9yaW9zZWFjaFwvd3AtY29udGVudFwvdXBsb2Fkc1wvc2l0ZXNcLzE1MTdcLzIwMjRcLzA4XC9JbWFnZW0tZG8tV2hhdHNBcHAtZGUtMjAyNC0wOC0yOC1hcy0xMS4yNy4wM18yYjE0MWEzNi5qcGciLCJzbGlkZXNob3ciOiI5NDcwMTUyIn0%3D\">\n\t\t\t\t\t<div class=\"e-gallery-image elementor-gallery-item__image\" data-thumbnail=\"https:\/\/sites.usp.br\/laboratorioseach\/wp-content\/uploads\/sites\/1517\/2024\/08\/Imagem-do-WhatsApp-de-2024-08-28-as-11.27.03_2b141a36-300x225.jpg\" data-width=\"300\" data-height=\"225\" aria-label=\"\" role=\"img\" ><\/div>\n\t\t\t\t\t\t\t\t\t\t\t<div class=\"elementor-gallery-item__overlay\"><\/div>\n\t\t\t\t\t\t\t\t\t\t\t\t\t\t<\/a>\n\t\t\t\t\t\t\t<a class=\"e-gallery-item elementor-gallery-item elementor-animated-content\" href=\"https:\/\/sites.usp.br\/laboratorioseach\/wp-content\/uploads\/sites\/1517\/2024\/08\/Imagem-do-WhatsApp-de-2024-08-28-as-11.22.57_6d1e435a.jpg\" data-elementor-open-lightbox=\"yes\" data-elementor-lightbox-slideshow=\"9470152\" data-elementor-lightbox-title=\"Imagem do WhatsApp de 2024-08-28 \u00e0(s) 11.22.57_6d1e435a\" data-e-action-hash=\"#elementor-action%3Aaction%3Dlightbox%26settings%3DeyJpZCI6NDE0NSwidXJsIjoiaHR0cHM6XC9cL3NpdGVzLnVzcC5iclwvbGFib3JhdG9yaW9zZWFjaFwvd3AtY29udGVudFwvdXBsb2Fkc1wvc2l0ZXNcLzE1MTdcLzIwMjRcLzA4XC9JbWFnZW0tZG8tV2hhdHNBcHAtZGUtMjAyNC0wOC0yOC1hcy0xMS4yMi41N182ZDFlNDM1YS5qcGciLCJzbGlkZXNob3ciOiI5NDcwMTUyIn0%3D\">\n\t\t\t\t\t<div class=\"e-gallery-image elementor-gallery-item__image\" data-thumbnail=\"https:\/\/sites.usp.br\/laboratorioseach\/wp-content\/uploads\/sites\/1517\/2024\/08\/Imagem-do-WhatsApp-de-2024-08-28-as-11.22.57_6d1e435a-300x225.jpg\" data-width=\"300\" data-height=\"225\" aria-label=\"\" role=\"img\" ><\/div>\n\t\t\t\t\t\t\t\t\t\t\t<div class=\"elementor-gallery-item__overlay\"><\/div>\n\t\t\t\t\t\t\t\t\t\t\t\t\t\t<\/a>\n\t\t\t\t\t\t\t<a class=\"e-gallery-item elementor-gallery-item elementor-animated-content\" href=\"https:\/\/sites.usp.br\/laboratorioseach\/wp-content\/uploads\/sites\/1517\/2024\/08\/Imagem-do-WhatsApp-de-2024-08-28-as-11.23.46_33ee21f5.jpg\" data-elementor-open-lightbox=\"yes\" data-elementor-lightbox-slideshow=\"9470152\" data-elementor-lightbox-title=\"Imagem do WhatsApp de 2024-08-28 \u00e0(s) 11.23.46_33ee21f5\" data-e-action-hash=\"#elementor-action%3Aaction%3Dlightbox%26settings%3DeyJpZCI6NDE0NywidXJsIjoiaHR0cHM6XC9cL3NpdGVzLnVzcC5iclwvbGFib3JhdG9yaW9zZWFjaFwvd3AtY29udGVudFwvdXBsb2Fkc1wvc2l0ZXNcLzE1MTdcLzIwMjRcLzA4XC9JbWFnZW0tZG8tV2hhdHNBcHAtZGUtMjAyNC0wOC0yOC1hcy0xMS4yMy40Nl8zM2VlMjFmNS5qcGciLCJzbGlkZXNob3ciOiI5NDcwMTUyIn0%3D\">\n\t\t\t\t\t<div class=\"e-gallery-image elementor-gallery-item__image\" data-thumbnail=\"https:\/\/sites.usp.br\/laboratorioseach\/wp-content\/uploads\/sites\/1517\/2024\/08\/Imagem-do-WhatsApp-de-2024-08-28-as-11.23.46_33ee21f5-300x135.jpg\" data-width=\"300\" data-height=\"135\" aria-label=\"\" role=\"img\" ><\/div>\n\t\t\t\t\t\t\t\t\t\t\t<div class=\"elementor-gallery-item__overlay\"><\/div>\n\t\t\t\t\t\t\t\t\t\t\t\t\t\t<\/a>\n\t\t\t\t\t<\/div>\n\t\t\t<\/div>\n\t\t\t\t<\/div>\n\t\t\t\t\t<\/div>\n\t\t<\/div>\n\t\t\t\t\t<\/div>\n\t\t<\/section>\n\t\t\t\t<section class=\"elementor-section elementor-top-section elementor-element elementor-element-91904d7 elementor-section-boxed elementor-section-height-default elementor-section-height-default\" data-id=\"91904d7\" data-element_type=\"section\">\n\t\t\t\t\t\t<div class=\"elementor-container elementor-column-gap-default\">\n\t\t\t\t\t<div class=\"elementor-column elementor-col-100 elementor-top-column elementor-element elementor-element-781c432\" data-id=\"781c432\" data-element_type=\"column\">\n\t\t\t<div class=\"elementor-widget-wrap elementor-element-populated\">\n\t\t\t\t\t\t<div class=\"elementor-element elementor-element-68b6b10 elementor-widget elementor-widget-text-editor\" data-id=\"68b6b10\" data-element_type=\"widget\" data-widget_type=\"text-editor.default\">\n\t\t\t\t<div class=\"elementor-widget-container\">\n\t\t\t\t\t\t\t<p><span style=\"font-size: 18px; color: var( --e-global-color-text );\">Para mais informa\u00e7\u00f5es sobre esse importante grupo presente na USP Leste, acesse o <a href=\"https:\/\/siteecce.wixsite.com\/ecce\"><strong>site do ECCE<\/strong>.<\/a><\/span><\/p><p>Para visitas monitoradas, entre em contato pelo e-mail <strong>visitacienciaeach@usp.br<\/strong> ou pelo telefone<strong> (11) 3091-1066<\/strong>.<\/p>\t\t\t\t\t\t<\/div>\n\t\t\t\t<\/div>\n\t\t\t\t\t<\/div>\n\t\t<\/div>\n\t\t\t\t\t<\/div>\n\t\t<\/section>\n\t\t\t\t<\/div>\n\t\t","protected":false},"excerpt":{"rendered":"<p>espa\u00e7o ci\u00eancia, cultura e educa\u00e7\u00e3o Criado em 2016, o Espa\u00e7o Ci\u00eancia, Cultura e Educa\u00e7\u00e3o (ECCE) tem o objetivo de promover atividades acad\u00eamicas nos tr\u00eas eixos de atua\u00e7\u00e3o da Universidade (ensino, pesquisa e extens\u00e3o \u00e0 comunidade) com a participa\u00e7\u00e3o de docentes, funcion\u00e1rios e alunos da Escola de Artes, Ci\u00eancias e Humanidades da Universidade de S\u00e3o Paulo. [&hellip;]<\/p>\n","protected":false},"author":24157,"featured_media":0,"parent":0,"menu_order":0,"comment_status":"closed","ping_status":"closed","template":"elementor_header_footer","meta":{"_monsterinsights_skip_tracking":false,"_monsterinsights_sitenote_active":false,"_monsterinsights_sitenote_note":"","_monsterinsights_sitenote_category":0,"ocean_post_layout":"","ocean_both_sidebars_style":"","ocean_both_sidebars_content_width":0,"ocean_both_sidebars_sidebars_width":0,"ocean_sidebar":"0","ocean_second_sidebar":"0","ocean_disable_margins":"enable","ocean_add_body_class":"","ocean_shortcode_before_top_bar":"","ocean_shortcode_after_top_bar":"","ocean_shortcode_before_header":"","ocean_shortcode_after_header":"","ocean_has_shortcode":"","ocean_shortcode_after_title":"","ocean_shortcode_before_footer_widgets":"","ocean_shortcode_after_footer_widgets":"","ocean_shortcode_before_footer_bottom":"","ocean_shortcode_after_footer_bottom":"","ocean_display_top_bar":"default","ocean_display_header":"default","ocean_header_style":"","ocean_center_header_left_menu":"0","ocean_custom_header_template":"0","ocean_custom_logo":0,"ocean_custom_retina_logo":0,"ocean_custom_logo_max_width":0,"ocean_custom_logo_tablet_max_width":0,"ocean_custom_logo_mobile_max_width":0,"ocean_custom_logo_max_height":0,"ocean_custom_logo_tablet_max_height":0,"ocean_custom_logo_mobile_max_height":0,"ocean_header_custom_menu":"0","ocean_menu_typo_font_family":"0","ocean_menu_typo_font_subset":"","ocean_menu_typo_font_size":0,"ocean_menu_typo_font_size_tablet":0,"ocean_menu_typo_font_size_mobile":0,"ocean_menu_typo_font_size_unit":"px","ocean_menu_typo_font_weight":"","ocean_menu_typo_font_weight_tablet":"","ocean_menu_typo_font_weight_mobile":"","ocean_menu_typo_transform":"","ocean_menu_typo_transform_tablet":"","ocean_menu_typo_transform_mobile":"","ocean_menu_typo_line_height":0,"ocean_menu_typo_line_height_tablet":0,"ocean_menu_typo_line_height_mobile":0,"ocean_menu_typo_line_height_unit":"","ocean_menu_typo_spacing":0,"ocean_menu_typo_spacing_tablet":0,"ocean_menu_typo_spacing_mobile":0,"ocean_menu_typo_spacing_unit":"","ocean_menu_link_color":"","ocean_menu_link_color_hover":"","ocean_menu_link_color_active":"","ocean_menu_link_background":"","ocean_menu_link_hover_background":"","ocean_menu_link_active_background":"","ocean_menu_social_links_bg":"","ocean_menu_social_hover_links_bg":"","ocean_menu_social_links_color":"","ocean_menu_social_hover_links_color":"","ocean_disable_title":"default","ocean_disable_heading":"default","ocean_post_title":"","ocean_post_subheading":"","ocean_post_title_style":"","ocean_post_title_background_color":"","ocean_post_title_background":0,"ocean_post_title_bg_image_position":"","ocean_post_title_bg_image_attachment":"","ocean_post_title_bg_image_repeat":"","ocean_post_title_bg_image_size":"","ocean_post_title_height":0,"ocean_post_title_bg_overlay":0.5,"ocean_post_title_bg_overlay_color":"","ocean_disable_breadcrumbs":"default","ocean_breadcrumbs_color":"","ocean_breadcrumbs_separator_color":"","ocean_breadcrumbs_links_color":"","ocean_breadcrumbs_links_hover_color":"","ocean_display_footer_widgets":"default","ocean_display_footer_bottom":"default","ocean_custom_footer_template":"0","footnotes":"","_links_to":"","_links_to_target":""},"class_list":["post-3347","page","type-page","status-publish","hentry","entry"],"_links":{"self":[{"href":"https:\/\/sites.usp.br\/laboratorioseach\/wp-json\/wp\/v2\/pages\/3347","targetHints":{"allow":["GET"]}}],"collection":[{"href":"https:\/\/sites.usp.br\/laboratorioseach\/wp-json\/wp\/v2\/pages"}],"about":[{"href":"https:\/\/sites.usp.br\/laboratorioseach\/wp-json\/wp\/v2\/types\/page"}],"author":[{"embeddable":true,"href":"https:\/\/sites.usp.br\/laboratorioseach\/wp-json\/wp\/v2\/users\/24157"}],"replies":[{"embeddable":true,"href":"https:\/\/sites.usp.br\/laboratorioseach\/wp-json\/wp\/v2\/comments?post=3347"}],"version-history":[{"count":4,"href":"https:\/\/sites.usp.br\/laboratorioseach\/wp-json\/wp\/v2\/pages\/3347\/revisions"}],"predecessor-version":[{"id":4481,"href":"https:\/\/sites.usp.br\/laboratorioseach\/wp-json\/wp\/v2\/pages\/3347\/revisions\/4481"}],"wp:attachment":[{"href":"https:\/\/sites.usp.br\/laboratorioseach\/wp-json\/wp\/v2\/media?parent=3347"}],"curies":[{"name":"wp","href":"https:\/\/api.w.org\/{rel}","templated":true}]}}