{"id":3349,"date":"2024-08-13T17:31:53","date_gmt":"2024-08-13T20:31:53","guid":{"rendered":"https:\/\/sites.usp.br\/laboratorioseach\/?page_id=3349"},"modified":"2024-09-06T16:03:24","modified_gmt":"2024-09-06T19:03:24","slug":"usp-60","status":"publish","type":"page","link":"https:\/\/sites.usp.br\/laboratorioseach\/usp-60\/","title":{"rendered":"USP 60+"},"content":{"rendered":"\t\t<div data-elementor-type=\"wp-page\" data-elementor-id=\"3349\" class=\"elementor elementor-3349\" data-elementor-post-type=\"page\">\n\t\t\t\t\t\t<section class=\"elementor-section elementor-top-section elementor-element elementor-element-0849cc4 elementor-section-boxed elementor-section-height-default elementor-section-height-default\" data-id=\"0849cc4\" data-element_type=\"section\" data-settings=\"{&quot;background_background&quot;:&quot;classic&quot;}\">\n\t\t\t\t\t\t<div class=\"elementor-container elementor-column-gap-default\">\n\t\t\t\t\t<div class=\"elementor-column elementor-col-50 elementor-top-column elementor-element elementor-element-f4eb8dd\" data-id=\"f4eb8dd\" data-element_type=\"column\">\n\t\t\t<div class=\"elementor-widget-wrap elementor-element-populated\">\n\t\t\t\t\t\t<div class=\"elementor-element elementor-element-dcb77c4 elementor-widget__width-initial elementor-invisible elementor-widget elementor-widget-heading\" data-id=\"dcb77c4\" data-element_type=\"widget\" data-settings=\"{&quot;_animation&quot;:&quot;fadeIn&quot;}\" data-widget_type=\"heading.default\">\n\t\t\t\t<div class=\"elementor-widget-container\">\n\t\t\t<h2 class=\"elementor-heading-title elementor-size-default\">USP 60+ <\/h2>\t\t<\/div>\n\t\t\t\t<\/div>\n\t\t\t\t\t<\/div>\n\t\t<\/div>\n\t\t\t\t<div class=\"elementor-column elementor-col-50 elementor-top-column elementor-element elementor-element-e798659\" data-id=\"e798659\" data-element_type=\"column\">\n\t\t\t<div class=\"elementor-widget-wrap elementor-element-populated\">\n\t\t\t\t\t\t<div class=\"elementor-element elementor-element-b3e7971 elementor-invisible elementor-widget elementor-widget-image\" data-id=\"b3e7971\" data-element_type=\"widget\" data-settings=\"{&quot;_animation&quot;:&quot;fadeIn&quot;}\" data-widget_type=\"image.default\">\n\t\t\t\t<div class=\"elementor-widget-container\">\n\t\t\t\t\t\t\t\t\t\t\t\t\t<img fetchpriority=\"high\" decoding=\"async\" width=\"512\" height=\"512\" src=\"https:\/\/sites.usp.br\/laboratorioseach\/wp-content\/uploads\/sites\/1517\/2024\/09\/casal.png\" class=\"attachment-full size-full wp-image-4422\" alt=\"\" srcset=\"https:\/\/sites.usp.br\/laboratorioseach\/wp-content\/uploads\/sites\/1517\/2024\/09\/casal.png 512w, https:\/\/sites.usp.br\/laboratorioseach\/wp-content\/uploads\/sites\/1517\/2024\/09\/casal-300x300.png 300w, https:\/\/sites.usp.br\/laboratorioseach\/wp-content\/uploads\/sites\/1517\/2024\/09\/casal-150x150.png 150w, https:\/\/sites.usp.br\/laboratorioseach\/wp-content\/uploads\/sites\/1517\/2024\/09\/casal-45x45.png 45w, https:\/\/sites.usp.br\/laboratorioseach\/wp-content\/uploads\/sites\/1517\/2024\/09\/casal-200x200.png 200w, https:\/\/sites.usp.br\/laboratorioseach\/wp-content\/uploads\/sites\/1517\/2024\/09\/casal-400x400.png 400w\" sizes=\"(max-width: 512px) 100vw, 512px\" \/>\t\t\t\t\t\t\t\t\t\t\t\t\t<\/div>\n\t\t\t\t<\/div>\n\t\t\t\t\t<\/div>\n\t\t<\/div>\n\t\t\t\t\t<\/div>\n\t\t<\/section>\n\t\t\t\t<section class=\"elementor-section elementor-top-section elementor-element elementor-element-58ea7c3 elementor-section-boxed elementor-section-height-default elementor-section-height-default\" data-id=\"58ea7c3\" data-element_type=\"section\">\n\t\t\t\t\t\t<div class=\"elementor-container elementor-column-gap-default\">\n\t\t\t\t\t<div class=\"elementor-column elementor-col-100 elementor-top-column elementor-element elementor-element-5173c22\" data-id=\"5173c22\" data-element_type=\"column\">\n\t\t\t<div class=\"elementor-widget-wrap elementor-element-populated\">\n\t\t\t\t\t\t<div class=\"elementor-element elementor-element-3567f3d elementor-widget elementor-widget-text-editor\" data-id=\"3567f3d\" data-element_type=\"widget\" data-widget_type=\"text-editor.default\">\n\t\t\t\t<div class=\"elementor-widget-container\">\n\t\t\t\t\t\t\t<div>O objetivo do programa\u00a0<strong>USP 60+<\/strong> \u00e9 possibilitar ao idoso aprofundar conhecimentos em \u00e1reas de seu interesse e trocar experi\u00eancias com os jovens atrav\u00e9s de oficinas, palestras e disciplinas dos cursos de gradua\u00e7\u00e3o oferecidas semestralmente. (Fonte: Site da EACH)<\/div><div>\u00a0<\/div><div>Anualmente, nos Laborat\u00f3rios Did\u00e1ticos, s\u00e3o oferecidas oficinas envolvendo o conte\u00fado de Qu\u00edmica para o participantes do USP 60+.<\/div><div>Essas oficinas tem como objetivo divulgar, de forma descontra\u00edda, o conte\u00fado de Qu\u00edmica e suas contribui\u00e7\u00f5es para o p\u00fablico,\u00a0 para despertar o interesse na \u00e1rea. A tem\u00e1tica pode envolver a qu\u00edmica e os alimentos, os cosm\u00e9ticos e as abelhas.<\/div>\t\t\t\t\t\t<\/div>\n\t\t\t\t<\/div>\n\t\t\t\t\t<\/div>\n\t\t<\/div>\n\t\t\t\t\t<\/div>\n\t\t<\/section>\n\t\t\t\t<section class=\"elementor-section elementor-top-section elementor-element elementor-element-bdb003d elementor-section-boxed elementor-section-height-default elementor-section-height-default\" data-id=\"bdb003d\" data-element_type=\"section\">\n\t\t\t\t\t\t<div class=\"elementor-container elementor-column-gap-default\">\n\t\t\t\t\t<div class=\"elementor-column elementor-col-100 elementor-top-column elementor-element elementor-element-8b074e0\" data-id=\"8b074e0\" data-element_type=\"column\">\n\t\t\t<div class=\"elementor-widget-wrap elementor-element-populated\">\n\t\t\t\t\t\t<div class=\"elementor-element elementor-element-9fddaba elementor-widget elementor-widget-gallery\" data-id=\"9fddaba\" data-element_type=\"widget\" data-settings=\"{&quot;lazyload&quot;:&quot;yes&quot;,&quot;gallery_layout&quot;:&quot;grid&quot;,&quot;columns&quot;:4,&quot;columns_tablet&quot;:2,&quot;columns_mobile&quot;:1,&quot;gap&quot;:{&quot;unit&quot;:&quot;px&quot;,&quot;size&quot;:10,&quot;sizes&quot;:[]},&quot;gap_tablet&quot;:{&quot;unit&quot;:&quot;px&quot;,&quot;size&quot;:10,&quot;sizes&quot;:[]},&quot;gap_mobile&quot;:{&quot;unit&quot;:&quot;px&quot;,&quot;size&quot;:10,&quot;sizes&quot;:[]},&quot;link_to&quot;:&quot;file&quot;,&quot;aspect_ratio&quot;:&quot;3:2&quot;,&quot;overlay_background&quot;:&quot;yes&quot;,&quot;content_hover_animation&quot;:&quot;fade-in&quot;}\" data-widget_type=\"gallery.default\">\n\t\t\t\t<div class=\"elementor-widget-container\">\n\t\t\t\t\t<div class=\"elementor-gallery__container\">\n\t\t\t\t\t\t\t<a class=\"e-gallery-item elementor-gallery-item elementor-animated-content\" href=\"https:\/\/sites.usp.br\/laboratorioseach\/wp-content\/uploads\/sites\/1517\/2024\/09\/Imagem-do-WhatsApp-de-2024-09-05-as-17.58.35_1ad3906f.jpg\" data-elementor-open-lightbox=\"yes\" data-elementor-lightbox-slideshow=\"9fddaba\" data-elementor-lightbox-title=\"Imagem do WhatsApp de 2024-09-05 \u00e0(s) 17.58.35_1ad3906f\" data-e-action-hash=\"#elementor-action%3Aaction%3Dlightbox%26settings%3DeyJpZCI6NDQzMCwidXJsIjoiaHR0cHM6XC9cL3NpdGVzLnVzcC5iclwvbGFib3JhdG9yaW9zZWFjaFwvd3AtY29udGVudFwvdXBsb2Fkc1wvc2l0ZXNcLzE1MTdcLzIwMjRcLzA5XC9JbWFnZW0tZG8tV2hhdHNBcHAtZGUtMjAyNC0wOS0wNS1hcy0xNy41OC4zNV8xYWQzOTA2Zi5qcGciLCJzbGlkZXNob3ciOiI5ZmRkYWJhIn0%3D\">\n\t\t\t\t\t<div class=\"e-gallery-image elementor-gallery-item__image\" data-thumbnail=\"https:\/\/sites.usp.br\/laboratorioseach\/wp-content\/uploads\/sites\/1517\/2024\/09\/Imagem-do-WhatsApp-de-2024-09-05-as-17.58.35_1ad3906f-300x169.jpg\" data-width=\"300\" data-height=\"169\" aria-label=\"\" role=\"img\" ><\/div>\n\t\t\t\t\t\t\t\t\t\t\t<div class=\"elementor-gallery-item__overlay\"><\/div>\n\t\t\t\t\t\t\t\t\t\t\t\t\t\t<\/a>\n\t\t\t\t\t\t\t<a class=\"e-gallery-item elementor-gallery-item elementor-animated-content\" href=\"https:\/\/sites.usp.br\/laboratorioseach\/wp-content\/uploads\/sites\/1517\/2024\/09\/Imagem-do-WhatsApp-de-2024-09-05-as-17.58.34_88312d4d.jpg\" data-elementor-open-lightbox=\"yes\" data-elementor-lightbox-slideshow=\"9fddaba\" data-elementor-lightbox-title=\"Imagem do WhatsApp de 2024-09-05 \u00e0(s) 17.58.34_88312d4d\" data-e-action-hash=\"#elementor-action%3Aaction%3Dlightbox%26settings%3DeyJpZCI6NDQyOSwidXJsIjoiaHR0cHM6XC9cL3NpdGVzLnVzcC5iclwvbGFib3JhdG9yaW9zZWFjaFwvd3AtY29udGVudFwvdXBsb2Fkc1wvc2l0ZXNcLzE1MTdcLzIwMjRcLzA5XC9JbWFnZW0tZG8tV2hhdHNBcHAtZGUtMjAyNC0wOS0wNS1hcy0xNy41OC4zNF84ODMxMmQ0ZC5qcGciLCJzbGlkZXNob3ciOiI5ZmRkYWJhIn0%3D\">\n\t\t\t\t\t<div class=\"e-gallery-image elementor-gallery-item__image\" data-thumbnail=\"https:\/\/sites.usp.br\/laboratorioseach\/wp-content\/uploads\/sites\/1517\/2024\/09\/Imagem-do-WhatsApp-de-2024-09-05-as-17.58.34_88312d4d-300x169.jpg\" data-width=\"300\" data-height=\"169\" aria-label=\"\" role=\"img\" ><\/div>\n\t\t\t\t\t\t\t\t\t\t\t<div class=\"elementor-gallery-item__overlay\"><\/div>\n\t\t\t\t\t\t\t\t\t\t\t\t\t\t<\/a>\n\t\t\t\t\t\t\t<a class=\"e-gallery-item elementor-gallery-item elementor-animated-content\" href=\"https:\/\/sites.usp.br\/laboratorioseach\/wp-content\/uploads\/sites\/1517\/2024\/09\/Imagem-do-WhatsApp-de-2024-09-05-as-17.57.37_20c4253d.jpg\" data-elementor-open-lightbox=\"yes\" data-elementor-lightbox-slideshow=\"9fddaba\" data-elementor-lightbox-title=\"Imagem do WhatsApp de 2024-09-05 \u00e0(s) 17.57.37_20c4253d\" data-e-action-hash=\"#elementor-action%3Aaction%3Dlightbox%26settings%3DeyJpZCI6NDQyNiwidXJsIjoiaHR0cHM6XC9cL3NpdGVzLnVzcC5iclwvbGFib3JhdG9yaW9zZWFjaFwvd3AtY29udGVudFwvdXBsb2Fkc1wvc2l0ZXNcLzE1MTdcLzIwMjRcLzA5XC9JbWFnZW0tZG8tV2hhdHNBcHAtZGUtMjAyNC0wOS0wNS1hcy0xNy41Ny4zN18yMGM0MjUzZC5qcGciLCJzbGlkZXNob3ciOiI5ZmRkYWJhIn0%3D\">\n\t\t\t\t\t<div class=\"e-gallery-image elementor-gallery-item__image\" data-thumbnail=\"https:\/\/sites.usp.br\/laboratorioseach\/wp-content\/uploads\/sites\/1517\/2024\/09\/Imagem-do-WhatsApp-de-2024-09-05-as-17.57.37_20c4253d-300x139.jpg\" data-width=\"300\" data-height=\"139\" aria-label=\"\" role=\"img\" ><\/div>\n\t\t\t\t\t\t\t\t\t\t\t<div class=\"elementor-gallery-item__overlay\"><\/div>\n\t\t\t\t\t\t\t\t\t\t\t\t\t\t<\/a>\n\t\t\t\t\t\t\t<a class=\"e-gallery-item elementor-gallery-item elementor-animated-content\" href=\"https:\/\/sites.usp.br\/laboratorioseach\/wp-content\/uploads\/sites\/1517\/2024\/09\/Imagem-do-WhatsApp-de-2024-09-05-as-17.58.34_2bfe01d2.jpg\" data-elementor-open-lightbox=\"yes\" data-elementor-lightbox-slideshow=\"9fddaba\" data-elementor-lightbox-title=\"Imagem do WhatsApp de 2024-09-05 \u00e0(s) 17.58.34_2bfe01d2\" data-e-action-hash=\"#elementor-action%3Aaction%3Dlightbox%26settings%3DeyJpZCI6NDQyNywidXJsIjoiaHR0cHM6XC9cL3NpdGVzLnVzcC5iclwvbGFib3JhdG9yaW9zZWFjaFwvd3AtY29udGVudFwvdXBsb2Fkc1wvc2l0ZXNcLzE1MTdcLzIwMjRcLzA5XC9JbWFnZW0tZG8tV2hhdHNBcHAtZGUtMjAyNC0wOS0wNS1hcy0xNy41OC4zNF8yYmZlMDFkMi5qcGciLCJzbGlkZXNob3ciOiI5ZmRkYWJhIn0%3D\">\n\t\t\t\t\t<div class=\"e-gallery-image elementor-gallery-item__image\" data-thumbnail=\"https:\/\/sites.usp.br\/laboratorioseach\/wp-content\/uploads\/sites\/1517\/2024\/09\/Imagem-do-WhatsApp-de-2024-09-05-as-17.58.34_2bfe01d2-300x169.jpg\" data-width=\"300\" data-height=\"169\" aria-label=\"\" role=\"img\" ><\/div>\n\t\t\t\t\t\t\t\t\t\t\t<div class=\"elementor-gallery-item__overlay\"><\/div>\n\t\t\t\t\t\t\t\t\t\t\t\t\t\t<\/a>\n\t\t\t\t\t<\/div>\n\t\t\t<\/div>\n\t\t\t\t<\/div>\n\t\t\t\t\t<\/div>\n\t\t<\/div>\n\t\t\t\t\t<\/div>\n\t\t<\/section>\n\t\t\t\t<section class=\"elementor-section elementor-top-section elementor-element elementor-element-2a98e4d elementor-section-boxed elementor-section-height-default elementor-section-height-default\" data-id=\"2a98e4d\" data-element_type=\"section\">\n\t\t\t\t\t\t<div class=\"elementor-container elementor-column-gap-default\">\n\t\t\t\t\t<div class=\"elementor-column elementor-col-100 elementor-top-column elementor-element elementor-element-7e00527\" data-id=\"7e00527\" data-element_type=\"column\">\n\t\t\t<div class=\"elementor-widget-wrap elementor-element-populated\">\n\t\t\t\t\t\t<div class=\"elementor-element elementor-element-5dbc9e1 elementor-widget elementor-widget-text-editor\" data-id=\"5dbc9e1\" data-element_type=\"widget\" data-widget_type=\"text-editor.default\">\n\t\t\t\t<div class=\"elementor-widget-container\">\n\t\t\t\t\t\t\t<div><span style=\"font-size: 18px; color: var( --e-global-color-text );\">Para mais informa\u00e7\u00f5es sobre importante programa da EACH, acesse o site <\/span><strong><a style=\"font-size: 18px; background-color: #f9f9f9;\" href=\"http:\/\/www5.each.usp.br\/sessentamais\/\">USP 60+<\/a><\/strong><span style=\"font-size: 18px; color: var( --e-global-color-text );\"> ou entre em contato com a Secretaria da Comiss\u00e3o de\u00a0 Cultura e Extens\u00e3o (CCEx) pelo e-mail <\/span><strong><a style=\"font-size: 18px; background-color: #f9f9f9;\" href=\"mailto:ccex-each@usp.br\">ccex-each@usp.br<\/a><\/strong><span style=\"font-size: 18px; color: var( --e-global-color-text );\"> ou pelo telefone <strong>(11) 3091-1016<\/strong>.<\/span><\/div><div>\u00a0<\/div>\t\t\t\t\t\t<\/div>\n\t\t\t\t<\/div>\n\t\t\t\t\t<\/div>\n\t\t<\/div>\n\t\t\t\t\t<\/div>\n\t\t<\/section>\n\t\t\t\t<\/div>\n\t\t","protected":false},"excerpt":{"rendered":"<p>USP 60+ O objetivo do programa\u00a0USP 60+ \u00e9 possibilitar ao idoso aprofundar conhecimentos em \u00e1reas de seu interesse e trocar experi\u00eancias com os jovens atrav\u00e9s de oficinas, palestras e disciplinas dos cursos de gradua\u00e7\u00e3o oferecidas semestralmente. (Fonte: Site da EACH)\u00a0Anualmente, nos Laborat\u00f3rios Did\u00e1ticos, s\u00e3o oferecidas oficinas envolvendo o conte\u00fado de Qu\u00edmica para o participantes do [&hellip;]<\/p>\n","protected":false},"author":24157,"featured_media":0,"parent":0,"menu_order":0,"comment_status":"closed","ping_status":"closed","template":"elementor_header_footer","meta":{"_monsterinsights_skip_tracking":false,"_monsterinsights_sitenote_active":false,"_monsterinsights_sitenote_note":"","_monsterinsights_sitenote_category":0,"ocean_post_layout":"","ocean_both_sidebars_style":"","ocean_both_sidebars_content_width":0,"ocean_both_sidebars_sidebars_width":0,"ocean_sidebar":"0","ocean_second_sidebar":"0","ocean_disable_margins":"enable","ocean_add_body_class":"","ocean_shortcode_before_top_bar":"","ocean_shortcode_after_top_bar":"","ocean_shortcode_before_header":"","ocean_shortcode_after_header":"","ocean_has_shortcode":"","ocean_shortcode_after_title":"","ocean_shortcode_before_footer_widgets":"","ocean_shortcode_after_footer_widgets":"","ocean_shortcode_before_footer_bottom":"","ocean_shortcode_after_footer_bottom":"","ocean_display_top_bar":"default","ocean_display_header":"default","ocean_header_style":"","ocean_center_header_left_menu":"0","ocean_custom_header_template":"0","ocean_custom_logo":0,"ocean_custom_retina_logo":0,"ocean_custom_logo_max_width":0,"ocean_custom_logo_tablet_max_width":0,"ocean_custom_logo_mobile_max_width":0,"ocean_custom_logo_max_height":0,"ocean_custom_logo_tablet_max_height":0,"ocean_custom_logo_mobile_max_height":0,"ocean_header_custom_menu":"0","ocean_menu_typo_font_family":"0","ocean_menu_typo_font_subset":"","ocean_menu_typo_font_size":0,"ocean_menu_typo_font_size_tablet":0,"ocean_menu_typo_font_size_mobile":0,"ocean_menu_typo_font_size_unit":"px","ocean_menu_typo_font_weight":"","ocean_menu_typo_font_weight_tablet":"","ocean_menu_typo_font_weight_mobile":"","ocean_menu_typo_transform":"","ocean_menu_typo_transform_tablet":"","ocean_menu_typo_transform_mobile":"","ocean_menu_typo_line_height":0,"ocean_menu_typo_line_height_tablet":0,"ocean_menu_typo_line_height_mobile":0,"ocean_menu_typo_line_height_unit":"","ocean_menu_typo_spacing":0,"ocean_menu_typo_spacing_tablet":0,"ocean_menu_typo_spacing_mobile":0,"ocean_menu_typo_spacing_unit":"","ocean_menu_link_color":"","ocean_menu_link_color_hover":"","ocean_menu_link_color_active":"","ocean_menu_link_background":"","ocean_menu_link_hover_background":"","ocean_menu_link_active_background":"","ocean_menu_social_links_bg":"","ocean_menu_social_hover_links_bg":"","ocean_menu_social_links_color":"","ocean_menu_social_hover_links_color":"","ocean_disable_title":"default","ocean_disable_heading":"default","ocean_post_title":"","ocean_post_subheading":"","ocean_post_title_style":"","ocean_post_title_background_color":"","ocean_post_title_background":0,"ocean_post_title_bg_image_position":"","ocean_post_title_bg_image_attachment":"","ocean_post_title_bg_image_repeat":"","ocean_post_title_bg_image_size":"","ocean_post_title_height":0,"ocean_post_title_bg_overlay":0.5,"ocean_post_title_bg_overlay_color":"","ocean_disable_breadcrumbs":"default","ocean_breadcrumbs_color":"","ocean_breadcrumbs_separator_color":"","ocean_breadcrumbs_links_color":"","ocean_breadcrumbs_links_hover_color":"","ocean_display_footer_widgets":"default","ocean_display_footer_bottom":"default","ocean_custom_footer_template":"0","footnotes":"","_links_to":"","_links_to_target":""},"class_list":["post-3349","page","type-page","status-publish","hentry","entry"],"_links":{"self":[{"href":"https:\/\/sites.usp.br\/laboratorioseach\/wp-json\/wp\/v2\/pages\/3349","targetHints":{"allow":["GET"]}}],"collection":[{"href":"https:\/\/sites.usp.br\/laboratorioseach\/wp-json\/wp\/v2\/pages"}],"about":[{"href":"https:\/\/sites.usp.br\/laboratorioseach\/wp-json\/wp\/v2\/types\/page"}],"author":[{"embeddable":true,"href":"https:\/\/sites.usp.br\/laboratorioseach\/wp-json\/wp\/v2\/users\/24157"}],"replies":[{"embeddable":true,"href":"https:\/\/sites.usp.br\/laboratorioseach\/wp-json\/wp\/v2\/comments?post=3349"}],"version-history":[{"count":4,"href":"https:\/\/sites.usp.br\/laboratorioseach\/wp-json\/wp\/v2\/pages\/3349\/revisions"}],"predecessor-version":[{"id":4472,"href":"https:\/\/sites.usp.br\/laboratorioseach\/wp-json\/wp\/v2\/pages\/3349\/revisions\/4472"}],"wp:attachment":[{"href":"https:\/\/sites.usp.br\/laboratorioseach\/wp-json\/wp\/v2\/media?parent=3349"}],"curies":[{"name":"wp","href":"https:\/\/api.w.org\/{rel}","templated":true}]}}