{"id":3351,"date":"2024-08-13T17:32:58","date_gmt":"2024-08-13T20:32:58","guid":{"rendered":"https:\/\/sites.usp.br\/laboratorioseach\/?page_id=3351"},"modified":"2024-09-23T14:09:50","modified_gmt":"2024-09-23T17:09:50","slug":"ciencias-forenses","status":"publish","type":"page","link":"https:\/\/sites.usp.br\/laboratorioseach\/ciencias-forenses\/","title":{"rendered":"Ci\u00eancias Forenses"},"content":{"rendered":"\t\t<div data-elementor-type=\"wp-page\" data-elementor-id=\"3351\" class=\"elementor elementor-3351\" data-elementor-post-type=\"page\">\n\t\t\t\t\t\t<section class=\"elementor-section elementor-top-section elementor-element elementor-element-62b4b52 elementor-section-boxed elementor-section-height-default elementor-section-height-default\" data-id=\"62b4b52\" data-element_type=\"section\" data-settings=\"{&quot;background_background&quot;:&quot;classic&quot;}\">\n\t\t\t\t\t\t<div class=\"elementor-container elementor-column-gap-default\">\n\t\t\t\t\t<div class=\"elementor-column elementor-col-50 elementor-top-column elementor-element elementor-element-6ff1f0d\" data-id=\"6ff1f0d\" data-element_type=\"column\">\n\t\t\t<div class=\"elementor-widget-wrap elementor-element-populated\">\n\t\t\t\t\t\t<div class=\"elementor-element elementor-element-2d23044 elementor-widget__width-initial elementor-invisible elementor-widget elementor-widget-heading\" data-id=\"2d23044\" data-element_type=\"widget\" data-settings=\"{&quot;_animation&quot;:&quot;fadeIn&quot;}\" data-widget_type=\"heading.default\">\n\t\t\t\t<div class=\"elementor-widget-container\">\n\t\t\t<h2 class=\"elementor-heading-title elementor-size-default\">CI\u00caNCIAS FORENSES<\/h2>\t\t<\/div>\n\t\t\t\t<\/div>\n\t\t\t\t\t<\/div>\n\t\t<\/div>\n\t\t\t\t<div class=\"elementor-column elementor-col-50 elementor-top-column elementor-element elementor-element-f804b77\" data-id=\"f804b77\" data-element_type=\"column\">\n\t\t\t<div class=\"elementor-widget-wrap elementor-element-populated\">\n\t\t\t\t\t\t<div class=\"elementor-element elementor-element-bf7e0cd elementor-invisible elementor-widget elementor-widget-image\" data-id=\"bf7e0cd\" data-element_type=\"widget\" data-settings=\"{&quot;_animation&quot;:&quot;fadeIn&quot;}\" data-widget_type=\"image.default\">\n\t\t\t\t<div class=\"elementor-widget-container\">\n\t\t\t\t\t\t\t\t\t\t\t\t\t<img fetchpriority=\"high\" decoding=\"async\" width=\"512\" height=\"512\" src=\"https:\/\/sites.usp.br\/laboratorioseach\/wp-content\/uploads\/sites\/1517\/2024\/08\/forense.png\" class=\"attachment-full size-full wp-image-4213\" alt=\"\" srcset=\"https:\/\/sites.usp.br\/laboratorioseach\/wp-content\/uploads\/sites\/1517\/2024\/08\/forense.png 512w, https:\/\/sites.usp.br\/laboratorioseach\/wp-content\/uploads\/sites\/1517\/2024\/08\/forense-300x300.png 300w, https:\/\/sites.usp.br\/laboratorioseach\/wp-content\/uploads\/sites\/1517\/2024\/08\/forense-150x150.png 150w, https:\/\/sites.usp.br\/laboratorioseach\/wp-content\/uploads\/sites\/1517\/2024\/08\/forense-45x45.png 45w, https:\/\/sites.usp.br\/laboratorioseach\/wp-content\/uploads\/sites\/1517\/2024\/08\/forense-200x200.png 200w, https:\/\/sites.usp.br\/laboratorioseach\/wp-content\/uploads\/sites\/1517\/2024\/08\/forense-400x400.png 400w\" sizes=\"(max-width: 512px) 100vw, 512px\" \/>\t\t\t\t\t\t\t\t\t\t\t\t\t<\/div>\n\t\t\t\t<\/div>\n\t\t\t\t\t<\/div>\n\t\t<\/div>\n\t\t\t\t\t<\/div>\n\t\t<\/section>\n\t\t\t\t<section class=\"elementor-section elementor-top-section elementor-element elementor-element-0296628 elementor-section-boxed elementor-section-height-default elementor-section-height-default\" data-id=\"0296628\" data-element_type=\"section\">\n\t\t\t\t\t\t<div class=\"elementor-container elementor-column-gap-default\">\n\t\t\t\t\t<div class=\"elementor-column elementor-col-100 elementor-top-column elementor-element elementor-element-4079b9f\" data-id=\"4079b9f\" data-element_type=\"column\">\n\t\t\t<div class=\"elementor-widget-wrap elementor-element-populated\">\n\t\t\t\t\t\t<div class=\"elementor-element elementor-element-02ed5ee elementor-widget elementor-widget-text-editor\" data-id=\"02ed5ee\" data-element_type=\"widget\" data-widget_type=\"text-editor.default\">\n\t\t\t\t<div class=\"elementor-widget-container\">\n\t\t\t\t\t\t\t<p>Em atividade desde 2018, o projeto &#8220;Ci\u00eancias Forenses&#8221; tem como objetivo central\u00a0 produzir materiais de ensino e de divulga\u00e7\u00e3o cient\u00edfica empregando temas da \u00e1rea forense.<\/p><p>A equipe do projeto recebe muitos estudantes de ensino fundamental e m\u00e9dio para participar de oficinas investigativas.<\/p><p>O projeto \u00e9 coordenado pela Prof\u00aa Dra. Kathia Maria Hon\u00f3rio e pela educadora Josely Cubero.<\/p>\t\t\t\t\t\t<\/div>\n\t\t\t\t<\/div>\n\t\t\t\t\t<\/div>\n\t\t<\/div>\n\t\t\t\t\t<\/div>\n\t\t<\/section>\n\t\t\t\t<section class=\"elementor-section elementor-top-section elementor-element elementor-element-198756f elementor-section-boxed elementor-section-height-default elementor-section-height-default\" data-id=\"198756f\" data-element_type=\"section\">\n\t\t\t\t\t\t<div class=\"elementor-container elementor-column-gap-default\">\n\t\t\t\t\t<div class=\"elementor-column elementor-col-100 elementor-top-column elementor-element elementor-element-c325141\" data-id=\"c325141\" data-element_type=\"column\">\n\t\t\t<div class=\"elementor-widget-wrap elementor-element-populated\">\n\t\t\t\t\t\t<div class=\"elementor-element elementor-element-11514db elementor-widget elementor-widget-gallery\" data-id=\"11514db\" data-element_type=\"widget\" data-settings=\"{&quot;columns&quot;:5,&quot;aspect_ratio&quot;:&quot;1:1&quot;,&quot;gallery_layout&quot;:&quot;grid&quot;,&quot;columns_tablet&quot;:2,&quot;columns_mobile&quot;:1,&quot;gap&quot;:{&quot;unit&quot;:&quot;px&quot;,&quot;size&quot;:10,&quot;sizes&quot;:[]},&quot;gap_tablet&quot;:{&quot;unit&quot;:&quot;px&quot;,&quot;size&quot;:10,&quot;sizes&quot;:[]},&quot;gap_mobile&quot;:{&quot;unit&quot;:&quot;px&quot;,&quot;size&quot;:10,&quot;sizes&quot;:[]},&quot;link_to&quot;:&quot;file&quot;,&quot;overlay_background&quot;:&quot;yes&quot;,&quot;content_hover_animation&quot;:&quot;fade-in&quot;}\" data-widget_type=\"gallery.default\">\n\t\t\t\t<div class=\"elementor-widget-container\">\n\t\t\t\t\t<div class=\"elementor-gallery__container\">\n\t\t\t\t\t\t\t<a class=\"e-gallery-item elementor-gallery-item elementor-animated-content\" href=\"https:\/\/sites.usp.br\/laboratorioseach\/wp-content\/uploads\/sites\/1517\/2024\/08\/IMG_6992_Original-scaled.jpg\" data-elementor-open-lightbox=\"yes\" data-elementor-lightbox-slideshow=\"11514db\" data-elementor-lightbox-title=\"IMG_6992_Original\" data-e-action-hash=\"#elementor-action%3Aaction%3Dlightbox%26settings%3DeyJpZCI6NDIzMCwidXJsIjoiaHR0cHM6XC9cL3NpdGVzLnVzcC5iclwvbGFib3JhdG9yaW9zZWFjaFwvd3AtY29udGVudFwvdXBsb2Fkc1wvc2l0ZXNcLzE1MTdcLzIwMjRcLzA4XC9JTUdfNjk5Ml9PcmlnaW5hbC1zY2FsZWQuanBnIiwic2xpZGVzaG93IjoiMTE1MTRkYiJ9\">\n\t\t\t\t\t<div class=\"e-gallery-image elementor-gallery-item__image\" data-thumbnail=\"https:\/\/sites.usp.br\/laboratorioseach\/wp-content\/uploads\/sites\/1517\/2024\/08\/IMG_6992_Original-200x200.jpg\" data-width=\"200\" data-height=\"200\" aria-label=\"\" role=\"img\" ><\/div>\n\t\t\t\t\t\t\t\t\t\t\t<div class=\"elementor-gallery-item__overlay\"><\/div>\n\t\t\t\t\t\t\t\t\t\t\t\t\t\t<\/a>\n\t\t\t\t\t\t\t<a class=\"e-gallery-item elementor-gallery-item elementor-animated-content\" href=\"https:\/\/sites.usp.br\/laboratorioseach\/wp-content\/uploads\/sites\/1517\/2024\/08\/IMG_6978_Original-scaled.jpg\" data-elementor-open-lightbox=\"yes\" data-elementor-lightbox-slideshow=\"11514db\" data-elementor-lightbox-title=\"IMG_6978_Original\" data-e-action-hash=\"#elementor-action%3Aaction%3Dlightbox%26settings%3DeyJpZCI6NDIyOCwidXJsIjoiaHR0cHM6XC9cL3NpdGVzLnVzcC5iclwvbGFib3JhdG9yaW9zZWFjaFwvd3AtY29udGVudFwvdXBsb2Fkc1wvc2l0ZXNcLzE1MTdcLzIwMjRcLzA4XC9JTUdfNjk3OF9PcmlnaW5hbC1zY2FsZWQuanBnIiwic2xpZGVzaG93IjoiMTE1MTRkYiJ9\">\n\t\t\t\t\t<div class=\"e-gallery-image elementor-gallery-item__image\" data-thumbnail=\"https:\/\/sites.usp.br\/laboratorioseach\/wp-content\/uploads\/sites\/1517\/2024\/08\/IMG_6978_Original-200x200.jpg\" data-width=\"200\" data-height=\"200\" aria-label=\"\" role=\"img\" ><\/div>\n\t\t\t\t\t\t\t\t\t\t\t<div class=\"elementor-gallery-item__overlay\"><\/div>\n\t\t\t\t\t\t\t\t\t\t\t\t\t\t<\/a>\n\t\t\t\t\t\t\t<a class=\"e-gallery-item elementor-gallery-item elementor-animated-content\" href=\"https:\/\/sites.usp.br\/laboratorioseach\/wp-content\/uploads\/sites\/1517\/2024\/08\/20240517_150043-scaled.jpg\" data-elementor-open-lightbox=\"yes\" data-elementor-lightbox-slideshow=\"11514db\" data-elementor-lightbox-title=\"20240517_150043\" data-e-action-hash=\"#elementor-action%3Aaction%3Dlightbox%26settings%3DeyJpZCI6NDIxNSwidXJsIjoiaHR0cHM6XC9cL3NpdGVzLnVzcC5iclwvbGFib3JhdG9yaW9zZWFjaFwvd3AtY29udGVudFwvdXBsb2Fkc1wvc2l0ZXNcLzE1MTdcLzIwMjRcLzA4XC8yMDI0MDUxN18xNTAwNDMtc2NhbGVkLmpwZyIsInNsaWRlc2hvdyI6IjExNTE0ZGIifQ%3D%3D\">\n\t\t\t\t\t<div class=\"e-gallery-image elementor-gallery-item__image\" data-thumbnail=\"https:\/\/sites.usp.br\/laboratorioseach\/wp-content\/uploads\/sites\/1517\/2024\/08\/20240517_150043-200x200.jpg\" data-width=\"200\" data-height=\"200\" aria-label=\"\" role=\"img\" ><\/div>\n\t\t\t\t\t\t\t\t\t\t\t<div class=\"elementor-gallery-item__overlay\"><\/div>\n\t\t\t\t\t\t\t\t\t\t\t\t\t\t<\/a>\n\t\t\t\t\t\t\t<a class=\"e-gallery-item elementor-gallery-item elementor-animated-content\" href=\"https:\/\/sites.usp.br\/laboratorioseach\/wp-content\/uploads\/sites\/1517\/2024\/08\/20240517_150220-scaled.jpg\" data-elementor-open-lightbox=\"yes\" data-elementor-lightbox-slideshow=\"11514db\" data-elementor-lightbox-title=\"20240517_150220\" data-e-action-hash=\"#elementor-action%3Aaction%3Dlightbox%26settings%3DeyJpZCI6NDIxNiwidXJsIjoiaHR0cHM6XC9cL3NpdGVzLnVzcC5iclwvbGFib3JhdG9yaW9zZWFjaFwvd3AtY29udGVudFwvdXBsb2Fkc1wvc2l0ZXNcLzE1MTdcLzIwMjRcLzA4XC8yMDI0MDUxN18xNTAyMjAtc2NhbGVkLmpwZyIsInNsaWRlc2hvdyI6IjExNTE0ZGIifQ%3D%3D\">\n\t\t\t\t\t<div class=\"e-gallery-image elementor-gallery-item__image\" data-thumbnail=\"https:\/\/sites.usp.br\/laboratorioseach\/wp-content\/uploads\/sites\/1517\/2024\/08\/20240517_150220-200x200.jpg\" data-width=\"200\" data-height=\"200\" aria-label=\"\" role=\"img\" ><\/div>\n\t\t\t\t\t\t\t\t\t\t\t<div class=\"elementor-gallery-item__overlay\"><\/div>\n\t\t\t\t\t\t\t\t\t\t\t\t\t\t<\/a>\n\t\t\t\t\t\t\t<a class=\"e-gallery-item elementor-gallery-item elementor-animated-content\" href=\"https:\/\/sites.usp.br\/laboratorioseach\/wp-content\/uploads\/sites\/1517\/2024\/08\/20240517_150257-scaled.jpg\" data-elementor-open-lightbox=\"yes\" data-elementor-lightbox-slideshow=\"11514db\" data-elementor-lightbox-title=\"20240517_150257\" data-e-action-hash=\"#elementor-action%3Aaction%3Dlightbox%26settings%3DeyJpZCI6NDIxNywidXJsIjoiaHR0cHM6XC9cL3NpdGVzLnVzcC5iclwvbGFib3JhdG9yaW9zZWFjaFwvd3AtY29udGVudFwvdXBsb2Fkc1wvc2l0ZXNcLzE1MTdcLzIwMjRcLzA4XC8yMDI0MDUxN18xNTAyNTctc2NhbGVkLmpwZyIsInNsaWRlc2hvdyI6IjExNTE0ZGIifQ%3D%3D\">\n\t\t\t\t\t<div class=\"e-gallery-image elementor-gallery-item__image\" data-thumbnail=\"https:\/\/sites.usp.br\/laboratorioseach\/wp-content\/uploads\/sites\/1517\/2024\/08\/20240517_150257-200x200.jpg\" data-width=\"200\" data-height=\"200\" aria-label=\"\" role=\"img\" ><\/div>\n\t\t\t\t\t\t\t\t\t\t\t<div class=\"elementor-gallery-item__overlay\"><\/div>\n\t\t\t\t\t\t\t\t\t\t\t\t\t\t<\/a>\n\t\t\t\t\t\t\t<a class=\"e-gallery-item elementor-gallery-item elementor-animated-content\" href=\"https:\/\/sites.usp.br\/laboratorioseach\/wp-content\/uploads\/sites\/1517\/2024\/08\/20240517_160402-scaled.jpg\" data-elementor-open-lightbox=\"yes\" data-elementor-lightbox-slideshow=\"11514db\" data-elementor-lightbox-title=\"20240517_160402\" data-e-action-hash=\"#elementor-action%3Aaction%3Dlightbox%26settings%3DeyJpZCI6NDIyNywidXJsIjoiaHR0cHM6XC9cL3NpdGVzLnVzcC5iclwvbGFib3JhdG9yaW9zZWFjaFwvd3AtY29udGVudFwvdXBsb2Fkc1wvc2l0ZXNcLzE1MTdcLzIwMjRcLzA4XC8yMDI0MDUxN18xNjA0MDItc2NhbGVkLmpwZyIsInNsaWRlc2hvdyI6IjExNTE0ZGIifQ%3D%3D\">\n\t\t\t\t\t<div class=\"e-gallery-image elementor-gallery-item__image\" data-thumbnail=\"https:\/\/sites.usp.br\/laboratorioseach\/wp-content\/uploads\/sites\/1517\/2024\/08\/20240517_160402-200x200.jpg\" data-width=\"200\" data-height=\"200\" aria-label=\"\" role=\"img\" ><\/div>\n\t\t\t\t\t\t\t\t\t\t\t<div class=\"elementor-gallery-item__overlay\"><\/div>\n\t\t\t\t\t\t\t\t\t\t\t\t\t\t<\/a>\n\t\t\t\t\t\t\t<a class=\"e-gallery-item elementor-gallery-item elementor-animated-content\" href=\"https:\/\/sites.usp.br\/laboratorioseach\/wp-content\/uploads\/sites\/1517\/2024\/08\/20240517_150639-scaled.jpg\" data-elementor-open-lightbox=\"yes\" data-elementor-lightbox-slideshow=\"11514db\" data-elementor-lightbox-title=\"20240517_150639\" data-e-action-hash=\"#elementor-action%3Aaction%3Dlightbox%26settings%3DeyJpZCI6NDIxOCwidXJsIjoiaHR0cHM6XC9cL3NpdGVzLnVzcC5iclwvbGFib3JhdG9yaW9zZWFjaFwvd3AtY29udGVudFwvdXBsb2Fkc1wvc2l0ZXNcLzE1MTdcLzIwMjRcLzA4XC8yMDI0MDUxN18xNTA2Mzktc2NhbGVkLmpwZyIsInNsaWRlc2hvdyI6IjExNTE0ZGIifQ%3D%3D\">\n\t\t\t\t\t<div class=\"e-gallery-image elementor-gallery-item__image\" data-thumbnail=\"https:\/\/sites.usp.br\/laboratorioseach\/wp-content\/uploads\/sites\/1517\/2024\/08\/20240517_150639-200x200.jpg\" data-width=\"200\" data-height=\"200\" aria-label=\"\" role=\"img\" ><\/div>\n\t\t\t\t\t\t\t\t\t\t\t<div class=\"elementor-gallery-item__overlay\"><\/div>\n\t\t\t\t\t\t\t\t\t\t\t\t\t\t<\/a>\n\t\t\t\t\t\t\t<a class=\"e-gallery-item elementor-gallery-item elementor-animated-content\" href=\"https:\/\/sites.usp.br\/laboratorioseach\/wp-content\/uploads\/sites\/1517\/2024\/08\/IMG_6989_Original-scaled.jpg\" data-elementor-open-lightbox=\"yes\" data-elementor-lightbox-slideshow=\"11514db\" data-elementor-lightbox-title=\"IMG_6989_Original\" data-e-action-hash=\"#elementor-action%3Aaction%3Dlightbox%26settings%3DeyJpZCI6NDIyOSwidXJsIjoiaHR0cHM6XC9cL3NpdGVzLnVzcC5iclwvbGFib3JhdG9yaW9zZWFjaFwvd3AtY29udGVudFwvdXBsb2Fkc1wvc2l0ZXNcLzE1MTdcLzIwMjRcLzA4XC9JTUdfNjk4OV9PcmlnaW5hbC1zY2FsZWQuanBnIiwic2xpZGVzaG93IjoiMTE1MTRkYiJ9\">\n\t\t\t\t\t<div class=\"e-gallery-image elementor-gallery-item__image\" data-thumbnail=\"https:\/\/sites.usp.br\/laboratorioseach\/wp-content\/uploads\/sites\/1517\/2024\/08\/IMG_6989_Original-200x200.jpg\" data-width=\"200\" data-height=\"200\" aria-label=\"\" role=\"img\" ><\/div>\n\t\t\t\t\t\t\t\t\t\t\t<div class=\"elementor-gallery-item__overlay\"><\/div>\n\t\t\t\t\t\t\t\t\t\t\t\t\t\t<\/a>\n\t\t\t\t\t\t\t<a class=\"e-gallery-item elementor-gallery-item elementor-animated-content\" href=\"https:\/\/sites.usp.br\/laboratorioseach\/wp-content\/uploads\/sites\/1517\/2024\/08\/20240517_150843-scaled.jpg\" data-elementor-open-lightbox=\"yes\" data-elementor-lightbox-slideshow=\"11514db\" data-elementor-lightbox-title=\"20240517_150843\" data-e-action-hash=\"#elementor-action%3Aaction%3Dlightbox%26settings%3DeyJpZCI6NDIxOSwidXJsIjoiaHR0cHM6XC9cL3NpdGVzLnVzcC5iclwvbGFib3JhdG9yaW9zZWFjaFwvd3AtY29udGVudFwvdXBsb2Fkc1wvc2l0ZXNcLzE1MTdcLzIwMjRcLzA4XC8yMDI0MDUxN18xNTA4NDMtc2NhbGVkLmpwZyIsInNsaWRlc2hvdyI6IjExNTE0ZGIifQ%3D%3D\">\n\t\t\t\t\t<div class=\"e-gallery-image elementor-gallery-item__image\" data-thumbnail=\"https:\/\/sites.usp.br\/laboratorioseach\/wp-content\/uploads\/sites\/1517\/2024\/08\/20240517_150843-200x200.jpg\" data-width=\"200\" data-height=\"200\" aria-label=\"\" role=\"img\" ><\/div>\n\t\t\t\t\t\t\t\t\t\t\t<div class=\"elementor-gallery-item__overlay\"><\/div>\n\t\t\t\t\t\t\t\t\t\t\t\t\t\t<\/a>\n\t\t\t\t\t\t\t<a class=\"e-gallery-item elementor-gallery-item elementor-animated-content\" href=\"https:\/\/sites.usp.br\/laboratorioseach\/wp-content\/uploads\/sites\/1517\/2024\/08\/20240517_152657-scaled.jpg\" data-elementor-open-lightbox=\"yes\" data-elementor-lightbox-slideshow=\"11514db\" data-elementor-lightbox-title=\"20240517_152657\" data-e-action-hash=\"#elementor-action%3Aaction%3Dlightbox%26settings%3DeyJpZCI6NDIyMSwidXJsIjoiaHR0cHM6XC9cL3NpdGVzLnVzcC5iclwvbGFib3JhdG9yaW9zZWFjaFwvd3AtY29udGVudFwvdXBsb2Fkc1wvc2l0ZXNcLzE1MTdcLzIwMjRcLzA4XC8yMDI0MDUxN18xNTI2NTctc2NhbGVkLmpwZyIsInNsaWRlc2hvdyI6IjExNTE0ZGIifQ%3D%3D\">\n\t\t\t\t\t<div class=\"e-gallery-image elementor-gallery-item__image\" data-thumbnail=\"https:\/\/sites.usp.br\/laboratorioseach\/wp-content\/uploads\/sites\/1517\/2024\/08\/20240517_152657-200x200.jpg\" data-width=\"200\" data-height=\"200\" aria-label=\"\" role=\"img\" ><\/div>\n\t\t\t\t\t\t\t\t\t\t\t<div class=\"elementor-gallery-item__overlay\"><\/div>\n\t\t\t\t\t\t\t\t\t\t\t\t\t\t<\/a>\n\t\t\t\t\t<\/div>\n\t\t\t<\/div>\n\t\t\t\t<\/div>\n\t\t\t\t\t<\/div>\n\t\t<\/div>\n\t\t\t\t\t<\/div>\n\t\t<\/section>\n\t\t\t\t<section class=\"elementor-section elementor-top-section elementor-element elementor-element-cc09684 elementor-section-boxed elementor-section-height-default elementor-section-height-default\" data-id=\"cc09684\" data-element_type=\"section\">\n\t\t\t\t\t\t<div class=\"elementor-container elementor-column-gap-default\">\n\t\t\t\t\t<div class=\"elementor-column elementor-col-100 elementor-top-column elementor-element elementor-element-f07c0f0\" data-id=\"f07c0f0\" data-element_type=\"column\">\n\t\t\t<div class=\"elementor-widget-wrap elementor-element-populated\">\n\t\t\t\t\t\t<div class=\"elementor-element elementor-element-901fd55 elementor-widget elementor-widget-text-editor\" data-id=\"901fd55\" data-element_type=\"widget\" data-widget_type=\"text-editor.default\">\n\t\t\t\t<div class=\"elementor-widget-container\">\n\t\t\t\t\t\t\t<p><span style=\"font-size: 18px; color: var( --e-global-color-text );\">Para mais informa\u00e7\u00f5es, entre em contato pelo e-mail <span style=\"color: #008000;\"><strong>josely@usp.br<\/strong><\/span> ou pelo telefone <strong>(11) 2648-0158<\/strong><\/span><\/p><p>Clique no \u00edcone abaixo e siga o perfil (<strong>@forenseseach<\/strong>) no Instagram.\u00a0<\/p>\t\t\t\t\t\t<\/div>\n\t\t\t\t<\/div>\n\t\t\t\t\t<\/div>\n\t\t<\/div>\n\t\t\t\t\t<\/div>\n\t\t<\/section>\n\t\t\t\t<section class=\"elementor-section elementor-top-section elementor-element elementor-element-8068d24 elementor-section-boxed elementor-section-height-default elementor-section-height-default\" data-id=\"8068d24\" data-element_type=\"section\">\n\t\t\t\t\t\t<div class=\"elementor-container elementor-column-gap-default\">\n\t\t\t\t\t<div class=\"elementor-column elementor-col-100 elementor-top-column elementor-element elementor-element-f691f21\" data-id=\"f691f21\" data-element_type=\"column\">\n\t\t\t<div class=\"elementor-widget-wrap elementor-element-populated\">\n\t\t\t\t\t\t<div class=\"elementor-element elementor-element-3f0988d elementor-view-default elementor-widget elementor-widget-icon\" data-id=\"3f0988d\" data-element_type=\"widget\" data-widget_type=\"icon.default\">\n\t\t\t\t<div class=\"elementor-widget-container\">\n\t\t\t\t\t<div class=\"elementor-icon-wrapper\">\n\t\t\t<a class=\"elementor-icon\" href=\"https:\/\/www.instagram.com\/forenseseach?igsh=OGdtc3V5dm9hcTVw\" target=\"_blank\">\n\t\t\t<i aria-hidden=\"true\" class=\"fab fa-instagram\"><\/i>\t\t\t<\/a>\n\t\t<\/div>\n\t\t\t\t<\/div>\n\t\t\t\t<\/div>\n\t\t\t\t\t<\/div>\n\t\t<\/div>\n\t\t\t\t\t<\/div>\n\t\t<\/section>\n\t\t\t\t<\/div>\n\t\t","protected":false},"excerpt":{"rendered":"<p>CI\u00caNCIAS FORENSES Em atividade desde 2018, o projeto &#8220;Ci\u00eancias Forenses&#8221; tem como objetivo central\u00a0 produzir materiais de ensino e de divulga\u00e7\u00e3o cient\u00edfica empregando temas da \u00e1rea forense. A equipe do projeto recebe muitos estudantes de ensino fundamental e m\u00e9dio para participar de oficinas investigativas. O projeto \u00e9 coordenado pela Prof\u00aa Dra. Kathia Maria Hon\u00f3rio e [&hellip;]<\/p>\n","protected":false},"author":24157,"featured_media":0,"parent":0,"menu_order":0,"comment_status":"closed","ping_status":"closed","template":"elementor_header_footer","meta":{"_monsterinsights_skip_tracking":false,"_monsterinsights_sitenote_active":false,"_monsterinsights_sitenote_note":"","_monsterinsights_sitenote_category":0,"ocean_post_layout":"","ocean_both_sidebars_style":"","ocean_both_sidebars_content_width":0,"ocean_both_sidebars_sidebars_width":0,"ocean_sidebar":"0","ocean_second_sidebar":"0","ocean_disable_margins":"enable","ocean_add_body_class":"","ocean_shortcode_before_top_bar":"","ocean_shortcode_after_top_bar":"","ocean_shortcode_before_header":"","ocean_shortcode_after_header":"","ocean_has_shortcode":"","ocean_shortcode_after_title":"","ocean_shortcode_before_footer_widgets":"","ocean_shortcode_after_footer_widgets":"","ocean_shortcode_before_footer_bottom":"","ocean_shortcode_after_footer_bottom":"","ocean_display_top_bar":"default","ocean_display_header":"default","ocean_header_style":"","ocean_center_header_left_menu":"0","ocean_custom_header_template":"0","ocean_custom_logo":0,"ocean_custom_retina_logo":0,"ocean_custom_logo_max_width":0,"ocean_custom_logo_tablet_max_width":0,"ocean_custom_logo_mobile_max_width":0,"ocean_custom_logo_max_height":0,"ocean_custom_logo_tablet_max_height":0,"ocean_custom_logo_mobile_max_height":0,"ocean_header_custom_menu":"0","ocean_menu_typo_font_family":"0","ocean_menu_typo_font_subset":"","ocean_menu_typo_font_size":0,"ocean_menu_typo_font_size_tablet":0,"ocean_menu_typo_font_size_mobile":0,"ocean_menu_typo_font_size_unit":"px","ocean_menu_typo_font_weight":"","ocean_menu_typo_font_weight_tablet":"","ocean_menu_typo_font_weight_mobile":"","ocean_menu_typo_transform":"","ocean_menu_typo_transform_tablet":"","ocean_menu_typo_transform_mobile":"","ocean_menu_typo_line_height":0,"ocean_menu_typo_line_height_tablet":0,"ocean_menu_typo_line_height_mobile":0,"ocean_menu_typo_line_height_unit":"","ocean_menu_typo_spacing":0,"ocean_menu_typo_spacing_tablet":0,"ocean_menu_typo_spacing_mobile":0,"ocean_menu_typo_spacing_unit":"","ocean_menu_link_color":"","ocean_menu_link_color_hover":"","ocean_menu_link_color_active":"","ocean_menu_link_background":"","ocean_menu_link_hover_background":"","ocean_menu_link_active_background":"","ocean_menu_social_links_bg":"","ocean_menu_social_hover_links_bg":"","ocean_menu_social_links_color":"","ocean_menu_social_hover_links_color":"","ocean_disable_title":"default","ocean_disable_heading":"default","ocean_post_title":"","ocean_post_subheading":"","ocean_post_title_style":"","ocean_post_title_background_color":"","ocean_post_title_background":0,"ocean_post_title_bg_image_position":"","ocean_post_title_bg_image_attachment":"","ocean_post_title_bg_image_repeat":"","ocean_post_title_bg_image_size":"","ocean_post_title_height":0,"ocean_post_title_bg_overlay":0.5,"ocean_post_title_bg_overlay_color":"","ocean_disable_breadcrumbs":"default","ocean_breadcrumbs_color":"","ocean_breadcrumbs_separator_color":"","ocean_breadcrumbs_links_color":"","ocean_breadcrumbs_links_hover_color":"","ocean_display_footer_widgets":"default","ocean_display_footer_bottom":"default","ocean_custom_footer_template":"0","footnotes":"","_links_to":"","_links_to_target":""},"class_list":["post-3351","page","type-page","status-publish","hentry","entry"],"_links":{"self":[{"href":"https:\/\/sites.usp.br\/laboratorioseach\/wp-json\/wp\/v2\/pages\/3351","targetHints":{"allow":["GET"]}}],"collection":[{"href":"https:\/\/sites.usp.br\/laboratorioseach\/wp-json\/wp\/v2\/pages"}],"about":[{"href":"https:\/\/sites.usp.br\/laboratorioseach\/wp-json\/wp\/v2\/types\/page"}],"author":[{"embeddable":true,"href":"https:\/\/sites.usp.br\/laboratorioseach\/wp-json\/wp\/v2\/users\/24157"}],"replies":[{"embeddable":true,"href":"https:\/\/sites.usp.br\/laboratorioseach\/wp-json\/wp\/v2\/comments?post=3351"}],"version-history":[{"count":4,"href":"https:\/\/sites.usp.br\/laboratorioseach\/wp-json\/wp\/v2\/pages\/3351\/revisions"}],"predecessor-version":[{"id":4749,"href":"https:\/\/sites.usp.br\/laboratorioseach\/wp-json\/wp\/v2\/pages\/3351\/revisions\/4749"}],"wp:attachment":[{"href":"https:\/\/sites.usp.br\/laboratorioseach\/wp-json\/wp\/v2\/media?parent=3351"}],"curies":[{"name":"wp","href":"https:\/\/api.w.org\/{rel}","templated":true}]}}