{"id":3363,"date":"2024-08-13T17:39:33","date_gmt":"2024-08-13T20:39:33","guid":{"rendered":"https:\/\/sites.usp.br\/laboratorioseach\/?page_id=3363"},"modified":"2024-09-23T18:18:11","modified_gmt":"2024-09-23T21:18:11","slug":"servicos-didaticos","status":"publish","type":"page","link":"https:\/\/sites.usp.br\/laboratorioseach\/servicos-didaticos\/","title":{"rendered":"Servi\u00e7os Did\u00e1ticos"},"content":{"rendered":"\t\t<div data-elementor-type=\"wp-page\" data-elementor-id=\"3363\" class=\"elementor elementor-3363\" data-elementor-post-type=\"page\">\n\t\t\t\t\t\t<section class=\"elementor-section elementor-top-section elementor-element elementor-element-095d896 elementor-section-boxed elementor-section-height-default elementor-section-height-default\" data-id=\"095d896\" data-element_type=\"section\" data-settings=\"{&quot;background_background&quot;:&quot;classic&quot;}\">\n\t\t\t\t\t\t<div class=\"elementor-container elementor-column-gap-default\">\n\t\t\t\t\t<div class=\"elementor-column elementor-col-50 elementor-top-column elementor-element elementor-element-7bd5010\" data-id=\"7bd5010\" data-element_type=\"column\">\n\t\t\t<div class=\"elementor-widget-wrap elementor-element-populated\">\n\t\t\t\t\t\t<div class=\"elementor-element elementor-element-ea501f3 elementor-invisible elementor-widget elementor-widget-heading\" data-id=\"ea501f3\" data-element_type=\"widget\" data-settings=\"{&quot;_animation&quot;:&quot;fadeIn&quot;}\" data-widget_type=\"heading.default\">\n\t\t\t\t<div class=\"elementor-widget-container\">\n\t\t\t<h2 class=\"elementor-heading-title elementor-size-default\">Servi\u00e7os Did\u00e1ticos<\/h2>\t\t<\/div>\n\t\t\t\t<\/div>\n\t\t\t\t\t<\/div>\n\t\t<\/div>\n\t\t\t\t<div class=\"elementor-column elementor-col-50 elementor-top-column elementor-element elementor-element-e4b634e\" data-id=\"e4b634e\" data-element_type=\"column\">\n\t\t\t<div class=\"elementor-widget-wrap elementor-element-populated\">\n\t\t\t\t\t\t<div class=\"elementor-element elementor-element-2584c25 elementor-invisible elementor-widget elementor-widget-image\" data-id=\"2584c25\" data-element_type=\"widget\" data-settings=\"{&quot;_animation&quot;:&quot;fadeIn&quot;}\" data-widget_type=\"image.default\">\n\t\t\t\t<div class=\"elementor-widget-container\">\n\t\t\t\t\t\t\t\t\t\t\t\t\t<img fetchpriority=\"high\" decoding=\"async\" width=\"512\" height=\"512\" src=\"https:\/\/sites.usp.br\/laboratorioseach\/wp-content\/uploads\/sites\/1517\/2024\/08\/sala-de-aula.png\" class=\"attachment-full size-full wp-image-3175\" alt=\"\" srcset=\"https:\/\/sites.usp.br\/laboratorioseach\/wp-content\/uploads\/sites\/1517\/2024\/08\/sala-de-aula.png 512w, https:\/\/sites.usp.br\/laboratorioseach\/wp-content\/uploads\/sites\/1517\/2024\/08\/sala-de-aula-300x300.png 300w, https:\/\/sites.usp.br\/laboratorioseach\/wp-content\/uploads\/sites\/1517\/2024\/08\/sala-de-aula-150x150.png 150w, https:\/\/sites.usp.br\/laboratorioseach\/wp-content\/uploads\/sites\/1517\/2024\/08\/sala-de-aula-45x45.png 45w, https:\/\/sites.usp.br\/laboratorioseach\/wp-content\/uploads\/sites\/1517\/2024\/08\/sala-de-aula-200x200.png 200w, https:\/\/sites.usp.br\/laboratorioseach\/wp-content\/uploads\/sites\/1517\/2024\/08\/sala-de-aula-400x400.png 400w\" sizes=\"(max-width: 512px) 100vw, 512px\" \/>\t\t\t\t\t\t\t\t\t\t\t\t\t<\/div>\n\t\t\t\t<\/div>\n\t\t\t\t\t<\/div>\n\t\t<\/div>\n\t\t\t\t\t<\/div>\n\t\t<\/section>\n\t\t\t\t<section class=\"elementor-section elementor-top-section elementor-element elementor-element-6cdcc38 elementor-section-boxed elementor-section-height-default elementor-section-height-default\" data-id=\"6cdcc38\" data-element_type=\"section\">\n\t\t\t\t\t\t<div class=\"elementor-container elementor-column-gap-default\">\n\t\t\t\t\t<div class=\"elementor-column elementor-col-100 elementor-top-column elementor-element elementor-element-1d468f7\" data-id=\"1d468f7\" data-element_type=\"column\">\n\t\t\t<div class=\"elementor-widget-wrap elementor-element-populated\">\n\t\t\t\t\t\t<div class=\"elementor-element elementor-element-74436e0 elementor-widget elementor-widget-heading\" data-id=\"74436e0\" data-element_type=\"widget\" data-widget_type=\"heading.default\">\n\t\t\t\t<div class=\"elementor-widget-container\">\n\t\t\t<h2 class=\"elementor-heading-title elementor-size-default\">RESERVAS DE LABORAT\u00d3RIOS DID\u00c1TICOS<\/h2>\t\t<\/div>\n\t\t\t\t<\/div>\n\t\t\t\t\t<\/div>\n\t\t<\/div>\n\t\t\t\t\t<\/div>\n\t\t<\/section>\n\t\t\t\t<section class=\"elementor-section elementor-top-section elementor-element elementor-element-9512e5f elementor-section-boxed elementor-section-height-default elementor-section-height-default\" data-id=\"9512e5f\" data-element_type=\"section\" data-settings=\"{&quot;background_background&quot;:&quot;classic&quot;}\">\n\t\t\t\t\t\t<div class=\"elementor-container elementor-column-gap-default\">\n\t\t\t\t\t<div class=\"elementor-column elementor-col-100 elementor-top-column elementor-element elementor-element-8f1b0b0\" data-id=\"8f1b0b0\" data-element_type=\"column\">\n\t\t\t<div class=\"elementor-widget-wrap elementor-element-populated\">\n\t\t\t\t\t\t<div class=\"elementor-element elementor-element-fb48c92 elementor-invisible elementor-widget elementor-widget-text-editor\" data-id=\"fb48c92\" data-element_type=\"widget\" data-settings=\"{&quot;_animation&quot;:&quot;fadeInUp&quot;}\" data-widget_type=\"text-editor.default\">\n\t\t\t\t<div class=\"elementor-widget-container\">\n\t\t\t\t\t\t\t<p>A utiliza\u00e7\u00e3o dos Laborat\u00f3rios Did\u00e1ticos est\u00e1 condicionada ao agendamento pr\u00e9vio destes locais. Esta a\u00e7\u00e3o dever\u00e1 ser realizada diretamente pelo docente respons\u00e1vel pela disciplina, no <span style=\"text-decoration: underline;\">in\u00edcio de cada semestre<\/span>*, por meio do Sistema on-line de Reserva de Salas (clique no bot\u00e3o abaixo) da EACH.<\/p><p>*OBS: Em casos excepcionais, a reserva ser\u00e1 aceita com 2 dias \u00fateis de anteced\u00eancia.<\/p>\t\t\t\t\t\t<\/div>\n\t\t\t\t<\/div>\n\t\t\t\t\t<\/div>\n\t\t<\/div>\n\t\t\t\t\t<\/div>\n\t\t<\/section>\n\t\t\t\t<section class=\"elementor-section elementor-top-section elementor-element elementor-element-39756e9 elementor-section-boxed elementor-section-height-default elementor-section-height-default\" data-id=\"39756e9\" data-element_type=\"section\">\n\t\t\t\t\t\t<div class=\"elementor-container elementor-column-gap-default\">\n\t\t\t\t\t<div class=\"elementor-column elementor-col-100 elementor-top-column elementor-element elementor-element-7886bb7\" data-id=\"7886bb7\" data-element_type=\"column\">\n\t\t\t<div class=\"elementor-widget-wrap elementor-element-populated\">\n\t\t\t\t\t\t<div class=\"elementor-element elementor-element-a2fd6f8 elementor-align-center elementor-widget elementor-widget-button\" data-id=\"a2fd6f8\" data-element_type=\"widget\" data-widget_type=\"button.default\">\n\t\t\t\t<div class=\"elementor-widget-container\">\n\t\t\t\t\t\t\t<div class=\"elementor-button-wrapper\">\n\t\t\t\t\t<a class=\"elementor-button elementor-button-link elementor-size-sm\" href=\"https:\/\/www.each.usp.br\/salas\/web\/\" target=\"_blank\">\n\t\t\t\t\t\t<span class=\"elementor-button-content-wrapper\">\n\t\t\t\t\t\t\t\t\t<span class=\"elementor-button-text\">Reserva de Laborat\u00f3rios Did\u00e1ticos (Clique aqui)<\/span>\n\t\t\t\t\t<\/span>\n\t\t\t\t\t<\/a>\n\t\t\t\t<\/div>\n\t\t\t\t\t\t<\/div>\n\t\t\t\t<\/div>\n\t\t\t\t\t<\/div>\n\t\t<\/div>\n\t\t\t\t\t<\/div>\n\t\t<\/section>\n\t\t\t\t<section class=\"elementor-section elementor-top-section elementor-element elementor-element-119524d elementor-section-boxed elementor-section-height-default elementor-section-height-default\" data-id=\"119524d\" data-element_type=\"section\" data-settings=\"{&quot;background_background&quot;:&quot;classic&quot;}\">\n\t\t\t\t\t\t<div class=\"elementor-container elementor-column-gap-default\">\n\t\t\t\t\t<div class=\"elementor-column elementor-col-100 elementor-top-column elementor-element elementor-element-a03d528\" data-id=\"a03d528\" data-element_type=\"column\">\n\t\t\t<div class=\"elementor-widget-wrap elementor-element-populated\">\n\t\t\t\t\t\t<div class=\"elementor-element elementor-element-3268d50 elementor-invisible elementor-widget elementor-widget-text-editor\" data-id=\"3268d50\" data-element_type=\"widget\" data-settings=\"{&quot;_animation&quot;:&quot;fadeInUp&quot;}\" data-widget_type=\"text-editor.default\">\n\t\t\t\t<div class=\"elementor-widget-container\">\n\t\t\t\t\t\t\t<p><span style=\"font-size: 17px; color: #ffffff;\">A reserva antecipada \u00e9 importante para que o servidores do setor possam:<\/span><\/p><p><span style=\"color: #ffffff;\">\u2022 verificar se todos os insumos solicitados para a aula constam em estoque;<\/span><\/p><p><span style=\"color: #ffffff;\">\u2022 separar e organizar todo o material utilizado na atividade pr\u00e1tica;<\/span><\/p><p><span style=\"color: #ffffff;\">\u2022 montar as escalas de trabalho (em caso da aus\u00eancia de algum t\u00e9cnico);<\/span><\/p><p><span style=\"color: #ffffff;\">\u2022 ter a estat\u00edstica de utiliza\u00e7\u00e3o dos laborat\u00f3rios.<\/span><\/p><p><span style=\"color: #ffffff;\">\u2022 remanejar as pr\u00e1ticas em caso de conflito de datas.<\/span><\/p><p><span style=\"color: #ffffff;\">Em caso de d\u00favidas, acesse o <span style=\"text-decoration: underline;\"><a style=\"color: #ffffff; text-decoration: underline;\" href=\"http:\/\/www5.each.usp.br\/wp-content\/uploads\/2023\/06\/tutorial-de-agendamento.pdf\">Tutorial sobre Agendamentos<\/a><\/span> ou para mais informa\u00e7\u00f5es entre em contato com a Secretaria dos Laborat\u00f3rios Did\u00e1ticos pelo e-mail <a style=\"color: #ffffff;\" href=\"mailto:labdideach@usp.br\" target=\"_blank\" rel=\"noopener noreferrer noreferrer noreferrer noreferrer\">labdideach@usp.br<\/a>\u00a0ou pelo telefone 3091-8919.<\/span><\/p>\t\t\t\t\t\t<\/div>\n\t\t\t\t<\/div>\n\t\t\t\t\t<\/div>\n\t\t<\/div>\n\t\t\t\t\t<\/div>\n\t\t<\/section>\n\t\t\t\t<\/div>\n\t\t","protected":false},"excerpt":{"rendered":"<p>Servi\u00e7os Did\u00e1ticos RESERVAS DE LABORAT\u00d3RIOS DID\u00c1TICOS A utiliza\u00e7\u00e3o dos Laborat\u00f3rios Did\u00e1ticos est\u00e1 condicionada ao agendamento pr\u00e9vio destes locais. Esta a\u00e7\u00e3o dever\u00e1 ser realizada diretamente pelo docente respons\u00e1vel pela disciplina, no in\u00edcio de cada semestre*, por meio do Sistema on-line de Reserva de Salas (clique no bot\u00e3o abaixo) da EACH. *OBS: Em casos excepcionais, a reserva [&hellip;]<\/p>\n","protected":false},"author":24157,"featured_media":0,"parent":0,"menu_order":0,"comment_status":"closed","ping_status":"closed","template":"elementor_header_footer","meta":{"_monsterinsights_skip_tracking":false,"_monsterinsights_sitenote_active":false,"_monsterinsights_sitenote_note":"","_monsterinsights_sitenote_category":0,"ocean_post_layout":"","ocean_both_sidebars_style":"","ocean_both_sidebars_content_width":0,"ocean_both_sidebars_sidebars_width":0,"ocean_sidebar":"0","ocean_second_sidebar":"0","ocean_disable_margins":"enable","ocean_add_body_class":"","ocean_shortcode_before_top_bar":"","ocean_shortcode_after_top_bar":"","ocean_shortcode_before_header":"","ocean_shortcode_after_header":"","ocean_has_shortcode":"","ocean_shortcode_after_title":"","ocean_shortcode_before_footer_widgets":"","ocean_shortcode_after_footer_widgets":"","ocean_shortcode_before_footer_bottom":"","ocean_shortcode_after_footer_bottom":"","ocean_display_top_bar":"default","ocean_display_header":"default","ocean_header_style":"","ocean_center_header_left_menu":"0","ocean_custom_header_template":"0","ocean_custom_logo":0,"ocean_custom_retina_logo":0,"ocean_custom_logo_max_width":0,"ocean_custom_logo_tablet_max_width":0,"ocean_custom_logo_mobile_max_width":0,"ocean_custom_logo_max_height":0,"ocean_custom_logo_tablet_max_height":0,"ocean_custom_logo_mobile_max_height":0,"ocean_header_custom_menu":"0","ocean_menu_typo_font_family":"0","ocean_menu_typo_font_subset":"","ocean_menu_typo_font_size":0,"ocean_menu_typo_font_size_tablet":0,"ocean_menu_typo_font_size_mobile":0,"ocean_menu_typo_font_size_unit":"px","ocean_menu_typo_font_weight":"","ocean_menu_typo_font_weight_tablet":"","ocean_menu_typo_font_weight_mobile":"","ocean_menu_typo_transform":"","ocean_menu_typo_transform_tablet":"","ocean_menu_typo_transform_mobile":"","ocean_menu_typo_line_height":0,"ocean_menu_typo_line_height_tablet":0,"ocean_menu_typo_line_height_mobile":0,"ocean_menu_typo_line_height_unit":"","ocean_menu_typo_spacing":0,"ocean_menu_typo_spacing_tablet":0,"ocean_menu_typo_spacing_mobile":0,"ocean_menu_typo_spacing_unit":"","ocean_menu_link_color":"","ocean_menu_link_color_hover":"","ocean_menu_link_color_active":"","ocean_menu_link_background":"","ocean_menu_link_hover_background":"","ocean_menu_link_active_background":"","ocean_menu_social_links_bg":"","ocean_menu_social_hover_links_bg":"","ocean_menu_social_links_color":"","ocean_menu_social_hover_links_color":"","ocean_disable_title":"default","ocean_disable_heading":"default","ocean_post_title":"","ocean_post_subheading":"","ocean_post_title_style":"","ocean_post_title_background_color":"","ocean_post_title_background":0,"ocean_post_title_bg_image_position":"","ocean_post_title_bg_image_attachment":"","ocean_post_title_bg_image_repeat":"","ocean_post_title_bg_image_size":"","ocean_post_title_height":0,"ocean_post_title_bg_overlay":0.5,"ocean_post_title_bg_overlay_color":"","ocean_disable_breadcrumbs":"default","ocean_breadcrumbs_color":"","ocean_breadcrumbs_separator_color":"","ocean_breadcrumbs_links_color":"","ocean_breadcrumbs_links_hover_color":"","ocean_display_footer_widgets":"default","ocean_display_footer_bottom":"default","ocean_custom_footer_template":"0","footnotes":"","_links_to":"","_links_to_target":""},"class_list":["post-3363","page","type-page","status-publish","hentry","entry"],"_links":{"self":[{"href":"https:\/\/sites.usp.br\/laboratorioseach\/wp-json\/wp\/v2\/pages\/3363","targetHints":{"allow":["GET"]}}],"collection":[{"href":"https:\/\/sites.usp.br\/laboratorioseach\/wp-json\/wp\/v2\/pages"}],"about":[{"href":"https:\/\/sites.usp.br\/laboratorioseach\/wp-json\/wp\/v2\/types\/page"}],"author":[{"embeddable":true,"href":"https:\/\/sites.usp.br\/laboratorioseach\/wp-json\/wp\/v2\/users\/24157"}],"replies":[{"embeddable":true,"href":"https:\/\/sites.usp.br\/laboratorioseach\/wp-json\/wp\/v2\/comments?post=3363"}],"version-history":[{"count":4,"href":"https:\/\/sites.usp.br\/laboratorioseach\/wp-json\/wp\/v2\/pages\/3363\/revisions"}],"predecessor-version":[{"id":4792,"href":"https:\/\/sites.usp.br\/laboratorioseach\/wp-json\/wp\/v2\/pages\/3363\/revisions\/4792"}],"wp:attachment":[{"href":"https:\/\/sites.usp.br\/laboratorioseach\/wp-json\/wp\/v2\/media?parent=3363"}],"curies":[{"name":"wp","href":"https:\/\/api.w.org\/{rel}","templated":true}]}}