{"id":4693,"date":"2024-09-19T18:27:11","date_gmt":"2024-09-19T21:27:11","guid":{"rendered":"https:\/\/sites.usp.br\/laboratorioseach\/?page_id=4693"},"modified":"2026-04-09T17:34:06","modified_gmt":"2026-04-09T20:34:06","slug":"reagentes-controlados","status":"publish","type":"page","link":"https:\/\/sites.usp.br\/laboratorioseach\/reagentes-controlados\/","title":{"rendered":"REAGENTES CONTROLADOS"},"content":{"rendered":"\t\t<div data-elementor-type=\"wp-page\" data-elementor-id=\"4693\" class=\"elementor elementor-4693\" data-elementor-post-type=\"page\">\n\t\t\t\t\t\t<section class=\"elementor-section elementor-top-section elementor-element elementor-element-8c31522 elementor-section-boxed elementor-section-height-default elementor-section-height-default\" data-id=\"8c31522\" data-element_type=\"section\" data-settings=\"{&quot;background_background&quot;:&quot;classic&quot;}\">\n\t\t\t\t\t\t<div class=\"elementor-container elementor-column-gap-default\">\n\t\t\t\t\t<div class=\"elementor-column elementor-col-50 elementor-top-column elementor-element elementor-element-1b6a1b2\" data-id=\"1b6a1b2\" data-element_type=\"column\">\n\t\t\t<div class=\"elementor-widget-wrap elementor-element-populated\">\n\t\t\t\t\t\t<div class=\"elementor-element elementor-element-728f77c elementor-invisible elementor-widget elementor-widget-heading\" data-id=\"728f77c\" data-element_type=\"widget\" data-settings=\"{&quot;_animation&quot;:&quot;fadeIn&quot;}\" data-widget_type=\"heading.default\">\n\t\t\t\t<div class=\"elementor-widget-container\">\n\t\t\t<h2 class=\"elementor-heading-title elementor-size-default\">reagentes controlados<\/h2>\t\t<\/div>\n\t\t\t\t<\/div>\n\t\t\t\t\t<\/div>\n\t\t<\/div>\n\t\t\t\t<div class=\"elementor-column elementor-col-50 elementor-top-column elementor-element elementor-element-f4d0413\" data-id=\"f4d0413\" data-element_type=\"column\">\n\t\t\t<div class=\"elementor-widget-wrap elementor-element-populated\">\n\t\t\t\t\t\t<div class=\"elementor-element elementor-element-20aca94 elementor-invisible elementor-widget elementor-widget-image\" data-id=\"20aca94\" data-element_type=\"widget\" data-settings=\"{&quot;_animation&quot;:&quot;fadeIn&quot;}\" data-widget_type=\"image.default\">\n\t\t\t\t<div class=\"elementor-widget-container\">\n\t\t\t\t\t\t\t\t\t\t\t\t\t<img fetchpriority=\"high\" decoding=\"async\" width=\"512\" height=\"512\" src=\"https:\/\/sites.usp.br\/laboratorioseach\/wp-content\/uploads\/sites\/1517\/2024\/09\/licenciamento.png\" class=\"attachment-full size-full wp-image-4696\" alt=\"\" srcset=\"https:\/\/sites.usp.br\/laboratorioseach\/wp-content\/uploads\/sites\/1517\/2024\/09\/licenciamento.png 512w, https:\/\/sites.usp.br\/laboratorioseach\/wp-content\/uploads\/sites\/1517\/2024\/09\/licenciamento-300x300.png 300w, https:\/\/sites.usp.br\/laboratorioseach\/wp-content\/uploads\/sites\/1517\/2024\/09\/licenciamento-150x150.png 150w, https:\/\/sites.usp.br\/laboratorioseach\/wp-content\/uploads\/sites\/1517\/2024\/09\/licenciamento-45x45.png 45w, https:\/\/sites.usp.br\/laboratorioseach\/wp-content\/uploads\/sites\/1517\/2024\/09\/licenciamento-200x200.png 200w, https:\/\/sites.usp.br\/laboratorioseach\/wp-content\/uploads\/sites\/1517\/2024\/09\/licenciamento-400x400.png 400w\" sizes=\"(max-width: 512px) 100vw, 512px\" \/>\t\t\t\t\t\t\t\t\t\t\t\t\t<\/div>\n\t\t\t\t<\/div>\n\t\t\t\t\t<\/div>\n\t\t<\/div>\n\t\t\t\t\t<\/div>\n\t\t<\/section>\n\t\t\t\t<section class=\"elementor-section elementor-top-section elementor-element elementor-element-e032e6e elementor-section-boxed elementor-section-height-default elementor-section-height-default\" data-id=\"e032e6e\" data-element_type=\"section\">\n\t\t\t\t\t\t<div class=\"elementor-container elementor-column-gap-default\">\n\t\t\t\t\t<div class=\"elementor-column elementor-col-100 elementor-top-column elementor-element elementor-element-bdc47d4\" data-id=\"bdc47d4\" data-element_type=\"column\">\n\t\t\t<div class=\"elementor-widget-wrap elementor-element-populated\">\n\t\t\t\t\t\t<div class=\"elementor-element elementor-element-86afab0 elementor-widget elementor-widget-text-editor\" data-id=\"86afab0\" data-element_type=\"widget\" data-widget_type=\"text-editor.default\">\n\t\t\t\t<div class=\"elementor-widget-container\">\n\t\t\t\t\t\t\t<p>Nesta p\u00e1gina, apresentamos algumas informa\u00e7\u00f5es b\u00e1sicas sobre reagentes controlados, \u00f3rg\u00e3os respons\u00e1veis pela fiscaliza\u00e7\u00e3o desses itens e o procedimento para aquisi\u00e7\u00e3o desses materiais.\u00a0<\/p>\t\t\t\t\t\t<\/div>\n\t\t\t\t<\/div>\n\t\t\t\t\t<\/div>\n\t\t<\/div>\n\t\t\t\t\t<\/div>\n\t\t<\/section>\n\t\t\t\t<section class=\"elementor-section elementor-top-section elementor-element elementor-element-b63a3b6 elementor-section-boxed elementor-section-height-default elementor-section-height-default\" data-id=\"b63a3b6\" data-element_type=\"section\">\n\t\t\t\t\t\t<div class=\"elementor-container elementor-column-gap-default\">\n\t\t\t\t\t<div class=\"elementor-column elementor-col-100 elementor-top-column elementor-element elementor-element-17af5e3\" data-id=\"17af5e3\" data-element_type=\"column\">\n\t\t\t<div class=\"elementor-widget-wrap elementor-element-populated\">\n\t\t\t\t\t\t<div class=\"elementor-element elementor-element-65d4f84 elementor-widget elementor-widget-toggle\" data-id=\"65d4f84\" data-element_type=\"widget\" data-widget_type=\"toggle.default\">\n\t\t\t\t<div class=\"elementor-widget-container\">\n\t\t\t\t\t<div class=\"elementor-toggle\">\n\t\t\t\t\t\t\t<div class=\"elementor-toggle-item\">\n\t\t\t\t\t<div id=\"elementor-tab-title-1061\" class=\"elementor-tab-title\" data-tab=\"1\" role=\"button\" aria-controls=\"elementor-tab-content-1061\" aria-expanded=\"false\">\n\t\t\t\t\t\t\t\t\t\t\t\t<span class=\"elementor-toggle-icon elementor-toggle-icon-left\" aria-hidden=\"true\">\n\t\t\t\t\t\t\t\t\t\t\t\t\t\t\t<span class=\"elementor-toggle-icon-closed\"><i class=\"fas fa-caret-right\"><\/i><\/span>\n\t\t\t\t\t\t\t\t<span class=\"elementor-toggle-icon-opened\"><i class=\"elementor-toggle-icon-opened fas fa-caret-up\"><\/i><\/span>\n\t\t\t\t\t\t\t\t\t\t\t\t\t<\/span>\n\t\t\t\t\t\t\t\t\t\t\t\t<a class=\"elementor-toggle-title\" tabindex=\"0\">DEFINI\u00c7\u00d5ES<\/a>\n\t\t\t\t\t<\/div>\n\n\t\t\t\t\t<div id=\"elementor-tab-content-1061\" class=\"elementor-tab-content elementor-clearfix\" data-tab=\"1\" role=\"region\" aria-labelledby=\"elementor-tab-title-1061\"><p><strong>Produtos Qu\u00edmicos Controlados<\/strong> (PQCs): por conceito, s\u00e3o subst\u00e2ncias qu\u00edmicas e formula\u00e7\u00f5es que as contenham, nas concentra\u00e7\u00f5es e\/ou quantidades estabelecidas por seus respectivos \u00f3rg\u00e3os de controle.\u00a0 Podem ainda ser definidos como produtos que oferecem riscos \u00e0 seguran\u00e7a das pessoas e da coletividade e, por isso, as atividades com esses produtos s\u00e3o controladas e fiscalizadas por \u00f3rg\u00e3os espec\u00edficos. Para realizar qualquer atividade com esses produtos \u00e9 necess\u00e1rio obedecer a legisla\u00e7\u00e3o vigente, obtendo autoriza\u00e7\u00f5es e licen\u00e7as, al\u00e9m de prestar contas regularmente das atividades desenvolvidas.\u00a0<\/p><p><strong>Mapa de Controle: <\/strong>segundo o site da Pol\u00edcia Federal, \u00e9 o documento que comprova o envio do Mapa Mensal de Controle de produtos qu\u00edmicos \u00e0 Pol\u00edcia Federal pela pessoa devidamente cadastrada e licenciada na empresa.<\/p><p><strong>Mapa Mensal de Controle: <\/strong>segundo o mesmo site, &#8220;s\u00e3o as informa\u00e7\u00f5es referente \u00e0s atividades praticadas com produtos qu\u00edmicos controlados realizadas durante o m\u00eas calend\u00e1rio e encaminhadas at\u00e9 o d\u00e9cimo quinto dia do m\u00eas subsequente. S\u00e3o informa\u00e7\u00f5es devidas por pessoa f\u00edsica e jur\u00eddica que exerceu atividade com produtos qu\u00edmicos controlados pela Pol\u00edcia Federal. \u00a0(art. 8\u00ba e 9\u00ba da Lei 10.357\/01 e \u00a7\u00a7 1\u00ba e 2\u00ba do art. 50 da Portaria 240\/2019)&#8221;<\/p><p><strong>Licen\u00e7a para Produtos Qu\u00edmicos Controlados<\/strong>: \u00c9 a autoriza\u00e7\u00e3o, concedida pelo \u00f3rg\u00e3o ou institui\u00e7\u00e3o de fiscaliza\u00e7\u00e3o, para aqueles que necessitem realizar atividades com produtos qu\u00edmicos controlados e atendam aos requisitos previstos na legisla\u00e7\u00e3o vigente.<\/p><\/div>\n\t\t\t\t<\/div>\n\t\t\t\t\t\t\t<div class=\"elementor-toggle-item\">\n\t\t\t\t\t<div id=\"elementor-tab-title-1062\" class=\"elementor-tab-title\" data-tab=\"2\" role=\"button\" aria-controls=\"elementor-tab-content-1062\" aria-expanded=\"false\">\n\t\t\t\t\t\t\t\t\t\t\t\t<span class=\"elementor-toggle-icon elementor-toggle-icon-left\" aria-hidden=\"true\">\n\t\t\t\t\t\t\t\t\t\t\t\t\t\t\t<span class=\"elementor-toggle-icon-closed\"><i class=\"fas fa-caret-right\"><\/i><\/span>\n\t\t\t\t\t\t\t\t<span class=\"elementor-toggle-icon-opened\"><i class=\"elementor-toggle-icon-opened fas fa-caret-up\"><\/i><\/span>\n\t\t\t\t\t\t\t\t\t\t\t\t\t<\/span>\n\t\t\t\t\t\t\t\t\t\t\t\t<a class=\"elementor-toggle-title\" tabindex=\"0\">\u00d3RG\u00c3OS DE CONTROLE E FISCALIZA\u00c7\u00c3O<\/a>\n\t\t\t\t\t<\/div>\n\n\t\t\t\t\t<div id=\"elementor-tab-content-1062\" class=\"elementor-tab-content elementor-clearfix\" data-tab=\"2\" role=\"region\" aria-labelledby=\"elementor-tab-title-1062\"><p>Os PQCs est\u00e3o sujeitos \u00e0 fiscaliza\u00e7\u00e3o dos seguintes \u00f3rg\u00e3os e institui\u00e7\u00f5es:<\/p><ul><li style=\"list-style-type: none;\"><ul><li><strong>Pol\u00edcia Civil do Estado de S\u00e3o Paulo\u00a0<\/strong><span style=\"font-variant-ligatures: normal; font-variant-caps: normal; font-family: 'Source Sans Pro', sans-serif; font-size: 18px; font-style: normal; font-weight: 600;\">(PC)\u00a0<\/span><\/li><li><strong>Pol\u00edcia Federal do Brasil (PF) ou Departamento da Pol\u00edcia Federal (DPF)<\/strong><\/li><li><strong>Ex\u00e9rcito Brasileiro (EB)<\/strong><\/li><\/ul><\/li><\/ul><p>Essa fiscaliza\u00e7\u00e3o torna obrigat\u00f3rio \u00e0s empresas a aquisi\u00e7\u00e3o de licen\u00e7as espec\u00edficas de autoridades competentes de controle desses tipos de produtos. <span style=\"text-decoration: underline;\">A aus\u00eancia das licen\u00e7as implica em multas e restri\u00e7\u00f5es das atividades do empreendimento<\/span>.<\/p><p>Em S\u00e3o Paulo, a <strong>Pol\u00edcia Civil<\/strong> controla as atividades com produtos agressivos, corrosivos,\u00a0 explosivos, inflam\u00e1veis e outros.\u00a0<\/p><p><span style=\"font-family: 'Source Sans Pro', sans-serif; font-size: 18px; font-style: normal; font-variant-ligatures: normal; font-variant-caps: normal; font-weight: 400;\">A <\/span><b style=\"font-family: 'Source Sans Pro', sans-serif; font-size: 18px; font-style: normal; font-variant-ligatures: normal; font-variant-caps: normal;\">Pol\u00edcia Federal<\/b><span style=\"font-family: 'Source Sans Pro', sans-serif; font-size: 18px; font-style: normal; font-variant-ligatures: normal; font-variant-caps: normal;\"> controla as atividades com produtos qu\u00edmicos que, direta ou indiretamente, possam ser destinados \u00e0 elabora\u00e7\u00e3o il\u00edcita de subst\u00e2ncias entorpecentes, psicotr\u00f3picas ou que determinem depend\u00eancia f\u00edsica ou ps\u00edquica.<\/span><\/p><p>O <b>Ex\u00e9rcito Brasileiro<\/b> controla as atividades com produtos com poder destrutivo, como explosivos, precursores de explosivos, agentes de guerra qu\u00edmica e outros produtos de interesse militar.<\/p><p>E quais as atividades controladas por esses \u00f3rg\u00e3os? Podemos listar:<\/p><ul><li>Fabrica\u00e7\u00e3o, produ\u00e7\u00e3o, armazenamento, transforma\u00e7\u00e3o<\/li><li>Embalagem, compra, venda, comercializa\u00e7\u00e3o, aquisi\u00e7\u00e3o, posse, doa\u00e7\u00e3o, empr\u00e9stimo, permuta<\/li><li>Remessa, transporte, distribui\u00e7\u00e3o, importa\u00e7\u00e3o, reexporta\u00e7\u00e3o<\/li><li>Cess\u00e3o, reaproveitamento, reciclagem, transfer\u00eancia e utiliza\u00e7\u00e3o<\/li><\/ul><\/div>\n\t\t\t\t<\/div>\n\t\t\t\t\t\t\t<div class=\"elementor-toggle-item\">\n\t\t\t\t\t<div id=\"elementor-tab-title-1063\" class=\"elementor-tab-title\" data-tab=\"3\" role=\"button\" aria-controls=\"elementor-tab-content-1063\" aria-expanded=\"false\">\n\t\t\t\t\t\t\t\t\t\t\t\t<span class=\"elementor-toggle-icon elementor-toggle-icon-left\" aria-hidden=\"true\">\n\t\t\t\t\t\t\t\t\t\t\t\t\t\t\t<span class=\"elementor-toggle-icon-closed\"><i class=\"fas fa-caret-right\"><\/i><\/span>\n\t\t\t\t\t\t\t\t<span class=\"elementor-toggle-icon-opened\"><i class=\"elementor-toggle-icon-opened fas fa-caret-up\"><\/i><\/span>\n\t\t\t\t\t\t\t\t\t\t\t\t\t<\/span>\n\t\t\t\t\t\t\t\t\t\t\t\t<a class=\"elementor-toggle-title\" tabindex=\"0\">LISTAS DE PRODUTOS QU\u00cdMICOS CONTROLADOS<\/a>\n\t\t\t\t\t<\/div>\n\n\t\t\t\t\t<div id=\"elementor-tab-content-1063\" class=\"elementor-tab-content elementor-clearfix\" data-tab=\"3\" role=\"region\" aria-labelledby=\"elementor-tab-title-1063\"><p><span style=\"font-size: 18px; color: var( --e-global-color-text );\">Cada \u00f3rg\u00e3o e institui\u00e7\u00e3o estabelece a lista de produtos que controla, as atividades sujeitas a controle (fabrica\u00e7\u00e3o, importa\u00e7\u00e3o, exporta\u00e7\u00e3o, com\u00e9rcio, armazenagem, utiliza\u00e7\u00e3o etc.) e os crit\u00e9rios para fornecimento e manuten\u00e7\u00e3o das licen\u00e7as. Para acessar as listas, clique nas institui\u00e7\u00f5es abaixo:<\/span><\/p><ul><li><a href=\"https:\/\/www.imprensaoficial.com.br\/DO\/BuscaDO2001Documento_11_4.aspx?link=%2F2003%2Fexecutivo%2520secao%2520i%2Fagosto%2F09%2FPag_0006_F0DFMA31TNRS9e733KSKMMPCPBD.pdf&amp;pagina=6&amp;data=09\/08\/2003&amp;caderno=Executivo%20I&amp;paginaordenacao=10006\" target=\"_blank\" rel=\"noopener\"><strong>Pol\u00edcia Civil do Estado de S\u00e3o Paulo\u00a0<\/strong><\/a><span style=\"font-variant-ligatures: normal; font-variant-caps: normal; font-family: 'Source Sans Pro', sans-serif; font-size: 18px; font-style: normal; font-weight: 600;\">(PC)*\u00a0<\/span><\/li><li><a href=\"https:\/\/www.gov.br\/pf\/pt-br\/assuntos\/produtos-quimicos\/legislacao\/listas204.pdf\" target=\"_blank\" rel=\"noopener\"><strong>Pol\u00edcia Federal do Brasil (PF)<\/strong><\/a><\/li><li><a href=\"https:\/\/www.planalto.gov.br\/ccivil_03\/decreto\/Anexos\/D3665AnexoI.htm\" target=\"_blank\" rel=\"noopener\"><strong>Ex\u00e9rcito Brasileiro (EB)<\/strong><\/a><\/li><\/ul><p>*P\u00e1ginas de 6 a 10 do site da Prodesp<\/p><\/div>\n\t\t\t\t<\/div>\n\t\t\t\t\t\t\t<div class=\"elementor-toggle-item\">\n\t\t\t\t\t<div id=\"elementor-tab-title-1064\" class=\"elementor-tab-title\" data-tab=\"4\" role=\"button\" aria-controls=\"elementor-tab-content-1064\" aria-expanded=\"false\">\n\t\t\t\t\t\t\t\t\t\t\t\t<span class=\"elementor-toggle-icon elementor-toggle-icon-left\" aria-hidden=\"true\">\n\t\t\t\t\t\t\t\t\t\t\t\t\t\t\t<span class=\"elementor-toggle-icon-closed\"><i class=\"fas fa-caret-right\"><\/i><\/span>\n\t\t\t\t\t\t\t\t<span class=\"elementor-toggle-icon-opened\"><i class=\"elementor-toggle-icon-opened fas fa-caret-up\"><\/i><\/span>\n\t\t\t\t\t\t\t\t\t\t\t\t\t<\/span>\n\t\t\t\t\t\t\t\t\t\t\t\t<a class=\"elementor-toggle-title\" tabindex=\"0\">REAGENTES CONTROLADOS NA EACH - COMPRAS, LICEN\u00c7AS E INFORMA\u00c7\u00d5ES ADICIONAIS<\/a>\n\t\t\t\t\t<\/div>\n\n\t\t\t\t\t<div id=\"elementor-tab-content-1064\" class=\"elementor-tab-content elementor-clearfix\" data-tab=\"4\" role=\"region\" aria-labelledby=\"elementor-tab-title-1064\"><div><div id=\"m_4416833787797632981gmail-block-system-main\"><div><div><div><div><div><p>PROCEDIMENTOS \u00a0&#8211; \u00a0Aquisi\u00e7\u00e3o de Produtos Qu\u00edmicos Controlados (PQC).<\/p><p><span style=\"color: #000000;\">A aquisi\u00e7\u00e3o de um PQC deve ser feita exclusivamente em nome da EACH.\u00a0<\/span><\/p><p><b><span style=\"color: #ff0000;\">OBS: Jamais compre um PQC em seu nome ou com seu CPF. N\u00e3o doe nem aceite doa\u00e7\u00f5es de PQCs.\u00a0<\/span><\/b><\/p><p><span style=\"color: #000000;\">Para comprar um PQC, siga o roteiro abaixo:<\/span><\/p><ol><li><span style=\"color: #000000;\">Solicite ao fornecedor um or\u00e7amento em nome da EACH com o PQC de interesse. <span style=\"text-decoration: underline;\">N\u00e3o incluir produtos controlados e n\u00e3o controlados num mesmo or\u00e7amento<\/span>. O or\u00e7amento poder\u00e1 incluir no campo de observa\u00e7\u00f5es, dados do projeto, benefici\u00e1rio e ag\u00eancia de fomento. O campo de observa\u00e7\u00f5es dever\u00e1 ser transferido para a Nota Fiscal. O mesmo procedimento vale para produtos importados.<br \/><\/span><\/li><\/ol><p><span style=\"color: #000000;\">\u00a02. O or\u00e7amento deve sempre ser emitido em nome de:<\/span><\/p><h1 style=\"padding-left: 40px;\"><span style=\"color: #000000;\"><strong style=\"font-size: 18px;\">Escola de Artes, Ci\u00eancias e Humanidades<br \/><\/strong><\/span><span style=\"font-size: 18px; color: #000000;\"><strong>CNPJ:\u00a063.025.530\u00a0\/ 0062-26<br \/><\/strong><\/span><strong style=\"font-size: 18px; color: #000000;\">Rua Arlindo B\u00e9ttio 1000, S\u00e3o Paulo, SP, Brasil<br \/><\/strong><strong style=\"font-size: 18px; color: #000000;\">CEP:\u00a003828-010<\/strong><\/h1><p align=\"left\"><span style=\"color: #000000;\">\u00a03. Dispondo de licen\u00e7a, a EACH enviar\u00e1 c\u00f3pia da licen\u00e7a ao interessado que poder\u00e1 us\u00e1-la exclusivamente para a compra em quest\u00e3o. As ag\u00eancias de fomento aceitam notas fiscais de PQC emitidas em nome do EACH em sua presta\u00e7\u00e3o de contas.<\/span><\/p><ul><li style=\"list-style-type: none;\"><ul><li><span style=\"color: #000000;\">Outras informa\u00e7\u00f5es, tais como, nome, CPF, local de entrega e processo FAPESP, CAPES, etc. e o valor do desconto de ICMS (veja abaixo), dever\u00e3o constar no campo &#8220;Dados Adicionais&#8221; da nota fiscal.<\/span><\/li><li><span style=\"color: #000000;\">A EACH tem direito \u00e0 isen\u00e7\u00e3o de ICMS na aquisi\u00e7\u00e3o de produtos destinados \u00e0 pesquisa. Em aten\u00e7\u00e3o ao decreto 48.034\/2003, o valor do desconto de ICMS nas notas fiscais emitidas em nome da EACH, dever\u00e1 constar no campo &#8220;Dados Adicionais&#8221;.<\/span><\/li><\/ul><\/li><\/ul><\/div><\/div><\/div><\/div><\/div><\/div><\/div><p><span style=\"color: #000000;\">\u00a04. Recebido o material, o interessado dever\u00e1 <span style=\"text-decoration: underline;\">enviar c\u00f3pia da NF em formato PDF<\/span> ao operador respons\u00e1vel na EACH, sr. Ernani, no e-mail <a href=\"mailto:barone60@usp.br\" target=\"_blank\" rel=\"noopener\">barone60@usp.br<\/a>\u00a0para registro e declara\u00e7\u00e3o junto \u00e0s autoridades competentes.<\/span><\/p><ul><li style=\"list-style-type: none;\"><ul><li><div>A fun\u00e7\u00e3o do operador neste processo \u00e9 informar mensalmente a movimenta\u00e7\u00e3o destes produtos. O operador n\u00e3o controla o recebimento dos produtos controlados e seu consumo, apenas repassa \u00e0 Pol\u00edcia Federal informa\u00e7\u00f5es recebidas por quem adquiriu e quanto foi consumido.<span style=\"font-size: 18px; color: var( --e-global-color-text );\">\u00a0<\/span><\/div><\/li><li>Os produtos recebidos\/consumidos pelos laborat\u00f3rios did\u00e1ticos tamb\u00e9m devem constar deste MAPA. Enquanto que os <span style=\"color: var( --e-global-color-text ); font-size: 18px;\">produtos adquiridos pelo Setor de Compras tamb\u00e9m informar notas fiscais de produtos controlados.<\/span><\/li><\/ul><\/li><\/ul><p><span style=\"color: #000000;\">\u00a05. O PQC dever\u00e1 ser adequadamente disposto no Laborat\u00f3rio do interessado. Para todos os efeitos, o produto ser\u00e1 considerado em uso no laborat\u00f3rio, uma vez que a EACH n\u00e3o disp\u00f5e de almoxarifado para produtos qu\u00edmicos.<\/span><\/p><\/div>\n\t\t\t\t<\/div>\n\t\t\t\t\t\t\t\t<\/div>\n\t\t\t\t<\/div>\n\t\t\t\t<\/div>\n\t\t\t\t\t<\/div>\n\t\t<\/div>\n\t\t\t\t\t<\/div>\n\t\t<\/section>\n\t\t\t\t<section class=\"elementor-section elementor-top-section elementor-element elementor-element-557fdd1 elementor-section-boxed elementor-section-height-default elementor-section-height-default\" data-id=\"557fdd1\" data-element_type=\"section\">\n\t\t\t\t\t\t<div class=\"elementor-container elementor-column-gap-default\">\n\t\t\t\t\t<div class=\"elementor-column elementor-col-100 elementor-top-column elementor-element elementor-element-300a5a9\" data-id=\"300a5a9\" data-element_type=\"column\">\n\t\t\t<div class=\"elementor-widget-wrap elementor-element-populated\">\n\t\t\t\t\t\t<div class=\"elementor-element elementor-element-14ebced elementor-widget elementor-widget-text-editor\" data-id=\"14ebced\" data-element_type=\"widget\" data-widget_type=\"text-editor.default\">\n\t\t\t\t<div class=\"elementor-widget-container\">\n\t\t\t\t\t\t\t<p>Em caso de d\u00favidas sobre a compra de reagentes controlados pela\u00a0\u00a0<span style=\"font-family: 'Source Sans Pro', sans-serif; font-size: 18px; font-style: normal; font-variant-ligatures: normal; font-variant-caps: normal; font-weight: 400; text-decoration: underline;\">Pol\u00edcia Civil,<\/span><span style=\"font-family: 'Source Sans Pro', sans-serif; font-size: 18px; font-style: normal; font-variant-ligatures: normal; font-variant-caps: normal; font-weight: 400;\">\u00a0<\/span><span style=\"font-family: 'Source Sans Pro', sans-serif; font-size: 18px; font-style: normal; font-variant-ligatures: normal; font-variant-caps: normal; font-weight: 400; text-decoration: underline;\">Pol\u00edcia Federal<\/span><span style=\"font-family: 'Source Sans Pro', sans-serif; font-size: 18px; font-style: normal; font-variant-ligatures: normal; font-variant-caps: normal; font-weight: 400;\">,<\/span><span style=\"font-family: 'Source Sans Pro', sans-serif; font-size: 18px; font-style: normal; font-variant-ligatures: normal; font-variant-caps: normal; font-weight: 400;\">\u00a0ou pelo\u00a0<\/span><span style=\"font-family: 'Source Sans Pro', sans-serif; font-size: 18px; font-style: normal; font-variant-ligatures: normal; font-variant-caps: normal; font-weight: 400; text-decoration: underline;\">Ex\u00e9rcito Brasileiro<\/span><span style=\"font-size: 18px;\">\u00a0entre em contato com <\/span><strong style=\"font-size: 18px;\">Ervin Sriubas Junior<\/strong><span style=\"font-size: 18px;\"> pelo telefone (11) 3091-1019 ou pelo e-mail <\/span><a style=\"font-size: 18px; background-color: #f9f9f9;\" href=\"mailto:barone60@usp.br\" target=\"_blank\" rel=\"noopener\">controlados-each@usp.br<\/a><span style=\"font-size: 18px;\">\u00a0.<\/span><\/p>\t\t\t\t\t\t<\/div>\n\t\t\t\t<\/div>\n\t\t\t\t\t<\/div>\n\t\t<\/div>\n\t\t\t\t\t<\/div>\n\t\t<\/section>\n\t\t\t\t<\/div>\n\t\t","protected":false},"excerpt":{"rendered":"<p>reagentes controlados Nesta p\u00e1gina, apresentamos algumas informa\u00e7\u00f5es b\u00e1sicas sobre reagentes controlados, \u00f3rg\u00e3os respons\u00e1veis pela fiscaliza\u00e7\u00e3o desses itens e o procedimento para aquisi\u00e7\u00e3o desses materiais.\u00a0 DEFINI\u00c7\u00d5ES Produtos Qu\u00edmicos Controlados (PQCs): por conceito, s\u00e3o subst\u00e2ncias qu\u00edmicas e formula\u00e7\u00f5es que as contenham, nas concentra\u00e7\u00f5es e\/ou quantidades estabelecidas por seus respectivos \u00f3rg\u00e3os de controle.\u00a0 Podem ainda ser definidos como [&hellip;]<\/p>\n","protected":false},"author":24157,"featured_media":0,"parent":0,"menu_order":0,"comment_status":"closed","ping_status":"closed","template":"elementor_header_footer","meta":{"_monsterinsights_skip_tracking":false,"_monsterinsights_sitenote_active":false,"_monsterinsights_sitenote_note":"","_monsterinsights_sitenote_category":0,"ocean_post_layout":"","ocean_both_sidebars_style":"","ocean_both_sidebars_content_width":0,"ocean_both_sidebars_sidebars_width":0,"ocean_sidebar":"0","ocean_second_sidebar":"0","ocean_disable_margins":"enable","ocean_add_body_class":"","ocean_shortcode_before_top_bar":"","ocean_shortcode_after_top_bar":"","ocean_shortcode_before_header":"","ocean_shortcode_after_header":"","ocean_has_shortcode":"","ocean_shortcode_after_title":"","ocean_shortcode_before_footer_widgets":"","ocean_shortcode_after_footer_widgets":"","ocean_shortcode_before_footer_bottom":"","ocean_shortcode_after_footer_bottom":"","ocean_display_top_bar":"default","ocean_display_header":"default","ocean_header_style":"","ocean_center_header_left_menu":"0","ocean_custom_header_template":"0","ocean_custom_logo":0,"ocean_custom_retina_logo":0,"ocean_custom_logo_max_width":0,"ocean_custom_logo_tablet_max_width":0,"ocean_custom_logo_mobile_max_width":0,"ocean_custom_logo_max_height":0,"ocean_custom_logo_tablet_max_height":0,"ocean_custom_logo_mobile_max_height":0,"ocean_header_custom_menu":"0","ocean_menu_typo_font_family":"0","ocean_menu_typo_font_subset":"","ocean_menu_typo_font_size":0,"ocean_menu_typo_font_size_tablet":0,"ocean_menu_typo_font_size_mobile":0,"ocean_menu_typo_font_size_unit":"px","ocean_menu_typo_font_weight":"","ocean_menu_typo_font_weight_tablet":"","ocean_menu_typo_font_weight_mobile":"","ocean_menu_typo_transform":"","ocean_menu_typo_transform_tablet":"","ocean_menu_typo_transform_mobile":"","ocean_menu_typo_line_height":0,"ocean_menu_typo_line_height_tablet":0,"ocean_menu_typo_line_height_mobile":0,"ocean_menu_typo_line_height_unit":"","ocean_menu_typo_spacing":0,"ocean_menu_typo_spacing_tablet":0,"ocean_menu_typo_spacing_mobile":0,"ocean_menu_typo_spacing_unit":"","ocean_menu_link_color":"","ocean_menu_link_color_hover":"","ocean_menu_link_color_active":"","ocean_menu_link_background":"","ocean_menu_link_hover_background":"","ocean_menu_link_active_background":"","ocean_menu_social_links_bg":"","ocean_menu_social_hover_links_bg":"","ocean_menu_social_links_color":"","ocean_menu_social_hover_links_color":"","ocean_disable_title":"default","ocean_disable_heading":"default","ocean_post_title":"","ocean_post_subheading":"","ocean_post_title_style":"","ocean_post_title_background_color":"","ocean_post_title_background":0,"ocean_post_title_bg_image_position":"","ocean_post_title_bg_image_attachment":"","ocean_post_title_bg_image_repeat":"","ocean_post_title_bg_image_size":"","ocean_post_title_height":0,"ocean_post_title_bg_overlay":0.5,"ocean_post_title_bg_overlay_color":"","ocean_disable_breadcrumbs":"default","ocean_breadcrumbs_color":"","ocean_breadcrumbs_separator_color":"","ocean_breadcrumbs_links_color":"","ocean_breadcrumbs_links_hover_color":"","ocean_display_footer_widgets":"default","ocean_display_footer_bottom":"default","ocean_custom_footer_template":"0","footnotes":"","_links_to":"","_links_to_target":""},"class_list":["post-4693","page","type-page","status-publish","hentry","entry"],"_links":{"self":[{"href":"https:\/\/sites.usp.br\/laboratorioseach\/wp-json\/wp\/v2\/pages\/4693","targetHints":{"allow":["GET"]}}],"collection":[{"href":"https:\/\/sites.usp.br\/laboratorioseach\/wp-json\/wp\/v2\/pages"}],"about":[{"href":"https:\/\/sites.usp.br\/laboratorioseach\/wp-json\/wp\/v2\/types\/page"}],"author":[{"embeddable":true,"href":"https:\/\/sites.usp.br\/laboratorioseach\/wp-json\/wp\/v2\/users\/24157"}],"replies":[{"embeddable":true,"href":"https:\/\/sites.usp.br\/laboratorioseach\/wp-json\/wp\/v2\/comments?post=4693"}],"version-history":[{"count":4,"href":"https:\/\/sites.usp.br\/laboratorioseach\/wp-json\/wp\/v2\/pages\/4693\/revisions"}],"predecessor-version":[{"id":5315,"href":"https:\/\/sites.usp.br\/laboratorioseach\/wp-json\/wp\/v2\/pages\/4693\/revisions\/5315"}],"wp:attachment":[{"href":"https:\/\/sites.usp.br\/laboratorioseach\/wp-json\/wp\/v2\/media?parent=4693"}],"curies":[{"name":"wp","href":"https:\/\/api.w.org\/{rel}","templated":true}]}}