{"id":362,"date":"2019-02-25T15:36:16","date_gmt":"2019-02-25T17:36:16","guid":{"rendered":"http:\/\/sites.usp.br\/labpsicog\/?page_id=362"},"modified":"2020-08-20T00:46:02","modified_gmt":"2020-08-20T02:46:02","slug":"eventos","status":"publish","type":"page","link":"https:\/\/sites.usp.br\/labpsicog\/eventos\/","title":{"rendered":"Eventos"},"content":{"rendered":"<div id=\"attachment_553\" style=\"width: 160px\" class=\"wp-caption alignright\"><img loading=\"lazy\" decoding=\"async\" aria-describedby=\"caption-attachment-553\" class=\"size-thumbnail wp-image-553\" src=\"https:\/\/sites.usp.br\/labpsicog\/wp-content\/uploads\/sites\/439\/2020\/08\/Logo-Psicobio-150x150.jpg\" alt=\"Psicobiologia\" width=\"150\" height=\"150\" srcset=\"https:\/\/sites.usp.br\/labpsicog\/wp-content\/uploads\/sites\/439\/2020\/08\/Logo-Psicobio-150x150.jpg 150w, https:\/\/sites.usp.br\/labpsicog\/wp-content\/uploads\/sites\/439\/2020\/08\/Logo-Psicobio-300x300.jpg 300w, https:\/\/sites.usp.br\/labpsicog\/wp-content\/uploads\/sites\/439\/2020\/08\/Logo-Psicobio-768x768.jpg 768w, https:\/\/sites.usp.br\/labpsicog\/wp-content\/uploads\/sites\/439\/2020\/08\/Logo-Psicobio-45x45.jpg 45w, https:\/\/sites.usp.br\/labpsicog\/wp-content\/uploads\/sites\/439\/2020\/08\/Logo-Psicobio-200x200.jpg 200w, https:\/\/sites.usp.br\/labpsicog\/wp-content\/uploads\/sites\/439\/2020\/08\/Logo-Psicobio-400x400.jpg 400w, https:\/\/sites.usp.br\/labpsicog\/wp-content\/uploads\/sites\/439\/2020\/08\/Logo-Psicobio.jpg 900w\" sizes=\"auto, (max-width: 150px) 100vw, 150px\" \/><p id=\"caption-attachment-553\" class=\"wp-caption-text\">XV Reuni\u00e3o Anual da Psicobiologia<\/p><\/div>\n<p><strong>EVENTO: <\/strong>XV Reuni\u00e3o Anual do PPG em Psicobiologia<br \/>\n<strong>Local:<\/strong> FFCLRP\/USP &#8211; Ribeir\u00e3o Preto &#8211; Brasil<br \/>\n17 a 28 de agosto de 2020<br \/>\nParticipante: Me. Jean Felipe Marques<br \/>\nTrabalho: O EFEITO DA FAMILIARIDADE NA RECUPERA\u00c7\u00c3O DA INFORMA\u00c7\u00c3O VISUO-ESPACIAL NA MEM\u00d3RIA DE CURTO PRAZO<br \/>\nComunica\u00e7\u00e3o oral: [download id=&#8221;556&#8243; template=&#8221;Download Apresenta\u00e7\u00e3o Jean Marques&#8221;]<br \/>\nRefer\u00eancias Bibliogr\u00e1ficas: [download id=&#8221;550&#8243; template=&#8221;Download das Refer\u00eancias bibliogr\u00e1ficas&#8221;]<\/p>\n<p>&nbsp;<\/p>\n<p><strong>EVENTO:<\/strong> 3rd Brazilian Meeting on Evolution of Human Behavior<br \/>\n<strong>Local:<\/strong> Bras\u00edlia, BR<br \/>\n10 a 12 de abril de 2019<br \/>\nParticipante: Me. Jean Felipe Marques<br \/>\nTrabalho: Esquecimento na mem\u00f3ria de trabalho visuo-espacial aumenta a carga de mem\u00f3ria, o intervalo de reten\u00e7\u00e3o e a integra\u00e7\u00e3o da informa\u00e7\u00e3o.<br \/>\nPoster:\u00a0[download id=&#8221;493&#8243;]<\/p>\n<p><img loading=\"lazy\" decoding=\"async\" class=\"aligncenter wp-image-506 size-medium\" style=\"font-weight: bold; background-color: transparent;\" src=\"https:\/\/sites.usp.br\/labpsicog\/wp-content\/uploads\/sites\/439\/2019\/06\/20190411_165022-300x225.jpg\" alt=\"\" width=\"300\" height=\"225\" srcset=\"https:\/\/sites.usp.br\/labpsicog\/wp-content\/uploads\/sites\/439\/2019\/06\/20190411_165022-300x225.jpg 300w, https:\/\/sites.usp.br\/labpsicog\/wp-content\/uploads\/sites\/439\/2019\/06\/20190411_165022-768x576.jpg 768w, https:\/\/sites.usp.br\/labpsicog\/wp-content\/uploads\/sites\/439\/2019\/06\/20190411_165022-1024x768.jpg 1024w, https:\/\/sites.usp.br\/labpsicog\/wp-content\/uploads\/sites\/439\/2019\/06\/20190411_165022-80x60.jpg 80w, https:\/\/sites.usp.br\/labpsicog\/wp-content\/uploads\/sites\/439\/2019\/06\/20190411_165022-400x300.jpg 400w\" sizes=\"auto, (max-width: 300px) 100vw, 300px\" \/><\/p>\n<p>Clique <a href=\"https:\/\/sites.usp.br\/labpsicog\/wp-content\/uploads\/sites\/439\/dlm_uploads\/2019\/06\/P\u00f4ster-3edBrazilianMeeting.pdf\">aqui<\/a> para o Poster<\/p>\n<p>&nbsp;<\/p>\n<p>&nbsp;<\/p>\n<p><strong>EVENTO: \u00a016th European Workshop on Imagery and Cognition<\/strong><\/p>\n<p>Local:P\u00e1dua ( It\u00e1lia) &#8211; 7 a 9 de junho de 2018<\/p>\n<p>Participante: Me. Lu\u00edsa Superbia Guimar\u00e3es<\/p>\n<p>Trabalho:\u00a0 Visual search impairs the retro-cue effect in vswm task.<\/p>\n<p><img loading=\"lazy\" decoding=\"async\" class=\"aligncenter size-medium wp-image-516\" src=\"https:\/\/sites.usp.br\/labpsicog\/wp-content\/uploads\/sites\/439\/2019\/07\/35079119_10217220851740381_8954316576555794432_n-1-300x245.jpg\" alt=\"\" width=\"300\" height=\"245\" srcset=\"https:\/\/sites.usp.br\/labpsicog\/wp-content\/uploads\/sites\/439\/2019\/07\/35079119_10217220851740381_8954316576555794432_n-1-300x245.jpg 300w, https:\/\/sites.usp.br\/labpsicog\/wp-content\/uploads\/sites\/439\/2019\/07\/35079119_10217220851740381_8954316576555794432_n-1-768x627.jpg 768w, https:\/\/sites.usp.br\/labpsicog\/wp-content\/uploads\/sites\/439\/2019\/07\/35079119_10217220851740381_8954316576555794432_n-1-400x327.jpg 400w, https:\/\/sites.usp.br\/labpsicog\/wp-content\/uploads\/sites\/439\/2019\/07\/35079119_10217220851740381_8954316576555794432_n-1.jpg 960w\" sizes=\"auto, (max-width: 300px) 100vw, 300px\" \/><\/p>\n","protected":false},"excerpt":{"rendered":"<p>EVENTO: XV Reuni\u00e3o Anual do PPG em Psicobiologia Local: FFCLRP\/USP &#8211; Ribeir\u00e3o Preto &#8211; Brasil 17 a 28 de agosto de 2020 Participante: Me. Jean Felipe Marques Trabalho: O EFEITO DA FAMILIARIDADE NA RECUPERA\u00c7\u00c3O DA INFORMA\u00c7\u00c3O VISUO-ESPACIAL NA MEM\u00d3RIA DE CURTO PRAZO Comunica\u00e7\u00e3o oral: [download id=&#8221;556&#8243; template=&#8221;Download Apresenta\u00e7\u00e3o Jean Marques&#8221;] Refer\u00eancias Bibliogr\u00e1ficas: [download id=&#8221;550&#8243; template=&#8221;Download [&hellip;]<\/p>\n","protected":false},"author":787,"featured_media":0,"parent":0,"menu_order":0,"comment_status":"closed","ping_status":"closed","template":"","meta":{"footnotes":"","_links_to":"","_links_to_target":""},"class_list":["post-362","page","type-page","status-publish","hentry"],"_links":{"self":[{"href":"https:\/\/sites.usp.br\/labpsicog\/wp-json\/wp\/v2\/pages\/362","targetHints":{"allow":["GET"]}}],"collection":[{"href":"https:\/\/sites.usp.br\/labpsicog\/wp-json\/wp\/v2\/pages"}],"about":[{"href":"https:\/\/sites.usp.br\/labpsicog\/wp-json\/wp\/v2\/types\/page"}],"author":[{"embeddable":true,"href":"https:\/\/sites.usp.br\/labpsicog\/wp-json\/wp\/v2\/users\/787"}],"replies":[{"embeddable":true,"href":"https:\/\/sites.usp.br\/labpsicog\/wp-json\/wp\/v2\/comments?post=362"}],"version-history":[{"count":5,"href":"https:\/\/sites.usp.br\/labpsicog\/wp-json\/wp\/v2\/pages\/362\/revisions"}],"predecessor-version":[{"id":558,"href":"https:\/\/sites.usp.br\/labpsicog\/wp-json\/wp\/v2\/pages\/362\/revisions\/558"}],"wp:attachment":[{"href":"https:\/\/sites.usp.br\/labpsicog\/wp-json\/wp\/v2\/media?parent=362"}],"curies":[{"name":"wp","href":"https:\/\/api.w.org\/{rel}","templated":true}]}}