{"id":372,"date":"2019-02-25T15:41:13","date_gmt":"2019-02-25T17:41:13","guid":{"rendered":"http:\/\/sites.usp.br\/labpsicog\/?page_id=372"},"modified":"2020-02-13T17:20:39","modified_gmt":"2020-02-13T19:20:39","slug":"conheca-o-laboratorio","status":"publish","type":"page","link":"https:\/\/sites.usp.br\/labpsicog\/conheca-o-laboratorio\/","title":{"rendered":"Conhe\u00e7a o Laborat\u00f3rio"},"content":{"rendered":"<p>O\u00a0<em>LabPsiCog<\/em> est\u00e1 localizado na Faculdade de Filosofia, Ci\u00eancias e Letras de Ribeir\u00e3o Preto (FFCLRP), da Universidade de S\u00e3o Paulo (USP) no\u00a0<em>campus <\/em>de Ribeir\u00e3o Preto. O Laborat\u00f3rio tem suas pesquisas realizadas junto ao Programa de Psicobiologia.<\/p>\n<p><a href=\"https:\/\/goo.gl\/maps\/NETUB8H6CXGUQRRY6\"><img loading=\"lazy\" decoding=\"async\" class=\"alignleft wp-image-546\" src=\"https:\/\/sites.usp.br\/labpsicog\/wp-content\/uploads\/sites\/439\/2020\/02\/images-150x150.jpg\" alt=\"\" width=\"67\" height=\"67\" srcset=\"https:\/\/sites.usp.br\/labpsicog\/wp-content\/uploads\/sites\/439\/2020\/02\/images-150x150.jpg 150w, https:\/\/sites.usp.br\/labpsicog\/wp-content\/uploads\/sites\/439\/2020\/02\/images-45x45.jpg 45w, https:\/\/sites.usp.br\/labpsicog\/wp-content\/uploads\/sites\/439\/2020\/02\/images.jpg 192w\" sizes=\"auto, (max-width: 67px) 100vw, 67px\" \/><\/a><\/p>\n<p>&nbsp;<\/p>\n<p>&nbsp;<\/p>\n<p><a href=\"https:\/\/goo.gl\/maps\/NETUB8H6CXGUQRRY6\">Clique no \u00edcone<\/a><\/p>\n<p>&nbsp;<\/p>\n","protected":false},"excerpt":{"rendered":"<p>O\u00a0LabPsiCog est\u00e1 localizado na Faculdade de Filosofia, Ci\u00eancias e Letras de Ribeir\u00e3o Preto (FFCLRP), da Universidade de S\u00e3o Paulo (USP) no\u00a0campus de Ribeir\u00e3o Preto. O Laborat\u00f3rio tem suas pesquisas realizadas junto ao Programa de Psicobiologia. &nbsp; &nbsp; Clique no \u00edcone &nbsp;<\/p>\n","protected":false},"author":787,"featured_media":0,"parent":0,"menu_order":0,"comment_status":"closed","ping_status":"closed","template":"","meta":{"footnotes":"","_links_to":"","_links_to_target":""},"class_list":["post-372","page","type-page","status-publish","hentry"],"_links":{"self":[{"href":"https:\/\/sites.usp.br\/labpsicog\/wp-json\/wp\/v2\/pages\/372","targetHints":{"allow":["GET"]}}],"collection":[{"href":"https:\/\/sites.usp.br\/labpsicog\/wp-json\/wp\/v2\/pages"}],"about":[{"href":"https:\/\/sites.usp.br\/labpsicog\/wp-json\/wp\/v2\/types\/page"}],"author":[{"embeddable":true,"href":"https:\/\/sites.usp.br\/labpsicog\/wp-json\/wp\/v2\/users\/787"}],"replies":[{"embeddable":true,"href":"https:\/\/sites.usp.br\/labpsicog\/wp-json\/wp\/v2\/comments?post=372"}],"version-history":[{"count":3,"href":"https:\/\/sites.usp.br\/labpsicog\/wp-json\/wp\/v2\/pages\/372\/revisions"}],"predecessor-version":[{"id":547,"href":"https:\/\/sites.usp.br\/labpsicog\/wp-json\/wp\/v2\/pages\/372\/revisions\/547"}],"wp:attachment":[{"href":"https:\/\/sites.usp.br\/labpsicog\/wp-json\/wp\/v2\/media?parent=372"}],"curies":[{"name":"wp","href":"https:\/\/api.w.org\/{rel}","templated":true}]}}