{"id":62,"date":"2014-02-12T11:28:30","date_gmt":"2014-02-12T13:28:30","guid":{"rendered":"http:\/\/sites.usp.br\/labpsicog\/?page_id=62"},"modified":"2019-03-11T17:05:56","modified_gmt":"2019-03-11T19:05:56","slug":"pagina-1","status":"publish","type":"page","link":"https:\/\/sites.usp.br\/labpsicog\/pagina-1\/","title":{"rendered":"Artigos:"},"content":{"rendered":"<p style=\"text-align: left;\"><strong>2019:\u00a0<\/strong><\/p>\n<p>DEFILIPPI, ANA CLARA NAUFEL ;\u00a0<a href=\"http:\/\/lattes.cnpq.br\/5926226415987505\">GARCIA, R. B.<\/a>\u00a0;\u00a0<strong><a href=\"http:\/\/lattes.cnpq.br\/9138367780340500\">GALERA, C.<\/a><\/strong>\u00a0. Irrelevant sound interference on phonological and tonal working memory in musicians and nonmusicians. Psicologia-Reflexao e Critica, v. 32, p. 1-10, 2019.<\/p>\n<p style=\"text-align: left;\"><strong>2018<\/strong>:<\/p>\n<p>ZAR, T. ;\u00a0<strong>GALERA, C.<\/strong>\u00a0. A din\u00e2mica temporal da aten\u00e7\u00e3o na mem\u00f3ria de trabalho visual. PSICO (PUCRS. ONLINE), v. 49, p. 358, 2018<\/p>\n<p style=\"text-align: left;\"><strong>2016<\/strong>:<\/p>\n<p><a href=\"http:\/\/lattes.cnpq.br\/9138367780340500\">VASQUES, RAFAEL<\/a>\u00a0;\u00a0<a href=\"http:\/\/lattes.cnpq.br\/5926226415987505\">GARCIA, R. B.<\/a>\u00a0;\u00a0<strong><a href=\"http:\/\/lattes.cnpq.br\/9138367780340500\">GALERA, C.<\/a><\/strong>\u00a0. Short-term memory recall of visual patterns under static and dynamic visual noise.. Psychology &amp; Neuroscience (Online), v. 9, p. 46-53, 2016.<\/p>\n<p>JAEGER, A. ;\u00a0<strong><a href=\"http:\/\/lattes.cnpq.br\/9138367780340500\">GALERA, C.<\/a><\/strong>\u00a0; STEIN, L. M. ; LOPES, E. J. . Human memory research:current hypotheses and new perspectives. Estudos de Psicologia (Natal. Online), v. 21, p. 92-103, 2016<\/p>\n<p><strong><a href=\"http:\/\/lattes.cnpq.br\/9138367780340500\">GALERA, C\u00c9SAR ALEXIS<\/a><\/strong>; GUIMAR\u00c3ES, LU\u00cdSA SUPERBIA ; ROSSINI, JOAQUIM CARLOS ; SANTANA, JEANNY JOANA RODRIGUES ALVES DE . A recupera\u00e7\u00e3o da informa\u00e7\u00e3o visual baseada na localiza\u00e7\u00e3o e nas caracter\u00edsticas visuais dos objetos. Estudos de Psicologia (Natal. Online), v. 21, p. 228-238, 2016.<\/p>\n<p>\u00a0<\/p>\n<p style=\"text-align: left;\"><strong>2015:<\/strong><\/p>\n<p>BARBOZA, F. B. R. ;\u00a0<a href=\"http:\/\/lattes.cnpq.br\/9138367780340500\">Garcia, R.B<\/a>\u00a0;\u00a0<strong>GALERA, CESAR<\/strong>\u00a0. Mem\u00f3ria de trabalho fonol\u00f3gica, aten\u00e7\u00e3o visual e leitura em crian\u00e7as de 5\u00aa e 6\u00aa series do ensino fundamental. Estudos de Psicologia (Natal. Online), v. 20, p. 82-91, 2015.<\/p>\n<p><a href=\"http:\/\/lattes.cnpq.br\/5926226415987505\">GARCIA, R. B.<\/a>\u00a0; MAMMARELLA, IRENE C. ; PANCERA, ARIANNA ;\u00a0<strong><a href=\"http:\/\/lattes.cnpq.br\/9138367780340500\">GALERA, C.<\/a><\/strong>\u00a0; CORNOLDI, CESARE . Deficits in visual short-term memory binding in children at risk of non-verbal learning disabilities. Research in Developmental Disabilities, v. 45-46, p. 365-372, 2015.<\/p>\n<p><strong>2014<\/strong>:<\/p>\n<p><a href=\"http:\/\/lattes.cnpq.br\/9138367780340500\">Santana, J.J.R.A.<\/a>\u00a0;\u00a0<a href=\"http:\/\/lattes.cnpq.br\/9138367780340500\">GODOY, J. P. M. C.<\/a>\u00a0;\u00a0<a href=\"http:\/\/lattes.cnpq.br\/9138367780340500\">FERREIRA, H. C. P.<\/a>\u00a0;\u00a0<strong>GALERA, C.<\/strong>\u00a0. Interference of Dynamic Visual Noise on encoding visual information in working memory.. Psicologia: Reflex\u00e3o e Cr\u00edtica, v. 26, p. 735-742, 2014.<\/p>\n<p>SANTANA, JEANNY ;\u00a0<strong>GALERA, CESAR<\/strong>\u00a0. Visual-spatial and verbal-spatial binding in working memory. Psychology &amp; Neuroscience (Online), v. 7, p. 399-406, 2014.<\/p>\n<p>\u00a0<\/p>\n\n\n<p><\/p>\n","protected":false},"excerpt":{"rendered":"<p>2019:\u00a0 DEFILIPPI, ANA CLARA NAUFEL ;\u00a0GARCIA, R. B.\u00a0;\u00a0GALERA, C.\u00a0. Irrelevant sound interference on phonological and tonal working memory in musicians and nonmusicians. Psicologia-Reflexao e Critica, v. 32, p. 1-10, 2019. 2018: ZAR, T. ;\u00a0GALERA, C.\u00a0. A din\u00e2mica temporal da aten\u00e7\u00e3o na mem\u00f3ria de trabalho visual. PSICO (PUCRS. ONLINE), v. 49, p. 358, 2018 2016: VASQUES, [&hellip;]<\/p>\n","protected":false},"author":1,"featured_media":0,"parent":0,"menu_order":0,"comment_status":"closed","ping_status":"closed","template":"","meta":{"footnotes":"","_links_to":"","_links_to_target":""},"class_list":["post-62","page","type-page","status-publish","hentry"],"_links":{"self":[{"href":"https:\/\/sites.usp.br\/labpsicog\/wp-json\/wp\/v2\/pages\/62","targetHints":{"allow":["GET"]}}],"collection":[{"href":"https:\/\/sites.usp.br\/labpsicog\/wp-json\/wp\/v2\/pages"}],"about":[{"href":"https:\/\/sites.usp.br\/labpsicog\/wp-json\/wp\/v2\/types\/page"}],"author":[{"embeddable":true,"href":"https:\/\/sites.usp.br\/labpsicog\/wp-json\/wp\/v2\/users\/1"}],"replies":[{"embeddable":true,"href":"https:\/\/sites.usp.br\/labpsicog\/wp-json\/wp\/v2\/comments?post=62"}],"version-history":[{"count":3,"href":"https:\/\/sites.usp.br\/labpsicog\/wp-json\/wp\/v2\/pages\/62\/revisions"}],"predecessor-version":[{"id":435,"href":"https:\/\/sites.usp.br\/labpsicog\/wp-json\/wp\/v2\/pages\/62\/revisions\/435"}],"wp:attachment":[{"href":"https:\/\/sites.usp.br\/labpsicog\/wp-json\/wp\/v2\/media?parent=62"}],"curies":[{"name":"wp","href":"https:\/\/api.w.org\/{rel}","templated":true}]}}