{"id":68,"date":"2014-02-12T11:30:24","date_gmt":"2014-02-12T13:30:24","guid":{"rendered":"http:\/\/sites.usp.br\/labpsicog\/?page_id=68"},"modified":"2021-02-02T12:01:14","modified_gmt":"2021-02-02T14:01:14","slug":"ativos","status":"publish","type":"page","link":"https:\/\/sites.usp.br\/labpsicog\/membrosativos\/ativos\/","title":{"rendered":"Ativos"},"content":{"rendered":"<h2 style=\"text-align: center;\">\u00a0Orientador:<\/h2>\n<p><img loading=\"lazy\" decoding=\"async\" class=\"aligncenter size-thumbnail wp-image-432\" src=\"https:\/\/sites.usp.br\/labpsicog\/wp-content\/uploads\/sites\/439\/2019\/03\/foto-professor-150x150.png\" alt=\"\" width=\"150\" height=\"150\" srcset=\"https:\/\/sites.usp.br\/labpsicog\/wp-content\/uploads\/sites\/439\/2019\/03\/foto-professor-150x150.png 150w, https:\/\/sites.usp.br\/labpsicog\/wp-content\/uploads\/sites\/439\/2019\/03\/foto-professor-45x45.png 45w, https:\/\/sites.usp.br\/labpsicog\/wp-content\/uploads\/sites\/439\/2019\/03\/foto-professor-200x200.png 200w\" sizes=\"auto, (max-width: 150px) 100vw, 150px\" \/><\/p>\n<p style=\"text-align: center;\"><strong>Dr. C\u00e9sar Alexis Galera:<\/strong> Professor Titular da FFCLRP-USP. Possui gradua\u00e7\u00e3o em Psicologia pela Faculdade de Filosofia, Ci\u00eancias e Letras de Ribeir\u00e3o Preto &#8211; USP (1981), Mestrado (1987) e Poutorado (1992) em Psicologia (Psicologia Experimental) pelo Instituto de Psicologia da Universidade de S\u00e3o Paulo, com orienta\u00e7\u00e3o do Professor Arno Engelmann, e P\u00f3s-doutorado na Concordia University (Canad\u00e1), com supervis\u00e3o do Professor Michael von Gr\u00fcnau. \u00c9 credenciado no Programa de P\u00f3s-Gradua\u00e7\u00e3o em Psicobiologia da FFCLRP_USP, \u00e1rea de Psicologia Experimental Humana, e estuda a estrutura da mem\u00f3ria de trabalho visuoespacial. \u00c9 respons\u00e1vel pelo\u00a0<em>LabPsiCog<\/em>.<\/p>\n<p><a href=\"http:\/\/lattes.cnpq.br\/9138367780340500\" target=\"_blank\" rel=\"noopener noreferrer\"><img loading=\"lazy\" decoding=\"async\" class=\"wp-image-509 aligncenter\" src=\"https:\/\/sites.usp.br\/labpsicog\/wp-content\/uploads\/sites\/439\/2019\/06\/icon_Lattest-150x150.png\" alt=\"\" width=\"55\" height=\"55\" srcset=\"https:\/\/sites.usp.br\/labpsicog\/wp-content\/uploads\/sites\/439\/2019\/06\/icon_Lattest-150x150.png 150w, https:\/\/sites.usp.br\/labpsicog\/wp-content\/uploads\/sites\/439\/2019\/06\/icon_Lattest-45x45.png 45w, https:\/\/sites.usp.br\/labpsicog\/wp-content\/uploads\/sites\/439\/2019\/06\/icon_Lattest-200x200.png 200w, https:\/\/sites.usp.br\/labpsicog\/wp-content\/uploads\/sites\/439\/2019\/06\/icon_Lattest.png 300w\" sizes=\"auto, (max-width: 55px) 100vw, 55px\" \/><\/a><\/p>\n<h2><\/h2>\n<h2 style=\"text-align: center;\">Doutorandos:<\/h2>\n<p><a href=\"http:\/\/sites.usp.br\/labpsicog\/wp-content\/uploads\/sites\/439\/2014\/02\/Fotor_154478366238322.jpg\"><img loading=\"lazy\" decoding=\"async\" class=\"size-medium wp-image-301 aligncenter\" src=\"http:\/\/sites.usp.br\/labpsicog\/wp-content\/uploads\/sites\/439\/2014\/02\/Fotor_154478366238322-177x300.jpg\" alt=\"\" width=\"177\" height=\"300\" srcset=\"https:\/\/sites.usp.br\/labpsicog\/wp-content\/uploads\/sites\/439\/2014\/02\/Fotor_154478366238322-177x300.jpg 177w, https:\/\/sites.usp.br\/labpsicog\/wp-content\/uploads\/sites\/439\/2014\/02\/Fotor_154478366238322-768x1303.jpg 768w, https:\/\/sites.usp.br\/labpsicog\/wp-content\/uploads\/sites\/439\/2014\/02\/Fotor_154478366238322-604x1024.jpg 604w, https:\/\/sites.usp.br\/labpsicog\/wp-content\/uploads\/sites\/439\/2014\/02\/Fotor_154478366238322-354x600.jpg 354w, https:\/\/sites.usp.br\/labpsicog\/wp-content\/uploads\/sites\/439\/2014\/02\/Fotor_154478366238322.jpg 770w\" sizes=\"auto, (max-width: 177px) 100vw, 177px\" \/><\/a><\/p>\n<p style=\"text-align: center;\"><strong>Jean Felipe Marques:\u00a0<\/strong>Licenciado e Bacharel em Ci\u00eancias Biol\u00f3gicas (UNESP). Mestre e Doutorando em Ci\u00eancias pelo programa de Psicobiologia (FFCLRP-USP) com est\u00e1gio na Universidad de Salamanca sob a supervis\u00e3o do Professor Dr Ang\u00e9l Fernandez Ramos. Seus interesses s\u00e3o mem\u00f3ria de trabalho visuoespacial, mem\u00f3ria de longo prazo e neuroci\u00eancias e educa\u00e7\u00e3o.<\/p>\n<p style=\"text-align: center;\"><a href=\"http:\/\/lattes.cnpq.br\/2183489701442252\" target=\"_blank\" rel=\"noopener noreferrer\"><img loading=\"lazy\" decoding=\"async\" class=\"aligncenter wp-image-509\" src=\"https:\/\/sites.usp.br\/labpsicog\/wp-content\/uploads\/sites\/439\/2019\/06\/icon_Lattest-150x150.png\" alt=\"\" width=\"55\" height=\"55\" srcset=\"https:\/\/sites.usp.br\/labpsicog\/wp-content\/uploads\/sites\/439\/2019\/06\/icon_Lattest-150x150.png 150w, https:\/\/sites.usp.br\/labpsicog\/wp-content\/uploads\/sites\/439\/2019\/06\/icon_Lattest-45x45.png 45w, https:\/\/sites.usp.br\/labpsicog\/wp-content\/uploads\/sites\/439\/2019\/06\/icon_Lattest-200x200.png 200w, https:\/\/sites.usp.br\/labpsicog\/wp-content\/uploads\/sites\/439\/2019\/06\/icon_Lattest.png 300w\" sizes=\"auto, (max-width: 55px) 100vw, 55px\" \/><\/a><\/p>\n<p>&nbsp;<\/p>\n<p><img loading=\"lazy\" decoding=\"async\" class=\"aligncenter size-thumbnail wp-image-436\" src=\"https:\/\/sites.usp.br\/labpsicog\/wp-content\/uploads\/sites\/439\/2019\/03\/12274633_1052326034800212_5754130113618238796_n-150x150.jpg\" alt=\"\" width=\"150\" height=\"150\" srcset=\"https:\/\/sites.usp.br\/labpsicog\/wp-content\/uploads\/sites\/439\/2019\/03\/12274633_1052326034800212_5754130113618238796_n-150x150.jpg 150w, https:\/\/sites.usp.br\/labpsicog\/wp-content\/uploads\/sites\/439\/2019\/03\/12274633_1052326034800212_5754130113618238796_n-45x45.jpg 45w, https:\/\/sites.usp.br\/labpsicog\/wp-content\/uploads\/sites\/439\/2019\/03\/12274633_1052326034800212_5754130113618238796_n-200x200.jpg 200w\" sizes=\"auto, (max-width: 150px) 100vw, 150px\" \/><\/p>\n<p style=\"text-align: center;\"><strong>Mariana Ribeiro Maniglia:<\/strong>\u00a0Bacharel em Servi\u00e7o Social (UNESP) e Psicologia (UNIFRAN). Especialista em Reabilita\u00e7\u00e3o Neuropsicol\u00f3gica (Centro de Estudos de Neurologia Prof. Dr. Antonio Branco Lef\u00e8vre\/FMUSP). Mestre e Doutoranda em Ci\u00eancias pelo programa de Psicobiologia da Universidade de S\u00e3o Paulo (FFCLRP-USP). Possui interesse em neuropsicologia cognitiva com \u00eanfase em mem\u00f3ria de trabalho visuoespacial e aten\u00e7\u00e3o em popula\u00e7\u00e3o idosa e nos transtornos neurocognitivos.<\/p>\n<p><a href=\"http:\/\/lattes.cnpq.br\/7365135301011691\" target=\"_blank\" rel=\"noopener noreferrer\"><img loading=\"lazy\" decoding=\"async\" class=\"aligncenter wp-image-509\" src=\"https:\/\/sites.usp.br\/labpsicog\/wp-content\/uploads\/sites\/439\/2019\/06\/icon_Lattest-150x150.png\" alt=\"\" width=\"55\" height=\"55\" srcset=\"https:\/\/sites.usp.br\/labpsicog\/wp-content\/uploads\/sites\/439\/2019\/06\/icon_Lattest-150x150.png 150w, https:\/\/sites.usp.br\/labpsicog\/wp-content\/uploads\/sites\/439\/2019\/06\/icon_Lattest-45x45.png 45w, https:\/\/sites.usp.br\/labpsicog\/wp-content\/uploads\/sites\/439\/2019\/06\/icon_Lattest-200x200.png 200w, https:\/\/sites.usp.br\/labpsicog\/wp-content\/uploads\/sites\/439\/2019\/06\/icon_Lattest.png 300w\" sizes=\"auto, (max-width: 55px) 100vw, 55px\" \/><\/a><\/p>\n<p>&nbsp;<\/p>\n<h2 style=\"text-align: center;\"><a href=\"http:\/\/sites.usp.br\/labpsicog\/wp-content\/uploads\/sites\/439\/2014\/02\/karim-01.jpg\"><img loading=\"lazy\" decoding=\"async\" class=\"alignnone size-medium wp-image-186\" src=\"http:\/\/sites.usp.br\/labpsicog\/wp-content\/uploads\/sites\/439\/2014\/02\/karim-01-223x300.jpg\" alt=\"\" width=\"223\" height=\"300\" srcset=\"https:\/\/sites.usp.br\/labpsicog\/wp-content\/uploads\/sites\/439\/2014\/02\/karim-01-223x300.jpg 223w, https:\/\/sites.usp.br\/labpsicog\/wp-content\/uploads\/sites\/439\/2014\/02\/karim-01-400x537.jpg 400w, https:\/\/sites.usp.br\/labpsicog\/wp-content\/uploads\/sites\/439\/2014\/02\/karim-01.jpg 419w\" sizes=\"auto, (max-width: 223px) 100vw, 223px\" \/><\/a><\/h2>\n<p style=\"text-align: center;\"><strong>Karim Fachinello:\u00a0<\/strong>Psic\u00f3loga, especialista em Sa\u00fade Mental e Psicopatologia (PUC-PR) e em Neuropsicologia Cl\u00ednica (IPTC-PR).\u00a0Mestre em Ci\u00eancias pelo programa de Psicobiologia da Universidade de S\u00e3o Paulo (FFCLRP-USP).\u00a0Seus interesses s\u00e3o\u00a0neuropsicologia cognitiva,\u00a0modula\u00e7\u00e3o emocional e processamento de binding na\u00a0mem\u00f3ria de trabalho visuoespacial.<strong>\u00a0\u00a0<\/strong><\/p>\n<p><a href=\"http:\/\/lattes.cnpq.br\/8438320563210636\" target=\"_blank\" rel=\"noopener noreferrer\"><img loading=\"lazy\" decoding=\"async\" class=\"aligncenter wp-image-509\" src=\"https:\/\/sites.usp.br\/labpsicog\/wp-content\/uploads\/sites\/439\/2019\/06\/icon_Lattest-150x150.png\" alt=\"\" width=\"55\" height=\"55\" srcset=\"https:\/\/sites.usp.br\/labpsicog\/wp-content\/uploads\/sites\/439\/2019\/06\/icon_Lattest-150x150.png 150w, https:\/\/sites.usp.br\/labpsicog\/wp-content\/uploads\/sites\/439\/2019\/06\/icon_Lattest-45x45.png 45w, https:\/\/sites.usp.br\/labpsicog\/wp-content\/uploads\/sites\/439\/2019\/06\/icon_Lattest-200x200.png 200w, https:\/\/sites.usp.br\/labpsicog\/wp-content\/uploads\/sites\/439\/2019\/06\/icon_Lattest.png 300w\" sizes=\"auto, (max-width: 55px) 100vw, 55px\" \/><\/a><\/p>\n<p>&nbsp;<\/p>\n<p style=\"text-align: center;\"><a href=\"http:\/\/sites.usp.br\/labpsicog\/wp-content\/uploads\/sites\/439\/2014\/02\/Screenshot_20181121-130720.png\"><img loading=\"lazy\" decoding=\"async\" class=\"alignnone size-medium wp-image-157\" src=\"http:\/\/sites.usp.br\/labpsicog\/wp-content\/uploads\/sites\/439\/2014\/02\/Screenshot_20181121-130720-282x300.png\" alt=\"\" width=\"282\" height=\"300\" srcset=\"https:\/\/sites.usp.br\/labpsicog\/wp-content\/uploads\/sites\/439\/2014\/02\/Screenshot_20181121-130720-282x300.png 282w, https:\/\/sites.usp.br\/labpsicog\/wp-content\/uploads\/sites\/439\/2014\/02\/Screenshot_20181121-130720-400x426.png 400w, https:\/\/sites.usp.br\/labpsicog\/wp-content\/uploads\/sites\/439\/2014\/02\/Screenshot_20181121-130720.png 641w\" sizes=\"auto, (max-width: 282px) 100vw, 282px\" \/><\/a><\/p>\n<p style=\"text-align: center;\"><strong>Lorena Barbosa Cunha Macedo<\/strong>: Formada em Psicologia, pela Universidade Federal de Uberl\u00e2ndia, Mestre em Ci\u00eancias (Psicobiologia) pela USP-RP. Doutoranda\u00a0 no LabPsiCog. Interesses na \u00e1rea de mem\u00f3ria e aten\u00e7\u00e3o, e demais fun\u00e7\u00f5es executivas. Atua em projetos que investigam a avalia\u00e7\u00e3o neuropsicol\u00f3gica\u00a0 em individuos com diabetes, e efeitos do feedback da mem\u00f3ria de trabalho.<\/p>\n<p><a href=\"http:\/\/lattes.cnpq.br\/4934121898083435\" target=\"_blank\" rel=\"noopener noreferrer\"><img loading=\"lazy\" decoding=\"async\" class=\"aligncenter wp-image-509\" src=\"https:\/\/sites.usp.br\/labpsicog\/wp-content\/uploads\/sites\/439\/2019\/06\/icon_Lattest-150x150.png\" alt=\"\" width=\"55\" height=\"55\" srcset=\"https:\/\/sites.usp.br\/labpsicog\/wp-content\/uploads\/sites\/439\/2019\/06\/icon_Lattest-150x150.png 150w, https:\/\/sites.usp.br\/labpsicog\/wp-content\/uploads\/sites\/439\/2019\/06\/icon_Lattest-45x45.png 45w, https:\/\/sites.usp.br\/labpsicog\/wp-content\/uploads\/sites\/439\/2019\/06\/icon_Lattest-200x200.png 200w, https:\/\/sites.usp.br\/labpsicog\/wp-content\/uploads\/sites\/439\/2019\/06\/icon_Lattest.png 300w\" sizes=\"auto, (max-width: 55px) 100vw, 55px\" \/><\/a><\/p>\n<p>&nbsp;<\/p>\n<h2 style=\"text-align: center;\">Mestrandos:<\/h2>\n<p style=\"text-align: center;\"><a href=\"http:\/\/sites.usp.br\/labpsicog\/wp-content\/uploads\/sites\/439\/2014\/02\/Camilla_site.jpg\"><img loading=\"lazy\" decoding=\"async\" class=\"alignnone size-medium wp-image-156\" src=\"http:\/\/sites.usp.br\/labpsicog\/wp-content\/uploads\/sites\/439\/2014\/02\/Camilla_site-200x300.jpg\" alt=\"\" width=\"200\" height=\"300\" srcset=\"https:\/\/sites.usp.br\/labpsicog\/wp-content\/uploads\/sites\/439\/2014\/02\/Camilla_site-200x300.jpg 200w, https:\/\/sites.usp.br\/labpsicog\/wp-content\/uploads\/sites\/439\/2014\/02\/Camilla_site-768x1152.jpg 768w, https:\/\/sites.usp.br\/labpsicog\/wp-content\/uploads\/sites\/439\/2014\/02\/Camilla_site-683x1024.jpg 683w, https:\/\/sites.usp.br\/labpsicog\/wp-content\/uploads\/sites\/439\/2014\/02\/Camilla_site-400x600.jpg 400w\" sizes=\"auto, (max-width: 200px) 100vw, 200px\" \/><\/a><\/p>\n<p style=\"text-align: center;\"><strong>Camilla Monti Oliveira:\u00a0<\/strong>Mestranda do LabPsiCog, psic\u00f3loga pela USP-RP, Aprimoramento e Especializa\u00e7\u00e3o em Neuropsicologia no Contexto Hospitalar pelo IPq- HCFMUSP. Neuropsic\u00f3loga Cl\u00ednica e professora de especializa\u00e7\u00f5es em Neuropsicologia. Interesses: Psicologia e Neuropsicologia Cognitiva e mem\u00f3ria de trabalho visual.<\/p>\n<p><a href=\"http:\/\/lattes.cnpq.br\/7896878128037332\" target=\"_blank\" rel=\"noopener noreferrer\"><img loading=\"lazy\" decoding=\"async\" class=\"aligncenter wp-image-509\" src=\"https:\/\/sites.usp.br\/labpsicog\/wp-content\/uploads\/sites\/439\/2019\/06\/icon_Lattest-150x150.png\" alt=\"\" width=\"55\" height=\"55\" srcset=\"https:\/\/sites.usp.br\/labpsicog\/wp-content\/uploads\/sites\/439\/2019\/06\/icon_Lattest-150x150.png 150w, https:\/\/sites.usp.br\/labpsicog\/wp-content\/uploads\/sites\/439\/2019\/06\/icon_Lattest-45x45.png 45w, https:\/\/sites.usp.br\/labpsicog\/wp-content\/uploads\/sites\/439\/2019\/06\/icon_Lattest-200x200.png 200w, https:\/\/sites.usp.br\/labpsicog\/wp-content\/uploads\/sites\/439\/2019\/06\/icon_Lattest.png 300w\" sizes=\"auto, (max-width: 55px) 100vw, 55px\" \/><\/a><\/p>\n<p>&nbsp;<\/p>\n<p>&nbsp;<\/p>\n<p style=\"text-align: center;\"><a href=\"http:\/\/sites.usp.br\/labpsicog\/wp-content\/uploads\/sites\/439\/2014\/02\/Mari\u00ea.jpg\"><img loading=\"lazy\" decoding=\"async\" class=\"alignnone size-medium wp-image-304\" src=\"http:\/\/sites.usp.br\/labpsicog\/wp-content\/uploads\/sites\/439\/2014\/02\/Mari\u00ea-300x300.jpg\" alt=\"\" width=\"300\" height=\"300\" srcset=\"https:\/\/sites.usp.br\/labpsicog\/wp-content\/uploads\/sites\/439\/2014\/02\/Mari\u00ea-300x300.jpg 300w, https:\/\/sites.usp.br\/labpsicog\/wp-content\/uploads\/sites\/439\/2014\/02\/Mari\u00ea-150x150.jpg 150w, https:\/\/sites.usp.br\/labpsicog\/wp-content\/uploads\/sites\/439\/2014\/02\/Mari\u00ea-768x768.jpg 768w, https:\/\/sites.usp.br\/labpsicog\/wp-content\/uploads\/sites\/439\/2014\/02\/Mari\u00ea-45x45.jpg 45w, https:\/\/sites.usp.br\/labpsicog\/wp-content\/uploads\/sites\/439\/2014\/02\/Mari\u00ea-200x200.jpg 200w, https:\/\/sites.usp.br\/labpsicog\/wp-content\/uploads\/sites\/439\/2014\/02\/Mari\u00ea-400x400.jpg 400w, https:\/\/sites.usp.br\/labpsicog\/wp-content\/uploads\/sites\/439\/2014\/02\/Mari\u00ea.jpg 960w\" sizes=\"auto, (max-width: 300px) 100vw, 300px\" \/><\/a><\/p>\n<p style=\"text-align: center;\"><strong>Mari\u00ea Oliveira:<\/strong> Gradua\u00e7\u00e3o em Psicologia no Centro Universit\u00e1rio Bar\u00e3o de Mau\u00e1, Ribeir\u00e3o Preto \u2013 SP.\u00a0 Atua em pesquisas sobre Mem\u00f3ria Operacional Visuoespacial. Interesse em Neuropsicologia, Psicobiologia, Mem\u00f3ria Visuoespacial e Atendimento infantil.<\/p>\n<p><a href=\"http:\/\/lattes.cnpq.br\/6527025182971942\" target=\"_blank\" rel=\"noopener noreferrer\"><img loading=\"lazy\" decoding=\"async\" class=\"aligncenter wp-image-509\" src=\"https:\/\/sites.usp.br\/labpsicog\/wp-content\/uploads\/sites\/439\/2019\/06\/icon_Lattest-150x150.png\" alt=\"\" width=\"55\" height=\"55\" srcset=\"https:\/\/sites.usp.br\/labpsicog\/wp-content\/uploads\/sites\/439\/2019\/06\/icon_Lattest-150x150.png 150w, https:\/\/sites.usp.br\/labpsicog\/wp-content\/uploads\/sites\/439\/2019\/06\/icon_Lattest-45x45.png 45w, https:\/\/sites.usp.br\/labpsicog\/wp-content\/uploads\/sites\/439\/2019\/06\/icon_Lattest-200x200.png 200w, https:\/\/sites.usp.br\/labpsicog\/wp-content\/uploads\/sites\/439\/2019\/06\/icon_Lattest.png 300w\" sizes=\"auto, (max-width: 55px) 100vw, 55px\" \/><\/a><\/p>\n<h2 style=\"text-align: center;\">Inicia\u00e7\u00e3o Cient\u00edfica<\/h2>\n<p>&nbsp;<\/p>\n<p><img loading=\"lazy\" decoding=\"async\" class=\"aligncenter size-medium wp-image-574\" src=\"https:\/\/sites.usp.br\/labpsicog\/wp-content\/uploads\/sites\/439\/2021\/02\/Sem-Titulo-4-Recuperado-183x300.jpg\" alt=\"\" width=\"183\" height=\"300\" srcset=\"https:\/\/sites.usp.br\/labpsicog\/wp-content\/uploads\/sites\/439\/2021\/02\/Sem-Titulo-4-Recuperado-183x300.jpg 183w, https:\/\/sites.usp.br\/labpsicog\/wp-content\/uploads\/sites\/439\/2021\/02\/Sem-Titulo-4-Recuperado-624x1024.jpg 624w, https:\/\/sites.usp.br\/labpsicog\/wp-content\/uploads\/sites\/439\/2021\/02\/Sem-Titulo-4-Recuperado-366x600.jpg 366w, https:\/\/sites.usp.br\/labpsicog\/wp-content\/uploads\/sites\/439\/2021\/02\/Sem-Titulo-4-Recuperado.jpg 730w\" sizes=\"auto, (max-width: 183px) 100vw, 183px\" \/><\/p>\n<p><strong>Ana Julia de Oliveira Cerveira:<\/strong> Graduanda em Psicologia pela Faculdade de Filosofia Ci\u00eancias e Letras de Ribeir\u00e3o Preto. Em inicia\u00e7\u00e3o cient\u00edfica (2020 &#8211; atual), na qual pesquisa sobre a rela\u00e7\u00e3o entre a mem\u00f3ria visual e auditiva e a gera\u00e7\u00e3o de imagens mentais visuais e auditivas.<\/p>\n<p><a href=\"http:\/\/lattes.cnpq.br\/6352076634130996\"> <img loading=\"lazy\" decoding=\"async\" class=\"aligncenter\" src=\"https:\/\/sites.usp.br\/labpsicog\/wp-content\/uploads\/sites\/439\/2019\/06\/icon_Lattest-150x150.png\" width=\"78\" height=\"78\" \/><\/a><\/p>\n","protected":false},"excerpt":{"rendered":"<p>\u00a0Orientador: Dr. C\u00e9sar Alexis Galera: Professor Titular da FFCLRP-USP. Possui gradua\u00e7\u00e3o em Psicologia pela Faculdade de Filosofia, Ci\u00eancias e Letras de Ribeir\u00e3o Preto &#8211; USP (1981), Mestrado (1987) e Poutorado (1992) em Psicologia (Psicologia Experimental) pelo Instituto de Psicologia da Universidade de S\u00e3o Paulo, com orienta\u00e7\u00e3o do Professor Arno Engelmann, e P\u00f3s-doutorado na Concordia University [&hellip;]<\/p>\n","protected":false},"author":1,"featured_media":0,"parent":229,"menu_order":0,"comment_status":"closed","ping_status":"closed","template":"","meta":{"footnotes":"","_links_to":"","_links_to_target":""},"class_list":["post-68","page","type-page","status-publish","hentry"],"_links":{"self":[{"href":"https:\/\/sites.usp.br\/labpsicog\/wp-json\/wp\/v2\/pages\/68","targetHints":{"allow":["GET"]}}],"collection":[{"href":"https:\/\/sites.usp.br\/labpsicog\/wp-json\/wp\/v2\/pages"}],"about":[{"href":"https:\/\/sites.usp.br\/labpsicog\/wp-json\/wp\/v2\/types\/page"}],"author":[{"embeddable":true,"href":"https:\/\/sites.usp.br\/labpsicog\/wp-json\/wp\/v2\/users\/1"}],"replies":[{"embeddable":true,"href":"https:\/\/sites.usp.br\/labpsicog\/wp-json\/wp\/v2\/comments?post=68"}],"version-history":[{"count":5,"href":"https:\/\/sites.usp.br\/labpsicog\/wp-json\/wp\/v2\/pages\/68\/revisions"}],"predecessor-version":[{"id":576,"href":"https:\/\/sites.usp.br\/labpsicog\/wp-json\/wp\/v2\/pages\/68\/revisions\/576"}],"up":[{"embeddable":true,"href":"https:\/\/sites.usp.br\/labpsicog\/wp-json\/wp\/v2\/pages\/229"}],"wp:attachment":[{"href":"https:\/\/sites.usp.br\/labpsicog\/wp-json\/wp\/v2\/media?parent=68"}],"curies":[{"name":"wp","href":"https:\/\/api.w.org\/{rel}","templated":true}]}}