{"id":294,"date":"2020-07-19T17:44:41","date_gmt":"2020-07-19T19:44:41","guid":{"rendered":"https:\/\/sites.usp.br\/labsantec\/?page_id=294"},"modified":"2020-08-03T09:06:12","modified_gmt":"2020-08-03T11:06:12","slug":"pesquisa","status":"publish","type":"page","link":"https:\/\/sites.usp.br\/labsantec\/pesquisa\/","title":{"rendered":"Pesquisa"},"content":{"rendered":"<p>As pesquisas do GEPASS est\u00e3o voltadas para a \u00e1rea de saneamento e tecnologias envolvendo quest\u00f5es ambientais. Desta forma, destacam-se as <strong>Linhas de pesquisa:<\/strong><\/p>\n<ul>\n<li>Tratamento de esgotos sanit\u00e1rios<\/li>\n<li>Tratamento de efluentes industriais<\/li>\n<li>Conserva\u00e7\u00e3o da \u00c1gua em edifica\u00e7\u00f5es<\/li>\n<li>Tratamento e re\u00faso de \u00e1guas residu\u00e1rias<\/li>\n<li>Uso e Conserva\u00e7\u00e3o da \u00c1gua no Meio Urbano<\/li>\n<li>Revitaliza\u00e7\u00e3o de rios urbanos solu\u00e7\u00f5es baseadas na natureza<\/li>\n<li>Gera\u00e7\u00e3o de bioenergia a partir de sistemas bioeletroqu\u00edmicos<\/li>\n<li>Recupera\u00e7\u00e3o de Recursos no Tratamento de \u00c1guas Residu\u00e1rias<\/li>\n<li>Desenvolvimento de Reatores Biol\u00f3gicos para tratamento de \u00e1guas residu\u00e1ria<\/li>\n<li>Segrega\u00e7\u00e3o, tratamento e aproveitamento das \u00e1guas em habita\u00e7\u00f5es e demais edifica\u00e7\u00f5es.<\/li>\n<\/ul>\n<p>Estas diversas linhas de pesquisas permitiram a produ\u00e7\u00e3o de artigos, teses de mestrado, projetos cient\u00edficos e parcerias com outras universidades.<\/p>\n<p>Atualmente o grupo de pesquisa conta com 8 projetos em andamentos que abordam desde a identifica\u00e7\u00e3o de inova\u00e7\u00f5es que permitam maior sustentabilidade no tratamento de esgoto at\u00e9 o desenvolvimento de um sistema bioeletroqu\u00edmico.<\/p>\n<p>&nbsp;<\/p>\n<p>&nbsp;<\/p>\n<p>&nbsp;<\/p>\n","protected":false},"excerpt":{"rendered":"<p>As pesquisas do GEPASS est\u00e3o voltadas para a \u00e1rea de saneamento e tecnologias envolvendo quest\u00f5es ambientais. Desta forma, destacam-se as&#46;&#46;&#46;<\/p>\n","protected":false},"author":21970,"featured_media":0,"parent":0,"menu_order":2,"comment_status":"closed","ping_status":"closed","template":"","meta":{"footnotes":"","_links_to":"","_links_to_target":""},"class_list":["post-294","page","type-page","status-publish","hentry"],"_links":{"self":[{"href":"https:\/\/sites.usp.br\/labsantec\/wp-json\/wp\/v2\/pages\/294","targetHints":{"allow":["GET"]}}],"collection":[{"href":"https:\/\/sites.usp.br\/labsantec\/wp-json\/wp\/v2\/pages"}],"about":[{"href":"https:\/\/sites.usp.br\/labsantec\/wp-json\/wp\/v2\/types\/page"}],"author":[{"embeddable":true,"href":"https:\/\/sites.usp.br\/labsantec\/wp-json\/wp\/v2\/users\/21970"}],"replies":[{"embeddable":true,"href":"https:\/\/sites.usp.br\/labsantec\/wp-json\/wp\/v2\/comments?post=294"}],"version-history":[{"count":4,"href":"https:\/\/sites.usp.br\/labsantec\/wp-json\/wp\/v2\/pages\/294\/revisions"}],"predecessor-version":[{"id":599,"href":"https:\/\/sites.usp.br\/labsantec\/wp-json\/wp\/v2\/pages\/294\/revisions\/599"}],"wp:attachment":[{"href":"https:\/\/sites.usp.br\/labsantec\/wp-json\/wp\/v2\/media?parent=294"}],"curies":[{"name":"wp","href":"https:\/\/api.w.org\/{rel}","templated":true}]}}