{"id":306,"date":"2020-07-19T17:57:48","date_gmt":"2020-07-19T19:57:48","guid":{"rendered":"https:\/\/sites.usp.br\/labsantec\/?page_id=306"},"modified":"2020-08-02T19:18:45","modified_gmt":"2020-08-02T21:18:45","slug":"dissertacoes","status":"publish","type":"page","link":"https:\/\/sites.usp.br\/labsantec\/dissertacoes\/","title":{"rendered":"Disserta\u00e7\u00f5es e teses"},"content":{"rendered":"<h3>Disserta\u00e7\u00f5es de mestrado<\/h3>\n<p>&nbsp;<\/p>\n<h4 style=\"text-align: center;\"><b>Avalia\u00e7\u00e3o do diagrama de fluxo de esgoto baseada em um estudo de caso realizado na zona leste do munic\u00edpio de S\u00e3o Paulo<\/b>.<\/h4>\n<p style=\"text-align: center;\">Anny Eli de Moura<br \/>\n<a href=\"https:\/\/sites.usp.br\/labsantec\/wp-content\/uploads\/sites\/771\/2020\/07\/Sem-t\u00edtulo-2.png\"><img loading=\"lazy\" decoding=\"async\" class=\" wp-image-511 alignright\" src=\"https:\/\/sites.usp.br\/labsantec\/wp-content\/uploads\/sites\/771\/2020\/07\/Sem-t\u00edtulo-2-258x300.png\" alt=\"\" width=\"221\" height=\"257\" srcset=\"https:\/\/sites.usp.br\/labsantec\/wp-content\/uploads\/sites\/771\/2020\/07\/Sem-t\u00edtulo-2-258x300.png 258w, https:\/\/sites.usp.br\/labsantec\/wp-content\/uploads\/sites\/771\/2020\/07\/Sem-t\u00edtulo-2.png 277w\" sizes=\"auto, (max-width: 221px) 100vw, 221px\" \/><\/a><\/p>\n<p style=\"text-align: left;\">Sendo a gest\u00e3o vista como um fator chave, prop\u00f5e-se o uso de uma ferramenta que auxilie na tomada de decis\u00e3o dos gestores do setor p\u00fablico em rela\u00e7\u00e3o \u00e0 infraestrutura sanit\u00e1ria. Trata-se de uma ferramenta denominada &#8220;Shit Flow Diagram&#8221;\/Diagrama de Fluxo de Esgoto. O presente estudo a testou na regi\u00e3o administrativa Leste 2 do munic\u00edpio de S\u00e3o Paulo, com o intuito de analisar a viabilidade do seu uso. Para a regi\u00e3o Leste II, o objetivo n\u00e3o \u00e9 levar a proposta da ferramenta de forma isolada, mas, agregar o Diagrama de Fluxo de Esgotos no Plano Municipal de Saneamento B\u00e1sico, afim de facilitar a compreens\u00e3o dos dados e trazer um conhecimento mais sens\u00edvel da situa\u00e7\u00e3o do esgotamento sanit\u00e1rio para o gestor.<\/p>\n<p>doi:10.11606\/D.6.2019.tde-24102019-105148<\/p>\n<h4><\/h4>\n<p>&nbsp;<\/p>\n<h4 style=\"text-align: center;\"><b>Estudo de caso sobre tratamento de esgoto sanit\u00e1rio atrav\u00e9s de wetlands constru\u00eddos em escala real no sudeste brasileiro<\/b>: quest\u00f5es operacionais, efici\u00eancias de tratamento e interfer\u00eancias do tempo de opera\u00e7\u00e3o e da sazonalidade.<\/h4>\n<p style=\"text-align: center;\">Cau\u00ea Gir\u00e3o de Abreu<\/p>\n<p><a href=\"https:\/\/sites.usp.br\/labsantec\/wp-content\/uploads\/sites\/771\/2020\/07\/Sem-t\u00edtulo-3.png\"><img loading=\"lazy\" decoding=\"async\" class=\" wp-image-515 alignleft\" src=\"https:\/\/sites.usp.br\/labsantec\/wp-content\/uploads\/sites\/771\/2020\/07\/Sem-t\u00edtulo-3-300x268.png\" alt=\"\" width=\"283\" height=\"253\" srcset=\"https:\/\/sites.usp.br\/labsantec\/wp-content\/uploads\/sites\/771\/2020\/07\/Sem-t\u00edtulo-3-300x268.png 300w, https:\/\/sites.usp.br\/labsantec\/wp-content\/uploads\/sites\/771\/2020\/07\/Sem-t\u00edtulo-3-400x357.png 400w, https:\/\/sites.usp.br\/labsantec\/wp-content\/uploads\/sites\/771\/2020\/07\/Sem-t\u00edtulo-3.png 504w\" sizes=\"auto, (max-width: 283px) 100vw, 283px\" \/><\/a><\/p>\n<p>&nbsp;<\/p>\n<p>Os <i>wetlands<\/i> constru\u00eddos s\u00e3o amplamente citados como solu\u00e7\u00f5es sustent\u00e1veis, com apelo natural e de custo competitivo para o tratamento de \u00e1guas residu\u00e1rias de diversas fontes e s\u00e3o ainda apontados como uma tecnologia adequada e vi\u00e1vel para a implanta\u00e7\u00e3o de sistemas descentralizados de esgotamento sanit\u00e1rio. Nesse contexto o estudo buscou compreender os problemas operacionais ocorridos e os efeitos sobre as efici\u00eancias de remo\u00e7\u00e3o de carga org\u00e2nica, as poss\u00edveis correla\u00e7\u00f5es entre o tempo de opera\u00e7\u00e3o, dos <i>wetlands<\/i>\u00a0constru\u00eddos na efici\u00eancia de remo\u00e7\u00e3o de carga org\u00e2nica al\u00e9m da influ\u00eancia da temperatura do ar e pluviometria. A efici\u00eancia de remo\u00e7\u00e3o m\u00e9dia ao longo dos 50 meses para DBO520 e DQO foi de 82% e 72% respectivamente.<\/p>\n<p>&nbsp;<\/p>\n<p>doi:10.11606\/D.100.2019.tde-29082019-154310.<\/p>\n<p>&nbsp;<\/p>\n<p>&nbsp;<\/p>\n<h4 style=\"text-align: center;\"><b>Cidade ignorada<\/b>: um retrato da universaliza\u00e7\u00e3o do saneamento em assentamentos prec\u00e1rios no entorno da Billings e Guarapiranga.<\/h4>\n<p style=\"text-align: center;\">Tha\u00eds Almeida da Costa<\/p>\n<p>Diante da realidade da segrega\u00e7\u00e3o habitacional existente no Munic\u00edpio de S\u00e3o Paulo, evidencia-se uma cidade permeada por iniquidades sociais e ambientais. A melhoria efetiva das condi\u00e7\u00f5es de esgotamento sanit\u00e1rio se insere no combate \u00e0 pobreza, \u00e0 redu\u00e7\u00e3o das desigualdades sociais e sustentabilidade ambiental. Assim a pesquisa prop\u00f5e analisar se os dados dispon\u00edveis referentes ao saneamento retratam a realidade dos assentamentos prec\u00e1rios.\u00a0 Foram analisados os dados das Subprefeituras; Capela do Socorro, Cidade Ademar, MBoi Mirim e Parelheiros, pois s\u00e3o as subprefeituras que circundam os grandes reservat\u00f3rios de \u00e1gua para abastecimento p\u00fablico dentro do munic\u00edpio que de S\u00e3o Paulo. Dentre os resultados encontrados, estima-se que no ano de 2010, cerca de 3.046.625 pessoas viviam em assentamentos prec\u00e1rios no munic\u00edpio e destes, 229.869 mil pessoas viviam nessas subprefeituras ao redor das represas e despejam o esgoto in natura nos mananciais de abastecimento.<\/p>\n<p>doi: 10.11606\/D.6.2017.tde-12092017-140353<\/p>\n<p>&nbsp;<\/p>\n<h4 style=\"text-align: center;\"><b>Avalia\u00e7\u00e3o de um sistema descentralizado de tratamento de esgotos dom\u00e9sticos em escala real composto por tanque s\u00e9ptico e wetland constru\u00edda h\u00edbrida<\/b>.<\/h4>\n<p style=\"text-align: center;\">Alexandre Antonio Jacob de Mendon\u00e7a<\/p>\n<p><a href=\"https:\/\/sites.usp.br\/labsantec\/wp-content\/uploads\/sites\/771\/2020\/07\/Sem-t\u00edtulo-4.png\"><img loading=\"lazy\" decoding=\"async\" class=\"size-medium wp-image-526 alignright\" src=\"https:\/\/sites.usp.br\/labsantec\/wp-content\/uploads\/sites\/771\/2020\/07\/Sem-t\u00edtulo-4-189x300.png\" alt=\"\" width=\"189\" height=\"300\" srcset=\"https:\/\/sites.usp.br\/labsantec\/wp-content\/uploads\/sites\/771\/2020\/07\/Sem-t\u00edtulo-4-189x300.png 189w, https:\/\/sites.usp.br\/labsantec\/wp-content\/uploads\/sites\/771\/2020\/07\/Sem-t\u00edtulo-4.png 318w\" sizes=\"auto, (max-width: 189px) 100vw, 189px\" \/><\/a><\/p>\n<p>&nbsp;<\/p>\n<p>A concentra\u00e7\u00e3o demogr\u00e1fica e de sistemas coletivos de esgotamento sanit\u00e1rio dentro do per\u00edmetro urbano da maioria dos munic\u00edpios brasileiros, dificulta a viabiliza\u00e7\u00e3o do fornecimento de servi\u00e7os de tratamento de esgotos dom\u00e9sticos \u00e0 habita\u00e7\u00f5es e n\u00facleos habitacionais isolados situados em \u00e1reas periurbanas e rurais, intensificando os danos provocados pela polui\u00e7\u00e3o de origem antr\u00f3pica ao meio ambiente e \u00e0 preserva\u00e7\u00e3o da sa\u00fade p\u00fablica. Para contribuir no equacionamento deste problema, o presente estudo teve por finalidade avaliar uma wetland constru\u00edda h\u00edbrida em escala real, composta por uma unidade com fluxo cont\u00ednuo subsuperficial vertical seguida por uma unidade de fluxo cont\u00ednuo subsuperficial horizontal, cultivadas com capim Vetiver, para o tratamento de efluente proveniente de tanque s\u00e9ptico. A tecnologia de wetlands constru\u00eddas h\u00edbridas associada ao tratamento de efluentes de tanque s\u00e9ptico apresentou bom potencial para o tratamento descentralizado de esgotos dom\u00e9sticos, inclusive em regi\u00f5es com pouca disponibilidade de \u00e1rea livre.<\/p>\n<p>doi:10.11606\/D.6.2016.tde-25052016-122129<\/p>\n<p>&nbsp;<\/p>\n<h4 style=\"text-align: center;\"><b>Avalia\u00e7\u00e3o da atividade estrog\u00eanica em esgotos sanit\u00e1rios e \u00e1guas de re\u00faso na regi\u00e3o metropolitana de S\u00e3o Paulo<\/b>.<\/h4>\n<p style=\"text-align: center;\">\u00a0Vania Rodrigues Lopes<\/p>\n<p>Os esgotos sanit\u00e1rios concentram compostos que s\u00e3o interferentes end\u00f3crinos. Os tratamentos de esgotos convencionais por sistema de lodos ativados podem n\u00e3o remover totalmente estes compostos, os quais atingem os ecossistemas aqu\u00e1ticos e oferecem riscos ecol\u00f3gicos e \u00e0 sa\u00fade humana. Neste trabalho, mediu-se a atividade estrog\u00eanica de compostos presentes em esgotos brutos, tratados e \u00e1guas de re\u00faso de duas esta\u00e7\u00f5es de tratamento de esgotos (ETE) da regi\u00e3o metropolitana de S\u00e3o Paulo, que operam por sistema de tratamento por lodos ativados e produzem \u00e1guas de re\u00faso para fins n\u00e3o pot\u00e1veis por tratamento f\u00edsico-qu\u00edmico. evid\u00eancias acerca da atividade estrog\u00eanica das \u00e1guas estudadas podem subsidiar a\u00e7\u00f5es integradas na gest\u00e3o da qualidade das \u00e1guas, o aprimoramento de condi\u00e7\u00f5es operacionais e tecnol\u00f3gicas das ETEs<\/p>\n<p>&nbsp;<\/p>\n<p>doi:10.11606\/D.100.2017.tde-01022016-133138<\/p>\n<p>&nbsp;<\/p>\n<h4 style=\"text-align: center;\"><b>Avalia\u00e7\u00e3o de um sistema de tratamento de \u00e1guas cinzas em edifica\u00e7\u00e3o de campus universit\u00e1rio<\/b>.<\/h4>\n<p style=\"text-align: center;\">Mariana Cardoso Chrispim<\/p>\n<p><a href=\"https:\/\/sites.usp.br\/labsantec\/wp-content\/uploads\/sites\/771\/2020\/07\/Sem-t\u00edtulo-5.png\"><img loading=\"lazy\" decoding=\"async\" class=\"size-medium wp-image-553 alignleft\" src=\"https:\/\/sites.usp.br\/labsantec\/wp-content\/uploads\/sites\/771\/2020\/07\/Sem-t\u00edtulo-5-171x300.png\" alt=\"\" width=\"171\" height=\"300\" srcset=\"https:\/\/sites.usp.br\/labsantec\/wp-content\/uploads\/sites\/771\/2020\/07\/Sem-t\u00edtulo-5-171x300.png 171w, https:\/\/sites.usp.br\/labsantec\/wp-content\/uploads\/sites\/771\/2020\/07\/Sem-t\u00edtulo-5.png 340w\" sizes=\"auto, (max-width: 171px) 100vw, 171px\" \/><\/a><\/p>\n<p>&nbsp;<\/p>\n<p>O re\u00faso de \u00e1gua \u00e9 um instrumento importante que contribui para a redu\u00e7\u00e3o da press\u00e3o sobre os mananciais e para redu\u00e7\u00e3o do consumo de \u00e1gua pot\u00e1vel para fins que n\u00e3o requeiram \u00e1gua de padr\u00e3o pot\u00e1vel. Neste contexto, o presente estudo teve como objetivo principal analisar um sistema de coleta e tratamento de \u00e1guas cinzas provenientes de pias de banheiro, chuveiros e m\u00e1quina de lavar roupas tendo em vista o re\u00faso n\u00e3o-pot\u00e1vel em edifica\u00e7\u00f5es.Com base nos resultados obtidos, dentre as tr\u00eas fra\u00e7\u00f5es de \u00e1guas cinzas, a do chuveiro foi a que apresentou maior concentra\u00e7\u00e3o de E.coli, enquanto que a maior concentra\u00e7\u00e3o de coliformes totais foi na \u00e1gua cinza de lavat\u00f3rios. As efici\u00eancias de remo\u00e7\u00e3o de DBO e DQO foram de 59 por cento e 70 por cento respectivamente. Houve baixa remo\u00e7\u00e3o de f\u00f3sforo e n\u00e3o houve remo\u00e7\u00e3o de Nitrog\u00eanio Total durante o tratamento.<\/p>\n<p>&nbsp;<\/p>\n<p>&nbsp;<\/p>\n<p>doi:10.11606\/D.6.2014.tde-11092014-102851.<\/p>\n<p>&nbsp;<\/p>\n<h4 style=\"text-align: center;\">\u00a0<b>Estrat\u00e9gias de tratamento de lixiviado de aterro sanit\u00e1rio com foco na mat\u00e9ria org\u00e2nica biodegrad\u00e1vel e nitrog\u00eanio amoniacal<\/b>.<\/h4>\n<p style=\"text-align: center;\">Vitor Cano<\/p>\n<p><a href=\"https:\/\/sites.usp.br\/labsantec\/wp-content\/uploads\/sites\/771\/2020\/07\/Sem-t\u00edtulo-6.png\"><img loading=\"lazy\" decoding=\"async\" class=\"size-medium wp-image-558 alignright\" src=\"https:\/\/sites.usp.br\/labsantec\/wp-content\/uploads\/sites\/771\/2020\/07\/Sem-t\u00edtulo-6-231x300.png\" alt=\"\" width=\"231\" height=\"300\" srcset=\"https:\/\/sites.usp.br\/labsantec\/wp-content\/uploads\/sites\/771\/2020\/07\/Sem-t\u00edtulo-6-231x300.png 231w, https:\/\/sites.usp.br\/labsantec\/wp-content\/uploads\/sites\/771\/2020\/07\/Sem-t\u00edtulo-6.png 396w\" sizes=\"auto, (max-width: 231px) 100vw, 231px\" \/><\/a><\/p>\n<p>&nbsp;<\/p>\n<p>Os sistemas de tratamento de esgotos, quando aplicados ao tratamento de lixiviado de aterro sanit\u00e1rio, n\u00e3o t\u00eam apresentado bons resultados. Por conta disso, faz-se necess\u00e1rio o desenvolvimento de alternativas para o tratamento de lixiviado. Desta forma o objetivo desse estudo \u00e9 avaliar o p\u00f3s-tratamento de lixiviado de aterro sanit\u00e1rio por wetland constru\u00eddo de fluxo subsuperficial horizontal e reator biol\u00f3gico de leito m\u00f3vel (RBLM). Os resultados obtidos indicou a baixa efici\u00eancia para DQO provavelmente est\u00e1 relacionada \u00e0 recalcitr\u00e2ncia do lixiviado, ou devido \u00e0 inibi\u00e7\u00e3o dos microrganismos por toxicidade. Quanto ao N-NH4, infere-se que o aumento do TDH proporcionou maior tempo de difus\u00e3o de oxig\u00eanio para o sistema wetland, suprindo a demanda das bact\u00e9rias heterotr\u00f3ficas, o que possibilitou utiliza\u00e7\u00e3o do oxig\u00eanio excedente pelas nitrificantes, culminando na oxida\u00e7\u00e3o do N-NH4.<\/p>\n<p>&nbsp;<\/p>\n<p>&nbsp;<\/p>\n<p>doi:10.11606\/D.6.2014.tde-12092014-085944.<\/p>\n<p>&nbsp;<\/p>\n","protected":false},"excerpt":{"rendered":"<p>Disserta\u00e7\u00f5es de mestrado &nbsp; Avalia\u00e7\u00e3o do diagrama de fluxo de esgoto baseada em um estudo de caso realizado na zona&#46;&#46;&#46;<\/p>\n","protected":false},"author":21970,"featured_media":0,"parent":0,"menu_order":6,"comment_status":"closed","ping_status":"closed","template":"","meta":{"footnotes":"","_links_to":"","_links_to_target":""},"class_list":["post-306","page","type-page","status-publish","hentry"],"_links":{"self":[{"href":"https:\/\/sites.usp.br\/labsantec\/wp-json\/wp\/v2\/pages\/306","targetHints":{"allow":["GET"]}}],"collection":[{"href":"https:\/\/sites.usp.br\/labsantec\/wp-json\/wp\/v2\/pages"}],"about":[{"href":"https:\/\/sites.usp.br\/labsantec\/wp-json\/wp\/v2\/types\/page"}],"author":[{"embeddable":true,"href":"https:\/\/sites.usp.br\/labsantec\/wp-json\/wp\/v2\/users\/21970"}],"replies":[{"embeddable":true,"href":"https:\/\/sites.usp.br\/labsantec\/wp-json\/wp\/v2\/comments?post=306"}],"version-history":[{"count":6,"href":"https:\/\/sites.usp.br\/labsantec\/wp-json\/wp\/v2\/pages\/306\/revisions"}],"predecessor-version":[{"id":596,"href":"https:\/\/sites.usp.br\/labsantec\/wp-json\/wp\/v2\/pages\/306\/revisions\/596"}],"wp:attachment":[{"href":"https:\/\/sites.usp.br\/labsantec\/wp-json\/wp\/v2\/media?parent=306"}],"curies":[{"name":"wp","href":"https:\/\/api.w.org\/{rel}","templated":true}]}}