{"id":352,"date":"2020-07-19T19:31:23","date_gmt":"2020-07-19T21:31:23","guid":{"rendered":"https:\/\/sites.usp.br\/labsantec\/?page_id=352"},"modified":"2020-07-19T21:53:11","modified_gmt":"2020-07-19T23:53:11","slug":"projetos-em-andamento","status":"publish","type":"page","link":"https:\/\/sites.usp.br\/labsantec\/projetos-em-andamento\/","title":{"rendered":"Projetos em andamento"},"content":{"rendered":"<ul>\n<li><strong>2020\u00a0<\/strong><\/li>\n<\/ul>\n<p>Sustainable Wastewater Treatment, Resources Recovery and the SDGs (SPRINT- FAPESP )<\/p>\n<p>Descri\u00e7\u00e3o: Establish an international research partnership USP and Lund U.. The research project will participate in a series of workshops that will aim to identify challenges and opportunities for achieving sustainable cities. Conduct pre-studies focusing on positive and negative interactions between the WFE Nexus SDGs in the context of Sustainable Cities. The studies will identify leverage points for win-win actions at global and national level. Formulate a research programme based on the results of the pre-study and the discussions within the USP and Lund University. This program may include quantification of impacts at the leverage points and further development of decision-making tools and strategies for achieving the SDGs.<\/p>\n<p>&nbsp;<\/p>\n<ul>\n<li><strong>2019\u00a0<\/strong><\/li>\n<\/ul>\n<p>Greener cities and water: towards a more sustainable cities and healthier communities &#8211; brazilian and european<\/p>\n<p>Descri\u00e7\u00e3o: a consortiun of LA and european universities, coordinated by Institute of Water of Norway.<\/p>\n<p>&nbsp;<\/p>\n<ul>\n<li><strong>2018\u00a0<\/strong><\/li>\n<\/ul>\n<p>Recupera\u00e7\u00e3o e revitaliza\u00e7ao de rios urbanos, lagos e reservatorios<\/p>\n<p>Descri\u00e7\u00e3o: O projeto busca, a partir de uma abordagem multidisciplinar, desenvolver estudos de viabilidade tecnica-econ\u00f4mica-ambiental e social, diferentes mecanismos de recuperar rios urbanos polu\u00eddos, reservat\u00f3rios de fun\u00e7\u00e3o paisagistca e de contenc\u00e3o de \u00e1guas e mananciais que abastecem a Regi\u00e3o Metropolitana de sao Paulo, incluindo-se solu\u00e7oes baseadas na natureza, estudos de qualidade da \u00e1gua e avalia\u00e7ao de metodologias para cira\u00e7ao de politicas p\u00fablicas de conserva\u00e7ao da \u00e1gua.<\/p>\n<p>&nbsp;<\/p>\n<ul>\n<li><strong>2018\u00a0<\/strong><\/li>\n<\/ul>\n<p>Desenvolvimento de prot\u00f3tipo de c\u00e9lula combust\u00edvel microbiana para a produ\u00e7\u00e3o de bioeletricidade no tratamento de res\u00edduos. (PROGRAMA BIOEN)<\/p>\n<p>Descri\u00e7\u00e3o: Projeto interdisciplinar de inova\u00e7\u00e3o que busca compreender e propor solu\u00e7\u00e3o tecnologica para produzir energia renov\u00e1vel &#8211; bioeletricidade, a partir de res\u00edduos org\u00e2nicos.<\/p>\n<p>&nbsp;<\/p>\n<ul>\n<li><strong>2016\u00a0<\/strong><\/li>\n<\/ul>\n<p>Water, Wastewater and Resources Recovery: Towards a Circular Economy<\/p>\n<p>Descri\u00e7\u00e3o: Projeto iniciado durante o per\u00edodo como professor visitante na University of California &#8211; Berkeley (08\/2015 a 08\/2016) e atualmente com a Universidad de Lund &#8211; Su\u00e9cia.<\/p>\n<p>&nbsp;<\/p>\n<ul>\n<li><strong>2016\u00a0<\/strong><\/li>\n<\/ul>\n<p>Desenvolvimento de sistemas bioletroquimicos para o tratamento de \u00e1guas residu\u00e1rias<\/p>\n<p>Descri\u00e7\u00e3o: O estudo busca tratar \u00e1guas residu\u00e1rias e realizar a produ\u00e7\u00e3o de energia eletrica simultaneamente. O projeto possui j\u00e1 colabora\u00e7\u00e3o com a universidade de Columbia, EUA.<\/p>\n<p>&nbsp;<\/p>\n<ul>\n<li><strong>2015\u00a0\u00a0<\/strong><\/li>\n<\/ul>\n<p>Aproveitamento e valoriza\u00e7\u00e3o de recursos no tratamento de res\u00edduos e \u00e1guas residu\u00e1rias urbanas e agroindustriais<\/p>\n<p>Descri\u00e7\u00e3o: Desenvolvimento cient\u00edfico-tecnol\u00f3gico de tratamento de \u00e1guas residu\u00e1rias urbanas e agroindustriais com vistas \u00e0 produ\u00e7\u00e3o de recupera\u00e7\u00e3o de recursos, incluindo gera\u00e7\u00e3o de energia el\u00e9trica, recupera\u00e7\u00e3o e aproveitamento de nutrientes.<\/p>\n<p>&nbsp;<\/p>\n<ul>\n<li><strong>2015\u00a0<\/strong><\/li>\n<\/ul>\n<p>Sustentabilidade em sistemas de tratamento de esgotos em cidades<\/p>\n<p>Descri\u00e7\u00e3o: O presente projeto busca identificar possibilidades, estar e avaliar inova\u00e7\u00f5es que possam elevar a sustentabilidade dos sistemas de tratamento de esgotos em cidades, incluindo sistemas naturais. A redu\u00e7\u00e3o da emiss\u00e3o de gases de efeito estufa, a redu\u00e7\u00e3o no consumo de energia, o aproveitamento de \u00e1gua de re\u00faso, a recupera\u00e7\u00e3o de nitrog\u00eanio e f\u00f3sforo s\u00e3o avaliados.<\/p>\n<p>&nbsp;<\/p>\n","protected":false},"excerpt":{"rendered":"<p>2020\u00a0 Sustainable Wastewater Treatment, Resources Recovery and the SDGs (SPRINT- FAPESP ) Descri\u00e7\u00e3o: Establish an international research partnership USP and&#46;&#46;&#46;<\/p>\n","protected":false},"author":21982,"featured_media":0,"parent":0,"menu_order":0,"comment_status":"closed","ping_status":"closed","template":"","meta":{"footnotes":"","_links_to":"","_links_to_target":""},"class_list":["post-352","page","type-page","status-publish","hentry"],"_links":{"self":[{"href":"https:\/\/sites.usp.br\/labsantec\/wp-json\/wp\/v2\/pages\/352","targetHints":{"allow":["GET"]}}],"collection":[{"href":"https:\/\/sites.usp.br\/labsantec\/wp-json\/wp\/v2\/pages"}],"about":[{"href":"https:\/\/sites.usp.br\/labsantec\/wp-json\/wp\/v2\/types\/page"}],"author":[{"embeddable":true,"href":"https:\/\/sites.usp.br\/labsantec\/wp-json\/wp\/v2\/users\/21982"}],"replies":[{"embeddable":true,"href":"https:\/\/sites.usp.br\/labsantec\/wp-json\/wp\/v2\/comments?post=352"}],"version-history":[{"count":4,"href":"https:\/\/sites.usp.br\/labsantec\/wp-json\/wp\/v2\/pages\/352\/revisions"}],"predecessor-version":[{"id":444,"href":"https:\/\/sites.usp.br\/labsantec\/wp-json\/wp\/v2\/pages\/352\/revisions\/444"}],"wp:attachment":[{"href":"https:\/\/sites.usp.br\/labsantec\/wp-json\/wp\/v2\/media?parent=352"}],"curies":[{"name":"wp","href":"https:\/\/api.w.org\/{rel}","templated":true}]}}