{"id":353,"date":"2020-07-19T19:31:23","date_gmt":"2020-07-19T21:31:23","guid":{"rendered":"https:\/\/sites.usp.br\/labsantec\/?page_id=353"},"modified":"2020-07-19T21:54:07","modified_gmt":"2020-07-19T23:54:07","slug":"projetos-concluidos","status":"publish","type":"page","link":"https:\/\/sites.usp.br\/labsantec\/projetos-concluidos\/","title":{"rendered":"Projetos conclu\u00eddos"},"content":{"rendered":"<div class=\"layout-cell layout-cell-3 text-align-right\"><\/div>\n<div class=\"layout-cell layout-cell-9\">\n<div class=\"layout-cell-pad-5\">\n<ul>\n<li><strong>2012 &#8211; 2014<\/strong><\/li>\n<\/ul>\n<p>Tratamento fisico-quimico de .lixiviados de aterros sanit\u00e1rios por precipita\u00e7\u00e3o qu\u00edmica e microofiltra\u00e7\u00e3o<\/p>\n<p>Descri\u00e7\u00e3o: Projeto desenvolvido no \u00e2mbito de proposta da Finep com o uso de membrana comercial de micro e ultrafiltra\u00e7\u00e3o.<\/p>\n<p>&nbsp;<\/p>\n<ul>\n<li><strong>2011 &#8211; 2018<\/strong><\/li>\n<\/ul>\n<p>Desenvolvimento de sistemas locais e descentralizados de esgotamento sanit\u00e1rio, com vistas ao tratamento de esgotos dom\u00e9sticos pr\u00f3ximos das fontes geradoras, em especial de empreendimentos habitacionais de interesse social (RENTED)<\/p>\n<p>Descri\u00e7\u00e3o: Este projeto faz parte da rede RENTED &#8211; 1.1 &#8220;Desenvolvimento de sistemas locais e descentralizados de esgotamento sanit\u00e1rio, com vistas ao tratamento de esgotos dom\u00e9sticos pr\u00f3ximos das fontes geradoras, em especial de empreendimentos habitacionais de interesse social&#8221; do Edital MCT\/MCIDADES\/FINEP\/A\u00e7\u00e3o Transversal SANEAMENTO AMBIENTAL E HABITA\u00c7\u00c3O &#8211; 6\/2010. A Rede Nacional de tratamento de Esgotos Descentralizados &#8211; RENTED, tem como objetivo geral desenvolver sistemas locais e descentralizados de manejo de \u00e1guas residu\u00e1rias de origem dom\u00e9stica, incluindo aspectos de sustentabilidade e de gerenciamento de subprodutos l\u00edquidos, s\u00f3lidos e gasosos.<\/p>\n<p>&nbsp;<\/p>\n<ul>\n<li><strong>2011 &#8211; 2013<\/strong><\/li>\n<\/ul>\n<p>Constructed wetlands for the treatment of landfill leachate-COWETLA<\/p>\n<p>Descri\u00e7\u00e3o: Percolado de aterro sanit\u00e1rio: desenvolvimento de estrat\u00e9gias de tratamento utilizando modelos em escala reduzida de wetlands..<\/p>\n<p>Financiador(es): UNIVERSIDAD DEL VALLE, Cali &#8211; Coopera\u00e7\u00e3o \/ UNESCO Institute for Water Education &#8211; Aux\u00edlio financeiro.<\/p>\n<p>&nbsp;<\/p>\n<ul>\n<li><strong>2010 &#8211; 2014<\/strong><\/li>\n<\/ul>\n<p>Implementa\u00e7\u00e3o de infraestrutura de pesquisa laboratorial para o PPg Sustentabilidade (Finep-Proc. 0650\/10).<\/p>\n<p>Descri\u00e7\u00e3o: Projeto aprovado no \u00e2mbito da Chamada P\u00fablica MCT\/FINEP 03\/2010 (FINEP) de apoio de novos programas de p\u00f3s-gradua\u00e7\u00e3o..<\/p>\n<p>Financiador por: Financiadora de Estudos e Projetos &#8211; Aux\u00edlio financeiro.<\/p>\n<p>&nbsp;<\/p>\n<ul>\n<li><strong>2010 &#8211; 2014<\/strong><\/li>\n<\/ul>\n<p>Tratamento de lixiviados de aterro sanit\u00e1rio com foco na remo\u00e7\u00e3o de nitrog\u00eanio amoniacal, mat\u00e9ria org\u00e2nica biodegrad\u00e1vel e compostos recalcitrantes<\/p>\n<p>Descri\u00e7\u00e3o: Projeto de pesquisa desenvolvido no \u00e2mbito do Programa Nacional de Pesquisa em Saneamento B\u00e1sico &#8211; PROSAB &#8211; Chamada P\u00fablica 07\/2009 integrando 12 institui\u00e7\u00f5es de ensino superior (UFMG, USP, UFBA, UFRGS, UFPE, UFPR, UEL, UERJ, UEM, UEPB, UNISINOS, UFSC). O objetivo da rede \u00e9 o estudo de processos de tratamento de lixiviados provenientes de sistemas de disposi\u00e7\u00e3o final de res\u00edduos s\u00f3lidos dom\u00e9sticos com foco na remo\u00e7\u00e3o de nitrog\u00eanio amoniacal, mat\u00e9ria org\u00e2nica biodegrad\u00e1vel e compostos recalcitrantes.<\/p>\n<p>&nbsp;<\/p>\n<ul>\n<li><strong>2010 &#8211; 2013<\/strong><\/li>\n<\/ul>\n<p>Estrog\u00eanios ambientais em \u00e1guas residu\u00e1rias: an\u00e1lise dos efeitos biol\u00f3gicos, da distribui\u00e7\u00e3o dos compostos e desenvolvimento de estrat\u00e9gias de remo\u00e7\u00e3o. (Fapesp-Proc:10\/50653-2)<\/p>\n<p>Descri\u00e7\u00e3o: Caracteriza\u00e7\u00e3o de micropoluentes em \u00e1guas brutas, tratadas e esgotos, assim como desenvolvimento de estudos de remo\u00e7\u00e3o por processos f\u00edsico-qu\u00edmicos e biol\u00f3gicos.<\/p>\n<p>Financiado por: Financiadora de Estudos e Projetos &#8211; Aux\u00edlio financeiro \/ Funda\u00e7\u00e3o de Amparo \u00e0 Pesquisa do Estado de S\u00e3o Paulo &#8211; Aux\u00edlio financeiro.<\/p>\n<p>&nbsp;<\/p>\n<ul>\n<li><strong>2010 &#8211; 2012<\/strong><\/li>\n<\/ul>\n<p>P\u00f3s-Tratamento de esgotos sanit\u00e1rios de UASB e BAS utilizando-se um sistema de Wetlands Constru\u00eddos de fluxos vertical e horizontal<\/p>\n<p>Implanta\u00e7\u00e3o e monitoramento de um sistema de tratamento de efluentes no campus da EACH por Banhados Constru\u00eddos para a remo\u00e7\u00e3o de mat\u00e9ria org\u00e2nica, nutrientes e micropoluentes.<\/p>\n<p>Financiado por: Conselho Nacional de Desenvolvimento Cient\u00edfico e Tecnol\u00f3gico &#8211; Bolsa \/ Universidade de S\u00e3o Paulo &#8211; Aux\u00edlio financeiro \/ Funda\u00e7\u00e3o de Amparo \u00e0 Pesquisa do Estado de S\u00e3o Paulo &#8211; Bolsa.<\/p>\n<p>&nbsp;<\/p>\n<\/div>\n<\/div>\n<p>&nbsp;<\/p>\n<div class=\"layout-cell layout-cell-3 text-align-right\"><\/div>\n<div class=\"layout-cell layout-cell-9\">\n<div class=\"layout-cell-pad-5\"><\/div>\n<\/div>\n","protected":false},"excerpt":{"rendered":"<p>2012 &#8211; 2014 Tratamento fisico-quimico de .lixiviados de aterros sanit\u00e1rios por precipita\u00e7\u00e3o qu\u00edmica e microofiltra\u00e7\u00e3o Descri\u00e7\u00e3o: Projeto desenvolvido no \u00e2mbito&#46;&#46;&#46;<\/p>\n","protected":false},"author":21982,"featured_media":0,"parent":0,"menu_order":0,"comment_status":"closed","ping_status":"closed","template":"","meta":{"footnotes":"","_links_to":"","_links_to_target":""},"class_list":["post-353","page","type-page","status-publish","hentry"],"_links":{"self":[{"href":"https:\/\/sites.usp.br\/labsantec\/wp-json\/wp\/v2\/pages\/353","targetHints":{"allow":["GET"]}}],"collection":[{"href":"https:\/\/sites.usp.br\/labsantec\/wp-json\/wp\/v2\/pages"}],"about":[{"href":"https:\/\/sites.usp.br\/labsantec\/wp-json\/wp\/v2\/types\/page"}],"author":[{"embeddable":true,"href":"https:\/\/sites.usp.br\/labsantec\/wp-json\/wp\/v2\/users\/21982"}],"replies":[{"embeddable":true,"href":"https:\/\/sites.usp.br\/labsantec\/wp-json\/wp\/v2\/comments?post=353"}],"version-history":[{"count":5,"href":"https:\/\/sites.usp.br\/labsantec\/wp-json\/wp\/v2\/pages\/353\/revisions"}],"predecessor-version":[{"id":445,"href":"https:\/\/sites.usp.br\/labsantec\/wp-json\/wp\/v2\/pages\/353\/revisions\/445"}],"wp:attachment":[{"href":"https:\/\/sites.usp.br\/labsantec\/wp-json\/wp\/v2\/media?parent=353"}],"curies":[{"name":"wp","href":"https:\/\/api.w.org\/{rel}","templated":true}]}}