{"id":589,"date":"2020-08-02T18:43:58","date_gmt":"2020-08-02T20:43:58","guid":{"rendered":"https:\/\/sites.usp.br\/labsantec\/?page_id=589"},"modified":"2020-08-03T09:08:57","modified_gmt":"2020-08-03T11:08:57","slug":"producao","status":"publish","type":"page","link":"https:\/\/sites.usp.br\/labsantec\/producao\/","title":{"rendered":"Produ\u00e7\u00e3o"},"content":{"rendered":"<p>A produ\u00e7\u00e3o do grupo de pesquisa est\u00e1 dividida em dois grupos. O primeiro grupo corresponde aos artigos cient\u00edficos publicados em peri\u00f3dicos indexados e o segundo \u00e9 referente \u00e0s disserta\u00e7\u00f5es e teses.<\/p>\n<p>Sempre tomando prefer\u00eancia pela publica\u00e7\u00e3o em revistas internacionais de alto impacto, alguns artigos s\u00e3o resultados das teses defendidas pelos alunos do GEPASS.<\/p>\n<p>As teses por suas vez est\u00e3o todas dispon\u00edveis no <a href=\"https:\/\/www.teses.usp.br\/?lang=pt-br\">https:\/\/www.teses.usp.br\/?lang=pt-br<\/a> onde podem ser lidas online ou baixadas integralmente.<\/p>\n","protected":false},"excerpt":{"rendered":"<p>A produ\u00e7\u00e3o do grupo de pesquisa est\u00e1 dividida em dois grupos. O primeiro grupo corresponde aos artigos cient\u00edficos publicados em&#46;&#46;&#46;<\/p>\n","protected":false},"author":21970,"featured_media":0,"parent":0,"menu_order":0,"comment_status":"closed","ping_status":"closed","template":"","meta":{"footnotes":"","_links_to":"","_links_to_target":""},"class_list":["post-589","page","type-page","status-publish","hentry"],"_links":{"self":[{"href":"https:\/\/sites.usp.br\/labsantec\/wp-json\/wp\/v2\/pages\/589","targetHints":{"allow":["GET"]}}],"collection":[{"href":"https:\/\/sites.usp.br\/labsantec\/wp-json\/wp\/v2\/pages"}],"about":[{"href":"https:\/\/sites.usp.br\/labsantec\/wp-json\/wp\/v2\/types\/page"}],"author":[{"embeddable":true,"href":"https:\/\/sites.usp.br\/labsantec\/wp-json\/wp\/v2\/users\/21970"}],"replies":[{"embeddable":true,"href":"https:\/\/sites.usp.br\/labsantec\/wp-json\/wp\/v2\/comments?post=589"}],"version-history":[{"count":4,"href":"https:\/\/sites.usp.br\/labsantec\/wp-json\/wp\/v2\/pages\/589\/revisions"}],"predecessor-version":[{"id":600,"href":"https:\/\/sites.usp.br\/labsantec\/wp-json\/wp\/v2\/pages\/589\/revisions\/600"}],"wp:attachment":[{"href":"https:\/\/sites.usp.br\/labsantec\/wp-json\/wp\/v2\/media?parent=589"}],"curies":[{"name":"wp","href":"https:\/\/api.w.org\/{rel}","templated":true}]}}