{"id":62,"date":"2014-02-12T11:28:30","date_gmt":"2014-02-12T13:28:30","guid":{"rendered":"http:\/\/sites.usp.br\/labsantec\/?page_id=62"},"modified":"2020-07-19T21:31:47","modified_gmt":"2020-07-19T23:31:47","slug":"gepass","status":"publish","type":"page","link":"https:\/\/sites.usp.br\/labsantec\/gepass\/","title":{"rendered":"Grupo de Estudo e Pesquisa em \u00c1gua, Saneamento e Sustentabilidade (GEPASS)"},"content":{"rendered":"<p><img loading=\"lazy\" decoding=\"async\" class=\"alignleft wp-image-192 \" src=\"https:\/\/sites.usp.br\/labsantec\/wp-content\/uploads\/sites\/771\/2020\/07\/gepass2-e1595175418555-300x290.png\" alt=\"\" width=\"328\" height=\"317\" srcset=\"https:\/\/sites.usp.br\/labsantec\/wp-content\/uploads\/sites\/771\/2020\/07\/gepass2-e1595175418555-300x290.png 300w, https:\/\/sites.usp.br\/labsantec\/wp-content\/uploads\/sites\/771\/2020\/07\/gepass2-e1595175418555-1024x989.png 1024w, https:\/\/sites.usp.br\/labsantec\/wp-content\/uploads\/sites\/771\/2020\/07\/gepass2-e1595175418555-768x742.png 768w, https:\/\/sites.usp.br\/labsantec\/wp-content\/uploads\/sites\/771\/2020\/07\/gepass2-e1595175418555-1536x1483.png 1536w, https:\/\/sites.usp.br\/labsantec\/wp-content\/uploads\/sites\/771\/2020\/07\/gepass2-e1595175418555-400x386.png 400w, https:\/\/sites.usp.br\/labsantec\/wp-content\/uploads\/sites\/771\/2020\/07\/gepass2-e1595175418555.png 1628w\" sizes=\"auto, (max-width: 328px) 100vw, 328px\" \/><\/p>\n<p>Grupo foi criado em 2009 e seu trabalho vem se materializando por meio de atividades cient\u00edficas a partir de estudos interdisciplinares com interfaces entre o desenvolvimento, a sa\u00fade humana e ambiental e suas correla\u00e7\u00f5es com a qualidade da \u00e1gua, saneamento e bioenergia.<\/p>\n<p>Os estudos desenvolvidos pelo grupo incluem n\u00e3o apenas a avalia\u00e7\u00e3o de alternativas tecnol\u00f3gicas e metodologias para o tratamento de \u00e1guas residu\u00e1rias, \u00e1guas pluviais e de re\u00faso, mas tamb\u00e9m nas quest\u00f5es do uso e conserva\u00e7\u00e3o da \u00e1gua da micro-escala unifamiliar at\u00e9 a escala da Bacia Hidrogr\u00e1fica e seguran\u00e7a da \u00e1gua do munic\u00edpio.<\/p>\n<p>Possu\u00edmos coopera\u00e7\u00e3o com grupos de pesquisa do ITA, UFPR, UFC e com universidades no exterior, TU Braunschweig (Alemanha), Lund (Su\u00e9cia), UNESCO-IHE (Holanda), UC-Berkeley e Columbia University (ambos nos EUA). O grupo de Pesquisa obteve aprova\u00e7\u00e3o de diversos projetos de grande porte em ag\u00eancias nacionais (Fapesp, FINEP, CAPES) e internacionais, com interc\u00e2mbio de alunos de mestrado e doutorado e p\u00f3s-doutorado e docentes.<\/p>\n<p>&nbsp;<\/p>\n<h4><strong>Linhas de pesquisa:<\/strong><\/h4>\n<ul>\n<li>Tratamento de esgotos sanit\u00e1rios<\/li>\n<li>Tratamento de efluentes industriais<\/li>\n<li>Conserva\u00e7\u00e3o da \u00c1gua em edifica\u00e7\u00f5es<\/li>\n<li>Tratamento e re\u00faso de \u00e1guas residu\u00e1rias<\/li>\n<li>Uso e Conserva\u00e7\u00e3o da \u00c1gua no Meio Urbano<\/li>\n<li>Revitaliza\u00e7\u00e3o de rios urbanos solu\u00e7\u00f5es baseadas na natureza<\/li>\n<li>Gera\u00e7\u00e3o de bioenergia a partir de sistemas bioeletroqu\u00edmicos<\/li>\n<li>Recupera\u00e7\u00e3o de Recursos no Tratamento de \u00c1guas Residu\u00e1rias<\/li>\n<li>Desenvolvimento de Reatores Biol\u00f3gicos para tratamento de \u00e1guas residu\u00e1ria<\/li>\n<li>Segrega\u00e7\u00e3o, tratamento e aproveitamento das \u00e1guas em habita\u00e7\u00f5es e demais edifica\u00e7oes.<\/li>\n<\/ul>\n<p>&nbsp;<\/p>\n<h5>Links externos:<\/h5>\n<ul>\n<li>Canal do grupo no YouTube: <a href=\"https:\/\/www.youtube.com\/channel\/UCzr7UsqzDcYwwz4RfuAGXFw\">https:\/\/www.youtube.com\/channel\/UCzr7UsqzDcYwwz4RfuAGXFw<\/a><\/li>\n<li>Programa de Mestrado e Doutorado em Sustentabilidade: <a href=\"https:\/\/sites.usp.br\/sustentabilidade\/\">https:\/\/sites.usp.br\/sustentabilidade\/<\/a><\/li>\n<li>P\u00e1gina da Escola de Artes, Ci\u00eancias e Humanidades da USP: <a href=\"http:\/\/www.each.usp.br\/\">http:\/\/www.each.usp.br\/<\/a><\/li>\n<\/ul>\n","protected":false},"excerpt":{"rendered":"<p>Grupo foi criado em 2009 e seu trabalho vem se materializando por meio de atividades cient\u00edficas a partir de estudos&#46;&#46;&#46;<\/p>\n","protected":false},"author":1,"featured_media":0,"parent":0,"menu_order":8,"comment_status":"closed","ping_status":"closed","template":"","meta":{"footnotes":"","_links_to":"","_links_to_target":""},"class_list":["post-62","page","type-page","status-publish","hentry"],"_links":{"self":[{"href":"https:\/\/sites.usp.br\/labsantec\/wp-json\/wp\/v2\/pages\/62","targetHints":{"allow":["GET"]}}],"collection":[{"href":"https:\/\/sites.usp.br\/labsantec\/wp-json\/wp\/v2\/pages"}],"about":[{"href":"https:\/\/sites.usp.br\/labsantec\/wp-json\/wp\/v2\/types\/page"}],"author":[{"embeddable":true,"href":"https:\/\/sites.usp.br\/labsantec\/wp-json\/wp\/v2\/users\/1"}],"replies":[{"embeddable":true,"href":"https:\/\/sites.usp.br\/labsantec\/wp-json\/wp\/v2\/comments?post=62"}],"version-history":[{"count":5,"href":"https:\/\/sites.usp.br\/labsantec\/wp-json\/wp\/v2\/pages\/62\/revisions"}],"predecessor-version":[{"id":435,"href":"https:\/\/sites.usp.br\/labsantec\/wp-json\/wp\/v2\/pages\/62\/revisions\/435"}],"wp:attachment":[{"href":"https:\/\/sites.usp.br\/labsantec\/wp-json\/wp\/v2\/media?parent=62"}],"curies":[{"name":"wp","href":"https:\/\/api.w.org\/{rel}","templated":true}]}}