{"id":68,"date":"2014-02-12T11:30:24","date_gmt":"2014-02-12T13:30:24","guid":{"rendered":"http:\/\/sites.usp.br\/labsantec\/?page_id=68"},"modified":"2020-08-17T13:54:06","modified_gmt":"2020-08-17T15:54:06","slug":"membros-2","status":"publish","type":"page","link":"https:\/\/sites.usp.br\/labsantec\/gepass\/membros-2\/","title":{"rendered":"Membros do Grupo de Pesquisa"},"content":{"rendered":"<p>&nbsp;<\/p>\n<table style=\"height: 1760px;\" width=\"543\">\n<tbody>\n<tr>\n<td width=\"546\">\n<h4 style=\"text-align: left;\"><strong><img loading=\"lazy\" decoding=\"async\" class=\"alignleft wp-image-197 \" src=\"https:\/\/sites.usp.br\/labsantec\/wp-content\/uploads\/sites\/771\/2020\/07\/servletrecuperafoto-150x150.jpg\" alt=\"\" width=\"150\" height=\"150\" srcset=\"https:\/\/sites.usp.br\/labsantec\/wp-content\/uploads\/sites\/771\/2020\/07\/servletrecuperafoto-150x150.jpg 150w, https:\/\/sites.usp.br\/labsantec\/wp-content\/uploads\/sites\/771\/2020\/07\/servletrecuperafoto-160x160.jpg 160w, https:\/\/sites.usp.br\/labsantec\/wp-content\/uploads\/sites\/771\/2020\/07\/servletrecuperafoto-320x320.jpg 320w, https:\/\/sites.usp.br\/labsantec\/wp-content\/uploads\/sites\/771\/2020\/07\/servletrecuperafoto-45x45.jpg 45w, https:\/\/sites.usp.br\/labsantec\/wp-content\/uploads\/sites\/771\/2020\/07\/servletrecuperafoto-200x200.jpg 200w, https:\/\/sites.usp.br\/labsantec\/wp-content\/uploads\/sites\/771\/2020\/07\/servletrecuperafoto.jpg 180w\" sizes=\"auto, (max-width: 150px) 100vw, 150px\" \/>Prof. Dr. Marcelo Antunes Nolasco<\/strong><\/h4>\n<p style=\"text-align: left;\">Coordenador do grupo de pesquisa \/ email: <a href=\"mailto:mnolasco@usp.br\">mnolasco@usp.br<\/a><\/p>\n<p style=\"text-align: left;\">Lattes: <a href=\"http:\/\/lattes.cnpq.br\/1145872018010727\">http:\/\/lattes.cnpq.br\/1145872018010727<\/a> \/ ORCID: <a href=\"http:\/\/orcid.org\/0000-0002-1408-2954\">http:\/\/orcid.org\/0000-0002-1408-2954<\/a><\/p>\n<hr \/>\n<\/td>\n<\/tr>\n<tr>\n<td width=\"546\">\n<h5 style=\"text-align: left;\"><strong><a href=\"https:\/\/sites.usp.br\/labsantec\/wp-content\/uploads\/sites\/771\/2020\/07\/c9f43e69-6abe-442a-8c70-bdc73207842c.jpeg\"><img loading=\"lazy\" decoding=\"async\" class=\" wp-image-483 alignleft\" src=\"https:\/\/sites.usp.br\/labsantec\/wp-content\/uploads\/sites\/771\/2020\/07\/c9f43e69-6abe-442a-8c70-bdc73207842c-292x300.jpeg\" alt=\"\" width=\"151\" height=\"155\" srcset=\"https:\/\/sites.usp.br\/labsantec\/wp-content\/uploads\/sites\/771\/2020\/07\/c9f43e69-6abe-442a-8c70-bdc73207842c-292x300.jpeg 292w, https:\/\/sites.usp.br\/labsantec\/wp-content\/uploads\/sites\/771\/2020\/07\/c9f43e69-6abe-442a-8c70-bdc73207842c-998x1024.jpeg 998w, https:\/\/sites.usp.br\/labsantec\/wp-content\/uploads\/sites\/771\/2020\/07\/c9f43e69-6abe-442a-8c70-bdc73207842c-768x788.jpeg 768w, https:\/\/sites.usp.br\/labsantec\/wp-content\/uploads\/sites\/771\/2020\/07\/c9f43e69-6abe-442a-8c70-bdc73207842c-45x45.jpeg 45w, https:\/\/sites.usp.br\/labsantec\/wp-content\/uploads\/sites\/771\/2020\/07\/c9f43e69-6abe-442a-8c70-bdc73207842c-400x410.jpeg 400w, https:\/\/sites.usp.br\/labsantec\/wp-content\/uploads\/sites\/771\/2020\/07\/c9f43e69-6abe-442a-8c70-bdc73207842c.jpeg 1080w\" sizes=\"auto, (max-width: 151px) 100vw, 151px\" \/><\/a>Jo\u00e3o Victor Machado<\/strong><\/h5>\n<p style=\"text-align: left;\">Inicia\u00e7\u00e3o Cient\u00edfica (Licenciatura em Ci\u00eancias da Natureza) \/ e-mail: <a href=\"mailto:vicomachado@usp.br\">vicomachado@usp.br<\/a><\/p>\n<p style=\"text-align: left;\">&#8220;Me interesso fortemente pelo estudo da qu\u00edmica para Saneamento Ambiental e seus desdobramentos, buscando tecnologias capazes de ampliar minhas habilidades.&#8221;<\/p>\n<p style=\"text-align: left;\">Lattes:http: <a href=\"http:\/\/lattes.cnpq.br\/3074771828808968\">http:\/\/lattes.cnpq.br\/3074771828808968<\/a>\u00a0 \/ ORCID: <a href=\"https:\/\/orcid.org\/0000-0002-8641-2238\">https:\/\/orcid.org\/0000-0002-8641-2238<\/a><\/p>\n<\/td>\n<\/tr>\n<tr>\n<td width=\"546\">\n<h5 style=\"text-align: left;\"><strong><img loading=\"lazy\" decoding=\"async\" class=\"alignleft wp-image-257 size-thumbnail\" src=\"https:\/\/sites.usp.br\/labsantec\/wp-content\/uploads\/sites\/771\/2020\/07\/Sem-t\u00edtuloasas-150x150.png\" alt=\"\" width=\"150\" height=\"150\" srcset=\"https:\/\/sites.usp.br\/labsantec\/wp-content\/uploads\/sites\/771\/2020\/07\/Sem-t\u00edtuloasas-150x150.png 150w, https:\/\/sites.usp.br\/labsantec\/wp-content\/uploads\/sites\/771\/2020\/07\/Sem-t\u00edtuloasas-160x160.png 160w, https:\/\/sites.usp.br\/labsantec\/wp-content\/uploads\/sites\/771\/2020\/07\/Sem-t\u00edtuloasas-320x320.png 320w, https:\/\/sites.usp.br\/labsantec\/wp-content\/uploads\/sites\/771\/2020\/07\/Sem-t\u00edtuloasas-45x45.png 45w, https:\/\/sites.usp.br\/labsantec\/wp-content\/uploads\/sites\/771\/2020\/07\/Sem-t\u00edtuloasas-200x200.png 200w\" sizes=\"auto, (max-width: 150px) 100vw, 150px\" \/>Julio Cano<\/strong><\/h5>\n<p style=\"text-align: left;\">Mestrando em Sustentabilidade \/ e-mail: <a href=\"julio.cano@usp.br\">julio.cano@usp.br<\/a><\/p>\n<p style=\"text-align: left;\"><em>&#8220;Minha pesquisa tem como foco a otimiza\u00e7\u00e3o da gera\u00e7\u00e3o de energia e do tratamento de \u00e1gua residu\u00e1ria simultaneamente&#8221;<\/em><\/p>\n<p style=\"text-align: left;\">Lattes: <a href=\"http:\/\/lattes.cnpq.br\/7774004215630080\">http:\/\/lattes.cnpq.br\/7774004215630080<\/a> \/ \u00a0ORCID: <a href=\"https:\/\/orcid.org\/0000-0003-4215-9119\">https:\/\/orcid.org\/0000-0003-4215-9119<\/a><\/p>\n<\/td>\n<\/tr>\n<tr>\n<td width=\"546\">\n<h5 style=\"text-align: left;\"><strong><img loading=\"lazy\" decoding=\"async\" class=\"alignleft wp-image-470 size-thumbnail\" src=\"https:\/\/sites.usp.br\/labsantec\/wp-content\/uploads\/sites\/771\/2020\/07\/foto-p-site-mariana-2-150x150.jpg\" alt=\"\" width=\"150\" height=\"150\" srcset=\"https:\/\/sites.usp.br\/labsantec\/wp-content\/uploads\/sites\/771\/2020\/07\/foto-p-site-mariana-2-150x150.jpg 150w, https:\/\/sites.usp.br\/labsantec\/wp-content\/uploads\/sites\/771\/2020\/07\/foto-p-site-mariana-2-160x160.jpg 160w, https:\/\/sites.usp.br\/labsantec\/wp-content\/uploads\/sites\/771\/2020\/07\/foto-p-site-mariana-2-320x320.jpg 320w, https:\/\/sites.usp.br\/labsantec\/wp-content\/uploads\/sites\/771\/2020\/07\/foto-p-site-mariana-2-45x45.jpg 45w, https:\/\/sites.usp.br\/labsantec\/wp-content\/uploads\/sites\/771\/2020\/07\/foto-p-site-mariana-2-200x200.jpg 200w\" sizes=\"auto, (max-width: 150px) 100vw, 150px\" \/>Mariana Cardoso Chrispim<\/strong><\/h5>\n<p style=\"text-align: left;\">Doutoranda (Dupla-Titula\u00e7\u00e3o) em Sustentabilidade, na Universidade de S\u00e3o Paulo (USP) e em Engenharia de Recursos H\u00eddricos, na Universidade de Lund (Su\u00e9cia) \/ e-mail: <a href=\"mailto:mariana.chrispim@usp.br\">mariana.chrispim@usp.br<\/a><\/p>\n<p style=\"text-align: left;\"><em>&#8220;Em minhas pesquisas tenho focado em analisar as possibilidades de recupera\u00e7\u00e3o de recursos a partir dos processos de tratamento de esgotos, abordando diversos aspectos e buscando facilitar a transi\u00e7\u00e3o para uma vis\u00e3o de economia circular, e consequentemente tornar a realidade mais sustent\u00e1vel.&#8221;<\/em><\/p>\n<p style=\"text-align: left;\">Lattes: <a href=\"http:\/\/lattes.cnpq.br\/5907517933344570\">http:\/\/lattes.cnpq.br\/5907517933344570<\/a> \u00a0\/ \u00a0ORCID: <a href=\"https:\/\/orcid.org\/0000-0001-9466-2846\">https:\/\/orcid.org\/0000-0001-9466-2846<\/a><\/p>\n<\/td>\n<\/tr>\n<tr>\n<td width=\"546\">\n<h5 style=\"text-align: left;\"><strong><a href=\"https:\/\/sites.usp.br\/labsantec\/wp-content\/uploads\/sites\/771\/2020\/07\/WhatsApp-Image-2020-07-28-at-12.47.14-1.jpeg\"><img loading=\"lazy\" decoding=\"async\" class=\" wp-image-576 alignleft\" src=\"https:\/\/sites.usp.br\/labsantec\/wp-content\/uploads\/sites\/771\/2020\/07\/WhatsApp-Image-2020-07-28-at-12.47.14-1-276x300.jpeg\" alt=\"\" width=\"153\" height=\"165\" srcset=\"https:\/\/sites.usp.br\/labsantec\/wp-content\/uploads\/sites\/771\/2020\/07\/WhatsApp-Image-2020-07-28-at-12.47.14-1-276x300.jpeg 276w, https:\/\/sites.usp.br\/labsantec\/wp-content\/uploads\/sites\/771\/2020\/07\/WhatsApp-Image-2020-07-28-at-12.47.14-1-400x435.jpeg 400w, https:\/\/sites.usp.br\/labsantec\/wp-content\/uploads\/sites\/771\/2020\/07\/WhatsApp-Image-2020-07-28-at-12.47.14-1.jpeg 596w\" sizes=\"auto, (max-width: 153px) 100vw, 153px\" \/><\/a>Sabrina Candido Nunes<\/strong><\/h5>\n<p style=\"text-align: left;\">Bolsista de treinamento t\u00e9cnico \/ e-mail: <a href=\"mailto:sabrina.candido.megnet@gmail.com\">sabrina.candido.megnet@gmail.com<\/a><\/p>\n<p style=\"text-align: left;\"><em>&#8220;Me interessei em participar do projeto por tem uma grande relev\u00e2ncia no contexto da sustentabilidade e saneamento ambiental, onde posso contribuir com a minha forma\u00e7\u00e3o em qu\u00edmica&#8221;<\/em><\/p>\n<p style=\"text-align: left;\">Lattes: <a href=\"http:\/\/lattes.cnpq.br\/2271517893866977\">http:\/\/lattes.cnpq.br\/2271517893866977<\/a> \u00a0\/ \u00a0ORCID:\u00a0<a href=\"https:\/\/orcid.org\/0000-0003-2103-2709\">https:\/\/orcid.org\/0000-0003-2103-2709<\/a><\/p>\n<\/td>\n<\/tr>\n<tr>\n<td width=\"546\">\n<h5 style=\"text-align: left;\"><strong><img loading=\"lazy\" decoding=\"async\" class=\"alignleft wp-image-503 size-thumbnail\" src=\"https:\/\/sites.usp.br\/labsantec\/wp-content\/uploads\/sites\/771\/2020\/07\/12768246_1134026593296736_8242258800268452171_o-150x150.jpg\" alt=\"\" width=\"150\" height=\"150\" srcset=\"https:\/\/sites.usp.br\/labsantec\/wp-content\/uploads\/sites\/771\/2020\/07\/12768246_1134026593296736_8242258800268452171_o-150x150.jpg 150w, https:\/\/sites.usp.br\/labsantec\/wp-content\/uploads\/sites\/771\/2020\/07\/12768246_1134026593296736_8242258800268452171_o-300x300.jpg 300w, https:\/\/sites.usp.br\/labsantec\/wp-content\/uploads\/sites\/771\/2020\/07\/12768246_1134026593296736_8242258800268452171_o-768x771.jpg 768w, https:\/\/sites.usp.br\/labsantec\/wp-content\/uploads\/sites\/771\/2020\/07\/12768246_1134026593296736_8242258800268452171_o-160x160.jpg 160w, https:\/\/sites.usp.br\/labsantec\/wp-content\/uploads\/sites\/771\/2020\/07\/12768246_1134026593296736_8242258800268452171_o-320x320.jpg 320w, https:\/\/sites.usp.br\/labsantec\/wp-content\/uploads\/sites\/771\/2020\/07\/12768246_1134026593296736_8242258800268452171_o-45x45.jpg 45w, https:\/\/sites.usp.br\/labsantec\/wp-content\/uploads\/sites\/771\/2020\/07\/12768246_1134026593296736_8242258800268452171_o-200x200.jpg 200w, https:\/\/sites.usp.br\/labsantec\/wp-content\/uploads\/sites\/771\/2020\/07\/12768246_1134026593296736_8242258800268452171_o-400x402.jpg 400w, https:\/\/sites.usp.br\/labsantec\/wp-content\/uploads\/sites\/771\/2020\/07\/12768246_1134026593296736_8242258800268452171_o.jpg 956w\" sizes=\"auto, (max-width: 150px) 100vw, 150px\" \/>Yohana Milagros C\u00e9spedes Verona<\/strong><\/h5>\n<p style=\"text-align: left;\">Mestranda em Sustentabilidade \/ e-mail: <a href=\"mailto:ycespedes@usp.br\">ycespedes@usp.br<\/a><\/p>\n<p style=\"text-align: left;\"><em>&#8220;Adicionar frase\u201d<\/em><\/p>\n<p style=\"text-align: left;\">Lattes: <a href=\"http:\/\/lattes.cnpq.br\/7517146985570337\">http:\/\/lattes.cnpq.br\/7517146985570337<\/a><\/p>\n<\/td>\n<\/tr>\n<tr>\n<td width=\"546\"><\/td>\n<\/tr>\n<\/tbody>\n<\/table>\n","protected":false},"excerpt":{"rendered":"<p>&nbsp; Prof. Dr. Marcelo Antunes Nolasco Coordenador do grupo de pesquisa \/ email: mnolasco@usp.br Lattes: http:\/\/lattes.cnpq.br\/1145872018010727 \/ ORCID: http:\/\/orcid.org\/0000-0002-1408-2954 Jo\u00e3o&#46;&#46;&#46;<\/p>\n","protected":false},"author":1,"featured_media":0,"parent":62,"menu_order":0,"comment_status":"closed","ping_status":"closed","template":"","meta":{"footnotes":"","_links_to":"","_links_to_target":""},"class_list":["post-68","page","type-page","status-publish","hentry"],"_links":{"self":[{"href":"https:\/\/sites.usp.br\/labsantec\/wp-json\/wp\/v2\/pages\/68","targetHints":{"allow":["GET"]}}],"collection":[{"href":"https:\/\/sites.usp.br\/labsantec\/wp-json\/wp\/v2\/pages"}],"about":[{"href":"https:\/\/sites.usp.br\/labsantec\/wp-json\/wp\/v2\/types\/page"}],"author":[{"embeddable":true,"href":"https:\/\/sites.usp.br\/labsantec\/wp-json\/wp\/v2\/users\/1"}],"replies":[{"embeddable":true,"href":"https:\/\/sites.usp.br\/labsantec\/wp-json\/wp\/v2\/comments?post=68"}],"version-history":[{"count":5,"href":"https:\/\/sites.usp.br\/labsantec\/wp-json\/wp\/v2\/pages\/68\/revisions"}],"predecessor-version":[{"id":602,"href":"https:\/\/sites.usp.br\/labsantec\/wp-json\/wp\/v2\/pages\/68\/revisions\/602"}],"up":[{"embeddable":true,"href":"https:\/\/sites.usp.br\/labsantec\/wp-json\/wp\/v2\/pages\/62"}],"wp:attachment":[{"href":"https:\/\/sites.usp.br\/labsantec\/wp-json\/wp\/v2\/media?parent=68"}],"curies":[{"name":"wp","href":"https:\/\/api.w.org\/{rel}","templated":true}]}}