{"id":651,"date":"2021-08-31T23:09:02","date_gmt":"2021-09-01T01:09:02","guid":{"rendered":"https:\/\/sites.usp.br\/labvasc_icb\/?page_id=651"},"modified":"2025-08-30T00:23:01","modified_gmt":"2025-08-30T02:23:01","slug":"patrizia-dardi","status":"publish","type":"page","link":"https:\/\/sites.usp.br\/labvasc_icb\/patrizia-dardi\/","title":{"rendered":"Patrizia Dardi"},"content":{"rendered":"\t\t<div data-elementor-type=\"wp-page\" data-elementor-id=\"651\" class=\"elementor elementor-651\" data-elementor-post-type=\"page\">\n\t\t\t\t\t\t<section class=\"elementor-section elementor-top-section elementor-element elementor-element-3debfdf elementor-section-boxed elementor-section-height-default elementor-section-height-default\" data-id=\"3debfdf\" data-element_type=\"section\">\n\t\t\t\t\t\t<div class=\"elementor-container elementor-column-gap-default\">\n\t\t\t\t\t<div class=\"elementor-column elementor-col-100 elementor-top-column elementor-element elementor-element-9510485\" data-id=\"9510485\" data-element_type=\"column\">\n\t\t\t<div class=\"elementor-widget-wrap elementor-element-populated\">\n\t\t\t\t\t\t<div class=\"elementor-element elementor-element-dc36f0e elementor-widget elementor-widget-spacer\" data-id=\"dc36f0e\" data-element_type=\"widget\" data-widget_type=\"spacer.default\">\n\t\t\t\t<div class=\"elementor-widget-container\">\n\t\t\t\t\t<div class=\"elementor-spacer\">\n\t\t\t<div class=\"elementor-spacer-inner\"><\/div>\n\t\t<\/div>\n\t\t\t\t<\/div>\n\t\t\t\t<\/div>\n\t\t\t\t\t<\/div>\n\t\t<\/div>\n\t\t\t\t\t<\/div>\n\t\t<\/section>\n\t\t\t\t<section class=\"elementor-section elementor-top-section elementor-element elementor-element-8f3c8b5 elementor-section-boxed elementor-section-height-default elementor-section-height-default\" data-id=\"8f3c8b5\" data-element_type=\"section\">\n\t\t\t\t\t\t<div class=\"elementor-container elementor-column-gap-default\">\n\t\t\t\t\t<div class=\"elementor-column elementor-col-100 elementor-top-column elementor-element elementor-element-83376e7\" data-id=\"83376e7\" data-element_type=\"column\">\n\t\t\t<div class=\"elementor-widget-wrap elementor-element-populated\">\n\t\t\t\t\t\t<div class=\"elementor-element elementor-element-b39e2de elementor-headline--style-highlight elementor-widget elementor-widget-animated-headline\" data-id=\"b39e2de\" data-element_type=\"widget\" data-settings=\"{&quot;marker&quot;:&quot;underline&quot;,&quot;highlighted_text&quot;:&quot;Patrizia Dardi&quot;,&quot;headline_style&quot;:&quot;highlight&quot;,&quot;loop&quot;:&quot;yes&quot;,&quot;highlight_animation_duration&quot;:1200,&quot;highlight_iteration_delay&quot;:8000}\" data-widget_type=\"animated-headline.default\">\n\t\t\t\t<div class=\"elementor-widget-container\">\n\t\t\t\t\t<h3 class=\"elementor-headline\">\n\t\t\t\t<span class=\"elementor-headline-dynamic-wrapper elementor-headline-text-wrapper\">\n\t\t\t\t\t<span class=\"elementor-headline-dynamic-text elementor-headline-text-active\">Patrizia Dardi<\/span>\n\t\t\t\t<\/span>\n\t\t\t\t<\/h3>\n\t\t\t\t<\/div>\n\t\t\t\t<\/div>\n\t\t\t\t<div class=\"elementor-element elementor-element-a72de50 elementor-widget elementor-widget-heading\" data-id=\"a72de50\" data-element_type=\"widget\" data-widget_type=\"heading.default\">\n\t\t\t\t<div class=\"elementor-widget-container\">\n\t\t\t<h2 class=\"elementor-heading-title elementor-size-default\">P\u00f3s-doutoranda <\/h2>\t\t<\/div>\n\t\t\t\t<\/div>\n\t\t\t\t<div class=\"elementor-element elementor-element-73e31a0 elementor-widget elementor-widget-heading\" data-id=\"73e31a0\" data-element_type=\"widget\" data-widget_type=\"heading.default\">\n\t\t\t\t<div class=\"elementor-widget-container\">\n\t\t\t<h2 class=\"elementor-heading-title elementor-size-default\"><b>Biografia <\/b><\/h2>\t\t<\/div>\n\t\t\t\t<\/div>\n\t\t\t\t\t<\/div>\n\t\t<\/div>\n\t\t\t\t\t<\/div>\n\t\t<\/section>\n\t\t\t\t<section class=\"elementor-section elementor-top-section elementor-element elementor-element-b939d84 elementor-section-boxed elementor-section-height-default elementor-section-height-default\" data-id=\"b939d84\" data-element_type=\"section\">\n\t\t\t\t\t\t<div class=\"elementor-container elementor-column-gap-default\">\n\t\t\t\t\t<div class=\"elementor-column elementor-col-50 elementor-top-column elementor-element elementor-element-aac654b\" data-id=\"aac654b\" data-element_type=\"column\">\n\t\t\t<div class=\"elementor-widget-wrap elementor-element-populated\">\n\t\t\t\t\t\t<div class=\"elementor-element elementor-element-74ce7e0 elementor-widget elementor-widget-text-editor\" data-id=\"74ce7e0\" data-element_type=\"widget\" data-widget_type=\"text-editor.default\">\n\t\t\t\t<div class=\"elementor-widget-container\">\n\t\t\t\t\t\t\t<p><span style=\"font-weight: 400;\"> Bacharel em Ci\u00eancias Biom\u00e9dicas pelo Instituto de Ci\u00eancias Biom\u00e9dicas da Universidade de S\u00e3o Paulo (2017). Aluna do Laborat\u00f3rio de Fisiologia Vascular desde 2016, primeiramente como inicia\u00e7\u00e3o cient\u00edfica (2016-2017), bolsista CNPq\/PIBIC. Durante o mestrado (2020, PPG em Fisiologia Humana) avaliou a intera\u00e7\u00e3o entre a microbiota intestinal, o remodelamento vascular de art\u00e9rias de resist\u00eancia e o desenvolvimento e manuten\u00e7\u00e3o da hipertens\u00e3o arterial (bolsista CAPES). J\u00e1 no doutorado (2024, PPG em Biologia Funcional e Molecular), investigou o efeito do per\u00edodo p\u00f3s-natal sobre a coloniza\u00e7\u00e3o da microbiota e o remodelamento arterial, caracterizando altera\u00e7\u00f5es intestinais e vasculares na hipertens\u00e3o arterial (bolsista FAPESP 2020\/10381-5). Atualmente \u00e9 p\u00f3s-doutoranda sob supervis\u00e3o da Prof\u00aa Dr\u00aa Luciana Venturini Rossoni. Tem experi\u00eancia na \u00e1rea de Fisiologia Cardiovascular, com \u00eanfase no Sistema Vascular, atuando principalmente no estudo das altera\u00e7\u00f5es funcionais, estruturais e mec\u00e2nicas em art\u00e9rias de resist\u00eancia, com foco na microbiota e suas vias de sinaliza\u00e7\u00e3o celular, e na a\u00e7\u00e3o do receptor de mineralocorticoide na disfun\u00e7\u00e3o do tecido adiposo perivascular. <\/span><\/p><p><span style=\"color: var( --e-global-color-47be2439 );\"><\/span><\/p>\t\t\t\t\t\t<\/div>\n\t\t\t\t<\/div>\n\t\t\t\t\t<\/div>\n\t\t<\/div>\n\t\t\t\t<div class=\"elementor-column elementor-col-50 elementor-top-column elementor-element elementor-element-de73e79\" data-id=\"de73e79\" data-element_type=\"column\">\n\t\t\t<div class=\"elementor-widget-wrap elementor-element-populated\">\n\t\t\t\t\t\t<div class=\"elementor-element elementor-element-3c3f9ff elementor-widget elementor-widget-image\" data-id=\"3c3f9ff\" data-element_type=\"widget\" data-widget_type=\"image.default\">\n\t\t\t\t<div class=\"elementor-widget-container\">\n\t\t\t\t\t\t\t\t\t\t\t\t\t<img fetchpriority=\"high\" decoding=\"async\" width=\"250\" height=\"250\" src=\"https:\/\/sites.usp.br\/labvasc_icb\/wp-content\/uploads\/sites\/998\/2025\/08\/Foto-Patrizia-250x250.jpg\" class=\"attachment-post-thumbnail size-post-thumbnail wp-image-2103\" alt=\"\" srcset=\"https:\/\/sites.usp.br\/labvasc_icb\/wp-content\/uploads\/sites\/998\/2025\/08\/Foto-Patrizia-250x250.jpg 250w, https:\/\/sites.usp.br\/labvasc_icb\/wp-content\/uploads\/sites\/998\/2025\/08\/Foto-Patrizia-150x150.jpg 150w, https:\/\/sites.usp.br\/labvasc_icb\/wp-content\/uploads\/sites\/998\/2025\/08\/Foto-Patrizia-174x174.jpg 174w, https:\/\/sites.usp.br\/labvasc_icb\/wp-content\/uploads\/sites\/998\/2025\/08\/Foto-Patrizia-45x45.jpg 45w, https:\/\/sites.usp.br\/labvasc_icb\/wp-content\/uploads\/sites\/998\/2025\/08\/Foto-Patrizia-200x200.jpg 200w\" sizes=\"(max-width: 250px) 100vw, 250px\" \/>\t\t\t\t\t\t\t\t\t\t\t\t\t<\/div>\n\t\t\t\t<\/div>\n\t\t\t\t<div class=\"elementor-element elementor-element-9b275b1 elementor-shape-rounded elementor-grid-0 e-grid-align-center elementor-widget elementor-widget-social-icons\" data-id=\"9b275b1\" data-element_type=\"widget\" data-widget_type=\"social-icons.default\">\n\t\t\t\t<div class=\"elementor-widget-container\">\n\t\t\t\t\t<div class=\"elementor-social-icons-wrapper elementor-grid\">\n\t\t\t\t\t\t\t<span class=\"elementor-grid-item\">\n\t\t\t\t\t<a class=\"elementor-icon elementor-social-icon elementor-social-icon- elementor-repeater-item-9dd85f6\" href=\"http:\/\/lattes.cnpq.br\/1149243384035724\" target=\"_blank\">\n\t\t\t\t\t\t<span class=\"elementor-screen-only\"><\/span>\n\t\t\t\t\t\t<svg xmlns=\"http:\/\/www.w3.org\/2000\/svg\" width=\"712.000000pt\" height=\"474.000000pt\" viewBox=\"0 0 712.000000 474.000000\" preserveAspectRatio=\"xMidYMid meet\"><g transform=\"translate(0.000000,474.000000) scale(0.100000,-0.100000)\" fill=\"#000000\" stroke=\"none\"><path d=\"M2961 4580 c-361 -35 -631 -149 -833 -353 -161 -163 -292 -407 -346 -647 -68 -299 -53 -769 38 -1129 10 -42 24 -102 30 -133 6 -31 18 -62 25 -68 8 -7 101 -25 207 -40 106 -16 267 -40 358 -54 91 -13 217 -32 280 -41 63 -9 216 -34 340 -56 259 -45 300 -48 300 -20 0 31 -21 39 -135 56 -61 8 -137 20 -170 25 -33 5 -150 23 -260 40 -110 17 -240 37 -290 45 -106 17 -404 62 -524 79 -50 7 -86 17 -89 24 -7 21 19 42 52 43 25 0 27 2 12 8 -24 9 -55 130 -85 331 -38 250 -45 481 -11 349 20 -77 21 -81 36 -75 8 3 14 1 14 -4 0 -6 9 -10 20 -10 11 0 28 -5 38 -10 17 -10 192 -38 292 -46 30 -3 65 -10 77 -16 12 -6 32 -8 44 -5 13 3 38 -2 60 -14 21 -10 45 -19 54 -19 8 0 15 -4 15 -9 0 -5 12 -11 28 -14 46 -9 82 -44 82 -80 0 -18 4 -38 9 -46 6 -9 -4 -44 -26 -100 -19 -47 -41 -101 -47 -118 -7 -18 -15 -36 -19 -39 -15 -16 -5 -22 43 -29 28 -4 74 -16 103 -27 29 -11 67 -25 85 -31 25 -8 32 -15 29 -29 -4 -13 0 -18 14 -18 10 0 19 -5 19 -10 0 -16 55 -36 160 -60 52 -12 97 -25 100 -27 10 -11 -214 14 -470 52 -52 8 -120 17 -150 19 -47 5 -44 3 20 -9 41 -8 185 -33 320 -55 135 -23 304 -52 375 -66 72 -13 131 -24 133 -24 10 0 -5 48 -42 134 -173 397 -274 762 -294 1066 -16 244 18 419 111 557 60 91 124 143 242 199 112 52 236 81 419 96 143 12 244 7 628 -32 143 -15 206 11 160 66 -24 29 -293 146 -477 209 -394 133 -801 194 -1104 165z\"><\/path><path d=\"M3590 3770 c-117 -22 -242 -94 -309 -179 -46 -58 -91 -189 -91 -267 0 -68 37 -211 73 -284 84 -170 271 -336 467 -413 122 -49 187 -62 310 -61 98 1 126 5 189 27 186 67 279 159 312 310 24 105 23 184 0 274 -78 302 -454 581 -803 597 -56 3 -123 1 -148 -4z m-230 -609 c57 -106 236 -288 332 -337 47 -23 68 -44 61 -60 -3 -9 10 -20 40 -33 25 -11 48 -24 51 -30 4 -6 14 -11 22 -11 8 0 31 -7 52 -15 56 -24 23 -34 -56 -18 -68 14 -252 95 -252 110 0 5 -22 26 -50 47 -34 26 -50 45 -50 61 0 14 -12 32 -30 46 -68 53 -180 227 -180 280 0 38 29 18 60 -40z\"><\/path><path d=\"M4675 3659 c-14 -21 8 -103 61 -241 67 -171 93 -273 100 -398 18 -270 -119 -529 -381 -722 -148 -109 -401 -220 -650 -283 -363 -93 -909 -99 -1370 -14 -76 14 -478 105 -525 119 -19 5 -38 6 -43 1 -4 -4 9 -48 29 -97 20 -49 47 -116 60 -149 28 -73 174 -431 359 -885 75 -184 145 -355 155 -380 26 -65 137 -334 162 -392 19 -45 24 -49 47 -44 14 3 51 11 81 17 100 19 401 91 480 114 25 8 72 21 105 31 428 121 896 345 1195 573 247 187 450 399 581 606 51 81 158 313 193 420 68 204 89 419 62 623 -35 262 -166 561 -341 777 -27 33 -101 116 -164 183 -130 138 -177 173 -196 141z m-2503 -1648 c158 -37 304 -65 448 -86 166 -25 153 -13 151 -135 -1 -58 6 -154 14 -215 9 -60 19 -131 22 -157 3 -26 9 -45 14 -42 5 3 7 15 5 27 -24 121 -28 148 -21 164 6 13 11 4 22 -37 8 -30 16 -71 18 -90 2 -19 8 -55 14 -80 20 -78 24 -127 12 -134 -7 -5 -11 3 -11 23 0 17 -5 31 -11 31 -6 0 -8 -8 -5 -17 3 -10 8 -30 12 -46 10 -44 39 -57 134 -58 47 -1 119 -4 160 -8 64 -5 75 -9 72 -23 -5 -28 26 -76 50 -80 l23 -3 -22 -13 c-34 -19 -158 -42 -260 -49 -51 -3 -93 -9 -93 -13 0 -4 14 -38 31 -76 17 -38 46 -109 64 -159 32 -87 66 -166 106 -249 10 -22 19 -43 19 -47 0 -8 -115 -39 -260 -70 -72 -15 -109 -28 -119 -41 -23 -30 -38 -21 -62 39 -12 32 -61 146 -107 253 -110 256 -268 631 -404 960 -60 146 -120 290 -133 320 -68 157 -73 184 -28 155 12 -8 78 -28 145 -44z m1136 -354 c2 -15 10 -27 18 -27 20 0 61 -67 74 -121 10 -39 9 -52 -4 -77 -9 -17 -16 -41 -17 -54 -1 -37 -45 64 -68 157 -30 124 -35 158 -19 153 7 -3 14 -17 16 -31z m-542 -1392 c-30 -16 -43 -14 -31 4 3 6 18 11 33 11 l27 0 -29 -15z\"><\/path><path d=\"M2831 1318 c-1 -16 4 -28 9 -28 12 0 12 8 0 35 -8 18 -9 17 -9 -7z\"><\/path><path d=\"M1988 2343 c7 -3 16 -2 19 1 4 3 -2 6 -13 5 -11 0 -14 -3 -6 -6z\"><\/path><path d=\"M2058 2333 c6 -2 18 -2 25 0 6 3 1 5 -13 5 -14 0 -19 -2 -12 -5z\"><\/path><path d=\"M2118 2323 c7 -3 16 -2 19 1 4 3 -2 6 -13 5 -11 0 -14 -3 -6 -6z\"><\/path><path d=\"M2178 2313 c6 -2 18 -2 25 0 6 3 1 5 -13 5 -14 0 -19 -2 -12 -5z\"><\/path><path d=\"M2318 2293 c7 -3 16 -2 19 1 4 3 -2 6 -13 5 -11 0 -14 -3 -6 -6z\"><\/path><path d=\"M2378 2283 c7 -3 16 -2 19 1 4 3 -2 6 -13 5 -11 0 -14 -3 -6 -6z\"><\/path><\/g><\/svg>\t\t\t\t\t<\/a>\n\t\t\t\t<\/span>\n\t\t\t\t\t\t\t<span class=\"elementor-grid-item\">\n\t\t\t\t\t<a class=\"elementor-icon elementor-social-icon elementor-social-icon-orcid elementor-repeater-item-db0447d\" href=\"https:\/\/orcid.org\/0000-0002-5543-1284\" target=\"_blank\">\n\t\t\t\t\t\t<span class=\"elementor-screen-only\">Orcid<\/span>\n\t\t\t\t\t\t<i class=\"fab fa-orcid\"><\/i>\t\t\t\t\t<\/a>\n\t\t\t\t<\/span>\n\t\t\t\t\t\t\t<span class=\"elementor-grid-item\">\n\t\t\t\t\t<a class=\"elementor-icon elementor-social-icon elementor-social-icon-file-powerpoint elementor-repeater-item-ec9ff5b\" href=\"https:\/\/publons.com\/researcher\/3795597\/patrizia-dardi\/\" target=\"_blank\">\n\t\t\t\t\t\t<span class=\"elementor-screen-only\">File-powerpoint<\/span>\n\t\t\t\t\t\t<i class=\"far fa-file-powerpoint\"><\/i>\t\t\t\t\t<\/a>\n\t\t\t\t<\/span>\n\t\t\t\t\t<\/div>\n\t\t\t\t<\/div>\n\t\t\t\t<\/div>\n\t\t\t\t\t<\/div>\n\t\t<\/div>\n\t\t\t\t\t<\/div>\n\t\t<\/section>\n\t\t\t\t<section class=\"elementor-section elementor-top-section elementor-element elementor-element-6cf9299 elementor-section-boxed elementor-section-height-default elementor-section-height-default\" data-id=\"6cf9299\" data-element_type=\"section\">\n\t\t\t\t\t\t<div class=\"elementor-container elementor-column-gap-default\">\n\t\t\t\t\t<div class=\"elementor-column elementor-col-100 elementor-top-column elementor-element elementor-element-8899de0\" data-id=\"8899de0\" data-element_type=\"column\">\n\t\t\t<div class=\"elementor-widget-wrap elementor-element-populated\">\n\t\t\t\t\t\t<div class=\"elementor-element elementor-element-516b106 elementor-widget elementor-widget-heading\" data-id=\"516b106\" data-element_type=\"widget\" data-widget_type=\"heading.default\">\n\t\t\t\t<div class=\"elementor-widget-container\">\n\t\t\t<h2 class=\"elementor-heading-title elementor-size-default\"><b>Projeto de Pesquisa <\/b><\/h2>\t\t<\/div>\n\t\t\t\t<\/div>\n\t\t\t\t<div class=\"elementor-element elementor-element-5304a6b elementor-widget elementor-widget-text-editor\" data-id=\"5304a6b\" data-element_type=\"widget\" data-widget_type=\"text-editor.default\">\n\t\t\t\t<div class=\"elementor-widget-container\">\n\t\t\t\t\t\t\t<p dir=\"ltr\"> <span style=\"font-weight: 400;\">Avalia\u00e7\u00e3o do efeito de antagonistas esteroidais e n\u00e3o-esteroidais do receptor de mineralocorticoide na disfun\u00e7\u00e3o do tecido adiposo perivascular na hipertens\u00e3o renovascular. Bolsista FAPESP 2024\/19952-6.<\/span><\/p><p dir=\"ltr\"><span style=\"color: var( --e-global-color-47be2439 );\"><\/span><\/p>\t\t\t\t\t\t<\/div>\n\t\t\t\t<\/div>\n\t\t\t\t\t<\/div>\n\t\t<\/div>\n\t\t\t\t\t<\/div>\n\t\t<\/section>\n\t\t\t\t<section class=\"elementor-section elementor-top-section elementor-element elementor-element-42ad7f4 elementor-section-boxed elementor-section-height-default elementor-section-height-default\" data-id=\"42ad7f4\" data-element_type=\"section\">\n\t\t\t\t\t\t<div class=\"elementor-container elementor-column-gap-default\">\n\t\t\t\t\t<div class=\"elementor-column elementor-col-100 elementor-top-column elementor-element elementor-element-6b371e1\" data-id=\"6b371e1\" data-element_type=\"column\">\n\t\t\t<div class=\"elementor-widget-wrap elementor-element-populated\">\n\t\t\t\t\t\t<div class=\"elementor-element elementor-element-24df601 elementor-widget elementor-widget-spacer\" data-id=\"24df601\" data-element_type=\"widget\" data-widget_type=\"spacer.default\">\n\t\t\t\t<div class=\"elementor-widget-container\">\n\t\t\t\t\t<div class=\"elementor-spacer\">\n\t\t\t<div class=\"elementor-spacer-inner\"><\/div>\n\t\t<\/div>\n\t\t\t\t<\/div>\n\t\t\t\t<\/div>\n\t\t\t\t\t<\/div>\n\t\t<\/div>\n\t\t\t\t\t<\/div>\n\t\t<\/section>\n\t\t\t\t<\/div>\n\t\t","protected":false},"excerpt":{"rendered":"<p>Patrizia Dardi P\u00f3s-doutoranda Biografia Bacharel em Ci\u00eancias Biom\u00e9dicas pelo Instituto de Ci\u00eancias Biom\u00e9dicas da Universidade de S\u00e3o Paulo (2017). Aluna do Laborat\u00f3rio de Fisiologia Vascular desde 2016, primeiramente como inicia\u00e7\u00e3o cient\u00edfica (2016-2017), bolsista CNPq\/PIBIC. Durante o mestrado (2020, PPG em Fisiologia Humana) avaliou a intera\u00e7\u00e3o entre a microbiota intestinal, o remodelamento vascular de art\u00e9rias de<a href=\"https:\/\/sites.usp.br\/labvasc_icb\/patrizia-dardi\/\">[&#8230;]<\/a><\/p>\n","protected":false},"author":22540,"featured_media":0,"parent":0,"menu_order":0,"comment_status":"closed","ping_status":"closed","template":"elementor_header_footer","meta":{"footnotes":"","_links_to":"","_links_to_target":""},"class_list":["post-651","page","type-page","status-publish","hentry"],"_links":{"self":[{"href":"https:\/\/sites.usp.br\/labvasc_icb\/wp-json\/wp\/v2\/pages\/651","targetHints":{"allow":["GET"]}}],"collection":[{"href":"https:\/\/sites.usp.br\/labvasc_icb\/wp-json\/wp\/v2\/pages"}],"about":[{"href":"https:\/\/sites.usp.br\/labvasc_icb\/wp-json\/wp\/v2\/types\/page"}],"author":[{"embeddable":true,"href":"https:\/\/sites.usp.br\/labvasc_icb\/wp-json\/wp\/v2\/users\/22540"}],"replies":[{"embeddable":true,"href":"https:\/\/sites.usp.br\/labvasc_icb\/wp-json\/wp\/v2\/comments?post=651"}],"version-history":[{"count":4,"href":"https:\/\/sites.usp.br\/labvasc_icb\/wp-json\/wp\/v2\/pages\/651\/revisions"}],"predecessor-version":[{"id":2173,"href":"https:\/\/sites.usp.br\/labvasc_icb\/wp-json\/wp\/v2\/pages\/651\/revisions\/2173"}],"wp:attachment":[{"href":"https:\/\/sites.usp.br\/labvasc_icb\/wp-json\/wp\/v2\/media?parent=651"}],"curies":[{"name":"wp","href":"https:\/\/api.w.org\/{rel}","templated":true}]}}