{"id":390,"date":"2024-05-21T16:27:00","date_gmt":"2024-05-21T18:27:00","guid":{"rendered":"https:\/\/sites.usp.br\/lac\/?page_id=390"},"modified":"2024-05-29T11:31:59","modified_gmt":"2024-05-29T13:31:59","slug":"pos-graduacao","status":"publish","type":"page","link":"https:\/\/sites.usp.br\/lac\/pos-graduacao\/","title":{"rendered":"P\u00f3s-Gradua\u00e7\u00e3o"},"content":{"rendered":"<p style=\"text-align: justify;\">As atividades da \u00e1rea de concentra\u00e7\u00e3o em Engenharia de Sistemas s\u00e3o voltadas \u00e0 forma\u00e7\u00e3o e pesquisa em sistemas de controle e automa\u00e7\u00e3o, teorias de controle avan\u00e7ado, controle de processos industriais, rob\u00f3tica e automa\u00e7\u00e3o da manufatura, al\u00e9m do desenvolvimento de modelos matem\u00e1ticos aplicados a finan\u00e7as, biologia, e outras \u00e1reas. V\u00e1rias dessas pesquisas s\u00e3o executadas com recursos de empresas e ag\u00eancias\u00a0 governamentais e de fomento, tais como FAPESP, CNPq, FINEP, Secretaria de Ci\u00eancia, Tecnologia e Desenvolvimento Econ\u00f4mico do Estado de S\u00e3o Paulo, Petrobr\u00e1s, Centro Tecnol\u00f3gico da Marinha em S\u00e3o Paulo (CTMSP), entre outros.<\/p>\n<p style=\"text-align: justify;\">O LAC mant\u00e9m conv\u00eanios de coopera\u00e7\u00e3o cient\u00edfica e tecnol\u00f3gica com diversas\u00a0 universidades e institutos de pesquisa, tanto do Pa\u00eds como do exterior. Os alunos de p\u00f3s-gradua\u00e7\u00e3o do LAC t\u00eam forma\u00e7\u00e3o diversificada: em f\u00edsica, matem\u00e1tica, engenharia eletr\u00f4nica, el\u00e9trica, mecatr\u00f4nica, mec\u00e2nica, qu\u00edmica, e outras \u00e1reas, e s\u00e3o origin\u00e1rios de v\u00e1rias regi\u00f5es do Brasil e do exterior.<\/p>\n<h4>Disciplinas oferecidas na \u00e1rea de Engenharia de Sistemas<\/h4>\n<table style=\"margin-left: 0pt; border-collapse: collapse;\" border=\"1\" width=\"770\" cellspacing=\"0\" cellpadding=\"0\">\n<tbody>\n<tr>\n<td style=\"width: 62.35pt; border-top: solid black .75pt; border-left: solid black .75pt; border-bottom: solid black 1.5pt; border-right: none; background: dodgerblue; mso-shading: black; mso-pattern: gray-50 black; padding: 0cm 5.4pt 0cm 5.4pt;\" width=\"83\">\n<p class=\"MsoBodyText\" style=\"text-align: left; margin: 3.0pt 0cm 3.0pt 0cm;\" align=\"left\"><b style=\"mso-bidi-font-weight: normal;\"><span style=\"font-size: 11.0pt; mso-bidi-font-family: Arial; color: white; letter-spacing: 0pt;\"><big><big><span style=\"font-family: Arial;\">C\u00f3digo<\/span><\/big><\/big><\/span><\/b><\/p>\n<\/td>\n<td style=\"width: 10.0cm; border-top: solid black .75pt; border-left: none; border-bottom: solid black 1.5pt; border-right: none; background: dodgerblue; mso-shading: black; mso-pattern: gray-50 black; padding: 0cm 5.4pt 0cm 5.4pt;\" width=\"378\">\n<p class=\"MsoBodyText\" style=\"text-align: left; margin: 3.0pt 0cm 3.0pt 0cm;\" align=\"left\"><b style=\"mso-bidi-font-weight: normal;\"><span style=\"font-size: 11.0pt; mso-bidi-font-family: Arial; color: white; letter-spacing: 0pt;\"><big><big><span style=\"font-family: Arial;\">Disciplina<\/span><\/big><\/big><\/span><\/b><\/p>\n<\/td>\n<\/tr>\n<tr>\n<td style=\"width: 62.35pt; border: none; border-left: solid black .75pt; background: lightskyblue; mso-shading: white; mso-pattern: gray-25 black; padding: 0cm 5.4pt 0cm 5.4pt;\" valign=\"top\" width=\"83\">\n<p class=\"MsoBodyText\" style=\"margin: 3.0pt 0cm 3.0pt 0cm;\"><span style=\"font-family: Arial;\"><big>PTC5611<\/big><\/span><\/p>\n<\/td>\n<td style=\"width: 10.0cm; border: none; background: lightskyblue; mso-shading: white; mso-pattern: gray-25 black; padding: 0cm 5.4pt 0cm 5.4pt;\" valign=\"top\" width=\"378\">\n<p class=\"MsoBodyText\" style=\"margin: 3.0pt 0cm 3.0pt 0cm;\"><big><span style=\"font-size: 11.0pt; mso-bidi-font-family: Arial; letter-spacing: 0pt;\"><a href=\"https:\/\/uspdigital.usp.br\/janus\/componente\/catalogoDisciplinasInicial.jsf?action=3&amp;sgldis=PTC5611\"><big>Controle Digital de Sistemas Din\u00e2micos<\/big><\/a><\/span><\/big><\/p>\n<\/td>\n<\/tr>\n<tr>\n<td style=\"width: 62.35pt; border: none; border-left: solid black .75pt; background: lightcyan; mso-shading: white; mso-pattern: gray-50 black; padding: 0cm 5.4pt 0cm 5.4pt;\" valign=\"top\" width=\"83\">\n<p class=\"MsoBodyText\" style=\"margin: 3.0pt 0cm 3.0pt 0cm;\"><span style=\"font-family: Arial;\"><big>PTC5720<\/big><\/span><\/p>\n<\/td>\n<td style=\"width: 10.0cm; border: none; background: lightcyan; mso-shading: white; mso-pattern: gray-50 black; padding: 0cm 5.4pt 0cm 5.4pt;\" valign=\"top\" width=\"378\">\n<p class=\"MsoBodyText\" style=\"margin: 3.0pt 0cm 3.0pt 0cm;\"><big><span style=\"font-size: 11.0pt; mso-bidi-font-family: Arial; letter-spacing: 0pt;\"><a href=\"https:\/\/uspdigital.usp.br\/janus\/componente\/catalogoDisciplinasInicial.jsf?action=3&amp;sgldis=PTC5720\"><big>Controle Estoc\u00e1stico<\/big><\/a><\/span><\/big><\/p>\n<\/td>\n<\/tr>\n<tr>\n<td style=\"width: 62.35pt; border: none; border-left: solid black .75pt; background: lightskyblue; mso-shading: white; mso-pattern: gray-50 black; padding: 0cm 5.4pt 0cm 5.4pt;\" valign=\"top\" width=\"83\">\n<p class=\"MsoBodyText\" style=\"margin: 3.0pt 0cm 3.0pt 0cm;\"><span style=\"font-family: Arial;\"><big>PTC5880<\/big><\/span><\/p>\n<\/td>\n<td style=\"width: 10.0cm; border: none; background: lightskyblue; mso-shading: white; mso-pattern: gray-50 black; padding: 0cm 5.4pt 0cm 5.4pt;\" valign=\"top\" width=\"378\">\n<p class=\"MsoBodyText\" style=\"margin: 3.0pt 0cm 3.0pt 0cm;\"><big><span style=\"font-size: 11.0pt; mso-bidi-font-family: Arial; letter-spacing: 0pt;\"><a href=\"https:\/\/uspdigital.usp.br\/janus\/componente\/catalogoDisciplinasInicial.jsf?action=3&amp;sgldis=PTC5880\"><big>Controle H-Infinito<\/big><\/a><\/span><\/big><\/p>\n<\/td>\n<\/tr>\n<tr>\n<td style=\"width: 62.35pt; border: none; border-left: solid black .75pt; background: lightcyan; mso-shading: white; mso-pattern: gray-50 black; padding: 0cm 5.4pt 0cm 5.4pt;\" valign=\"top\" width=\"83\">\n<p class=\"MsoBodyText\" style=\"margin: 3.0pt 0cm 3.0pt 0cm;\"><span style=\"font-family: Arial;\"><big>PTC5746<\/big><\/span><\/p>\n<\/td>\n<td style=\"width: 10.0cm; border: none; background: lightcyan; mso-shading: white; mso-pattern: gray-50 black; padding: 0cm 5.4pt 0cm 5.4pt;\" valign=\"top\" width=\"378\">\n<p class=\"MsoBodyText\" style=\"margin: 3.0pt 0cm 3.0pt 0cm;\"><big><span style=\"font-size: 11.0pt; mso-bidi-font-family: Arial; letter-spacing: 0pt;\"><a href=\"https:\/\/uspdigital.usp.br\/janus\/componente\/catalogoDisciplinasInicial.jsf?action=3&amp;sgldis=PTC5746\"><big>Controle Linear Multivari\u00e1vel<\/big><\/a><\/span><\/big><\/p>\n<\/td>\n<\/tr>\n<tr>\n<td style=\"width: 62.35pt; border: none; border-left: solid black .75pt; background: lightskyblue; mso-shading: white; mso-pattern: gray-50 black; padding: 0cm 5.4pt 0cm 5.4pt;\" valign=\"top\" width=\"83\">\n<p class=\"MsoBodyText\" style=\"margin: 3.0pt 0cm 3.0pt 0cm;\"><span style=\"font-family: Arial;\"><big>PTC5721<\/big><\/span><\/p>\n<\/td>\n<td style=\"width: 10.0cm; border: none; background: lightskyblue; mso-shading: white; mso-pattern: gray-50 black; padding: 0cm 5.4pt 0cm 5.4pt;\" valign=\"top\" width=\"378\">\n<p class=\"MsoBodyText\" style=\"margin: 3.0pt 0cm 3.0pt 0cm;\"><big><span style=\"font-size: 11.0pt; mso-bidi-font-family: Arial; letter-spacing: 0pt;\"><a href=\"https:\/\/uspdigital.usp.br\/janus\/componente\/catalogoDisciplinasInicial.jsf?action=3&amp;sgldis=PTC5721\"><big>Controle \u00d3timo I<\/big><\/a><\/span><\/big><\/p>\n<\/td>\n<\/tr>\n<tr>\n<td style=\"width: 62.35pt; border: none; border-left: solid black .75pt; background: lightcyan; mso-shading: white; mso-pattern: gray-50 black; padding: 0cm 5.4pt 0cm 5.4pt;\" valign=\"top\" width=\"83\">\n<p class=\"MsoBodyText\" style=\"margin: 3.0pt 0cm 3.0pt 0cm;\"><span style=\"font-family: Arial;\"><big>PTC5911<\/big><\/span><\/p>\n<\/td>\n<td style=\"width: 10.0cm; border: none; background: lightcyan; mso-shading: white; mso-pattern: gray-50 black; padding: 0cm 5.4pt 0cm 5.4pt;\" valign=\"top\" width=\"378\">\n<p class=\"MsoBodyText\" style=\"margin: 3.0pt 0cm 3.0pt 0cm;\"><big><span style=\"font-size: 11.0pt; mso-bidi-font-family: Arial; letter-spacing: 0pt;\"><a href=\"https:\/\/uspdigital.usp.br\/janus\/componente\/catalogoDisciplinasInicial.jsf?action=3&amp;sgldis=PTC5911\"><big>Din\u00e2mica de Sistemas Complexos<\/big><\/a><\/span><\/big><\/p>\n<\/td>\n<\/tr>\n<tr>\n<td style=\"width: 62.35pt; border: none; border-left: solid black .75pt; background: lightskyblue; mso-shading: white; mso-pattern: gray-50 black; padding: 0cm 5.4pt 0cm 5.4pt;\" valign=\"top\" width=\"83\">\n<p class=\"MsoBodyText\" style=\"margin: 3.0pt 0cm 3.0pt 0cm;\"><span style=\"font-family: Arial;\"><big>PTC5622<\/big><\/span><\/p>\n<\/td>\n<td style=\"width: 10.0cm; border: none; background: lightskyblue; mso-shading: white; mso-pattern: gray-50 black; padding: 0cm 5.4pt 0cm 5.4pt;\" valign=\"top\" width=\"378\">\n<p class=\"MsoBodyText\" style=\"margin: 3.0pt 0cm 3.0pt 0cm;\"><big><span style=\"font-size: 11.0pt; mso-bidi-font-family: Arial; letter-spacing: 0pt;\"><a href=\"https:\/\/uspdigital.usp.br\/janus\/componente\/catalogoDisciplinasInicial.jsf?action=3&amp;sgldis=PTC5622\"><big>Fundamentos de Sat\u00e9lites e Sistemas de Controle de Atitude e \u00d3rbita<\/big><\/a><\/span><\/big><\/p>\n<\/td>\n<\/tr>\n<tr>\n<td style=\"width: 62.35pt; border: none; border-left: solid black .75pt; background: lightcyan; mso-shading: white; mso-pattern: gray-50 black; padding: 0cm 5.4pt 0cm 5.4pt;\" valign=\"top\" width=\"83\">\n<p class=\"MsoBodyText\" style=\"margin: 3.0pt 0cm 3.0pt 0cm;\"><span style=\"font-family: Arial;\"><big>PTC5719<\/big><\/span><\/p>\n<\/td>\n<td style=\"width: 10.0cm; border: none; background: lightcyan; mso-shading: white; mso-pattern: gray-50 black; padding: 0cm 5.4pt 0cm 5.4pt;\" valign=\"top\" width=\"378\">\n<p class=\"MsoBodyText\" style=\"margin: 3.0pt 0cm 3.0pt 0cm;\"><big><span style=\"font-size: 11.0pt; mso-bidi-font-family: Arial; letter-spacing: 0pt;\"><a href=\"https:\/\/uspdigital.usp.br\/janus\/componente\/catalogoDisciplinasInicial.jsf?action=3&amp;sgldis=PTC5719\"><big>Identifica\u00e7\u00e3o de Sistemas<\/big><\/a><\/span><\/big><\/p>\n<\/td>\n<\/tr>\n<tr>\n<td style=\"width: 62.35pt; border: none; border-left: solid black .75pt; background: lightskyblue; mso-shading: white; mso-pattern: gray-50 black; padding: 0cm 5.4pt 0cm 5.4pt;\" valign=\"top\" width=\"83\">\n<p class=\"MsoBodyText\" style=\"margin: 3.0pt 0cm 3.0pt 0cm;\"><span style=\"font-family: Arial;\"><big>PTC5820<\/big><\/span><\/p>\n<\/td>\n<td style=\"width: 10.0cm; border: none; background: lightskyblue; mso-shading: white; mso-pattern: gray-50 black; padding: 0cm 5.4pt 0cm 5.4pt;\" valign=\"top\" width=\"378\">\n<p class=\"MsoBodyText\" style=\"margin: 3.0pt 0cm 3.0pt 0cm;\"><big><span style=\"font-size: 11.0pt; mso-bidi-font-family: Arial; letter-spacing: 0pt;\"><a href=\"https:\/\/uspdigital.usp.br\/janus\/componente\/catalogoDisciplinasInicial.jsf?action=3&amp;sgldis=PTC5820\"><big>Introdu\u00e7\u00e3o \u00e0 Teoria de Sistemas Lineares<\/big><\/a><\/span><\/big><\/p>\n<\/td>\n<\/tr>\n<p><!--\n\n\n<tr>\n\n\n<td style=\"width: 62.35pt; border: none; border-left: solid black .75pt; background: lightcyan; mso-shading: white; mso-pattern: gray-50 black; padding: 0cm 5.4pt 0cm 5.4pt;\" valign=\"top\" width=\"83\">\n\n\n<p class=\"MsoBodyText\" style=\"margin: 3.0pt 0cm 3.0pt 0cm;\"><span style=\"font-family: Arial;\"><big>PTC5885<\/big><\/span><\/p>\n\n\n<\/td>\n\n\n\n\n<td style=\"width: 10.0cm; border: none; background: lightcyan; mso-shading: white; mso-pattern: gray-50 black; padding: 0cm 5.4pt 0cm 5.4pt;\" valign=\"top\" width=\"378\">\n\n\n<p class=\"MsoBodyText\" style=\"margin: 3.0pt 0cm 3.0pt 0cm;\"><big><span style=\"font-size: 11.0pt; mso-bidi-font-family: Arial; letter-spacing: 0pt;\"><a href=\"https:\/\/uspdigital.usp.br\/janus\/componente\/catalogoDisciplinasInicial.jsf?action=3&amp;sgldis=PTC5885\"><big>Projeto de Sistemas de Controle Robustos Multivari\u00e1veis II<\/big><\/a><\/span><\/big><\/p>\n\n\n<\/td>\n\n\n<\/tr>\n\n\n--><\/p>\n<tr>\n<td style=\"width: 62.35pt; border: none; border-left: solid black .75pt; background: lightcyan; mso-shading: white; mso-pattern: gray-50 black; padding: 0cm 5.4pt 0cm 5.4pt;\" valign=\"top\" width=\"83\">\n<p class=\"MsoBodyText\" style=\"margin: 3.0pt 0cm 3.0pt 0cm;\"><span style=\"font-family: Arial;\"><big>PTC5745<\/big><\/span><\/p>\n<\/td>\n<td style=\"width: 10.0cm; border: none; background: lightcyan; mso-shading: white; mso-pattern: gray-50 black; padding: 0cm 5.4pt 0cm 5.4pt;\" valign=\"top\" width=\"378\">\n<p class=\"MsoBodyText\" style=\"margin: 3.0pt 0cm 3.0pt 0cm;\"><big><span style=\"font-size: 11.0pt; mso-bidi-font-family: Arial; letter-spacing: 0pt;\"><a href=\"https:\/\/uspdigital.usp.br\/janus\/componente\/catalogoDisciplinasInicial.jsf?action=3&amp;sgldis=PTC5745\"><big>Sistemas N\u00e3o-Lineares<\/big><\/a><\/span><\/big><\/p>\n<\/td>\n<\/tr>\n<tr>\n<td style=\"width: 62.35pt; border: none; border-left: solid black .75pt; background: lightskyblue; mso-shading: white; mso-pattern: gray-50 black; padding: 0cm 5.4pt 0cm 5.4pt;\" valign=\"top\" width=\"83\">\n<p class=\"MsoBodyText\" style=\"margin: 3.0pt 0cm 3.0pt 0cm;\"><span style=\"font-family: Arial;\"><big>PTC5604<\/big><\/span><\/p>\n<\/td>\n<td style=\"width: 10.0cm; border: none; background: lightskyblue; mso-shading: white; mso-pattern: gray-50 black; padding: 0cm 5.4pt 0cm 5.4pt;\" valign=\"top\" width=\"378\">\n<p class=\"MsoBodyText\" style=\"margin: 3.0pt 0cm 3.0pt 0cm;\"><big><span style=\"font-size: 11.0pt; mso-bidi-font-family: Arial; letter-spacing: 0pt;\"><a href=\"https:\/\/uspdigital.usp.br\/janus\/componente\/catalogoDisciplinasInicial.jsf?action=3&amp;sgldis=PTC5604\"><big>Teoria Geom\u00e9trica de Sistemas de Controle<\/big><\/a><\/span><\/big><\/p>\n<\/td>\n<\/tr>\n<tr>\n<td style=\"width: 62.35pt; border: none; border-left: solid black .75pt; background: lightcyan; mso-shading: white; mso-pattern: gray-50 black; padding: 0cm 5.4pt 0cm 5.4pt;\" valign=\"top\" width=\"83\">\n<p class=\"MsoBodyText\" style=\"margin: 3.0pt 0cm 3.0pt 0cm;\"><span style=\"font-family: Arial;\"><big>PTC5609<\/big><\/span><\/p>\n<\/td>\n<td style=\"width: 10.0cm; border: none; background: lightcyan; mso-shading: white; mso-pattern: gray-50 black; padding: 0cm 5.4pt 0cm 5.4pt;\" valign=\"top\" width=\"378\">\n<p class=\"MsoBodyText\" style=\"margin: 3.0pt 0cm 3.0pt 0cm;\"><big><span style=\"font-size: 11.0pt; mso-bidi-font-family: Arial; letter-spacing: 0pt;\"><a href=\"https:\/\/uspdigital.usp.br\/janus\/componente\/catalogoDisciplinasInicial.jsf?action=3&amp;sgldis=PTC5609\"><big>Teoria Qu\u00e2ntica da Informa\u00e7\u00e3o<\/big><\/a><\/span><\/big><\/p>\n<\/td>\n<\/tr>\n<\/tbody>\n<\/table>\n","protected":false},"excerpt":{"rendered":"<p>As atividades da \u00e1rea de concentra\u00e7\u00e3o em Engenharia de Sistemas s\u00e3o voltadas \u00e0 forma\u00e7\u00e3o e pesquisa em sistemas de controle e automa\u00e7\u00e3o, teorias de controle avan\u00e7ado, controle de processos industriais, rob\u00f3tica e automa\u00e7\u00e3o da manufatura, al\u00e9m do desenvolvimento de modelos matem\u00e1ticos aplicados a finan\u00e7as, biologia, e outras \u00e1reas. V\u00e1rias dessas pesquisas s\u00e3o executadas com recursos [&hellip;]<\/p>\n","protected":false},"author":24061,"featured_media":0,"parent":0,"menu_order":0,"comment_status":"closed","ping_status":"closed","template":"","meta":{"footnotes":"","_links_to":"","_links_to_target":""},"class_list":["post-390","page","type-page","status-publish","hentry"],"_links":{"self":[{"href":"https:\/\/sites.usp.br\/lac\/wp-json\/wp\/v2\/pages\/390","targetHints":{"allow":["GET"]}}],"collection":[{"href":"https:\/\/sites.usp.br\/lac\/wp-json\/wp\/v2\/pages"}],"about":[{"href":"https:\/\/sites.usp.br\/lac\/wp-json\/wp\/v2\/types\/page"}],"author":[{"embeddable":true,"href":"https:\/\/sites.usp.br\/lac\/wp-json\/wp\/v2\/users\/24061"}],"replies":[{"embeddable":true,"href":"https:\/\/sites.usp.br\/lac\/wp-json\/wp\/v2\/comments?post=390"}],"version-history":[{"count":4,"href":"https:\/\/sites.usp.br\/lac\/wp-json\/wp\/v2\/pages\/390\/revisions"}],"predecessor-version":[{"id":504,"href":"https:\/\/sites.usp.br\/lac\/wp-json\/wp\/v2\/pages\/390\/revisions\/504"}],"wp:attachment":[{"href":"https:\/\/sites.usp.br\/lac\/wp-json\/wp\/v2\/media?parent=390"}],"curies":[{"name":"wp","href":"https:\/\/api.w.org\/{rel}","templated":true}]}}