{"id":416,"date":"2024-05-22T12:04:03","date_gmt":"2024-05-22T14:04:03","guid":{"rendered":"https:\/\/sites.usp.br\/lac\/?page_id=416"},"modified":"2024-05-22T12:08:30","modified_gmt":"2024-05-22T14:08:30","slug":"didatico","status":"publish","type":"page","link":"https:\/\/sites.usp.br\/lac\/didatico\/","title":{"rendered":"Laborat\u00f3rio Did\u00e1tico"},"content":{"rendered":"<p style=\"text-align: justify;\">No Laborat\u00f3rio did\u00e1tico de Controle os alunos\u00a0 utilizam um servomecanismo para verificar na pr\u00e1tica os conceitos da teoria cl\u00e1ssica de controle aprendidos em sala de aula. As aulas ocorrem semanalmente num laborat\u00f3rio equipado com computadores, que utilizam programas sofisticados para an\u00e1lise e aquisi\u00e7\u00e3o de dados na realiza\u00e7\u00e3o das experi\u00eancias.<\/p>\n<p style=\"text-align: justify;\">Para os alunos que optam pela \u00eanfase em Automa\u00e7\u00e3o e Controle h\u00e1 ainda experi\u00eancias com CLPs &#8211; Controladores L\u00f3gicos Program\u00e1veis, que s\u00e3o muito utilizados nas Ind\u00fastrias de Automa\u00e7\u00e3o e Manufatura.<\/p>\n<p><a href=\"https:\/\/sites.usp.br\/lac\/wp-content\/uploads\/sites\/1482\/2024\/05\/clp.jpg\"><img fetchpriority=\"high\" decoding=\"async\" class=\"size-medium wp-image-174 aligncenter\" src=\"https:\/\/sites.usp.br\/lac\/wp-content\/uploads\/sites\/1482\/2024\/05\/clp-300x200.jpg\" alt=\"\" width=\"300\" height=\"200\" srcset=\"https:\/\/sites.usp.br\/lac\/wp-content\/uploads\/sites\/1482\/2024\/05\/clp-300x200.jpg 300w, https:\/\/sites.usp.br\/lac\/wp-content\/uploads\/sites\/1482\/2024\/05\/clp-400x267.jpg 400w, https:\/\/sites.usp.br\/lac\/wp-content\/uploads\/sites\/1482\/2024\/05\/clp.jpg 529w\" sizes=\"(max-width: 300px) 100vw, 300px\" \/><\/a><\/p>\n","protected":false},"excerpt":{"rendered":"<p>No Laborat\u00f3rio did\u00e1tico de Controle os alunos\u00a0 utilizam um servomecanismo para verificar na pr\u00e1tica os conceitos da teoria cl\u00e1ssica de controle aprendidos em sala de aula. As aulas ocorrem semanalmente num laborat\u00f3rio equipado com computadores, que utilizam programas sofisticados para an\u00e1lise e aquisi\u00e7\u00e3o de dados na realiza\u00e7\u00e3o das experi\u00eancias. Para os alunos que optam pela [&hellip;]<\/p>\n","protected":false},"author":24061,"featured_media":0,"parent":0,"menu_order":0,"comment_status":"closed","ping_status":"closed","template":"","meta":{"footnotes":"","_links_to":"","_links_to_target":""},"class_list":["post-416","page","type-page","status-publish","hentry"],"_links":{"self":[{"href":"https:\/\/sites.usp.br\/lac\/wp-json\/wp\/v2\/pages\/416","targetHints":{"allow":["GET"]}}],"collection":[{"href":"https:\/\/sites.usp.br\/lac\/wp-json\/wp\/v2\/pages"}],"about":[{"href":"https:\/\/sites.usp.br\/lac\/wp-json\/wp\/v2\/types\/page"}],"author":[{"embeddable":true,"href":"https:\/\/sites.usp.br\/lac\/wp-json\/wp\/v2\/users\/24061"}],"replies":[{"embeddable":true,"href":"https:\/\/sites.usp.br\/lac\/wp-json\/wp\/v2\/comments?post=416"}],"version-history":[{"count":4,"href":"https:\/\/sites.usp.br\/lac\/wp-json\/wp\/v2\/pages\/416\/revisions"}],"predecessor-version":[{"id":418,"href":"https:\/\/sites.usp.br\/lac\/wp-json\/wp\/v2\/pages\/416\/revisions\/418"}],"wp:attachment":[{"href":"https:\/\/sites.usp.br\/lac\/wp-json\/wp\/v2\/media?parent=416"}],"curies":[{"name":"wp","href":"https:\/\/api.w.org\/{rel}","templated":true}]}}