{"id":422,"date":"2024-05-22T12:12:50","date_gmt":"2024-05-22T14:12:50","guid":{"rendered":"https:\/\/sites.usp.br\/lac\/?page_id=422"},"modified":"2024-05-22T12:25:40","modified_gmt":"2024-05-22T14:25:40","slug":"processos","status":"publish","type":"page","link":"https:\/\/sites.usp.br\/lac\/processos\/","title":{"rendered":"Laborat\u00f3rio de Controle de Processos"},"content":{"rendered":"<p style=\"text-align: justify;\">O Laborat\u00f3rio de Controle de Processos \u00e9 composto por uma planta-piloto de neutraliza\u00e7\u00e3o de pH e outra de vaz\u00e3o. Ambas possuem instrumentos de medi\u00e7\u00e3o e de atua\u00e7\u00e3o, bem como sistemas de controle e de prote\u00e7\u00e3o de fabricantes consagrados mundialmente e id\u00eanticos aos normalmente usados nas ind\u00fastrias de processos.<\/p>\n<p style=\"text-align: justify;\">As plantas s\u00e3o usadas em projetos de pesquisa tanto no n\u00edvel de p\u00f3s-gradua\u00e7\u00e3o, como no de gradua\u00e7\u00e3o, permitindo aos alunos terem uma experi\u00eancia similar \u00e0 que adquiririam estagiando ou trabalhando em uma ind\u00fastria de processos.<\/p>\n<p><a href=\"https:\/\/sites.usp.br\/lac\/wp-content\/uploads\/sites\/1482\/2024\/05\/ph.jpg\"><img fetchpriority=\"high\" decoding=\"async\" class=\"alignnone wp-image-426\" src=\"https:\/\/sites.usp.br\/lac\/wp-content\/uploads\/sites\/1482\/2024\/05\/ph-183x300.jpg\" alt=\"\" width=\"186\" height=\"305\" srcset=\"https:\/\/sites.usp.br\/lac\/wp-content\/uploads\/sites\/1482\/2024\/05\/ph-183x300.jpg 183w, https:\/\/sites.usp.br\/lac\/wp-content\/uploads\/sites\/1482\/2024\/05\/ph.jpg 282w\" sizes=\"(max-width: 186px) 100vw, 186px\" \/><\/a><a href=\"https:\/\/sites.usp.br\/lac\/wp-content\/uploads\/sites\/1482\/2024\/05\/valvula.jpg\"><img decoding=\"async\" class=\"alignnone wp-image-427\" src=\"https:\/\/sites.usp.br\/lac\/wp-content\/uploads\/sites\/1482\/2024\/05\/valvula-300x226.jpg\" alt=\"\" width=\"405\" height=\"305\" srcset=\"https:\/\/sites.usp.br\/lac\/wp-content\/uploads\/sites\/1482\/2024\/05\/valvula-300x226.jpg 300w, https:\/\/sites.usp.br\/lac\/wp-content\/uploads\/sites\/1482\/2024\/05\/valvula-80x60.jpg 80w, https:\/\/sites.usp.br\/lac\/wp-content\/uploads\/sites\/1482\/2024\/05\/valvula.jpg 370w\" sizes=\"(max-width: 405px) 100vw, 405px\" \/><\/a><\/p>\n","protected":false},"excerpt":{"rendered":"<p>O Laborat\u00f3rio de Controle de Processos \u00e9 composto por uma planta-piloto de neutraliza\u00e7\u00e3o de pH e outra de vaz\u00e3o. Ambas possuem instrumentos de medi\u00e7\u00e3o e de atua\u00e7\u00e3o, bem como sistemas de controle e de prote\u00e7\u00e3o de fabricantes consagrados mundialmente e id\u00eanticos aos normalmente usados nas ind\u00fastrias de processos. As plantas s\u00e3o usadas em projetos de [&hellip;]<\/p>\n","protected":false},"author":24061,"featured_media":0,"parent":0,"menu_order":0,"comment_status":"closed","ping_status":"closed","template":"","meta":{"footnotes":"","_links_to":"","_links_to_target":""},"class_list":["post-422","page","type-page","status-publish","hentry"],"_links":{"self":[{"href":"https:\/\/sites.usp.br\/lac\/wp-json\/wp\/v2\/pages\/422","targetHints":{"allow":["GET"]}}],"collection":[{"href":"https:\/\/sites.usp.br\/lac\/wp-json\/wp\/v2\/pages"}],"about":[{"href":"https:\/\/sites.usp.br\/lac\/wp-json\/wp\/v2\/types\/page"}],"author":[{"embeddable":true,"href":"https:\/\/sites.usp.br\/lac\/wp-json\/wp\/v2\/users\/24061"}],"replies":[{"embeddable":true,"href":"https:\/\/sites.usp.br\/lac\/wp-json\/wp\/v2\/comments?post=422"}],"version-history":[{"count":3,"href":"https:\/\/sites.usp.br\/lac\/wp-json\/wp\/v2\/pages\/422\/revisions"}],"predecessor-version":[{"id":429,"href":"https:\/\/sites.usp.br\/lac\/wp-json\/wp\/v2\/pages\/422\/revisions\/429"}],"wp:attachment":[{"href":"https:\/\/sites.usp.br\/lac\/wp-json\/wp\/v2\/media?parent=422"}],"curies":[{"name":"wp","href":"https:\/\/api.w.org\/{rel}","templated":true}]}}