{"id":447,"date":"2024-05-22T16:04:03","date_gmt":"2024-05-22T18:04:03","guid":{"rendered":"https:\/\/sites.usp.br\/lac\/?page_id=447"},"modified":"2024-05-22T16:11:13","modified_gmt":"2024-05-22T18:11:13","slug":"controle","status":"publish","type":"page","link":"https:\/\/sites.usp.br\/lac\/controle\/","title":{"rendered":"Controle da Propuls\u00e3o de Fragatas"},"content":{"rendered":"<p style=\"text-align: justify;\">As Fragatas Classe Niter\u00f3i foram modernizadas no final dos anos 90. O LAC criou um simulador do sistema de propuls\u00e3o e o utlilizou para projetar e implementar um novo sistema de controle para os 6 navios. Foram tamb\u00e9m criados simuladores de treinamento para as tripula\u00e7\u00f5es e um simulador de prototipagem r\u00e1pida. Foi o primeiro sistema do g\u00eanero desenvolvido no Pa\u00eds.<\/p>\n<p><a href=\"https:\/\/sites.usp.br\/lac\/wp-content\/uploads\/sites\/1482\/2024\/05\/fragata1.jpg\"><img fetchpriority=\"high\" decoding=\"async\" class=\"alignnone wp-image-183\" src=\"https:\/\/sites.usp.br\/lac\/wp-content\/uploads\/sites\/1482\/2024\/05\/fragata1-300x189.jpg\" alt=\"\" width=\"293\" height=\"184\" srcset=\"https:\/\/sites.usp.br\/lac\/wp-content\/uploads\/sites\/1482\/2024\/05\/fragata1-300x189.jpg 300w, https:\/\/sites.usp.br\/lac\/wp-content\/uploads\/sites\/1482\/2024\/05\/fragata1-400x252.jpg 400w, https:\/\/sites.usp.br\/lac\/wp-content\/uploads\/sites\/1482\/2024\/05\/fragata1.jpg 489w\" sizes=\"(max-width: 293px) 100vw, 293px\" \/><\/a><a href=\"https:\/\/sites.usp.br\/lac\/wp-content\/uploads\/sites\/1482\/2024\/05\/fragata2.jpg\"><img decoding=\"async\" class=\"alignnone wp-image-451\" src=\"https:\/\/sites.usp.br\/lac\/wp-content\/uploads\/sites\/1482\/2024\/05\/fragata2-300x192.jpg\" alt=\"\" width=\"281\" height=\"180\" srcset=\"https:\/\/sites.usp.br\/lac\/wp-content\/uploads\/sites\/1482\/2024\/05\/fragata2-300x192.jpg 300w, https:\/\/sites.usp.br\/lac\/wp-content\/uploads\/sites\/1482\/2024\/05\/fragata2-400x255.jpg 400w, https:\/\/sites.usp.br\/lac\/wp-content\/uploads\/sites\/1482\/2024\/05\/fragata2.jpg 462w\" sizes=\"(max-width: 281px) 100vw, 281px\" \/><\/a><\/p>\n","protected":false},"excerpt":{"rendered":"<p>As Fragatas Classe Niter\u00f3i foram modernizadas no final dos anos 90. O LAC criou um simulador do sistema de propuls\u00e3o e o utlilizou para projetar e implementar um novo sistema de controle para os 6 navios. Foram tamb\u00e9m criados simuladores de treinamento para as tripula\u00e7\u00f5es e um simulador de prototipagem r\u00e1pida. Foi o primeiro sistema [&hellip;]<\/p>\n","protected":false},"author":24061,"featured_media":0,"parent":0,"menu_order":0,"comment_status":"closed","ping_status":"closed","template":"","meta":{"footnotes":"","_links_to":"","_links_to_target":""},"class_list":["post-447","page","type-page","status-publish","hentry"],"_links":{"self":[{"href":"https:\/\/sites.usp.br\/lac\/wp-json\/wp\/v2\/pages\/447","targetHints":{"allow":["GET"]}}],"collection":[{"href":"https:\/\/sites.usp.br\/lac\/wp-json\/wp\/v2\/pages"}],"about":[{"href":"https:\/\/sites.usp.br\/lac\/wp-json\/wp\/v2\/types\/page"}],"author":[{"embeddable":true,"href":"https:\/\/sites.usp.br\/lac\/wp-json\/wp\/v2\/users\/24061"}],"replies":[{"embeddable":true,"href":"https:\/\/sites.usp.br\/lac\/wp-json\/wp\/v2\/comments?post=447"}],"version-history":[{"count":4,"href":"https:\/\/sites.usp.br\/lac\/wp-json\/wp\/v2\/pages\/447\/revisions"}],"predecessor-version":[{"id":449,"href":"https:\/\/sites.usp.br\/lac\/wp-json\/wp\/v2\/pages\/447\/revisions\/449"}],"wp:attachment":[{"href":"https:\/\/sites.usp.br\/lac\/wp-json\/wp\/v2\/media?parent=447"}],"curies":[{"name":"wp","href":"https:\/\/api.w.org\/{rel}","templated":true}]}}