{"id":467,"date":"2024-05-22T16:32:38","date_gmt":"2024-05-22T18:32:38","guid":{"rendered":"https:\/\/sites.usp.br\/lac\/?page_id=467"},"modified":"2024-05-22T16:39:20","modified_gmt":"2024-05-22T18:39:20","slug":"satelites","status":"publish","type":"page","link":"https:\/\/sites.usp.br\/lac\/satelites\/","title":{"rendered":"Sat\u00e9lites"},"content":{"rendered":"<h4>Sat\u00e9lite cient\u00edfico CoRoT<\/h4>\n<p style=\"text-align: justify;\">O LAC participou do desenvolvimento do sat\u00e9lite cient\u00edfico CoRoT, miss\u00e3o da Ag\u00eancia Espacial Francesa (CNES) dedicada \u00e0 busca de exoplanetas e ao estudo de sismologia estelar. Em parceria com o CNES e com o Laborat\u00f3rio de Estudos Espaciais em Astrof\u00edsica do Observat\u00f3rio de Paris, Fran\u00e7a, o LAC desenvolveu subsistemas dos softwares de solo e de voo do sat\u00e9lite. Mais informa\u00e7\u00f5es sobre a miss\u00e3o em:<br \/>\n<a href=\"https:\/\/corot.cnes.fr\/en\/COROT\/index.htm\">https:\/\/corot.cnes.fr\/en\/COROT\/index.htm<\/a><\/p>\n<p><a href=\"https:\/\/sites.usp.br\/lac\/wp-content\/uploads\/sites\/1482\/2024\/05\/corot.jpg\"><img fetchpriority=\"high\" decoding=\"async\" class=\" wp-image-184 aligncenter\" src=\"https:\/\/sites.usp.br\/lac\/wp-content\/uploads\/sites\/1482\/2024\/05\/corot-300x265.jpg\" alt=\"\" width=\"371\" height=\"328\" srcset=\"https:\/\/sites.usp.br\/lac\/wp-content\/uploads\/sites\/1482\/2024\/05\/corot-300x265.jpg 300w, https:\/\/sites.usp.br\/lac\/wp-content\/uploads\/sites\/1482\/2024\/05\/corot-400x354.jpg 400w, https:\/\/sites.usp.br\/lac\/wp-content\/uploads\/sites\/1482\/2024\/05\/corot.jpg 459w\" sizes=\"(max-width: 371px) 100vw, 371px\" \/><\/a><\/p>\n<h4><\/h4>\n<h4>Sat\u00e9lite cient\u00edfico PLATO 2.0<\/h4>\n<p style=\"text-align: justify;\">O LAC est\u00e1 participando do desenvolvimento do sat\u00e9lite cient\u00edfico PLATO 2.0, miss\u00e3o da Ag\u00eancia Espacial Europeia (ESA) dedicada \u00e0 busca de exoplanetas e caracteriza\u00e7\u00e3o de sistemas planet\u00e1rios. Em parceria com o Laborat\u00f3rio de Estudos Espaciais em Astrof\u00edsica do Observat\u00f3rio de Paris, Fran\u00e7a, o LAC est\u00e1 desenvolvendo subsistemas dos softwares de solo e de voo do sat\u00e9lite. Mais informa\u00e7\u00f5es sobre a miss\u00e3o em:<br \/>\n<a href=\"https:\/\/sci.esa.int\/web\/plato\">https:\/\/sci.esa.int\/web\/plato<br \/>\n<\/a><\/p>\n<p><a href=\"https:\/\/sites.usp.br\/lac\/wp-content\/uploads\/sites\/1482\/2024\/05\/plato.jpg\"><img decoding=\"async\" class=\" wp-image-470 aligncenter\" src=\"https:\/\/sites.usp.br\/lac\/wp-content\/uploads\/sites\/1482\/2024\/05\/plato-300x229.jpg\" alt=\"\" width=\"356\" height=\"272\" srcset=\"https:\/\/sites.usp.br\/lac\/wp-content\/uploads\/sites\/1482\/2024\/05\/plato-300x229.jpg 300w, https:\/\/sites.usp.br\/lac\/wp-content\/uploads\/sites\/1482\/2024\/05\/plato-80x60.jpg 80w, https:\/\/sites.usp.br\/lac\/wp-content\/uploads\/sites\/1482\/2024\/05\/plato-400x305.jpg 400w, https:\/\/sites.usp.br\/lac\/wp-content\/uploads\/sites\/1482\/2024\/05\/plato.jpg 504w\" sizes=\"(max-width: 356px) 100vw, 356px\" \/><\/a><\/p>\n","protected":false},"excerpt":{"rendered":"<p>Sat\u00e9lite cient\u00edfico CoRoT O LAC participou do desenvolvimento do sat\u00e9lite cient\u00edfico CoRoT, miss\u00e3o da Ag\u00eancia Espacial Francesa (CNES) dedicada \u00e0 busca de exoplanetas e ao estudo de sismologia estelar. Em parceria com o CNES e com o Laborat\u00f3rio de Estudos Espaciais em Astrof\u00edsica do Observat\u00f3rio de Paris, Fran\u00e7a, o LAC desenvolveu subsistemas dos softwares de [&hellip;]<\/p>\n","protected":false},"author":24061,"featured_media":0,"parent":0,"menu_order":0,"comment_status":"closed","ping_status":"closed","template":"","meta":{"footnotes":"","_links_to":"","_links_to_target":""},"class_list":["post-467","page","type-page","status-publish","hentry"],"_links":{"self":[{"href":"https:\/\/sites.usp.br\/lac\/wp-json\/wp\/v2\/pages\/467","targetHints":{"allow":["GET"]}}],"collection":[{"href":"https:\/\/sites.usp.br\/lac\/wp-json\/wp\/v2\/pages"}],"about":[{"href":"https:\/\/sites.usp.br\/lac\/wp-json\/wp\/v2\/types\/page"}],"author":[{"embeddable":true,"href":"https:\/\/sites.usp.br\/lac\/wp-json\/wp\/v2\/users\/24061"}],"replies":[{"embeddable":true,"href":"https:\/\/sites.usp.br\/lac\/wp-json\/wp\/v2\/comments?post=467"}],"version-history":[{"count":4,"href":"https:\/\/sites.usp.br\/lac\/wp-json\/wp\/v2\/pages\/467\/revisions"}],"predecessor-version":[{"id":469,"href":"https:\/\/sites.usp.br\/lac\/wp-json\/wp\/v2\/pages\/467\/revisions\/469"}],"wp:attachment":[{"href":"https:\/\/sites.usp.br\/lac\/wp-json\/wp\/v2\/media?parent=467"}],"curies":[{"name":"wp","href":"https:\/\/api.w.org\/{rel}","templated":true}]}}