{"id":474,"date":"2024-05-22T16:41:26","date_gmt":"2024-05-22T18:41:26","guid":{"rendered":"https:\/\/sites.usp.br\/lac\/?page_id=474"},"modified":"2024-05-22T16:41:26","modified_gmt":"2024-05-22T18:41:26","slug":"sensor","status":"publish","type":"page","link":"https:\/\/sites.usp.br\/lac\/sensor\/","title":{"rendered":"Sensor Estelar"},"content":{"rendered":"<p style=\"text-align: justify;\">Est\u00e1 sendo desenvolvido no LAC um sensor estelar aut\u00f4nomo, que \u00e9 um dispositivo optoeletr\u00f4nico utilizado na determina\u00e7\u00e3o da orienta\u00e7\u00e3o de sat\u00e9lites. Ele \u00e9 indispens\u00e1vel para que o Sistema de Controle de Atitude (SCA) do m\u00f3dulo de servi\u00e7o possa orientar a carga \u00fatil do sat\u00e9lite obedecendo aos requisitos de desempenho. Trata-se de tecnologia estrat\u00e9gica e de alt\u00edssimo valor agregado.<\/p>\n<p><a href=\"https:\/\/sites.usp.br\/lac\/wp-content\/uploads\/sites\/1482\/2024\/05\/estelar.jpg\"><img fetchpriority=\"high\" decoding=\"async\" class=\"size-medium wp-image-475 aligncenter\" src=\"https:\/\/sites.usp.br\/lac\/wp-content\/uploads\/sites\/1482\/2024\/05\/estelar-300x247.jpg\" alt=\"\" width=\"300\" height=\"247\" srcset=\"https:\/\/sites.usp.br\/lac\/wp-content\/uploads\/sites\/1482\/2024\/05\/estelar-300x247.jpg 300w, https:\/\/sites.usp.br\/lac\/wp-content\/uploads\/sites\/1482\/2024\/05\/estelar.jpg 379w\" sizes=\"(max-width: 300px) 100vw, 300px\" \/><\/a><\/p>\n","protected":false},"excerpt":{"rendered":"<p>Est\u00e1 sendo desenvolvido no LAC um sensor estelar aut\u00f4nomo, que \u00e9 um dispositivo optoeletr\u00f4nico utilizado na determina\u00e7\u00e3o da orienta\u00e7\u00e3o de sat\u00e9lites. Ele \u00e9 indispens\u00e1vel para que o Sistema de Controle de Atitude (SCA) do m\u00f3dulo de servi\u00e7o possa orientar a carga \u00fatil do sat\u00e9lite obedecendo aos requisitos de desempenho. Trata-se de tecnologia estrat\u00e9gica e de [&hellip;]<\/p>\n","protected":false},"author":24061,"featured_media":0,"parent":0,"menu_order":0,"comment_status":"closed","ping_status":"closed","template":"","meta":{"footnotes":"","_links_to":"","_links_to_target":""},"class_list":["post-474","page","type-page","status-publish","hentry"],"_links":{"self":[{"href":"https:\/\/sites.usp.br\/lac\/wp-json\/wp\/v2\/pages\/474","targetHints":{"allow":["GET"]}}],"collection":[{"href":"https:\/\/sites.usp.br\/lac\/wp-json\/wp\/v2\/pages"}],"about":[{"href":"https:\/\/sites.usp.br\/lac\/wp-json\/wp\/v2\/types\/page"}],"author":[{"embeddable":true,"href":"https:\/\/sites.usp.br\/lac\/wp-json\/wp\/v2\/users\/24061"}],"replies":[{"embeddable":true,"href":"https:\/\/sites.usp.br\/lac\/wp-json\/wp\/v2\/comments?post=474"}],"version-history":[{"count":2,"href":"https:\/\/sites.usp.br\/lac\/wp-json\/wp\/v2\/pages\/474\/revisions"}],"predecessor-version":[{"id":477,"href":"https:\/\/sites.usp.br\/lac\/wp-json\/wp\/v2\/pages\/474\/revisions\/477"}],"wp:attachment":[{"href":"https:\/\/sites.usp.br\/lac\/wp-json\/wp\/v2\/media?parent=474"}],"curies":[{"name":"wp","href":"https:\/\/api.w.org\/{rel}","templated":true}]}}