{"id":79,"date":"2014-02-24T16:51:20","date_gmt":"2014-02-24T18:51:20","guid":{"rendered":"http:\/\/sites.usp.br\/lac\/?page_id=79"},"modified":"2024-05-24T12:12:21","modified_gmt":"2024-05-24T14:12:21","slug":"apresentacao","status":"publish","type":"page","link":"https:\/\/sites.usp.br\/lac\/","title":{"rendered":"Apresenta\u00e7\u00e3o"},"content":{"rendered":"<p style=\"text-align: justify;\">O Laborat\u00f3rio de Automa\u00e7\u00e3o e Controle Pl\u00ednio Castrucci, criado no in\u00edcio dos anos 90,\u00a0 \u00e9 um dos mais importantes grupos de ensino e pesquisa de engenharia de Automa\u00e7\u00e3o e Controle do Pa\u00eds. Todos os anos, entre 30 e 40 alunos se graduam em engenharia el\u00e9trica na Escola Polit\u00e9cnica com \u00eanfase em automa\u00e7\u00e3o e controle, um curso sob a responsabilidade do LAC.<\/p>\n<p style=\"text-align: justify;\">O laborat\u00f3rio possui tamb\u00e9m em torno de 50 alunos de p\u00f3s-gradua\u00e7\u00e3o nos programas de mestrado e doutorado em engenharia el\u00e9trica &#8211; \u00e1rea de Engenharia de Sistemas (3139).<\/p>\n<p style=\"text-align: justify;\">Ao longo de um quarto de s\u00e9culo, o LAC tem um hist\u00f3rico de intensa atividade acad\u00eamica em teoria de sistemas de controle e automa\u00e7\u00e3o, controle avan\u00e7ado, controle de processos industriais, rob\u00f3tica e automa\u00e7\u00e3o da manufatura, e assim como de modelos matem\u00e1ticos aplicados a finan\u00e7as, biologia e outras \u00e1reas.<\/p>\n<p style=\"text-align: justify;\">O laborat\u00f3rio, al\u00e9m de ter atuado em v\u00e1rios projetos de pesquisa e desenvolvimento com o apoio de \u00f3rg\u00e3os oficiais de fomento, tanto na condi\u00e7\u00e3o de respons\u00e1vel, como na de participante, tem tamb\u00e9m estabelecido importantes parcerias com a ind\u00fastria e o governo.<\/p>\n\r\n\t<div class=\"slideshow_container slideshow_container_style-light\" style=\"height: 292px; \" data-slideshow-id=\"483\" data-style-name=\"style-light\" data-style-version=\"2.3.1\" >\r\n\r\n\t\t\t\t\t<div class=\"slideshow_loading_icon\"><\/div>\r\n\t\t\r\n\t\t<div class=\"slideshow_content\" style=\"display: none;\">\r\n\r\n\t\t\t<div class=\"slideshow_view\">\r\n\t\t\t\t<div class=\"slideshow_slide slideshow_slide_image\">\r\n\t\t\t\t\t\t\t\t\t\t\t<img src=\"https:\/\/sites.usp.br\/lac\/wp-content\/uploads\/sites\/1482\/2024\/05\/nuclear.jpg\" alt=\"nuclear\" width=\"539\" height=\"275\" \/>\r\n\t\t\t\t\t\t\t\t\t\t<div class=\"slideshow_description_box slideshow_transparent\">\r\n\t\t\t\t\t\t<div class=\"slideshow_title\">nuclear<\/div>\t\t\t\t\t\t\t\t\t\t\t<\/div>\r\n\t\t\t\t<\/div>\r\n\r\n\t\t\t\t\t\t<div style=\"clear: both;\"><\/div><\/div><div class=\"slideshow_view\">\r\n\t\t\t\t<div class=\"slideshow_slide slideshow_slide_image\">\r\n\t\t\t\t\t\t\t\t\t\t\t<img src=\"https:\/\/sites.usp.br\/lac\/wp-content\/uploads\/sites\/1482\/2024\/05\/giro.jpg\" alt=\"giro\" width=\"268\" height=\"284\" \/>\r\n\t\t\t\t\t\t\t\t\t\t<div class=\"slideshow_description_box slideshow_transparent\">\r\n\t\t\t\t\t\t<div class=\"slideshow_title\">giro<\/div>\t\t\t\t\t\t\t\t\t\t\t<\/div>\r\n\t\t\t\t<\/div>\r\n\r\n\t\t\t\t\t\t<div style=\"clear: both;\"><\/div><\/div><div class=\"slideshow_view\">\r\n\t\t\t\t<div class=\"slideshow_slide slideshow_slide_image\">\r\n\t\t\t\t\t\t\t\t\t\t\t<img src=\"https:\/\/sites.usp.br\/lac\/wp-content\/uploads\/sites\/1482\/2024\/05\/corot.jpg\" alt=\"corot\" width=\"459\" height=\"406\" \/>\r\n\t\t\t\t\t\t\t\t\t\t<div class=\"slideshow_description_box slideshow_transparent\">\r\n\t\t\t\t\t\t<div class=\"slideshow_title\">corot<\/div>\t\t\t\t\t\t\t\t\t\t\t<\/div>\r\n\t\t\t\t<\/div>\r\n\r\n\t\t\t\t\t\t<div style=\"clear: both;\"><\/div><\/div><div class=\"slideshow_view\">\r\n\t\t\t\t<div class=\"slideshow_slide slideshow_slide_image\">\r\n\t\t\t\t\t\t\t\t\t\t\t<img src=\"https:\/\/sites.usp.br\/lac\/wp-content\/uploads\/sites\/1482\/2024\/05\/ferrovia.jpg\" alt=\"ferrovia\" width=\"545\" height=\"345\" \/>\r\n\t\t\t\t\t\t\t\t\t\t<div class=\"slideshow_description_box slideshow_transparent\">\r\n\t\t\t\t\t\t<div class=\"slideshow_title\">ferrovia<\/div>\t\t\t\t\t\t\t\t\t\t\t<\/div>\r\n\t\t\t\t<\/div>\r\n\r\n\t\t\t\t\t\t<div style=\"clear: both;\"><\/div><\/div><div class=\"slideshow_view\">\r\n\t\t\t\t<div class=\"slideshow_slide slideshow_slide_image\">\r\n\t\t\t\t\t\t\t\t\t\t\t<img src=\"https:\/\/sites.usp.br\/lac\/wp-content\/uploads\/sites\/1482\/2024\/05\/naval3.jpg\" alt=\"naval3\" width=\"630\" height=\"187\" \/>\r\n\t\t\t\t\t\t\t\t\t\t<div class=\"slideshow_description_box slideshow_transparent\">\r\n\t\t\t\t\t\t<div class=\"slideshow_title\">naval3<\/div>\t\t\t\t\t\t\t\t\t\t\t<\/div>\r\n\t\t\t\t<\/div>\r\n\r\n\t\t\t\t\t\t<div style=\"clear: both;\"><\/div><\/div><div class=\"slideshow_view\">\r\n\t\t\t\t<div class=\"slideshow_slide slideshow_slide_image\">\r\n\t\t\t\t\t\t\t\t\t\t\t<img src=\"https:\/\/sites.usp.br\/lac\/wp-content\/uploads\/sites\/1482\/2024\/05\/fragata1.jpg\" alt=\"fragata1\" width=\"489\" height=\"308\" \/>\r\n\t\t\t\t\t\t\t\t\t\t<div class=\"slideshow_description_box slideshow_transparent\">\r\n\t\t\t\t\t\t<div class=\"slideshow_title\">fragata1<\/div>\t\t\t\t\t\t\t\t\t\t\t<\/div>\r\n\t\t\t\t<\/div>\r\n\r\n\t\t\t\t\t\t<div style=\"clear: both;\"><\/div><\/div>\r\n\t\t<\/div>\r\n\r\n\t\t<div class=\"slideshow_controlPanel slideshow_transparent\" style=\"display: none;\"><ul><li class=\"slideshow_togglePlay\" data-play-text=\"Acionar\" data-pause-text=\"Pausar\"><\/li><\/ul><\/div>\r\n\r\n\t\t<div class=\"slideshow_button slideshow_previous slideshow_transparent\" role=\"button\" data-previous-text=\"Anterior\" style=\"display: none;\"><\/div>\r\n\t\t<div class=\"slideshow_button slideshow_next slideshow_transparent\" role=\"button\" data-next-text=\"Pr\u00f3ximo\" style=\"display: none;\"><\/div>\r\n\r\n\t\t<div class=\"slideshow_pagination\" style=\"display: none;\" data-go-to-text=\"Ir para o slide\"><div class=\"slideshow_pagination_center\"><\/div><\/div>\r\n\r\n\t\t<!-- WordPress Slideshow Version 2.3.1 -->\r\n\r\n\t\t\t<\/div>\r\n\r\n\n","protected":false},"excerpt":{"rendered":"<p>O Laborat\u00f3rio de Automa\u00e7\u00e3o e Controle Pl\u00ednio Castrucci, criado no in\u00edcio dos anos 90,\u00a0 \u00e9 um dos mais importantes grupos de ensino e pesquisa de engenharia de Automa\u00e7\u00e3o e Controle do Pa\u00eds. Todos os anos, entre 30 e 40 alunos se graduam em engenharia el\u00e9trica na Escola Polit\u00e9cnica com \u00eanfase em automa\u00e7\u00e3o e controle, um [&hellip;]<\/p>\n","protected":false},"author":1,"featured_media":0,"parent":0,"menu_order":0,"comment_status":"closed","ping_status":"closed","template":"","meta":{"footnotes":"","_links_to":"","_links_to_target":""},"class_list":["post-79","page","type-page","status-publish","hentry"],"_links":{"self":[{"href":"https:\/\/sites.usp.br\/lac\/wp-json\/wp\/v2\/pages\/79","targetHints":{"allow":["GET"]}}],"collection":[{"href":"https:\/\/sites.usp.br\/lac\/wp-json\/wp\/v2\/pages"}],"about":[{"href":"https:\/\/sites.usp.br\/lac\/wp-json\/wp\/v2\/types\/page"}],"author":[{"embeddable":true,"href":"https:\/\/sites.usp.br\/lac\/wp-json\/wp\/v2\/users\/1"}],"replies":[{"embeddable":true,"href":"https:\/\/sites.usp.br\/lac\/wp-json\/wp\/v2\/comments?post=79"}],"version-history":[{"count":5,"href":"https:\/\/sites.usp.br\/lac\/wp-json\/wp\/v2\/pages\/79\/revisions"}],"predecessor-version":[{"id":486,"href":"https:\/\/sites.usp.br\/lac\/wp-json\/wp\/v2\/pages\/79\/revisions\/486"}],"wp:attachment":[{"href":"https:\/\/sites.usp.br\/lac\/wp-json\/wp\/v2\/media?parent=79"}],"curies":[{"name":"wp","href":"https:\/\/api.w.org\/{rel}","templated":true}]}}