{"id":10,"date":"2014-03-14T12:27:08","date_gmt":"2014-03-14T12:27:08","guid":{"rendered":"http:\/\/sites.usp.brcaeco\/?page_id=10"},"modified":"2015-08-09T10:40:47","modified_gmt":"2015-08-09T13:40:47","slug":"ensino","status":"publish","type":"page","link":"https:\/\/sites.usp.br\/laciro\/?page_id=10","title":{"rendered":"ENSINO"},"content":{"rendered":"<address><em><span style=\"color: #3366ff;font-size: 10px\"><em>\u2666 <\/em><\/span><\/em><em><span style=\"color: #ff0000\"><em><strong><span style=\"color: #000000;font-size: 14px\">Luiz Carlos Pardini <em><em><strong>&#8211; <em><em><strong><\/strong><\/em><\/em><\/strong><\/em><\/em><\/span><\/strong><strong><span style=\"font-size: 12px\"><span style=\"color: #0000ff\"><a href=\"http:\/\/lattes.cnpq.br\/5853462846099775\"><span style=\"color: #0000ff\">Curr\u00edculo Lattes<\/span><\/a><\/span><span style=\"color: #0000ff\"> &#8211; <\/span><span style=\"color: #0000ff\"><a href=\"http:\/\/buscatextual.cnpq.br\/buscatextual\/graficos.do?metodo=apresentar&amp;chttp:\/\/buscatextual.cnpq.br\/buscatextual\/graficos.do?metodo=apresentar&amp;codRHCript=K4796807T1&amp;nome=Luiz%20Carlos%20Pardini\"><span style=\"color: #0000ff\">Indicadores de Produ\u00e7\u00e3o<\/span><\/a><\/span><span style=\"color: #0000ff\"> &#8211; <\/span><span style=\"color: #0000ff\"><a href=\"http:\/\/www.researchgate.net\/profile\/Luiz_Pardini\"><span style=\"color: #0000ff\">ResearchGate<\/span><\/a><\/span> <span style=\"color: #0000ff\">&#8211; <\/span><span style=\"color: #0000ff\"><a href=\"http:\/\/usp-br.academia.edu\/LPardini\"><span style=\"color: #0000ff\">Academic.edu<\/span><\/a><\/span><span style=\"color: #0000ff\"> &#8211; <\/span><a href=\"http:\/\/www.researcherid.com\/ProfileView.action?SID=2BpY8DkV99Ynj3FAnEZ&amp;returnCode=ROUTER.Success&amp;queryString=KG0UuZjN5WlmNqvDyK2XsaRf8PrjBjCreUY6OcVSBaI%253D&amp;SrcApp=CR&amp;Init=Yes\"><span style=\"color: #0000ff\">ResearchID<\/span><\/a><span style=\"color: #0000ff\"> &#8211; <\/span><span style=\"color: #0000ff\"><a href=\"http:\/\/scholar.google.com.br\/citations?user=-QOIWgUAAAAJ&amp;hl=pt-BR\"><span style=\"color: #0000ff\">Scholar.google <\/span><\/a><\/span><span style=\"color: #0000ff\">&#8211; STOA<\/span><\/span><\/strong><strong><\/strong><span style=\"font-size: 12px\"><span style=\"color: #000000\"><em><em><em><em><a href=\"http:\/\/lattes.cnpq.br\/5966278075918311\"><br \/>\n<\/a><\/em><\/em><\/em><\/em><\/span><\/span><strong><\/strong><\/em><\/span><\/em><\/address>\n<hr \/>\n<p style=\"text-align: justify\"><span style=\"font-family: Arial\"><strong><strong>Ensino <\/strong><\/strong>e<strong><strong> Aprendizado <\/strong><\/strong>no Curso de Gradua\u00e7\u00e3o Odontologia objetiva a forma\u00e7\u00e3o do aluno (futuro profissional) na \u00e1rea da Sa\u00fade Bucal estabelecido pelo Projeto Pol\u00edtico Pedag\u00f3gico, da <\/span><span style=\"font-family: Arial\">Faculdade de Odontologia de Ribeir\u00e3o Preto <\/span><span style=\"font-family: Arial\"><strong>(<\/strong><\/span><a href=\"http:\/\/www.forp.usp.br\/\"><em><strong><span style=\"color: #0000ff\">FORP<\/span><\/strong><\/em><\/a><span style=\"font-family: Arial\"> &#8211; <strong><em><span style=\"color: #0000ff\"><a href=\"https:\/\/www.google.com\/maps\/search\/usp+ribeir%C3%A3o+Preto\/@-21.169478,-47.835292,14z\/data=!3m1!4b1?hl=en\"><span style=\"color: #0000ff\">MAPS<\/span><\/a><\/span><\/em>), <\/strong>da<strong> Universidade de S\u00e3o Paulo <\/strong><\/span><span style=\"font-family: Arial\">(<\/span><em><a href=\"http:\/\/www5.usp.br\/\"><strong><span style=\"color: #0000ff\">USP<\/span><\/strong><\/a><\/em><span style=\"font-family: Arial\">).xx<\/span><\/p>\n<p style=\"text-align: justify\"><span style=\"font-family: Arial\"><strong>Ensino <\/strong>e<strong> Aprendizado <\/strong>dos Conte\u00fados das Disciplinas visam a forma\u00e7\u00e3o do aluno baseado das Regulamenta\u00e7\u00e3o do MEC.<\/span><\/p>\n<p style=\"text-align: justify\"><span style=\"font-family: Arial\">A<strong> Disciplina de Radiologia <\/strong>tem como pressuposto educacional as recomenda\u00e7\u00f5es estabelecidas:<span style=\"text-decoration: underline;color: #0000ff\"><strong><a href=\"http:\/\/sites.usp.br\/podae\/wp-content\/uploads\/sites\/36\/2014\/04\/Portaria_45301.06.98_27p.pdf\"><span style=\"color: #0000ff;text-decoration: underline\">Portaria 453<\/span><\/a><\/strong><\/span> e das Regulamenta\u00e7\u00e3o do MEC <\/span><\/p>\n<p style=\"text-align: justify\"><span style=\"font-family: Arial\"><strong>Telessa\u00fade: <em>Tecnologia Educacional <\/em><\/strong>contribuindo com as inovadoras ferramentas virtuais. Facilitar e estimular as atividades comportamentais do Aluno (Aprendiz) com foco no Ensino e a Aprendizado interativo compartilhado em Odontologia. <\/span><\/p>\n<p style=\"text-align: justify\"><span style=\"font-family: Arial\"><strong>Inclus\u00e3o Digital<\/strong> (<strong><strong>Educa\u00e7\u00e3o Compartilhada <\/strong>)<\/strong> as atividades interativas contribu\u00edram para a forma\u00e7\u00e3o do <a href=\"https:\/\/uspdigital.usp.br\/tycho\/gruposPesquisaObter?codigoGrupoPesquisa=00674026IRY81B\"><strong>G<span style=\"color: #0000ff\">rupo de Pesquisa &#8211; PODAE<\/span><\/strong><\/a> <\/span><span style=\"font-family: Arial\">realizando as a\u00e7\u00f5es assertivas e compartilhadas em Educa\u00e7\u00e3o Superior.<\/span><\/p>\n<p style=\"text-align: justify\"><span style=\"font-family: Arial\"><strong><strong>Inclus\u00e3o Digital <\/strong><\/strong>no Brasil, contribui para a I<em><strong>nclus\u00e3o Digital<\/strong><\/em> e a <strong><em>Inclus\u00e3o Social<\/em><\/strong> estimulando a participa\u00e7\u00e3o no conhecimento gerando a dissemina\u00e7\u00e3o da Tecnologias da Informa\u00e7\u00e3o (<strong>TI<\/strong>) em ambiental virtual tecnol\u00f3gico, centrados no Ensino e NO Aprendizado.<\/span><\/p>\n<p style=\"text-align: justify\"><span style=\"font-family: Arial\"><strong><strong>Inclus\u00e3o Digital <\/strong><\/strong>na <span style=\"color: #0000ff\"><a href=\"http:\/\/www.forp.usp.br\/\" target=\"_blank\"><span style=\"color: #0000ff\"><em><strong>FORP<\/strong><\/em><\/span><\/a><\/span> visa estimular as a\u00e7\u00f5es educadoras preventivas e empreendedoras auxiliando o Ensino e Aprendizado ampliando a qualidade da Sa\u00fade Bucal associado com as habilidades, <\/span><span style=\"font-family: Arial\">compet\u00eancias <\/span><span style=\"font-family: Arial\">e atitudes comportamentais do Ensino e do Aprendizado com apoio dos conhecimentos e os instrumentos pedag\u00f3gicos facilitadores educacionais. <\/span><\/p>\n<p style=\"text-align: justify\"><span style=\"font-family: Arial\">O Curso de Gradua\u00e7\u00e3o (<\/span><span style=\"font-family: Arial\">Odontologia &#8211; <span style=\"color: #0000ff\"><a href=\"http:\/\/www.forp.usp.br\/\"><span style=\"color: #0000ff\"><em><strong>FORP<\/strong><\/em><\/span><\/a><\/span>) \u00e9 orientado pelas Pr\u00f3 &#8211; Reitorias de <\/span><a href=\"http:\/\/www.prg.usp.br\/\"><em><strong><span style=\"color: #0000ff\">Gradua\u00e7\u00e3o<\/span><\/strong><\/em><\/a><span style=\"font-family: Arial\"><strong>, <\/strong><\/span><a href=\"http:\/\/www.prpg.usp.br\/\"><em><strong><span style=\"color: #0000ff\">P\u00f3s-Gradua\u00e7\u00e3o<\/span><\/strong><\/em><\/a><span style=\"font-family: Arial\">, <\/span><a href=\"http:\/\/www.usp.br\/prp\/\"><em><strong><span style=\"color: #0000ff\">Pesquisa<\/span><\/strong><\/em><\/a><span style=\"font-family: Arial\"> e<strong> <\/strong><\/span><em><a href=\"http:\/\/www.reitoria.usp.br\/?page_id=317\"><strong><span style=\"color: #0000ff\">Extens\u00e3o<\/span><\/strong><\/a><\/em><span style=\"font-family: Arial\">, com todas as informa\u00e7\u00f5es que est\u00e3o est\u00e3o agrupadas no <\/span><a href=\"https:\/\/uspdigital.usp.br\/wsusuario\/\"><em><strong><span style=\"color: #0000ff\">Portal Sistemas USP<\/span><\/strong><\/em><\/a><span style=\"font-family: Arial\"><strong>.<\/strong><\/span><\/p>\n<p style=\"text-align: justify\">A <strong><\/strong><span style=\"color: #0000ff\"><a href=\"http:\/\/sites.usp.br\/podae\/podae\/equipe\/\"><span style=\"color: #0000ff\"><em><strong>Equipe<\/strong><\/em><\/span><\/a><\/span> do <span style=\"color: #0000ff\"><a href=\"http:\/\/sites.usp.br\/podae\/podae\/\"><span style=\"color: #0000ff\"><em><strong>PODAE<\/strong><\/em><\/span><\/a><\/span> <span style=\"font-family: Arial\">desenvolve e apoia a Gest\u00e3o Midi\u00e1tica dos Laborat\u00f3rios, dos <em><span style=\"color: #0000ff\"><strong><a href=\"https:\/\/uspdigital.usp.br\/tycho\/gruposPesquisaListarAreasConhecimento?areaConhecimento=40200000&amp;nomeArea=Odontologia\"><span style=\"color: #0000ff\">Grupos de Pesquisa<\/span><\/a><\/strong><\/span><\/em> e dos Centros de Pesquisas com as participa\u00e7\u00f5es volunt\u00e1rias e efetivas dos Funcion\u00e1rios e dos Docentes <\/span><span style=\"font-family: Arial\">associados com <\/span><span style=\"font-family: Arial\">a <\/span><a href=\"http:\/\/www.inovacao.usp.br\/\"><em><strong><span style=\"color: #0000ff\">Ag\u00eancia USP de Inova\u00e7\u00e3o<\/span><\/strong><\/em><\/a><span style=\"font-family: Arial\"> tendo como fator desencadeante a divulga\u00e7\u00e3o em Sistemas Midi\u00e1ticos de Livre Acesso tendo como Referencial Te\u00f3rico da <strong><em><span style=\"text-decoration: underline\"><span style=\"color: #0000ff;text-decoration: underline\"><a href=\"https:\/\/uspdigital.usp.br\/tycho\/ProducaoAcademicaIntelectualUSP?codmnu=1110\"><span style=\"color: #0000ff;text-decoration: underline\">Produ\u00e7\u00e3o Cient\u00edficas -USP<\/span><\/a><\/span><\/span><\/em> <\/strong> dos Pesquisadores (<span style=\"color: #0000ff\"><em><a href=\"http:\/\/www5.usp.br\/\"><span style=\"color: #0000ff\"><strong>USP<\/strong><\/span><\/a><\/em><\/span>) e acervo do <em><strong><a href=\"http:\/\/www.teses.usp.br\/index.php?option=com_jumi&amp;fileid=30&amp;Itemid=162&amp;lang=pt-br&amp;id=58\"><span style=\"color: #0000ff\">Banco de Tese<\/span><\/a><\/strong><\/em>. <\/span><\/p>\n<p style=\"text-align: justify\"><span style=\"font-family: Arial\">As intera\u00e7\u00f5es visam incentivar as participa\u00e7\u00f5es nas atividades reflexivas na <strong>Inclus\u00e3o Digital<\/strong> brasileira promovida pelo Minist\u00e9rio da Ci\u00eancia e Tecnologia e Informa\u00e7\u00e3o<strong> (<\/strong><\/span><a href=\"http:\/\/www.mct.gov.br\/\"><em><strong><span style=\"color: #0000ff\">MCTI<\/span><\/strong><\/em><\/a><span style=\"font-family: Arial\"><strong>) <\/strong>e Instituto Brasileiro de Informa\u00e7\u00e3o em Ci\u00eancia e Tecnologia <\/span><span style=\"font-family: Arial\"><strong>(<\/strong><\/span><a href=\"http:\/\/www.ibict.br\/\"><em><strong><span style=\"color: #0000ff\">IBICT<\/span><\/strong><\/em><\/a><span style=\"font-family: Arial\">)<\/span><span style=\"font-family: Arial\"><strong><strong>. <\/strong><\/strong><\/span><\/p>\n<p style=\"text-align: justify\"><span style=\"font-family: Arial\"><strong><strong>Inclus\u00e3o Digital <\/strong><\/strong>e as atualiza\u00e7\u00f5es educacionais est\u00e3o <\/span><span style=\"font-family: Arial\">centradas <\/span><span style=\"font-family: Arial\">nas \u00e1reas da Sa\u00fade Bucal (Odontologia) em conformidade com as recomenda\u00e7\u00f5es das entidades Nacionais e Internacionais: Organiza\u00e7\u00e3o Mundial de Sa\u00fade (<em><strong><span style=\"text-decoration: underline;color: #0000ff\"><a href=\"http:\/\/www.who.int\/en\/\"><span style=\"color: #0000ff;text-decoration: underline\">WHO<\/span><\/a><\/span><\/strong><\/em>), Organiza\u00e7\u00e3o Panamericana de Sa\u00fade (<em><span style=\"text-decoration: underline\"><strong><span style=\"color: #0000ff;text-decoration: underline\"><a href=\"http:\/\/www.paho.org\/hq\/\"><span style=\"color: #0000ff;text-decoration: underline\">OPAS<\/span><\/a><\/span><\/strong><\/span><\/em>)<\/span><span style=\"font-family: Arial\"><strong>, <\/strong><\/span><span style=\"font-family: Arial\">Conselho Federal de Odontologia <\/span><span style=\"font-family: Arial\"><strong>(<\/strong><\/span><span style=\"color: #0000ff\"><a href=\"http:\/\/cfo.org.br\/\"><span style=\"color: #0000ff\"><em><strong>CFO<\/strong><\/em><\/span><\/a><\/span><span style=\"font-family: Arial\"><strong>), <span style=\"text-decoration: underline;color: #0000ff\"><em><a href=\"http:\/\/www.sustentabilidade.edm.org.br\/profiles\/blogs\/teleodontologia-podae-forp-usp\"><span style=\"color: #0000ff;text-decoration: underline\">Portal Sustentabilidade<\/span><\/a><\/em><\/span> <\/strong>e <\/span><a href=\"http:\/\/www.brasil.gov.br\/\"><em><strong><span style=\"color: #0000ff\">Portal Brasil<\/span><\/strong><\/em><\/a><strong><em>.<\/em><\/strong><\/p>\n<div align=\"center\">\n<hr style=\"width: 321px\" \/>\n<p><span style=\"font-family: Arial;font-size: xx-small\"><strong><strong>2014: Reformulado pela Equipe do PODAE e auxiliado pela Equipe da &#8220;<em><span style=\"color: #0000ff\"><a href=\"http:\/\/sites.usp.br\/\"><span style=\"color: #0000ff\">Incubadora de Sites<\/span><\/a><\/span><\/em>&#8221; (<span style=\"color: #0000ff\"><a href=\"http:\/\/www5.usp.br\/\"><span style=\"color: #0000ff\">USP<\/span><\/a><\/span>)<\/strong><\/strong><\/span><\/p>\n<div align=\"justify\">\n<div style=\"text-align: center\" align=\"justify\">\n<div align=\"justify\">\n<div align=\"justify\">\n<div align=\"justify\">\n<div align=\"justify\">\n<div style=\"text-align: left\" align=\"justify\">\n<hr \/>\n<\/div>\n<\/div>\n<\/div>\n<\/div>\n<\/div>\n<\/div>\n<\/div>\n<hr \/>\n<p>&nbsp;<\/p>\n<\/div>\n","protected":false},"excerpt":{"rendered":"<p>\u2666 Luiz Carlos Pardini &#8211; Curr\u00edculo Lattes &#8211; Indicadores de Produ\u00e7\u00e3o &#8211; ResearchGate &#8211; Academic.edu [&hellip;]<\/p>\n","protected":false},"author":23,"featured_media":0,"parent":0,"menu_order":1,"comment_status":"closed","ping_status":"closed","template":"","meta":{"footnotes":"","_links_to":"","_links_to_target":""},"class_list":["post-10","page","type-page","status-publish","hentry"],"_links":{"self":[{"href":"https:\/\/sites.usp.br\/laciro\/index.php?rest_route=\/wp\/v2\/pages\/10","targetHints":{"allow":["GET"]}}],"collection":[{"href":"https:\/\/sites.usp.br\/laciro\/index.php?rest_route=\/wp\/v2\/pages"}],"about":[{"href":"https:\/\/sites.usp.br\/laciro\/index.php?rest_route=\/wp\/v2\/types\/page"}],"author":[{"embeddable":true,"href":"https:\/\/sites.usp.br\/laciro\/index.php?rest_route=\/wp\/v2\/users\/23"}],"replies":[{"embeddable":true,"href":"https:\/\/sites.usp.br\/laciro\/index.php?rest_route=%2Fwp%2Fv2%2Fcomments&post=10"}],"version-history":[{"count":7,"href":"https:\/\/sites.usp.br\/laciro\/index.php?rest_route=\/wp\/v2\/pages\/10\/revisions"}],"predecessor-version":[{"id":420,"href":"https:\/\/sites.usp.br\/laciro\/index.php?rest_route=\/wp\/v2\/pages\/10\/revisions\/420"}],"wp:attachment":[{"href":"https:\/\/sites.usp.br\/laciro\/index.php?rest_route=%2Fwp%2Fv2%2Fmedia&parent=10"}],"curies":[{"name":"wp","href":"https:\/\/api.w.org\/{rel}","templated":true}]}}