{"id":115,"date":"2014-04-28T16:28:49","date_gmt":"2014-04-28T19:28:49","guid":{"rendered":"http:\/\/sites.usp.brprp\/?page_id=115"},"modified":"2019-04-11T09:52:18","modified_gmt":"2019-04-11T12:52:18","slug":"contato","status":"publish","type":"page","link":"https:\/\/sites.usp.br\/laciro\/?page_id=115","title":{"rendered":"Contato"},"content":{"rendered":"<p style=\"text-align: center;\"><a href=\"http:\/\/sites.usp.br\/ebt\/wp-login.php\"><img loading=\"lazy\" decoding=\"async\" class=\"attachment-266x266 aligncenter\" src=\"http:\/\/sites.usp.br\/podae\/wp-content\/uploads\/sites\/36\/2014\/05\/FORP_PODAE_00.jpg\" alt=\"FORP_PODAE_00\" width=\"94\" height=\"98\" \/><\/a><strong>Laborat\u00f3rio de An\u00e1lise e Controle da Imagem Radiogr\u00e1fica Odontol\u00f3gica (LACIRO)<\/strong><\/p>\n<p style=\"text-align: center;\"><strong><span style=\"font-size: 12px;\"><span style=\"color: #ff0000;\">Respons\u00e1veis: <span style=\"color: #000000;\">Profs. Drs. Luiz Carlos Pardini <\/span><\/span><\/span><\/strong><span style=\"font-size: 12px;\"><span style=\"color: #ff0000;\"><span style=\"color: #000000;\">(<\/span><\/span><\/span><strong><span style=\"font-size: 10px;\"><span style=\"color: #0000ff;\"><a href=\"http:\/\/lattes.cnpq.br\/5853462846099775\"><span style=\"color: #0000ff;\">Curr\u00edculo Lattes<\/span><\/a><\/span> \/ <span style=\"color: #0000ff;\"><a href=\"http:\/\/buscatextual.cnpq.br\/buscatextual\/email.do?metodo=apresentar&amp;seqIdPessoa=396158&amp;nomeDestinatario=Luiz_Carlos_Pardinihttp:\/\/\"><span style=\"color: #0000ff;\">E-mail<\/span><\/a><\/span><\/span><\/strong><span style=\"font-size: 12px;\"><span style=\"color: #ff0000;\"><span style=\"color: #000000;\">)<\/span><\/span><\/span><strong><span style=\"font-size: 12px;\"><span style=\"color: #ff0000;\"><span style=\"color: #000000;\"> e Plauto Christopher Watanabe <\/span><\/span><\/span><\/strong><span style=\"font-size: 12px;\"><span style=\"color: #ff0000;\"><span style=\"color: #000000;\">(<\/span><\/span><\/span><strong><span style=\"font-size: 10px;\"><strong><span style=\"color: #0000ff;\"><a href=\"http:\/\/lattes.cnpq.br\/3867201322807478\"><span style=\"color: #0000ff;\">Curr\u00edculo Lattes<\/span><\/a><\/span> \/ <span style=\"color: #0000ff;\"><a href=\"http:\/\/buscatextual.cnpq.br\/buscatextual\/email.do?metodo=apresentar&amp;seqIdPessoa=416889&amp;nomeDestinatario=Plauto_Christopher_Aranha_Watanabe\"><span style=\"color: #0000ff;\">E-mail<\/span><\/a><\/span><\/strong><\/span><\/strong><span style=\"font-size: 12px;\"><span style=\"color: #ff0000;\"><span style=\"color: #000000;\">)<\/span><\/span><\/span><span style=\"font-size: 13px; color: #ff0000;\"><span style=\"color: #000000;\"><em><br \/>\n<\/em><\/span><\/span><\/p>\n<div align=\"justify\">\n<div style=\"text-align: center;\" align=\"justify\"><span style=\"font-size: 12px; color: #ff0000;\"><strong>Correspond\u00eancia<\/strong>:<\/span><\/div>\n<div style=\"text-align: center;\" align=\"justify\"><strong><span style=\"font-size: 12px;\">Faculdade de Odontologia de Ribeir\u00e3o Preto (FORP)<\/span><\/strong><\/div>\n<div style=\"text-align: justify;\" align=\"justify\">\n<div align=\"justify\">\n<div style=\"text-align: justify;\" align=\"justify\">\n<div style=\"text-align: center;\" align=\"justify\"><strong><span style=\"font-size: 12px;\"><strong>Laborat\u00f3rio de An\u00e1lise e Controle da Imagem Radiogr\u00e1fica Odontol\u00f3gica (LACIRO)<\/strong> <\/span><\/strong><\/div>\n<div style=\"text-align: center;\" align=\"justify\"><strong><span style=\"font-size: 12px;\">Av. do Caf\u00e9 S\/N &#8211; Campus da USP<\/span><\/strong><\/div>\n<div style=\"text-align: center;\" align=\"justify\"><strong><span style=\"font-size: 12px;\">14040-904 &#8211; Ribeir\u00e3o Preto (SP) &#8211; Brasil <\/span><\/strong><\/div>\n<div style=\"text-align: center;\" align=\"justify\"><strong><span style=\"font-size: 10px;\">Tel\u00a0 : + 55 (16) 3315-3976 &#8211; Fax: + 55 (16) 3115 -4102<\/span><\/strong><\/div>\n<div style=\"text-align: center;\" align=\"justify\"><\/div>\n<div align=\"justify\"><strong><span style=\"font-size: 12px;\"><span style=\"color: #ff0000;\"> Envia<\/span>:<em> D\u00favidas, Sugest\u00f5es, Cr\u00edticas<\/em>. <\/span><\/strong><\/div>\n<div align=\"justify\"><span style=\"font-size: 12px;\">A Equipe Agradece<\/span>.<br \/>\n\n<div class=\"wpcf7 no-js\" id=\"wpcf7-f117-o1\" lang=\"pt-BR\" dir=\"ltr\" data-wpcf7-id=\"117\">\n<div class=\"screen-reader-response\"><p role=\"status\" aria-live=\"polite\" aria-atomic=\"true\"><\/p> <ul><\/ul><\/div>\n<form action=\"\/laciro\/index.php?rest_route=%2Fwp%2Fv2%2Fpages%2F115#wpcf7-f117-o1\" method=\"post\" class=\"wpcf7-form init\" aria-label=\"Formul\u00e1rios de contato\" novalidate=\"novalidate\" data-status=\"init\">\n<fieldset class=\"hidden-fields-container\"><input type=\"hidden\" name=\"_wpcf7\" value=\"117\" \/><input type=\"hidden\" name=\"_wpcf7_version\" value=\"6.1.5\" \/><input type=\"hidden\" name=\"_wpcf7_locale\" value=\"pt_BR\" \/><input type=\"hidden\" name=\"_wpcf7_unit_tag\" value=\"wpcf7-f117-o1\" \/><input type=\"hidden\" name=\"_wpcf7_container_post\" value=\"0\" \/><input type=\"hidden\" name=\"_wpcf7_posted_data_hash\" value=\"\" \/>\n<\/fieldset>\n<p>Seu nome (obrigat\u00f3rio)\n<\/p>\n<p><span class=\"wpcf7-form-control-wrap\" data-name=\"your-name\"><input size=\"40\" maxlength=\"400\" class=\"wpcf7-form-control wpcf7-text wpcf7-validates-as-required\" aria-required=\"true\" aria-invalid=\"false\" value=\"\" type=\"text\" name=\"your-name\" \/><\/span>\n<\/p>\n<p>Seu e-mail (obrigat\u00f3rio)\n<\/p>\n<p><span class=\"wpcf7-form-control-wrap\" data-name=\"your-email\"><input size=\"40\" maxlength=\"400\" class=\"wpcf7-form-control wpcf7-email wpcf7-validates-as-required wpcf7-text wpcf7-validates-as-email\" aria-required=\"true\" aria-invalid=\"false\" value=\"\" type=\"email\" name=\"your-email\" \/><\/span>\n<\/p>\n<p>Assunto\n<\/p>\n<p><span class=\"wpcf7-form-control-wrap\" data-name=\"your-subject\"><input size=\"40\" maxlength=\"400\" class=\"wpcf7-form-control wpcf7-text\" aria-invalid=\"false\" value=\"\" type=\"text\" name=\"your-subject\" \/><\/span>\n<\/p>\n<p>Sua mensagem\n<\/p>\n<p><span class=\"wpcf7-form-control-wrap\" data-name=\"your-message\"><textarea cols=\"40\" rows=\"10\" maxlength=\"2000\" class=\"wpcf7-form-control wpcf7-textarea\" aria-invalid=\"false\" name=\"your-message\"><\/textarea><\/span>\n<\/p>\n<p><input class=\"wpcf7-form-control wpcf7-submit has-spinner\" type=\"submit\" value=\"Enviar\" \/>\n<\/p><div class=\"wpcf7-response-output\" aria-hidden=\"true\"><\/div>\n<\/form>\n<\/div>\n<\/p>\n<div style=\"text-align: center;\" align=\"center\">\n<hr \/>\n<p style=\"text-align: center;\"><a href=\"http:\/\/www5.usp.br\/\"><img loading=\"lazy\" decoding=\"async\" class=\"alignnone size-full wp-image-3382\" src=\"http:\/\/sites.usp.br\/ebt\/wp-content\/uploads\/sites\/44\/2014\/04\/Imagem3.jpg\" alt=\"Imagem3\" width=\"100\" height=\"140\" \/><\/a> <strong>Universidade de S\u00e3o Paulo (Brasil)<\/strong><\/p>\n<\/div>\n<div align=\"justify\">\n<div style=\"text-align: center;\" align=\"justify\">\n<div align=\"justify\">\n<div align=\"justify\">\n<div align=\"justify\">\n<div align=\"justify\">\n<div style=\"text-align: left;\" align=\"justify\">\n<hr \/>\n<hr \/>\n<h6 style=\"text-align: center;\" align=\"justify\">Desde 1997 os Profs. Drs. Luiz Carlos Pardini e Plauto Christopher Aranha Watanebe s\u00e3o respons\u00e1veis pelo site do LACIRO.<\/h6>\n<\/div>\n<\/div>\n<\/div>\n<\/div>\n<\/div>\n<\/div>\n<hr \/>\n<\/div>\n<p style=\"text-align: center;\"><span style=\"font-family: Arial; font-size: xx-small;\"><strong><strong>2014: Reformulado pela Equipe do PODAE e auxiliado pela Equipe da &#8220;<em><span style=\"color: #0000ff;\"><a href=\"http:\/\/sites.usp.br\/\"><span style=\"color: #0000ff;\">Incubadora de Sites<\/span><\/a><\/span><\/em>&#8221; (<span style=\"color: #0000ff;\"><a href=\"http:\/\/www5.usp.br\/\"><span style=\"color: #0000ff;\">USP<\/span><\/a><\/span>)<\/strong><\/strong><\/span><\/p>\n<\/div>\n<\/div>\n<\/div>\n<\/div>\n<\/div>\n","protected":false},"excerpt":{"rendered":"<p>Laborat\u00f3rio de An\u00e1lise e Controle da Imagem Radiogr\u00e1fica Odontol\u00f3gica (LACIRO) Respons\u00e1veis: Profs. Drs. Luiz Carlos [&hellip;]<\/p>\n","protected":false},"author":13,"featured_media":0,"parent":0,"menu_order":6,"comment_status":"closed","ping_status":"closed","template":"","meta":{"footnotes":"","_links_to":"","_links_to_target":""},"class_list":["post-115","page","type-page","status-publish","hentry"],"_links":{"self":[{"href":"https:\/\/sites.usp.br\/laciro\/index.php?rest_route=\/wp\/v2\/pages\/115","targetHints":{"allow":["GET"]}}],"collection":[{"href":"https:\/\/sites.usp.br\/laciro\/index.php?rest_route=\/wp\/v2\/pages"}],"about":[{"href":"https:\/\/sites.usp.br\/laciro\/index.php?rest_route=\/wp\/v2\/types\/page"}],"author":[{"embeddable":true,"href":"https:\/\/sites.usp.br\/laciro\/index.php?rest_route=\/wp\/v2\/users\/13"}],"replies":[{"embeddable":true,"href":"https:\/\/sites.usp.br\/laciro\/index.php?rest_route=%2Fwp%2Fv2%2Fcomments&post=115"}],"version-history":[{"count":5,"href":"https:\/\/sites.usp.br\/laciro\/index.php?rest_route=\/wp\/v2\/pages\/115\/revisions"}],"predecessor-version":[{"id":723,"href":"https:\/\/sites.usp.br\/laciro\/index.php?rest_route=\/wp\/v2\/pages\/115\/revisions\/723"}],"wp:attachment":[{"href":"https:\/\/sites.usp.br\/laciro\/index.php?rest_route=%2Fwp%2Fv2%2Fmedia&parent=115"}],"curies":[{"name":"wp","href":"https:\/\/api.w.org\/{rel}","templated":true}]}}