{"id":151,"date":"2014-05-13T12:32:50","date_gmt":"2014-05-13T15:32:50","guid":{"rendered":"http:\/\/sites.usp.brpadrao2\/?page_id=151"},"modified":"2015-11-16T10:47:43","modified_gmt":"2015-11-16T12:47:43","slug":"ponto-fapesp","status":"publish","type":"page","link":"https:\/\/sites.usp.br\/laciro\/?page_id=151","title":{"rendered":"Grupo de Pesquisa"},"content":{"rendered":"<div style=\"text-align: center\" align=\"center\">\n<div style=\"text-align: justify\" align=\"center\">\n<p style=\"text-align: center\"><span style=\"font-family: Arial\"><span style=\"font-family: Arial\"><span style=\"font-family: Arial\"><strong>LABORAT\u00d3RIO DE AN\u00c1LISE E CONTROLE DA IMAGEM RADIOGR\u00c1FICA ODONTOL\u00d3GICA<\/strong><\/span><\/span><\/span><\/p>\n<hr \/>\n<div style=\"text-align: center\" align=\"center\">\n<p style=\"text-align: justify\"><span style=\"font-family: Arial\">Na <strong>Faculdade de Odontologia de Ribeir\u00e3o Preto<\/strong> (<\/span><strong style=\"font-family: Arial\">FORP), <\/strong><span style=\"font-family: Arial\">da <strong>Universidade de S\u00e3o Paulo<\/strong> (<strong>USP<\/strong>) est\u00e1 instalado, desde 1997 o\u00a0<\/span><span style=\"font-family: Arial\"><strong>Laborat\u00f3rio de An\u00e1lise e Controle da Imagem Radiogr\u00e1fica Odontol\u00f3gica (<\/strong><em>acr\u00f4nimo<\/em><strong> LACIRO) <\/strong>atuando no Ensino, Pesquisa, Extens\u00e3o e Gest\u00e3o Educacional com a\u00e7\u00f5es e inser\u00e7\u00f5es que visam a contribuir na Pesquisa (Dir<strong>et\u00f3rio de Grupo do CNPq<\/strong> &#8211; <strong><span style=\"color: #0000ff\"><a style=\"color: #0000ff\" href=\"http:\/\/dgp.cnpq.br\/dgp\/espelhogrupo\/7860212987967525#linhaPesquisa\">LACIRO<\/a><\/span><\/strong>\u00a0\u00a0<\/span><\/p>\n<p style=\"text-align: justify\"><span style=\"font-family: Arial\"><strong><strong>LACIRO<\/strong>\u00a0<\/strong>atua promovendo <span style=\"color: #0000ff\"><strong><a style=\"color: #0000ff\" href=\"http:\/\/dgp.cnpq.br\/dgp\/espelhogrupo\/7860212987967525#repercussao\">repercuss\u00f5es dos trabalhos do grupo<\/a><\/strong><\/span>\u00a0com s\u00f3lida <span style=\"color: #0000ff\"><strong><a style=\"color: #0000ff\" href=\"http:\/\/dgp.cnpq.br\/dgp\/espelhogrupo\/7860212987967525#linhaPesquisa\">Linha de Pesquisa<\/a><\/strong><\/span>\u00a0e <strong><span style=\"color: #0000ff\"><a style=\"color: #0000ff\" href=\"http:\/\/dgp.cnpq.br\/dgp\/espelhogrupo\/7860212987967525#recursosHumanos\">recursos humanos<\/a> <\/span><\/strong>ampliando\u00a0<\/span><span style=\"font-family: Arial\">as participa\u00e7\u00f5es em parceria com a incorpora\u00e7\u00e3o em <strong>Multimeios Empreendedores,<\/strong> da \u00e1rea da Sa\u00fade e Educa\u00e7\u00e3o (<strong>Telessa\u00fade, <span style=\"text-decoration: underline;color: #0000ff\"><a href=\"http:\/\/disciplinas.stoa.usp.br\/course\/index.php?categoryid=656\"><span style=\"color: #0000ff;text-decoration: underline\">STOA-USP<\/span><\/a><\/span>)<\/strong> com informa\u00e7\u00f5es preventivas com apoio da<strong> Tecnologia Educacional <\/strong>com as ferramentas virtuais, tendo como meta facilitar, estimular e intensificar as atividades comportamentais do Aluno (Aprendiz) com \u00eanfase no Ensino e no Aprendizado interativo compartilhado (<\/span><strong style=\"font-family: Arial\">Educa\u00e7\u00e3o Compartilhada<\/strong>) <span style=\"font-family: Arial\">em Odontologia: Sa\u00fade Bucal<\/span><span style=\"font-family: Arial\">. <\/span><\/p>\n<p style=\"text-align: justify\"><span style=\"font-family: Arial\">As parcerias em <strong>Gest\u00e3o Midi\u00e1tica<\/strong> contribuem com o interc\u00e2mbio de informa\u00e7\u00f5es e conhecimentos dos Grupos de Pesquisas (<strong><span style=\"text-decoration: underline\"><span style=\"text-decoration: underline\"><a href=\"http:\/\/dgp.cnpq.br\/dgp\/faces\/consulta\/consulta_parametrizada.jsf\">CNPQ<\/a><\/span><\/span><\/strong>) com destaque para os Grupos de Pesquisa da <strong>FORP<\/strong>: <span style=\"text-decoration: underline\"><strong><span style=\"color: #0000ff;text-decoration: underline\"><a href=\"http:\/\/dgp.cnpq.br\/dgp\/espelhogrupo\/7823090133066976\"><span style=\"color: #0000ff;text-decoration: underline\">PODAE<\/span><\/a><\/span><\/strong><\/span>, <span style=\"color: #0000ff\"><strong><span style=\"text-decoration: underline\"><a href=\"http:\/\/dgp.cnpq.br\/dgp\/espelhogrupo\/8539124714161383\"><span style=\"color: #0000ff;text-decoration: underline\">CAEDO<\/span><\/a><\/span><\/strong><\/span>, <span style=\"text-decoration: underline;color: #0000ff\"><strong><a href=\"http:\/\/dgp.cnpq.br\/dgp\/espelhogrupo\/8688250186864370\"><span style=\"color: #0000ff;text-decoration: underline\">LaMEPET<\/span><\/a><\/strong><\/span>, <span style=\"text-decoration: underline;color: #0000ff\"><strong><a href=\"http:\/\/dgp.cnpq.br\/dgp\/espelhogrupo\/6453615543447962\"><span style=\"text-decoration: underline;color: #0000ff\">LaABio<\/span><\/a><\/strong><\/span>, <span style=\"color: #0000ff\"><strong><span style=\"text-decoration: underline\"><a href=\"http:\/\/dgp.cnpq.br\/dgp\/espelhogrupo\/3705994927048643\"><span style=\"color: #0000ff;text-decoration: underline\">NupBios<\/span><\/a><\/span><\/strong><\/span>.<\/span><\/p>\n<\/div>\n<p style=\"text-align: justify\"><span style=\"font-family: Arial\"><strong>LACIRO<\/strong>\u00a0(Equipe) participa da <strong>Gest\u00e3o Educacional Compartilhada<\/strong> ampliando a divulga\u00e7\u00e3o e a incorpora\u00e7\u00e3o em <strong>Telessa\u00fade<\/strong> com informa\u00e7\u00f5es preventivas com apoio da Tecnologia Educacional com as inovadoras ferramentas virtuais, tendo como meta facilitar, estimular e intensificar as atividades comportamentais do Aluno (Educando &#8211; Aprendiz) com foco no Ensino e a no Aprendizado interativo em Odontologia: Sa\u00fade Bucal.<\/span><\/p>\n<div style=\"text-align: left\" align=\"center\">\n<div style=\"text-align: center\" align=\"center\">\n<hr \/>\n<h6 align=\"justify\">Desde 1097, os Docentes Luiz Carlos Pardini (<span style=\"color: #0000ff\"><a href=\"http:\/\/buscatextual.cnpq.br\/buscatextual\/visualizacv.do?metodo=apresentar&amp;id=K4796807T1\"><span style=\"color: #0000ff\">Curr\u00edculo Lattes<\/span><\/a><\/span>) e Plauto Christopher Aranha Watanabe (<strong><span style=\"color: #0000ff\"><a href=\"http:\/\/lattes.cnpq.br\/3867201322807478\"><span style=\"color: #0000ff\">Curr\u00edculo Lattes<\/span><\/a><\/span><\/strong>) s\u00e3o respons\u00e1veis pelo site do LACIRO (FORP \/ USP).<\/h6>\n<\/div>\n<hr \/>\n<p style=\"text-align: center\"><span style=\"font-family: Arial;font-size: xx-small\"><strong><strong>2014: Reformulado pela Equipe do PODAE e auxiliado pela Equipe da &#8220;<em><span style=\"color: #0000ff\"><a href=\"http:\/\/sites.usp.br\/\"><span style=\"color: #0000ff\">Incubadora de Sites<\/span><\/a><\/span><\/em>&#8221; (<span style=\"color: #0000ff\"><a href=\"http:\/\/www5.usp.br\/\"><span style=\"color: #0000ff\">USP<\/span><\/a><\/span>)<\/strong><\/strong><\/span><\/p>\n<\/div>\n<hr \/>\n<\/div>\n<\/div>\n","protected":false},"excerpt":{"rendered":"<p>LABORAT\u00d3RIO DE AN\u00c1LISE E CONTROLE DA IMAGEM RADIOGR\u00c1FICA ODONTOL\u00d3GICA Na Faculdade de Odontologia de Ribeir\u00e3o [&hellip;]<\/p>\n","protected":false},"author":1,"featured_media":0,"parent":89,"menu_order":0,"comment_status":"closed","ping_status":"closed","template":"","meta":{"footnotes":"","_links_to":"","_links_to_target":""},"class_list":["post-151","page","type-page","status-publish","hentry"],"_links":{"self":[{"href":"https:\/\/sites.usp.br\/laciro\/index.php?rest_route=\/wp\/v2\/pages\/151","targetHints":{"allow":["GET"]}}],"collection":[{"href":"https:\/\/sites.usp.br\/laciro\/index.php?rest_route=\/wp\/v2\/pages"}],"about":[{"href":"https:\/\/sites.usp.br\/laciro\/index.php?rest_route=\/wp\/v2\/types\/page"}],"author":[{"embeddable":true,"href":"https:\/\/sites.usp.br\/laciro\/index.php?rest_route=\/wp\/v2\/users\/1"}],"replies":[{"embeddable":true,"href":"https:\/\/sites.usp.br\/laciro\/index.php?rest_route=%2Fwp%2Fv2%2Fcomments&post=151"}],"version-history":[{"count":7,"href":"https:\/\/sites.usp.br\/laciro\/index.php?rest_route=\/wp\/v2\/pages\/151\/revisions"}],"predecessor-version":[{"id":469,"href":"https:\/\/sites.usp.br\/laciro\/index.php?rest_route=\/wp\/v2\/pages\/151\/revisions\/469"}],"up":[{"embeddable":true,"href":"https:\/\/sites.usp.br\/laciro\/index.php?rest_route=\/wp\/v2\/pages\/89"}],"wp:attachment":[{"href":"https:\/\/sites.usp.br\/laciro\/index.php?rest_route=%2Fwp%2Fv2%2Fmedia&parent=151"}],"curies":[{"name":"wp","href":"https:\/\/api.w.org\/{rel}","templated":true}]}}