{"id":155,"date":"2014-05-13T12:33:57","date_gmt":"2014-05-13T15:33:57","guid":{"rendered":"http:\/\/sites.usp.brpadrao2\/?page_id=155"},"modified":"2015-06-26T17:14:37","modified_gmt":"2015-06-26T20:14:37","slug":"o-pro-reitor","status":"publish","type":"page","link":"https:\/\/sites.usp.br\/laciro\/?page_id=155","title":{"rendered":"Hist\u00f3rico"},"content":{"rendered":"<div align=\"center\"><em><strong>CRONOLOGIA   DOS   ACONTECIMENTOS   HIST\u00d3RICO<\/strong><\/em><\/div>\n<p style=\"text-align: center\" align=\"justify\"><strong><span style=\"text-decoration: underline\">15 de setembro de 2004<\/span><\/strong><\/p>\n<p align=\"justify\">Profa. Dra. Marisa Semprini, Diretora da Faculdade de Odontologia de Ribeir\u00e3o Preto, da Universidade S\u00e3o Paulo (Brasil), designa (<em>Portaria no 54\/2004<\/em>) uma comiss\u00e3o para estudo, desenvolvimento e cria\u00e7\u00e3o do &#8220;Home Page&#8221; denominada de <em><strong>POLO DE ODONTOLOGIA DIGITAL APLICADA A EDUCA\u00c7\u00c3O<\/strong> <\/em>(acr\u00f4nimo <strong>PODAE<\/strong>) tendo os seguintes membros:<\/p>\n<table style=\"width: 696px;height: 129px\" border=\"0\">\n<tbody>\n<tr>\n<td style=\"text-align: center\"><strong>Docentes<\/strong><\/td>\n<td><\/td>\n<td style=\"text-align: center\"><strong>Funcion\u00e1rios<\/strong><\/td>\n<\/tr>\n<tr>\n<td><strong>Luiz Carlos Pardini<\/strong> (<em>Presidente<\/em><\/td>\n<td><\/td>\n<td><strong>Hermano Texeira Machado<\/strong><\/td>\n<\/tr>\n<tr>\n<td><strong>Marco Ant\u00f4nio Moreira Rodrigues da Silva<\/strong><\/td>\n<td><\/td>\n<td><strong>Luciano Luiz Finco<\/strong><\/td>\n<\/tr>\n<tr>\n<td><strong>Val\u00e9ria Oliveira Pagnano de Souza<\/strong><\/td>\n<td><\/td>\n<td> <strong>Luiz Gustavo de Souza<\/strong><\/td>\n<\/tr>\n<tr>\n<td><strong>Vin\u00edcius Pedrazzi<\/strong><\/td>\n<td><\/td>\n<td><strong>C\u00e2ndida Adelaide da Silva<\/strong><\/td>\n<\/tr>\n<\/tbody>\n<\/table>\n<p style=\"text-align: center\" align=\"justify\"><strong><em style=\"color: #990000\">ATUA\u00c7\u00c3O  DA  COMISS\u00c3O:<\/em><\/strong><\/p>\n<div align=\"justify\">&#8211; <strong>OBJETIVO:<\/strong> Avaliar as necessidades dos Docentes, na utiliza\u00e7\u00e3o dos Multimeios Digitais e, a partir dos resultados, propor as condi\u00e7\u00f5es t\u00e9cnicas (<em>Plataforma Virtual<\/em>) para a realiza\u00e7\u00e3o do Ensino e do Aprendizado em Odontologia, apoiando e colaborando com a organiza\u00e7\u00e3o  dos Sistemas Computacionais.<\/div>\n<div align=\"justify\">&#8211; <strong>ESTRAT\u00c9GIA<\/strong>: Envio de question\u00e1rio a todos os Docentes da FORP\/USP, solicitando as sugest\u00f5es para a desenvolvimento e incorpora\u00e7\u00f5es das  &#8220;Ferramentas  Virtuais&#8221;.<\/div>\n<div align=\"justify\">&#8211; <strong>RESULTADOS:<\/strong> Tabula\u00e7\u00f5es dos question\u00e1rios. Propostas da atua\u00e7\u00e3o dos membros da Comiss\u00e3o junto aos Departamentos. Apresenta\u00e7\u00e3o dos resultados e proposta das Estrat\u00e9gias Pedag\u00f3gicas para a Sra Diretora  (Profa. Dra. Marisa Semprini).<\/div>\n<div style=\"text-align: center\" align=\"justify\"><strong>CONCLUS\u00c3O DA REUNI\u00c3O COM A DIRE\u00c7\u00c3O DA UNIDADE:<\/strong><\/div>\n<div align=\"justify\">       Em reuni\u00e3o com a Sra Diretora (<em>Profa. Dra. Marisa Semprini<\/em>) ficou estabelecido que o<strong> PODAE<\/strong> oferecer\u00e1 e desenvovler\u00e1 as condi\u00e7\u00f5es operacionais para os Docentes e Discentes, objetivando auxiliar o Ensino e o Aprendizado dos alunos (Gradua\u00e7\u00e3o e P\u00f3s-Gradua\u00e7\u00e3o), utilizando os multimeios (<em>baseado nas sugest\u00f5es dos docentes que responderam os question\u00e1rios enviados individualmnte<\/em>) como instrumento pedag\u00f3gico. T\u00e9rmino da atua\u00e7\u00e3o da Comiss\u00e3o. Nomea\u00e7\u00e3o de uma nova Comiss\u00e3o para o site do <strong>PODAE<\/strong>.<\/div>\n<div align=\"justify\">{mospagebreak}<\/div>\n<p style=\"text-align: center\"><strong><span style=\"text-decoration: underline\">10 de setembro de 2005<\/span><\/strong><\/p>\n<div align=\"justify\">Profa. Dra. Marisa Semprini, Diretora da Faculdade de Odontologia de Ribeir\u00e3o Preto, da Universidade S\u00e3o Paulo, designa (<em>Portaria no.180\/2006<\/em>) a comiss\u00e3o para implantar o P\u00d3LO DE ODONTOLOGIA DIGITAL APLICADA A EDUCA\u00c7\u00c3O (<strong>PODAE<\/strong>) tendo os seguintes membros:<\/div>\n<table style=\"width: 695px;height: 154px\" border=\"0\">\n<tbody>\n<tr>\n<td style=\"text-align: center\"><strong>Docentes<\/strong><\/td>\n<td><\/td>\n<td style=\"text-align: center\"><strong>Funcion\u00e1rios<\/strong><\/td>\n<\/tr>\n<tr>\n<td> <strong>Luiz Carlos Pardini<\/strong> (Presidente)<\/td>\n<td><\/td>\n<td> <strong>Glauce Della Rosa<\/strong><\/td>\n<\/tr>\n<tr>\n<td> <strong>Karina Fittipaldi Bombonato Prado<\/strong><\/td>\n<td><\/td>\n<td> <strong>Hermano Teixeria Machado<\/strong><\/td>\n<\/tr>\n<tr>\n<td> <strong>Vinicius Pedrazzi<\/strong><\/td>\n<td><\/td>\n<td> <strong>Juliano Pratti Mercantil<\/strong><\/td>\n<\/tr>\n<tr>\n<td> <strong>Wilson Mestriner J\u00fanior<\/strong><\/td>\n<td><\/td>\n<td> <strong>Luciano Luiz Finco<\/strong><\/td>\n<\/tr>\n<tr>\n<td><\/td>\n<td><\/td>\n<td> <strong>Paulo Marcos Fazzio<\/strong><\/td>\n<\/tr>\n<\/tbody>\n<\/table>\n<p style=\"text-align: center\"><strong><em style=\"color: #990000\">ATUA\u00c7\u00c3O DA COMISS\u00c3O:<\/em><\/strong><\/p>\n<div align=\"justify\">&#8211; <strong>OBJETIVO:<\/strong> Auxiliar a implata\u00e7\u00e3o dos Multimieos, em conformidade com a capacita\u00e7\u00e3o t\u00e9cnica do CPD (FORP\/USP) e, empenhar-se para aquisI\u00e7\u00e3o dos equipamentos e a disponiliza\u00e7\u00e3o dos funcion\u00e1rios para colaborem e atuarem no <strong>PODAE<\/strong>. Colaborar com os Docentes na elabora\u00e7\u00e3o, implanta\u00e7\u00e3oe e divulga\u00e7\u00e3o do Material Did\u00e1tico na (<em>Plataforma Virtual). <\/em>Contribuir como o desenvolvimento e implanta\u00e7\u00e3oda da<em>Teleodontyolgia<\/em><\/div>\n<p>&#8211; <strong>ESTRAT\u00c9GIA:<\/strong> Envio de E-mail e Folder Explicativos para todos os Docentes FORP\/USP, solicitando o material para disponilizar o site do <strong>PODAE<\/strong>.<\/p>\n<p>&#8211; <strong>META:<\/strong> Pretende-se estimular\u00e1 o Ensino e o Aprendizado dos programas computacionais necess\u00e1rios para incrementar e dar suporte para os conte\u00fados program\u00e1ticos das Disciplinas da Gradua\u00e7\u00e3o das aulas(Te\u00f3rica, Laboratorial e Pr\u00e1tica). As tem\u00e1ticas dos Conte\u00fados Interativos s\u00e3o de responsabilidade dos Docentes respons\u00e1veis pela Estrat\u00e9gias Pedag\u00f3gicas: Ensino Presencial, Ensino a Dist\u00e2ncia, Videos, Hipertextos e Videoconfer\u00eancia.<\/p>\n<div align=\"center\">\n<hr style=\"width: 321px\" \/>\n<p style=\"text-align: left\">Para agilizar e incrementar as atividades, o respons\u00e1vel pelo <strong>PODAE<\/strong> (Prof. Dr. Luiz Carlos Pardini) foi designado como membro da <strong>Comiss\u00e3o de Inform\u00e1tica<\/strong> da Faculdade de Odontologia de Ribeir\u00e3o Preto, da Universidade de S\u00e3o Paulo (FORP \/ USP).<\/p>\n<hr \/>\n<hr \/>\n<p><strong><em>MODERNIZA\u00c7\u00c3O   DO   SITE<\/em><\/strong><\/p>\n<p style=\"text-align: left\">2014: O site do <strong>PODAE<\/strong>  foi modernizado pela Equipe da USP &#8211; Incubadora de Sites da<em><strong> Universidade de S\u00e3o Paulo<\/strong> <\/em>(<a href=\"http:\/\/sites.usp.br\/\">Incubadora de site<\/a>) com o nova formta\u00e7\u00e3o.<\/p>\n<hr \/>\n<hr \/>\n<\/div>\n<div align=\"justify\">\n<p>&nbsp;<\/p>\n<\/div>\n<hr \/>\n","protected":false},"excerpt":{"rendered":"<p>CRONOLOGIA DOS ACONTECIMENTOS HIST\u00d3RICO 15 de setembro de 2004 Profa. Dra. Marisa Semprini, Diretora da [&hellip;]<\/p>\n","protected":false},"author":1,"featured_media":0,"parent":89,"menu_order":0,"comment_status":"closed","ping_status":"closed","template":"","meta":{"footnotes":"","_links_to":"","_links_to_target":""},"class_list":["post-155","page","type-page","status-publish","hentry"],"_links":{"self":[{"href":"https:\/\/sites.usp.br\/laciro\/index.php?rest_route=\/wp\/v2\/pages\/155","targetHints":{"allow":["GET"]}}],"collection":[{"href":"https:\/\/sites.usp.br\/laciro\/index.php?rest_route=\/wp\/v2\/pages"}],"about":[{"href":"https:\/\/sites.usp.br\/laciro\/index.php?rest_route=\/wp\/v2\/types\/page"}],"author":[{"embeddable":true,"href":"https:\/\/sites.usp.br\/laciro\/index.php?rest_route=\/wp\/v2\/users\/1"}],"replies":[{"embeddable":true,"href":"https:\/\/sites.usp.br\/laciro\/index.php?rest_route=%2Fwp%2Fv2%2Fcomments&post=155"}],"version-history":[{"count":2,"href":"https:\/\/sites.usp.br\/laciro\/index.php?rest_route=\/wp\/v2\/pages\/155\/revisions"}],"predecessor-version":[{"id":357,"href":"https:\/\/sites.usp.br\/laciro\/index.php?rest_route=\/wp\/v2\/pages\/155\/revisions\/357"}],"up":[{"embeddable":true,"href":"https:\/\/sites.usp.br\/laciro\/index.php?rest_route=\/wp\/v2\/pages\/89"}],"wp:attachment":[{"href":"https:\/\/sites.usp.br\/laciro\/index.php?rest_route=%2Fwp%2Fv2%2Fmedia&parent=155"}],"curies":[{"name":"wp","href":"https:\/\/api.w.org\/{rel}","templated":true}]}}