{"id":477,"date":"2015-09-03T16:10:48","date_gmt":"2015-09-03T19:10:48","guid":{"rendered":"http:\/\/sites.usp.br\/laciro\/?page_id=477"},"modified":"2016-03-04T17:29:41","modified_gmt":"2016-03-04T20:29:41","slug":"wilhelm-conrad-roentgen","status":"publish","type":"page","link":"https:\/\/sites.usp.br\/laciro\/?page_id=477","title":{"rendered":"Wilhelm Conrad R\u00f6entgen"},"content":{"rendered":"<p style=\"text-align: justify\"><span style=\"font-family: Arial\"><strong>Wilhelm Conrad Roentgen (1845-1923), <\/strong>professor na Universidade Wuerzburg, Alemanha ao realizar experimentos laboratoriais com \u201cTubo Cat\u00f3dicos\u201d observou em 1895 um \u201cbrilho fluorescente\u201d sobre uma placa. <\/span><\/p>\n<p style=\"text-align: justify\"><span style=\"font-family: Arial\">Para este evento, este tipo de radia\u00e7\u00e3o desconhecida denominou-se &#8220;Raios X&#8221;.<\/span><\/p>\n<hr \/>\n<address style=\"text-align: right\"><strong><span style=\"font-size: 10px\">Luiz Carlos Pardini ( <span style=\"color: #0000ff\"><strong><strong><strong><a style=\"color: #0000ff\" href=\"http:\/\/buscatextual.cnpq.br\/buscatextual\/email.do?metodo=apresentar&amp;seqIdPessoa=396158&amp;nomeDestinatario=Luiz_Carlos_Pardini\">E-mail<\/a> <\/strong><\/strong><\/strong><\/span>) <\/span><\/strong><\/address>\n<address style=\"text-align: right\">\n<address style=\"text-align: right\"><strong><span style=\"font-size: 10px\">Plauto Christopher Aranha Watanabe ( <span style=\"color: #0000ff\"><a style=\"color: #0000ff\" href=\"http:\/\/buscatextual.cnpq.br\/buscatextual\/email.do?metodo=apresentar&amp;seqIdPessoa=416889&amp;nomeDestinatario=Plauto_Christopher_Aranha_Watanabe\">E-mail<\/a><\/span>)<\/span><\/strong><\/address>\n<\/address>\n<hr \/>\n<hr \/>\n<address style=\"text-align: right\">\u00a0<\/address>\n<div style=\"text-align: justify\" align=\"justify\">\n<div align=\"justify\"><span style=\"color: #ff0000\"><strong><span style=\"font-size: 10px\">REFER\u00caNCIAS BIBLIOGR\u00c1FICAS<\/span><\/strong><\/span><\/div>\n<div align=\"justify\"><span style=\"font-size: 10px\">1. PARDINI. L.C. Manual de Radiologia Odontol\u00f3gica &#8211; F\u00edsica para o Aluno de Gradua\u00e7\u00e3o, LACIRO, FORP\/USP, 1999 <\/span><\/div>\n<div align=\"justify\"><span style=\"font-size: 10px\">2. PARDINI. L.C. Apostila de Radiologia Odontol\u00f3gica &#8211; F\u00edsica para o Aluno de Gradua\u00e7\u00e3o, FORP\/USP, 2002 <\/span><\/div>\n<div style=\"text-align: center\" align=\"justify\">\n<address style=\"text-align: right\">\n<hr \/>\n<hr \/>\n<\/address>\n<\/div>\n<\/div>\n","protected":false},"excerpt":{"rendered":"<p>Wilhelm Conrad Roentgen (1845-1923), professor na Universidade Wuerzburg, Alemanha ao realizar experimentos laboratoriais com \u201cTubo [&hellip;]<\/p>\n","protected":false},"author":58,"featured_media":0,"parent":492,"menu_order":0,"comment_status":"closed","ping_status":"closed","template":"","meta":{"footnotes":"","_links_to":"","_links_to_target":""},"class_list":["post-477","page","type-page","status-publish","hentry"],"_links":{"self":[{"href":"https:\/\/sites.usp.br\/laciro\/index.php?rest_route=\/wp\/v2\/pages\/477","targetHints":{"allow":["GET"]}}],"collection":[{"href":"https:\/\/sites.usp.br\/laciro\/index.php?rest_route=\/wp\/v2\/pages"}],"about":[{"href":"https:\/\/sites.usp.br\/laciro\/index.php?rest_route=\/wp\/v2\/types\/page"}],"author":[{"embeddable":true,"href":"https:\/\/sites.usp.br\/laciro\/index.php?rest_route=\/wp\/v2\/users\/58"}],"replies":[{"embeddable":true,"href":"https:\/\/sites.usp.br\/laciro\/index.php?rest_route=%2Fwp%2Fv2%2Fcomments&post=477"}],"version-history":[{"count":4,"href":"https:\/\/sites.usp.br\/laciro\/index.php?rest_route=\/wp\/v2\/pages\/477\/revisions"}],"predecessor-version":[{"id":585,"href":"https:\/\/sites.usp.br\/laciro\/index.php?rest_route=\/wp\/v2\/pages\/477\/revisions\/585"}],"up":[{"embeddable":true,"href":"https:\/\/sites.usp.br\/laciro\/index.php?rest_route=\/wp\/v2\/pages\/492"}],"wp:attachment":[{"href":"https:\/\/sites.usp.br\/laciro\/index.php?rest_route=%2Fwp%2Fv2%2Fmedia&parent=477"}],"curies":[{"name":"wp","href":"https:\/\/api.w.org\/{rel}","templated":true}]}}