{"id":89,"date":"2014-04-23T11:34:25","date_gmt":"2014-04-23T14:34:25","guid":{"rendered":"http:\/\/sites.usp.brprp\/?page_id=89"},"modified":"2018-05-22T17:42:39","modified_gmt":"2018-05-22T20:42:39","slug":"laciro","status":"publish","type":"page","link":"https:\/\/sites.usp.br\/laciro\/?page_id=89","title":{"rendered":"LACIRO"},"content":{"rendered":"<div style=\"text-align: center\" align=\"center\">\n<div style=\"text-align: justify\" align=\"center\">\n<p style=\"text-align: center\"><span style=\"font-family: Arial\"><span style=\"font-family: Arial\"><span style=\"font-family: Arial\"><strong>LABORAT\u00d3RIO \u00a0DE \u00a0AN\u00c1LISE \u00a0E \u00a0CONTROLE \u00a0DA \u00a0IMAGEM \u00a0RADIOGR\u00c1FICA \u00a0ODONTOL\u00d3GICA<\/strong><\/span><\/span><\/span><\/p>\n<hr \/>\n<div style=\"text-align: center\" align=\"center\">\n<p style=\"text-align: justify\"><span style=\"font-family: Arial\">Na <strong>Faculdade de Odontologia de Ribeir\u00e3o Preto<\/strong> (<\/span><strong style=\"font-family: Arial\">FORP), <\/strong><span style=\"font-family: Arial\">da <strong>Universidade de S\u00e3o Paulo<\/strong> (<strong>USP<\/strong>) est\u00e1 instalado, desde 1997 o\u00a0<\/span><span style=\"font-family: Arial\"><strong>Laborat\u00f3rio de An\u00e1lise e Controle da Imagem Radiogr\u00e1fica Odontol\u00f3gicas <\/strong>(<span style=\"color: #0000ff\"><a style=\"color: #0000ff\" href=\"http:\/\/sites.usp.br\/laciro\"><strong>LACIRO<\/strong><\/a><\/span>)<strong>.<a href=\"http:\/\/sites.usp.br\/laciro\/wp-login.php\"><img loading=\"lazy\" decoding=\"async\" class=\"attachment-266x266 aligncenter\" title=\"USP FORP PODAE\" src=\"http:\/\/sites.usp.br\/podae\/wp-content\/uploads\/sites\/36\/2014\/05\/FORP_PODAE_00.jpg\" alt=\"Polo de Odontologia Digital Aplicado \u00e0 Educa\u00e7\u00e3o \" width=\"62\" height=\"65\" \/> <\/a><\/strong><strong>Laborat\u00f3rio de An\u00e1lise e Controle da Imagem Radiogr\u00e1fica Odontol\u00f3gica <\/strong>(<a style=\"color: #0000ff\" href=\"http:\/\/sites.usp.br\/laciro\"><strong>LACIRO<\/strong><\/a>)<strong>\u00a0<\/strong>atua no Ensino, Pesquisa, Extens\u00e3o e Gest\u00e3o Educacional com a\u00e7\u00f5es e inser\u00e7\u00f5es que visam contribuir no engajamento institucional centrado em Estrat\u00e9gias Comportamentais que expressam o foco em: <\/span><\/p>\n<p style=\"text-align: justify\"><span style=\"font-family: Arial\"><span style=\"color: #ff0000\"><strong>MISS\u00c3O<\/strong><\/span>: As a\u00e7\u00f5es educacionais dos colaboradores volunt\u00e1rios do Site <strong>LACIRO <\/strong>(<span style=\"color: #0000ff\"><a style=\"color: #0000ff\" href=\"http:\/\/sites.usp.br\/ebt\"><strong>sites.usp.br\/laciro<\/strong><\/a><\/span>)\u00a0tem como principal estrat\u00e9gicas no Ensino e no Aprendizado na \u00e1rea da Sa\u00fade Bucal (Imagenologia) ampliando e estimulando as participa\u00e7\u00f5es interativas com as divulga\u00e7\u00f5es dos conhecimentos (T\u00e9cnico e Cient\u00edfico) em ambiental virtual (Inclus\u00e3o Digital).<br \/>\n<\/span><\/p>\n<p style=\"text-align: justify\"><span style=\"font-family: Arial\"><span style=\"color: #ff0000\"><strong>VIS\u00c3O<\/strong><\/span>: As orienta\u00e7\u00f5es educacionais devem ser direcionadas para a forma\u00e7\u00e3o do profissional (Cirurgi\u00e3o-Dentista) atuando com as a\u00e7\u00f5es cr\u00edticas e reflexivas sobre o Ensino e o Aprendizado na \u00e1rea da Sa\u00fade Bucal (Imagenologia) estimulando a participa\u00e7\u00e3o efetiva em cidadania.<br \/>\n<\/span><\/p>\n<p style=\"text-align: justify\"><span style=\"font-family: Arial\"><span style=\"color: #ff0000\"><strong>VALORES<\/strong><\/span>: As condutas e procedimento devem ser pautadas nas atitudes educacionais tendo o principal foco o &#8220;ser humano&#8221; mediante as a\u00e7\u00f5es preventivas.<\/span><\/p>\n<p style=\"text-align: justify\"><span style=\"font-family: Arial\"><span style=\"font-family: Arial\"><span style=\"font-family: Arial\"><span style=\"font-family: Arial\"><strong>LACIRO (<span style=\"color: #0000ff\"><a href=\"http:\/\/sites.usp.br\/podae\/podae\/equipe\/\"><span style=\"color: #0000ff\">Equip<\/span><\/a>e<\/span>)<\/strong> sistematicamente amplia a\u00e7\u00f5es educacionais no Curso de Gradua\u00e7\u00e3o, da <strong>Faculdade de Odontologia de Ribeir\u00e3o Preto<\/strong> (<strong>FORP<\/strong> &#8211; <span style=\"color: #0000ff\"><span style=\"text-decoration: underline\"><a href=\"https:\/\/www.google.com\/maps\/place\/Faculdade+de+Farm%C3%A1cia+e+Odontologia+de+Ribeir%C3%A3o+Preto+Usp\/@-21.1722884,-47.8635192,14z\/data=!4m6!1m3!3m2!1s0x94b9bdd7ea88a709:0xdd4e22ddeaa1fb2a!2sFaculdade+de+Farm%C3%A1cia+e+Odontologia+de+Ribeir%C3%A3o+Preto+Usp!3m1!1s0x94b9bdd7ea88a709:0xdd4e22ddeaa1fb2a?hl=en\"><span style=\"color: #0000ff;text-decoration: underline\"><strong>MAPS<\/strong><\/span><\/a><\/span><\/span> &#8211; <span style=\"color: #0000ff\"><span style=\"text-decoration: underline\"><a href=\"http:\/\/sites.usp.br\/podae\/wp-content\/uploads\/sites\/36\/2014\/09\/Regimento_FORP.pdf\"><span style=\"color: #0000ff;text-decoration: underline\"><strong>Regimento<\/strong><\/span><\/a><\/span><\/span>). A <strong>Gest\u00e3o Midi\u00e1tica<\/strong> \u00e9 desenvolvida e atualizada para atuar no &#8220;<strong>Site Educacional Interativo<\/strong>&#8221; (<span style=\"color: #0000ff\"><strong><a href=\"http:\/\/disciplinas.stoa.usp.br\/\"><span style=\"color: #0000ff\">STOA &#8211; FORP<\/span><\/a><\/strong><\/span>) tendo como fun\u00e7\u00e3o e foco o Curso de Gradua\u00e7\u00e3o (<\/span><\/span><\/span><strong style=\"font-family: Arial\">Curso Presencial<\/strong><span style=\"font-family: Arial\">), na \u00e1rea da Sa\u00fade: Odontologia <\/span><span style=\"font-family: Arial\">orientada pela Pr\u00f3-Reitorias (Gradua\u00e7\u00e3o, P\u00f3s-Gradua\u00e7\u00e3o, Pesquisa e Extens\u00e3o) no exerc\u00edcio pleno da Educa\u00e7\u00e3o Superior <\/span><span style=\"font-family: Arial\">integrando os indicadores de Produ\u00e7\u00e3o (<a href=\"https:\/\/uspdigital.usp.br\/tycho\/index.jsp\"><span style=\"text-decoration: underline\"><strong>Sistema Thyco<\/strong><\/span><\/a>).<\/span><\/span><\/p>\n<\/div>\n<p style=\"text-align: justify\"><span style=\"font-family: Arial\"><span style=\"font-family: Arial\"><span style=\"font-family: Arial\"><span style=\"font-family: Arial\"><strong><strong><strong>LACIRO<\/strong>\u00a0(<\/strong>Equipe<strong>) <\/strong><\/strong>objetiva contribuir na forma\u00e7\u00e3o do aluno (futuro profissional) na \u00e1rea da Sa\u00fade Bucal estabelecido pelo Projeto Pol\u00edtico Pedag\u00f3gico (PPP) da <strong>FORP<\/strong><\/span><\/span><\/span><\/span><span style=\"font-family: Arial\"><span style=\"font-family: Arial\"><span style=\"font-family: Arial\"> em harmonia com a <strong>Gest\u00e3o Educacional<\/strong> (<strong>Tecnologia do Conhecimento<\/strong>). Contribui na confec\u00e7\u00e3o (<strong>Multimeios Did\u00e1tico)<\/strong> orientando o planejamento, elabora\u00e7\u00e3o, execu\u00e7\u00e3o e inser\u00e7\u00e3o na divulga\u00e7\u00e3o em<strong> Ambientes Midi\u00e1ticos: Hipertexto<\/strong> (Hipertexto)<strong>, CD-ROM, <\/strong><span style=\"color: #0000ff\"><span style=\"color: #0000ff\"><strong><a href=\"http:\/\/sites.usp.br\/podae\/extensao\/videoteca\/\">Videoteca<\/a> <\/strong><\/span><\/span>(<\/span><\/span><\/span><span style=\"font-family: Arial\">V\u00eddeo Institucional &#8211; <strong><span style=\"text-decoration: underline\"><span style=\"color: #0000ff;text-decoration: underline\"><a href=\"http:\/\/iptv.usp.br\/portal\/video.action?idItem=1057\"><span style=\"color: #0000ff;text-decoration: underline\">Portugu\u00eas<\/span><\/a><\/span><\/span> <span style=\"color: #000000\">&#8211;<\/span> <span style=\"color: #0000ff\"><a href=\"http:\/\/iptv.usp.br\/portal\/video.action?idItem=1066\"><span style=\"text-decoration: underline;color: #0000ff\">Espanhol<\/span><\/a> <\/span><span style=\"color: #000000\">&#8211; <\/span><span style=\"color: #0000ff\"><a href=\"http:\/\/iptv.usp.br\/portal\/video.action?idItem=1068\"><span style=\"color: #0000ff\">Ingl\u00eas<\/span><\/a> <\/span><\/strong>\/ V\u00eddeo Comemorativo (<strong>&#8220;FORP <\/strong><strong><span style=\"color: #0000ff\"><a href=\"http:\/\/iptv.usp.br\/portal\/video.action?idItem=24716\"><span style=\"color: #0000ff\">90 anos<\/span><\/a><\/span><\/strong>&#8220;) e Videoconfer\u00eancia (Videoaula). R<\/span><span style=\"font-family: Arial\">ealiza periodicamente as a\u00e7\u00f5es motivadoras e assertivas compartilhadas em Educa\u00e7\u00e3o Superior com \u00eanfase na <strong><a href=\"https:\/\/www.governoeletronico.gov.br\/acoes-e-projetos\/inclusao-digital\" target=\"_blank\" rel=\"noopener noreferrer\">I<span style=\"color: #0000ff\">nclus\u00e3o Digital<\/span><\/a> .<\/strong><br \/>\n<\/span><\/p>\n<p style=\"text-align: justify\"><span style=\"font-family: Arial\"><strong><strong>LACIRO<\/strong>\u00a0(<\/strong>Equipe<strong>)<\/strong> amplia as participa\u00e7\u00f5es em parceria com a incorpora\u00e7\u00e3o em <strong>Multimeios Empreendedores,<\/strong> da \u00e1rea da Sa\u00fade e Educa\u00e7\u00e3o (<strong>Telessa\u00fade, <span style=\"text-decoration: underline;color: #0000ff\"><a href=\"http:\/\/disciplinas.stoa.usp.br\/course\/index.php?categoryid=656\"><span style=\"color: #0000ff;text-decoration: underline\">STOA-USP<\/span><\/a><\/span>)<\/strong> com informa\u00e7\u00f5es preventivas com apoio da<strong> Tecnologia Educacional <\/strong>com as ferramentas virtuais, tendo como meta facilitar, estimular e intensificar as atividades comportamentais do Aluno (Aprendiz) com \u00eanfase no Ensino e no Aprendizado interativo compartilhado (<\/span><strong style=\"font-family: Arial\">Educa\u00e7\u00e3o Compartilhada<\/strong>) <span style=\"font-family: Arial\">em Odontologia: Sa\u00fade Bucal<\/span><span style=\"font-family: Arial\">. <\/span><span style=\"font-family: Arial\">As parcerias em <strong>Gest\u00e3o Midi\u00e1tica<\/strong> contribuem com o Diret\u00f3rio de Grupos de Grupo (<strong><span style=\"text-decoration: underline\"><span style=\"text-decoration: underline\"><a href=\"http:\/\/dgp.cnpq.br\/dgp\/espelhogrupo\/7860212987967525\">Grupo CNPQ<\/a><\/span><\/span><\/strong>) com destaque para os Grupos de Pesquisa da <strong>FORP<\/strong>: <span style=\"text-decoration: underline\"><strong><span style=\"color: #0000ff;text-decoration: underline\"><a href=\"http:\/\/dgp.cnpq.br\/dgp\/espelhogrupo\/7823090133066976\"><span style=\"color: #0000ff;text-decoration: underline\">PODAE<\/span><\/a><\/span><\/strong><\/span>, <span style=\"color: #0000ff\"><strong><span style=\"text-decoration: underline\"><a href=\"http:\/\/dgp.cnpq.br\/dgp\/espelhogrupo\/8539124714161383\"><span style=\"color: #0000ff;text-decoration: underline\">CAEDO<\/span><\/a><\/span><\/strong><\/span>, <span style=\"text-decoration: underline;color: #0000ff\"><strong><a href=\"http:\/\/dgp.cnpq.br\/dgp\/espelhogrupo\/8688250186864370\"><span style=\"color: #0000ff;text-decoration: underline\">LaMEPET<\/span><\/a><\/strong><\/span>, <span style=\"text-decoration: underline;color: #0000ff\"><strong><a href=\"http:\/\/dgp.cnpq.br\/dgp\/espelhogrupo\/7860212987967525\"><span style=\"color: #0000ff;text-decoration: underline\">Laciro<\/span><\/a><\/strong><\/span>, <span style=\"text-decoration: underline;color: #0000ff\"><strong><a href=\"http:\/\/dgp.cnpq.br\/dgp\/espelhogrupo\/6453615543447962\"><span style=\"text-decoration: underline;color: #0000ff\">LaABio<\/span><\/a><\/strong><\/span>, <span style=\"color: #0000ff\"><strong><span style=\"text-decoration: underline\"><a href=\"http:\/\/dgp.cnpq.br\/dgp\/espelhogrupo\/3705994927048643\"><span style=\"color: #0000ff;text-decoration: underline\">NupBios<\/span><\/a><\/span><\/strong><\/span> .<\/span><\/p>\n<p style=\"text-align: justify\"><span style=\"font-family: Arial\"><strong>LACIRO<\/strong>\u00a0(Equipe) participa da <strong>Gest\u00e3o Educacional Compartilhada<\/strong> ampliando a divulga\u00e7\u00e3o e a incorpora\u00e7\u00e3o em <strong>Telessa\u00fade<\/strong> com informa\u00e7\u00f5es preventivas com apoio da Tecnologia Educacional com as inovadoras ferramentas virtuais, tendo como meta facilitar, estimular e intensificar as atividades comportamentais do Aluno (Educando &#8211; Aprendiz) com foco no Ensino e a no Aprendizado interativo em Odontologia: Sa\u00fade Bucal.<\/span><\/p>\n<p style=\"text-align: justify\"><span style=\"font-family: Arial\"><strong><strong><strong>PODAE <\/strong><\/strong><\/strong>(Equipe) associa-se a <strong><strong>Inclus\u00e3o Digital <\/strong><\/strong>no Brasil, contribuindo para a <strong>Inclus\u00e3o Social<\/strong> ativando a participa\u00e7\u00e3o no conhecimento gerando a dissemina\u00e7\u00e3o da <strong>Tecnologias da Informa\u00e7\u00e3o<\/strong> (<strong>TI<\/strong>) em ambiente virtual tecnol\u00f3gico, centrados na Educa\u00e7\u00e3o.<\/span><\/p>\n<p style=\"text-align: justify\"><span style=\"font-family: Arial\"><span style=\"font-family: Arial\"><strong>LACIRO <\/strong>(Equipe) avalia as sugest\u00f5es e <\/span><span style=\"font-family: Arial\">contribui\u00e7\u00f5es empreendedoras em Educa\u00e7\u00e3o Superior com Gest\u00e3o Significativa com \u00eanfase em Educa\u00e7\u00e3o Superior associada com o Projeto Pedag\u00f3gico da <\/span><strong>FORP.<\/strong><\/span><\/p>\n<p style=\"text-align: justify\"><span style=\"font-family: Arial\"><strong><strong>LACIRO<\/strong>\u00a0<\/strong>(Equipe) <\/span> <span style=\"font-family: Arial\">desenvolve e apoia a Gest\u00e3o Midi\u00e1tica dos Laborat\u00f3rios, dos <span style=\"color: #0000ff\"><strong><a href=\"https:\/\/uspdigital.usp.br\/tycho\/gruposPesquisaListarAreasConhecimento?areaConhecimento=40200000&amp;nomeArea=Odontologia\"><span style=\"color: #0000ff\">Grupos de Pesquisa<\/span><\/a><\/strong><\/span> e dos Centros de Pesquisas com as participa\u00e7\u00f5es volunt\u00e1rias e efetivas dos Funcion\u00e1rios e dos Docentes <\/span><span style=\"font-family: Arial\">associados com <\/span><span style=\"font-family: Arial\">a <\/span><a href=\"http:\/\/www.inovacao.usp.br\/\"><strong><span style=\"color: #0000ff\">Ag\u00eancia USP de Inova\u00e7\u00e3o<\/span><\/strong><\/a><span style=\"font-family: Arial\"> tendo como fator desencadeante a divulga\u00e7\u00e3o em Sistemas Midi\u00e1ticos de Livre Acesso tendo como Referencial Te\u00f3rico da <strong><span style=\"text-decoration: underline\"><span style=\"color: #0000ff;text-decoration: underline\"><a href=\"https:\/\/uspdigital.usp.br\/tycho\/ProducaoAcademicaIntelectualUSP?codmnu=1110\"><span style=\"color: #0000ff;text-decoration: underline\">Produ\u00e7\u00e3o Cient\u00edficas &#8211; USP<\/span><\/a><\/span><\/span> <\/strong>dos Pesquisadores (<span style=\"color: #0000ff\"><a href=\"http:\/\/www5.usp.br\/\"><span style=\"color: #0000ff\"><strong>USP<\/strong><\/span><\/a><\/span>) e acervo do <strong><a href=\"http:\/\/www.teses.usp.br\/index.php?option=com_jumi&amp;fileid=30&amp;Itemid=162&amp;lang=pt-br&amp;id=58\"><span style=\"color: #0000ff\">Banco de Tese<\/span><\/a><\/strong>.<\/span><\/p>\n<p style=\"text-align: justify\"><strong style=\"font-family: Arial\"><strong>LACIRO<\/strong><\/strong><span style=\"font-family: Arial\">\u00a0(<\/span><strong style=\"font-family: Arial\"><span style=\"text-decoration: underline\"><span style=\"color: #0000ff;text-decoration: underline\"><a href=\"http:\/\/sites.usp.br\/podae\/podae\/equipe\/\" target=\"_blank\" rel=\"noopener noreferrer\"><span style=\"color: #0000ff;text-decoration: underline\">Equipe<\/span><\/a><\/span><\/span><\/strong><span style=\"font-family: Arial\">) estimula as participa\u00e7\u00f5es volunt\u00e1rias e efetivas dos Docentes, Discentes e Funcion\u00e1rios visando a utiliza\u00e7\u00e3o de multimeios interativos em observ\u00e2ncia com a <\/span><strong style=\"font-family: Arial\"><span style=\"text-decoration: underline\"><span style=\"color: #0000ff;text-decoration: underline\"><a href=\"http:\/\/www.inovacao.usp.br\/\"><span style=\"color: #0000ff;text-decoration: underline\">Ag\u00eancia USP de Inova\u00e7\u00e3o<\/span><\/a><\/span><\/span><\/strong><span style=\"font-family: Arial\"> tendo como fator desencadeante a divulga\u00e7\u00e3o em Sistemas Midi\u00e1ticos de Livre Acesso e como Referencial Te\u00f3rico para atualiza\u00e7\u00e3o dos Sistema Educacional a <\/span><strong style=\"font-family: Arial\"><span style=\"text-decoration: underline\"><span style=\"color: #0000ff;text-decoration: underline\"><a href=\"https:\/\/uspdigital.usp.br\/tycho\/ProducaoAcademicaIntelectualUSP?codmnu=1110\"><span style=\"color: #0000ff;text-decoration: underline\">Produ\u00e7\u00e3o Intelectual da USP<\/span><\/a><\/span><\/span><\/strong><span style=\"font-family: Arial\"> contribuindo com a divulga\u00e7\u00e3o online das atua\u00e7\u00f5es dos Pesquisadores (<\/span><a style=\"font-family: Arial\" href=\"http:\/\/www5.usp.br\/\" target=\"_blank\" rel=\"noopener noreferrer\"><strong>USP<\/strong><\/a><span style=\"font-family: Arial\">) e as publica\u00e7\u00f5es pertencentes ao acervo do <\/span><span style=\"color: #0000ff\"><strong><span style=\"text-decoration: underline\"><a href=\"http:\/\/www.teses.usp.br\/index.php?option=com_jumi&amp;fileid=30&amp;Itemid=162&amp;lang=pt-br&amp;id=58\"><span style=\"color: #0000ff;text-decoration: underline\">Banco de Tese<\/span><\/a><\/span><\/strong><\/span><span style=\"font-family: Arial\"> e Peri\u00f3dicos Cient\u00edficos.<\/span><\/p>\n<p style=\"text-align: justify\"><span style=\"font-family: Arial\">As intera\u00e7\u00f5es visam incentivar as participa\u00e7\u00f5es nas atividades reflexivas na <strong>Inclus\u00e3o Digital<\/strong> brasileira promovida pelo Minist\u00e9rio da Ci\u00eancia e Tecnologia e Informa\u00e7\u00e3o<strong> (<\/strong><\/span><a href=\"http:\/\/www.mct.gov.br\/\"><em><strong><span style=\"color: #0000ff\">MCTI<\/span><\/strong><\/em><\/a><span style=\"font-family: Arial\"><strong>) <\/strong>e Instituto Brasileiro de Informa\u00e7\u00e3o em Ci\u00eancia e Tecnologia <\/span><span style=\"font-family: Arial\"><strong>(<\/strong><\/span><a href=\"http:\/\/www.ibict.br\/\"><em><strong><span style=\"color: #0000ff\">IBICT<\/span><\/strong><\/em><\/a><span style=\"font-family: Arial\">)<\/span><span style=\"font-family: Arial\"><strong><strong>. <\/strong><\/strong><\/span><span style=\"font-family: Arial\"><strong><strong>Inclus\u00e3o Digital <\/strong><\/strong>e as atualiza\u00e7\u00f5es educacionais est\u00e3o <\/span><span style=\"font-family: Arial\">centradas <\/span><span style=\"font-family: Arial\">nas \u00e1reas da Sa\u00fade Bucal (Odontologia) em conformidade com as recomenda\u00e7\u00f5es das entidades Nacionais e Internacionais: Organiza\u00e7\u00e3o Mundial de Sa\u00fade (<em><strong><span style=\"text-decoration: underline;color: #0000ff\"><a href=\"http:\/\/www.who.int\/en\/\"><span style=\"color: #0000ff;text-decoration: underline\">WHO<\/span><\/a><\/span><\/strong><\/em>), Organiza\u00e7\u00e3o Panamericana de Sa\u00fade (<em><span style=\"text-decoration: underline\"><strong><span style=\"color: #0000ff;text-decoration: underline\"><a href=\"http:\/\/www.paho.org\/hq\/\"><span style=\"color: #0000ff;text-decoration: underline\">OPAS<\/span><\/a><\/span><\/strong><\/span><\/em>)<\/span><span style=\"font-family: Arial\"><strong>, <\/strong><\/span><span style=\"font-family: Arial\">Conselho Federal de Odontologia <\/span><span style=\"font-family: Arial\"><strong>(<\/strong><\/span><span style=\"color: #0000ff\"><a href=\"http:\/\/cfo.org.br\/\"><span style=\"color: #0000ff\"><strong>CFO<\/strong><\/span><\/a><\/span><span style=\"font-family: Arial\"><strong>), <span style=\"text-decoration: underline;color: #0000ff\"><em><a href=\"http:\/\/www.sustentabilidade.edm.org.br\/profiles\/blogs\/teleodontologia-podae-forp-usp\"><span style=\"color: #0000ff;text-decoration: underline\">Portal <\/span><\/a><\/em><a href=\"http:\/\/www.sustentabilidade.edm.org.br\/profiles\/blogs\/teleodontologia-podae-forp-usp\"><span style=\"color: #0000ff;text-decoration: underline\">Sustentabilidade<\/span><\/a><\/span> <\/strong>e <\/span><a href=\"http:\/\/www.brasil.gov.br\/\"><strong><span style=\"color: #0000ff\">Portal Brasil<\/span><\/strong><\/a><strong><em>. <\/em><\/strong><span style=\"font-family: Arial\">A divulga\u00e7\u00e3o da <strong>FORP<\/strong> est\u00e1 associado aos Eventos <\/span><span style=\"color: #0000ff\"><a href=\"http:\/\/www.eventos.usp.br\/?events=evento-na-forp-discute-internacionalizacao-na-universidade\"><span style=\"text-decoration: underline;color: #0000ff\"><strong>FORP- Eventos<\/strong><\/span><\/a><\/span><span style=\"font-family: Arial\">).<\/span><\/p>\n<div style=\"text-align: left\" align=\"center\">\n<div style=\"text-align: center\" align=\"center\">\n<hr \/>\n<hr \/>\n<h6 align=\"justify\">Desde 1097, os Docentes Luiz Carlos Pardini (<span style=\"color: #0000ff\"><a href=\"http:\/\/buscatextual.cnpq.br\/buscatextual\/visualizacv.do?metodo=apresentar&amp;id=K4796807T1\"><span style=\"color: #0000ff\">Curr\u00edculo Lattes<\/span><\/a><\/span>) e Plauto Christopher Aranha Watanabe (<strong><span style=\"color: #0000ff\"><a href=\"http:\/\/lattes.cnpq.br\/3867201322807478\"><span style=\"color: #0000ff\">Curr\u00edculo Lattes<\/span><\/a><\/span><\/strong>) s\u00e3o respons\u00e1veis pelo site do LACIRO (FORP \/ USP).<\/h6>\n<\/div>\n<hr \/>\n<p style=\"text-align: center\"><span style=\"font-family: Arial;font-size: xx-small\"><strong><strong>2014: Reformulado pela Equipe do PODAE e auxiliado pela Equipe da &#8220;<em><span style=\"color: #0000ff\"><a href=\"http:\/\/sites.usp.br\/\"><span style=\"color: #0000ff\">Incubadora de Sites<\/span><\/a><\/span><\/em>&#8221; (<span style=\"color: #0000ff\"><a href=\"http:\/\/www5.usp.br\/\"><span style=\"color: #0000ff\">USP<\/span><\/a><\/span>)<\/strong><\/strong><\/span><\/p>\n<\/div>\n<hr \/>\n<\/div>\n<\/div>\n","protected":false},"excerpt":{"rendered":"<p>LABORAT\u00d3RIO \u00a0DE \u00a0AN\u00c1LISE \u00a0E \u00a0CONTROLE \u00a0DA \u00a0IMAGEM \u00a0RADIOGR\u00c1FICA \u00a0ODONTOL\u00d3GICA Na Faculdade de Odontologia de Ribeir\u00e3o [&hellip;]<\/p>\n","protected":false},"author":13,"featured_media":0,"parent":0,"menu_order":0,"comment_status":"closed","ping_status":"closed","template":"","meta":{"footnotes":"","_links_to":"","_links_to_target":""},"class_list":["post-89","page","type-page","status-publish","hentry"],"_links":{"self":[{"href":"https:\/\/sites.usp.br\/laciro\/index.php?rest_route=\/wp\/v2\/pages\/89","targetHints":{"allow":["GET"]}}],"collection":[{"href":"https:\/\/sites.usp.br\/laciro\/index.php?rest_route=\/wp\/v2\/pages"}],"about":[{"href":"https:\/\/sites.usp.br\/laciro\/index.php?rest_route=\/wp\/v2\/types\/page"}],"author":[{"embeddable":true,"href":"https:\/\/sites.usp.br\/laciro\/index.php?rest_route=\/wp\/v2\/users\/13"}],"replies":[{"embeddable":true,"href":"https:\/\/sites.usp.br\/laciro\/index.php?rest_route=%2Fwp%2Fv2%2Fcomments&post=89"}],"version-history":[{"count":5,"href":"https:\/\/sites.usp.br\/laciro\/index.php?rest_route=\/wp\/v2\/pages\/89\/revisions"}],"predecessor-version":[{"id":725,"href":"https:\/\/sites.usp.br\/laciro\/index.php?rest_route=\/wp\/v2\/pages\/89\/revisions\/725"}],"wp:attachment":[{"href":"https:\/\/sites.usp.br\/laciro\/index.php?rest_route=%2Fwp%2Fv2%2Fmedia&parent=89"}],"curies":[{"name":"wp","href":"https:\/\/api.w.org\/{rel}","templated":true}]}}