{"id":26,"date":"2013-11-21T19:00:33","date_gmt":"2013-11-21T19:00:33","guid":{"rendered":"http:\/\/sites.usp.br\/lacocid\/?page_id=26"},"modified":"2025-05-08T12:36:00","modified_gmt":"2025-05-08T14:36:00","slug":"contato","status":"publish","type":"page","link":"https:\/\/sites.usp.br\/lacocid\/contato\/","title":{"rendered":"Contato"},"content":{"rendered":"<p>Laborat\u00f3rio de Cogni\u00e7\u00e3o e Ci\u00eancias da Decis\u00e3o<\/p>\n<p>Departamento de Psicologia<\/p>\n<p>Faculdade de Filosofia Ci\u00eancias e Letras de Ribeir\u00e3o Preto<\/p>\n<p>Universidade de S\u00e3o Paulo<\/p>\n<p>Av. Bandeirantes, 3900, Bloco 6<\/p>\n<p>Ribeir\u00e3o Preto\/SP<\/p>\n<p>Fone: +55 (16) 3315-3638<\/p>\n<p>E-mail: <a href=\"mailto:priscilabr@usp.br\">priscilabr@usp.br<\/a><\/p>\n","protected":false},"excerpt":{"rendered":"<p>Laborat\u00f3rio de Cogni\u00e7\u00e3o e Ci\u00eancias da Decis\u00e3o Departamento de Psicologia Faculdade de Filosofia Ci\u00eancias e Letras de Ribeir\u00e3o Preto Universidade de S\u00e3o Paulo Av. Bandeirantes, 3900, Bloco 6 Ribeir\u00e3o Preto\/SP Fone: +55 (16) 3315-3638 E-mail: priscilabr@usp.br<\/p>\n","protected":false},"author":1,"featured_media":0,"parent":0,"menu_order":0,"comment_status":"closed","ping_status":"closed","template":"","meta":{"footnotes":"","_links_to":"","_links_to_target":""},"class_list":["post-26","page","type-page","status-publish","hentry"],"_links":{"self":[{"href":"https:\/\/sites.usp.br\/lacocid\/wp-json\/wp\/v2\/pages\/26","targetHints":{"allow":["GET"]}}],"collection":[{"href":"https:\/\/sites.usp.br\/lacocid\/wp-json\/wp\/v2\/pages"}],"about":[{"href":"https:\/\/sites.usp.br\/lacocid\/wp-json\/wp\/v2\/types\/page"}],"author":[{"embeddable":true,"href":"https:\/\/sites.usp.br\/lacocid\/wp-json\/wp\/v2\/users\/1"}],"replies":[{"embeddable":true,"href":"https:\/\/sites.usp.br\/lacocid\/wp-json\/wp\/v2\/comments?post=26"}],"version-history":[{"count":5,"href":"https:\/\/sites.usp.br\/lacocid\/wp-json\/wp\/v2\/pages\/26\/revisions"}],"predecessor-version":[{"id":151,"href":"https:\/\/sites.usp.br\/lacocid\/wp-json\/wp\/v2\/pages\/26\/revisions\/151"}],"wp:attachment":[{"href":"https:\/\/sites.usp.br\/lacocid\/wp-json\/wp\/v2\/media?parent=26"}],"curies":[{"name":"wp","href":"https:\/\/api.w.org\/{rel}","templated":true}]}}