{"id":62,"date":"2014-02-12T11:28:30","date_gmt":"2014-02-12T13:28:30","guid":{"rendered":"http:\/\/sites.usp.br\/lacocid\/?page_id=62"},"modified":"2025-05-08T12:28:24","modified_gmt":"2025-05-08T14:28:24","slug":"sobreaprofapriscila","status":"publish","type":"page","link":"https:\/\/sites.usp.br\/lacocid\/sobreaprofapriscila\/","title":{"rendered":"Sobre a Profa Priscila"},"content":{"rendered":"<h4><strong>Forma\u00e7\u00e3o<\/strong><\/h4>\n<p>Gradua\u00e7\u00e3o em Psicologia pela Pontif\u00edcia Universidade Cat\u00f3lica do Rio Grande do Sul (2007)<\/p>\n<p>Mestre em Psicologia (\u00e1rea de concentra\u00e7\u00e3o Cogni\u00e7\u00e3o Humana), pela Pontif\u00edcia Universidade Cat\u00f3lica do Rio Grande do Sul (2010)<\/p>\n<p>Mestre em Desenvolvimento Humano (concentra\u00e7\u00e3o em Psicologia do Desenvolvimento e em Desenvolvimento Cognitivo) pela Cornell University, Estados Unidos (2011)<\/p>\n<p>Doutora em Desenvolvimento Humano (concentra\u00e7\u00e3o em Direito, Psicologia, e Desenvolvimento Humano, e em Envelhecimento e Sa\u00fade) pela Cornell University, Estados Unidos (2015)<\/p>\n<h4><strong>Especializa\u00e7\u00e3o<\/strong><\/h4>\n<p>P\u00f3s-doutorado na \u00e1rea de direitos humanos e decis\u00e3o em bio\u00e9tica cl\u00ednica (2015-2017) no N\u00facleo Interdisciplinar de Bio\u00e9tica, sediado no Hospital de Cl\u00ednicas de Porto Alegre, com atividades em parceria do Centro Universit\u00e1rio Ritter dos Reis, Universidade Federal do Rio Grande do Sul, e Pontif\u00edcia Universidade Cat\u00f3lica do Rio Grande do Sul, sob supervis\u00e3o do Prof. Dr. Jos\u00e9 Roberto Goldim (HCPA, UFRGS, PUCRS) e da Profa. Dra. M\u00e1rcia Santana Fernandes (HCPA, UniRitter). Bolsista do Programa Nacional de P\u00f3s Doutorado (PNPD\/CAPES).<\/p>\n<p>P\u00f3s-doutorado na \u00e1rea de an\u00e1lise do processo decis\u00f3rio na sa\u00fade (2017-2020) na Universidade Federal do Rio Grande do Sul , sob supervis\u00e3o do Prof. Dr. Fl\u00e1vio Sanson Fogliatto. Bolsista do Programa Nacional de P\u00f3s Doutorado (PNPD\/CAPES).<\/p>\n<p>Especializa\u00e7\u00e3o em Educa\u00e7\u00e3o OnLIFE pela Universidade do Vale do Rio dos Sinos (2020-2022), sobre orienta\u00e7\u00e3o da Profa. Dra. Eliane Schlemmer.<\/p>\n<h4><strong>Atua\u00e7\u00e3o profissional<\/strong><\/h4>\n<p>Docente da Universidade do Vale do Rio dos Sinos (2020-2025) onde atuou no Programa de P\u00f3s-Gradua\u00e7\u00e3o em Psicologia e na gradua\u00e7\u00e3o na Escola da Sa\u00fade (atuando junto aos cursos de Psicologia, Medicina, Enfermagem, e Biomedicina).<\/p>\n<p>Pesquisadora s\u00eanior com foco em pesquisa quantitativa e an\u00e1lise estat\u00edstica (2010-2024) na Zooma Inc. (um hub luso-brasileiro de experience-driven innovation para gera\u00e7\u00e3o de insights estrat\u00e9gicos e inova\u00e7\u00e3o).<\/p>\n<p>Professora conteudista para elabora\u00e7\u00e3o de material did\u00e1tico da disciplina Tomada de Decis\u00e3o com Base em Evid\u00eancias para Educa\u00e7\u00e3o \u00e0 Dist\u00e2ncia para o MBA em Intelig\u00eancia de Mercado na Universidade La Salle (2021).<\/p>\n<p>Realizou consultoria sobre tomada de decis\u00e3o m\u00e9dica e compreens\u00e3o de riscos na Interstate Postgraduate Medical Association (IPMA), Estados Unidos (2017-2018). Projeto AFIB Driving Change Educational Initiative conduzido pelo IPMA em parceria com the American College of Cardiology, California Academy of Family Physicians e the Anticoagulation Forum.<\/p>\n<h4><strong>Colabora\u00e7\u00f5es de pesquisa acad\u00eamica<\/strong><\/h4>\n<p>Possui colabora\u00e7\u00f5es de pesquisa nas seguintes universidades: Cornell University, Georgia Institute of Technology, State University of New York Polytechnic Institute, e Hiram College.<\/p>\n","protected":false},"excerpt":{"rendered":"<p>Forma\u00e7\u00e3o Gradua\u00e7\u00e3o em Psicologia pela Pontif\u00edcia Universidade Cat\u00f3lica do Rio Grande do Sul (2007) Mestre em Psicologia (\u00e1rea de concentra\u00e7\u00e3o Cogni\u00e7\u00e3o Humana), pela Pontif\u00edcia Universidade Cat\u00f3lica do Rio Grande do Sul (2010) Mestre em Desenvolvimento Humano (concentra\u00e7\u00e3o em Psicologia do Desenvolvimento e em Desenvolvimento Cognitivo) pela Cornell University, Estados Unidos (2011) Doutora em Desenvolvimento Humano [&hellip;]<\/p>\n","protected":false},"author":1,"featured_media":0,"parent":0,"menu_order":0,"comment_status":"closed","ping_status":"closed","template":"","meta":{"footnotes":"","_links_to":"","_links_to_target":""},"class_list":["post-62","page","type-page","status-publish","hentry"],"_links":{"self":[{"href":"https:\/\/sites.usp.br\/lacocid\/wp-json\/wp\/v2\/pages\/62","targetHints":{"allow":["GET"]}}],"collection":[{"href":"https:\/\/sites.usp.br\/lacocid\/wp-json\/wp\/v2\/pages"}],"about":[{"href":"https:\/\/sites.usp.br\/lacocid\/wp-json\/wp\/v2\/types\/page"}],"author":[{"embeddable":true,"href":"https:\/\/sites.usp.br\/lacocid\/wp-json\/wp\/v2\/users\/1"}],"replies":[{"embeddable":true,"href":"https:\/\/sites.usp.br\/lacocid\/wp-json\/wp\/v2\/comments?post=62"}],"version-history":[{"count":4,"href":"https:\/\/sites.usp.br\/lacocid\/wp-json\/wp\/v2\/pages\/62\/revisions"}],"predecessor-version":[{"id":145,"href":"https:\/\/sites.usp.br\/lacocid\/wp-json\/wp\/v2\/pages\/62\/revisions\/145"}],"wp:attachment":[{"href":"https:\/\/sites.usp.br\/lacocid\/wp-json\/wp\/v2\/media?parent=62"}],"curies":[{"name":"wp","href":"https:\/\/api.w.org\/{rel}","templated":true}]}}