{"id":959,"date":"2021-01-19T18:25:17","date_gmt":"2021-01-19T20:25:17","guid":{"rendered":"https:\/\/sites.usp.br\/laec\/?page_id=959"},"modified":"2022-11-03T22:43:07","modified_gmt":"2022-11-04T00:43:07","slug":"tentativa-de-pag-inicial","status":"publish","type":"page","link":"https:\/\/sites.usp.br\/laec\/en\/","title":{"rendered":"Home"},"content":{"rendered":"\t\t<div data-elementor-type=\"wp-page\" data-elementor-id=\"959\" class=\"elementor elementor-959\" data-elementor-post-type=\"page\">\n\t\t\t\t\t\t<section class=\"elementor-section elementor-top-section elementor-element elementor-element-fd2e0c0 elementor-section-boxed elementor-section-height-default elementor-section-height-default\" data-id=\"fd2e0c0\" data-element_type=\"section\">\n\t\t\t\t\t\t<div class=\"elementor-container elementor-column-gap-default\">\n\t\t\t\t\t<div class=\"elementor-column elementor-col-50 elementor-top-column elementor-element elementor-element-e9e0bc8\" data-id=\"e9e0bc8\" data-element_type=\"column\">\n\t\t\t<div class=\"elementor-widget-wrap\">\n\t\t\t\t\t\t\t<\/div>\n\t\t<\/div>\n\t\t\t\t<div class=\"elementor-column elementor-col-50 elementor-top-column elementor-element elementor-element-3d283e5\" data-id=\"3d283e5\" data-element_type=\"column\">\n\t\t\t<div class=\"elementor-widget-wrap elementor-element-populated\">\n\t\t\t\t\t\t<div class=\"elementor-element elementor-element-8022d4a elementor-nav-menu__align-center elementor-nav-menu--dropdown-tablet elementor-nav-menu__text-align-aside elementor-nav-menu--toggle elementor-nav-menu--burger elementor-widget elementor-widget-nav-menu\" data-id=\"8022d4a\" data-element_type=\"widget\" data-settings=\"{&quot;layout&quot;:&quot;horizontal&quot;,&quot;submenu_icon&quot;:{&quot;value&quot;:&quot;&lt;i class=\\&quot;fas fa-caret-down\\&quot;&gt;&lt;\\\/i&gt;&quot;,&quot;library&quot;:&quot;fa-solid&quot;},&quot;toggle&quot;:&quot;burger&quot;}\" data-widget_type=\"nav-menu.default\">\n\t\t\t\t<div class=\"elementor-widget-container\">\n\t\t\t\t\t\t<nav aria-label=\"Menu\" class=\"elementor-nav-menu--main elementor-nav-menu__container elementor-nav-menu--layout-horizontal e--pointer-underline e--animation-fade\">\n\t\t\t\t<ul id=\"menu-1-8022d4a\" class=\"elementor-nav-menu\"><li class=\"menu-item menu-item-type-post_type menu-item-object-page menu-item-home menu-item-960\"><a href=\"https:\/\/sites.usp.br\/laec\/en\/\" class=\"elementor-item\">Home<\/a><\/li>\n<li class=\"menu-item menu-item-type-post_type menu-item-object-page menu-item-832\"><a href=\"https:\/\/sites.usp.br\/laec\/en\/equipe\/\" class=\"elementor-item\">Team<\/a><\/li>\n<li class=\"menu-item menu-item-type-post_type menu-item-object-page menu-item-826\"><a href=\"https:\/\/sites.usp.br\/laec\/en\/publicacoes\/\" class=\"elementor-item\">Research<\/a><\/li>\n<li class=\"menu-item menu-item-type-post_type menu-item-object-page menu-item-824\"><a href=\"https:\/\/sites.usp.br\/laec\/en\/galeria\/\" class=\"elementor-item\">Gallery<\/a><\/li>\n<li class=\"menu-item menu-item-type-post_type menu-item-object-page menu-item-825\"><a href=\"https:\/\/sites.usp.br\/laec\/en\/ensino\/\" class=\"elementor-item\">Teaching<\/a><\/li>\n<li class=\"qtranxs-lang-menu qtranxs-lang-menu-en menu-item menu-item-type-custom menu-item-object-custom current-menu-parent menu-item-has-children menu-item-1357\"><a href=\"#\" title=\"English\" class=\"elementor-item elementor-item-anchor\">Language:&nbsp;<img decoding=\"async\" src=\"https:\/\/sites.usp.br\/laec\/wp-content\/plugins\/qtranslate-x\/flags\/gb.png\" alt=\"English\" \/><\/a>\n<ul class=\"sub-menu elementor-nav-menu--dropdown\">\n\t<li class=\"qtranxs-lang-menu-item qtranxs-lang-menu-item-pt menu-item menu-item-type-custom menu-item-object-custom menu-item-1358\"><a href=\"https:\/\/sites.usp.br\/laec\/pt\/wp-json\/wp\/v2\/pages\/959\" title=\"Portugu\u00eas\" class=\"elementor-sub-item\"><img decoding=\"async\" src=\"https:\/\/sites.usp.br\/laec\/wp-content\/plugins\/qtranslate-x\/flags\/br.png\" alt=\"Portugu\u00eas\" \/>&nbsp;Portugu\u00eas<\/a><\/li>\n\t<li class=\"qtranxs-lang-menu-item qtranxs-lang-menu-item-en menu-item menu-item-type-custom menu-item-object-custom current-menu-item menu-item-1359\"><a href=\"https:\/\/sites.usp.br\/laec\/en\/wp-json\/wp\/v2\/pages\/959\" aria-current=\"page\" title=\"English\" class=\"elementor-sub-item elementor-item-active\"><img decoding=\"async\" src=\"https:\/\/sites.usp.br\/laec\/wp-content\/plugins\/qtranslate-x\/flags\/gb.png\" alt=\"English\" \/>&nbsp;English<\/a><\/li>\n<\/ul>\n<\/li>\n<\/ul>\t\t\t<\/nav>\n\t\t\t\t\t<div class=\"elementor-menu-toggle\" role=\"button\" tabindex=\"0\" aria-label=\"Menu Toggle\" aria-expanded=\"false\">\n\t\t\t<i aria-hidden=\"true\" role=\"presentation\" class=\"elementor-menu-toggle__icon--open eicon-menu-bar\"><\/i><i aria-hidden=\"true\" role=\"presentation\" class=\"elementor-menu-toggle__icon--close eicon-close\"><\/i>\t\t\t<span class=\"elementor-screen-only\">Menu<\/span>\n\t\t<\/div>\n\t\t\t\t\t<nav class=\"elementor-nav-menu--dropdown elementor-nav-menu__container\" aria-hidden=\"true\">\n\t\t\t\t<ul id=\"menu-2-8022d4a\" class=\"elementor-nav-menu\"><li class=\"menu-item menu-item-type-post_type menu-item-object-page menu-item-home menu-item-960\"><a href=\"https:\/\/sites.usp.br\/laec\/en\/\" class=\"elementor-item\" tabindex=\"-1\">Home<\/a><\/li>\n<li class=\"menu-item menu-item-type-post_type menu-item-object-page menu-item-832\"><a href=\"https:\/\/sites.usp.br\/laec\/en\/equipe\/\" class=\"elementor-item\" tabindex=\"-1\">Team<\/a><\/li>\n<li class=\"menu-item menu-item-type-post_type menu-item-object-page menu-item-826\"><a href=\"https:\/\/sites.usp.br\/laec\/en\/publicacoes\/\" class=\"elementor-item\" tabindex=\"-1\">Research<\/a><\/li>\n<li class=\"menu-item menu-item-type-post_type menu-item-object-page menu-item-824\"><a href=\"https:\/\/sites.usp.br\/laec\/en\/galeria\/\" class=\"elementor-item\" tabindex=\"-1\">Gallery<\/a><\/li>\n<li class=\"menu-item menu-item-type-post_type menu-item-object-page menu-item-825\"><a href=\"https:\/\/sites.usp.br\/laec\/en\/ensino\/\" class=\"elementor-item\" tabindex=\"-1\">Teaching<\/a><\/li>\n<li class=\"qtranxs-lang-menu qtranxs-lang-menu-en menu-item menu-item-type-custom menu-item-object-custom current-menu-parent menu-item-has-children menu-item-1357\"><a href=\"#\" title=\"English\" class=\"elementor-item elementor-item-anchor\" tabindex=\"-1\">Language:&nbsp;<img decoding=\"async\" src=\"https:\/\/sites.usp.br\/laec\/wp-content\/plugins\/qtranslate-x\/flags\/gb.png\" alt=\"English\" \/><\/a>\n<ul class=\"sub-menu elementor-nav-menu--dropdown\">\n\t<li class=\"qtranxs-lang-menu-item qtranxs-lang-menu-item-pt menu-item menu-item-type-custom menu-item-object-custom menu-item-1358\"><a href=\"https:\/\/sites.usp.br\/laec\/pt\/wp-json\/wp\/v2\/pages\/959\" title=\"Portugu\u00eas\" class=\"elementor-sub-item\" tabindex=\"-1\"><img decoding=\"async\" src=\"https:\/\/sites.usp.br\/laec\/wp-content\/plugins\/qtranslate-x\/flags\/br.png\" alt=\"Portugu\u00eas\" \/>&nbsp;Portugu\u00eas<\/a><\/li>\n\t<li class=\"qtranxs-lang-menu-item qtranxs-lang-menu-item-en menu-item menu-item-type-custom menu-item-object-custom current-menu-item menu-item-1359\"><a href=\"https:\/\/sites.usp.br\/laec\/en\/wp-json\/wp\/v2\/pages\/959\" aria-current=\"page\" title=\"English\" class=\"elementor-sub-item elementor-item-active\" tabindex=\"-1\"><img decoding=\"async\" src=\"https:\/\/sites.usp.br\/laec\/wp-content\/plugins\/qtranslate-x\/flags\/gb.png\" alt=\"English\" \/>&nbsp;English<\/a><\/li>\n<\/ul>\n<\/li>\n<\/ul>\t\t\t<\/nav>\n\t\t\t\t<\/div>\n\t\t\t\t<\/div>\n\t\t\t\t\t<\/div>\n\t\t<\/div>\n\t\t\t\t\t<\/div>\n\t\t<\/section>\n\t\t\t\t<section class=\"elementor-section elementor-top-section elementor-element elementor-element-4a205d4 elementor-section-stretched elementor-section-full_width elementor-section-height-default elementor-section-height-default\" data-id=\"4a205d4\" data-element_type=\"section\" data-settings=\"{&quot;stretch_section&quot;:&quot;section-stretched&quot;}\">\n\t\t\t\t\t\t<div class=\"elementor-container elementor-column-gap-default\">\n\t\t\t\t\t<div class=\"elementor-column elementor-col-50 elementor-top-column elementor-element elementor-element-8d00382\" data-id=\"8d00382\" data-element_type=\"column\">\n\t\t\t<div class=\"elementor-widget-wrap elementor-element-populated\">\n\t\t\t\t\t\t<div class=\"elementor-element elementor-element-8a22629 elementor-widget elementor-widget-image\" data-id=\"8a22629\" data-element_type=\"widget\" data-widget_type=\"image.default\">\n\t\t\t\t<div class=\"elementor-widget-container\">\n\t\t\t\t\t\t\t\t\t\t\t\t\t<img decoding=\"async\" width=\"150\" height=\"150\" src=\"https:\/\/sites.usp.br\/laec\/wp-content\/uploads\/sites\/849\/2020\/11\/cropped-cropped-Portugues_colorido_redondo-1-2-150x150.png\" class=\"attachment-thumbnail size-thumbnail wp-image-864\" alt=\"\" srcset=\"https:\/\/sites.usp.br\/laec\/wp-content\/uploads\/sites\/849\/2020\/11\/cropped-cropped-Portugues_colorido_redondo-1-2-150x150.png 150w, https:\/\/sites.usp.br\/laec\/wp-content\/uploads\/sites\/849\/2020\/11\/cropped-cropped-Portugues_colorido_redondo-1-2-300x300.png 300w, https:\/\/sites.usp.br\/laec\/wp-content\/uploads\/sites\/849\/2020\/11\/cropped-cropped-Portugues_colorido_redondo-1-2-125x125.png 125w, https:\/\/sites.usp.br\/laec\/wp-content\/uploads\/sites\/849\/2020\/11\/cropped-cropped-Portugues_colorido_redondo-1-2-45x45.png 45w, https:\/\/sites.usp.br\/laec\/wp-content\/uploads\/sites\/849\/2020\/11\/cropped-cropped-Portugues_colorido_redondo-1-2-200x200.png 200w, https:\/\/sites.usp.br\/laec\/wp-content\/uploads\/sites\/849\/2020\/11\/cropped-cropped-Portugues_colorido_redondo-1-2-400x400.png 400w, https:\/\/sites.usp.br\/laec\/wp-content\/uploads\/sites\/849\/2020\/11\/cropped-cropped-Portugues_colorido_redondo-1-2.png 512w\" sizes=\"(max-width: 150px) 100vw, 150px\" \/>\t\t\t\t\t\t\t\t\t\t\t\t\t<\/div>\n\t\t\t\t<\/div>\n\t\t\t\t\t<\/div>\n\t\t<\/div>\n\t\t\t\t<div class=\"elementor-column elementor-col-50 elementor-top-column elementor-element elementor-element-93d9a52\" data-id=\"93d9a52\" data-element_type=\"column\" data-settings=\"{&quot;background_background&quot;:&quot;classic&quot;}\">\n\t\t\t<div class=\"elementor-widget-wrap elementor-element-populated\">\n\t\t\t\t\t<div class=\"elementor-background-overlay\"><\/div>\n\t\t\t\t\t\t<div class=\"elementor-element elementor-element-94c8bd1 elementor-widget elementor-widget-text-editor\" data-id=\"94c8bd1\" data-element_type=\"widget\" data-widget_type=\"text-editor.default\">\n\t\t\t\t<div class=\"elementor-widget-container\">\n\t\t\t\t\t\t\t<h1>\u00a0<\/h1><h1 class=\"title style-scope ytd-video-primary-info-renderer\" style=\"text-align: center;\"><b><span style=\"color: #ffffff;\">Ecology and Conservation Lab (LAEC)<br \/><\/span><\/b><\/h1>\t\t\t\t\t\t<\/div>\n\t\t\t\t<\/div>\n\t\t\t\t\t<\/div>\n\t\t<\/div>\n\t\t\t\t\t<\/div>\n\t\t<\/section>\n\t\t\t\t<section class=\"elementor-section elementor-top-section elementor-element elementor-element-7e81da5 elementor-section-stretched elementor-section-boxed elementor-section-height-default elementor-section-height-default\" data-id=\"7e81da5\" data-element_type=\"section\" data-settings=\"{&quot;stretch_section&quot;:&quot;section-stretched&quot;}\">\n\t\t\t\t\t\t<div class=\"elementor-container elementor-column-gap-default\">\n\t\t\t\t\t<div class=\"elementor-column elementor-col-100 elementor-top-column elementor-element elementor-element-a160d22\" data-id=\"a160d22\" data-element_type=\"column\" data-settings=\"{&quot;background_background&quot;:&quot;classic&quot;}\">\n\t\t\t<div class=\"elementor-widget-wrap elementor-element-populated\">\n\t\t\t\t\t\t<div class=\"elementor-element elementor-element-94a50c1 elementor-widget elementor-widget-text-editor\" data-id=\"94a50c1\" data-element_type=\"widget\" data-widget_type=\"text-editor.default\">\n\t\t\t\t<div class=\"elementor-widget-container\">\n\t\t\t\t\t\t\t<p style=\"text-align: justify;\"><span style=\"color: #000000;\">The Ecology and Conservation Lab (LAEC) is located in the University of S\u00e3o Paulo campus at Ribeir\u00e3o Preto, one of the largest cities in the interior of S\u00e3o Paulo state. We locals are proud of the economic hub represented by this city and, important to say, of its famous draft beer. Nevertheless, as informed citizens we are concerned by the social and environmental consequences resulting from this growth. From a key producer of coffee in the not so distant past, our region now concentrates a third of the Brazilian ethanol (biofuel) production. Which means we are surrounded by an ocean of sugar cane! Our research focus could not, therefore, ignore the environmental reality of these whereabouts. So, some of the current topics of investigation in our lab include: the impacts resulted from transformation and degradation of natural landscapes on wildlife; the role of protected areas, including those located in private rural properties, on safeguarding biodiversity; habitat and ecological flexibility of wildlife species on disturbed landscapes; biological invasion and invasive species, the impact and sustainability of hunting\/poaching, among other contemporaneous conservation issues. Although our research themes are taxonomically biased on mammals, studies on other vertebrate groups have been developed and are most welcome, particularly on species threatened with extinction, on keystone species or those that provide important ecosystem services.<\/span><\/p>\t\t\t\t\t\t<\/div>\n\t\t\t\t<\/div>\n\t\t\t\t\t<\/div>\n\t\t<\/div>\n\t\t\t\t\t<\/div>\n\t\t<\/section>\n\t\t\t\t<\/div>\n\t\t","protected":false},"excerpt":{"rendered":"<p>\u00a0 Ecology and Conservation Lab (LAEC) The Ecology and Conservation Lab (LAEC) is located in the University of S\u00e3o Paulo campus at Ribeir\u00e3o Preto, one of the largest cities in the interior of S\u00e3o Paulo state. We locals are proud of the economic hub represented by this city and, important to say, of its famous<a href=\"https:\/\/sites.usp.br\/laec\/en\/\">[&#8230;]<\/a><\/p>\n","protected":false},"author":1200,"featured_media":0,"parent":0,"menu_order":0,"comment_status":"closed","ping_status":"closed","template":"elementor_header_footer","meta":{"footnotes":"","_links_to":"","_links_to_target":""},"class_list":["post-959","page","type-page","status-publish","hentry"],"_links":{"self":[{"href":"https:\/\/sites.usp.br\/laec\/en\/wp-json\/wp\/v2\/pages\/959","targetHints":{"allow":["GET"]}}],"collection":[{"href":"https:\/\/sites.usp.br\/laec\/en\/wp-json\/wp\/v2\/pages"}],"about":[{"href":"https:\/\/sites.usp.br\/laec\/en\/wp-json\/wp\/v2\/types\/page"}],"author":[{"embeddable":true,"href":"https:\/\/sites.usp.br\/laec\/en\/wp-json\/wp\/v2\/users\/1200"}],"replies":[{"embeddable":true,"href":"https:\/\/sites.usp.br\/laec\/en\/wp-json\/wp\/v2\/comments?post=959"}],"version-history":[{"count":4,"href":"https:\/\/sites.usp.br\/laec\/en\/wp-json\/wp\/v2\/pages\/959\/revisions"}],"predecessor-version":[{"id":1385,"href":"https:\/\/sites.usp.br\/laec\/en\/wp-json\/wp\/v2\/pages\/959\/revisions\/1385"}],"wp:attachment":[{"href":"https:\/\/sites.usp.br\/laec\/en\/wp-json\/wp\/v2\/media?parent=959"}],"curies":[{"name":"wp","href":"https:\/\/api.w.org\/{rel}","templated":true}]}}