{"id":959,"date":"2021-01-19T18:25:17","date_gmt":"2021-01-19T20:25:17","guid":{"rendered":"https:\/\/sites.usp.br\/laec\/?page_id=959"},"modified":"2022-11-03T22:43:07","modified_gmt":"2022-11-04T00:43:07","slug":"tentativa-de-pag-inicial","status":"publish","type":"page","link":"https:\/\/sites.usp.br\/laec\/","title":{"rendered":"P\u00e1gina Inicial"},"content":{"rendered":"\t\t<div data-elementor-type=\"wp-page\" data-elementor-id=\"959\" class=\"elementor elementor-959\" data-elementor-post-type=\"page\">\n\t\t\t\t\t\t<section class=\"elementor-section elementor-top-section elementor-element elementor-element-fd2e0c0 elementor-section-boxed elementor-section-height-default elementor-section-height-default\" data-id=\"fd2e0c0\" data-element_type=\"section\">\n\t\t\t\t\t\t<div class=\"elementor-container elementor-column-gap-default\">\n\t\t\t\t\t<div class=\"elementor-column elementor-col-50 elementor-top-column elementor-element elementor-element-e9e0bc8\" data-id=\"e9e0bc8\" data-element_type=\"column\">\n\t\t\t<div class=\"elementor-widget-wrap\">\n\t\t\t\t\t\t\t<\/div>\n\t\t<\/div>\n\t\t\t\t<div class=\"elementor-column elementor-col-50 elementor-top-column elementor-element elementor-element-3d283e5\" data-id=\"3d283e5\" data-element_type=\"column\">\n\t\t\t<div class=\"elementor-widget-wrap elementor-element-populated\">\n\t\t\t\t\t\t<div class=\"elementor-element elementor-element-8022d4a elementor-nav-menu__align-center elementor-nav-menu--dropdown-tablet elementor-nav-menu__text-align-aside elementor-nav-menu--toggle elementor-nav-menu--burger elementor-widget elementor-widget-nav-menu\" data-id=\"8022d4a\" data-element_type=\"widget\" data-settings=\"{&quot;layout&quot;:&quot;horizontal&quot;,&quot;submenu_icon&quot;:{&quot;value&quot;:&quot;&lt;i class=\\&quot;fas fa-caret-down\\&quot;&gt;&lt;\\\/i&gt;&quot;,&quot;library&quot;:&quot;fa-solid&quot;},&quot;toggle&quot;:&quot;burger&quot;}\" data-widget_type=\"nav-menu.default\">\n\t\t\t\t<div class=\"elementor-widget-container\">\n\t\t\t\t\t\t<nav aria-label=\"Menu\" class=\"elementor-nav-menu--main elementor-nav-menu__container elementor-nav-menu--layout-horizontal e--pointer-underline e--animation-fade\">\n\t\t\t\t<ul id=\"menu-1-8022d4a\" class=\"elementor-nav-menu\"><li class=\"menu-item menu-item-type-post_type menu-item-object-page menu-item-home menu-item-960\"><a href=\"https:\/\/sites.usp.br\/laec\/\" class=\"elementor-item\">P\u00e1gina Inicial<\/a><\/li>\n<li class=\"menu-item menu-item-type-post_type menu-item-object-page menu-item-832\"><a href=\"https:\/\/sites.usp.br\/laec\/equipe\/\" class=\"elementor-item\">Equipe<\/a><\/li>\n<li class=\"menu-item menu-item-type-post_type menu-item-object-page menu-item-826\"><a href=\"https:\/\/sites.usp.br\/laec\/publicacoes\/\" class=\"elementor-item\">Publica\u00e7\u00f5es<\/a><\/li>\n<li class=\"menu-item menu-item-type-post_type menu-item-object-page menu-item-824\"><a href=\"https:\/\/sites.usp.br\/laec\/galeria\/\" class=\"elementor-item\">Galeria<\/a><\/li>\n<li class=\"menu-item menu-item-type-post_type menu-item-object-page menu-item-825\"><a href=\"https:\/\/sites.usp.br\/laec\/ensino\/\" class=\"elementor-item\">Ensino<\/a><\/li>\n<li class=\"qtranxs-lang-menu qtranxs-lang-menu-pt menu-item menu-item-type-custom menu-item-object-custom menu-item-has-children menu-item-1357\"><a href=\"#\" title=\"Portugu\u00eas\" class=\"elementor-item elementor-item-anchor\">Idioma:&nbsp;<img decoding=\"async\" src=\"https:\/\/sites.usp.br\/laec\/wp-content\/plugins\/qtranslate-x\/flags\/br.png\" alt=\"Portugu\u00eas\" \/><\/a>\n<ul class=\"sub-menu elementor-nav-menu--dropdown\">\n\t<li class=\"qtranxs-lang-menu-item qtranxs-lang-menu-item-pt menu-item menu-item-type-custom menu-item-object-custom menu-item-1358\"><a href=\"https:\/\/sites.usp.br\/laec\/pt\/wp-json\/wp\/v2\/pages\/959\" title=\"Portugu\u00eas\" class=\"elementor-sub-item\"><img decoding=\"async\" src=\"https:\/\/sites.usp.br\/laec\/wp-content\/plugins\/qtranslate-x\/flags\/br.png\" alt=\"Portugu\u00eas\" \/>&nbsp;Portugu\u00eas<\/a><\/li>\n\t<li class=\"qtranxs-lang-menu-item qtranxs-lang-menu-item-en menu-item menu-item-type-custom menu-item-object-custom menu-item-1359\"><a href=\"https:\/\/sites.usp.br\/laec\/en\/wp-json\/wp\/v2\/pages\/959\" title=\"English\" class=\"elementor-sub-item\"><img decoding=\"async\" src=\"https:\/\/sites.usp.br\/laec\/wp-content\/plugins\/qtranslate-x\/flags\/gb.png\" alt=\"English\" \/>&nbsp;English<\/a><\/li>\n<\/ul>\n<\/li>\n<\/ul>\t\t\t<\/nav>\n\t\t\t\t\t<div class=\"elementor-menu-toggle\" role=\"button\" tabindex=\"0\" aria-label=\"Alternar menu\" aria-expanded=\"false\">\n\t\t\t<i aria-hidden=\"true\" role=\"presentation\" class=\"elementor-menu-toggle__icon--open eicon-menu-bar\"><\/i><i aria-hidden=\"true\" role=\"presentation\" class=\"elementor-menu-toggle__icon--close eicon-close\"><\/i>\t\t\t<span class=\"elementor-screen-only\">Menu<\/span>\n\t\t<\/div>\n\t\t\t\t\t<nav class=\"elementor-nav-menu--dropdown elementor-nav-menu__container\" aria-hidden=\"true\">\n\t\t\t\t<ul id=\"menu-2-8022d4a\" class=\"elementor-nav-menu\"><li class=\"menu-item menu-item-type-post_type menu-item-object-page menu-item-home menu-item-960\"><a href=\"https:\/\/sites.usp.br\/laec\/\" class=\"elementor-item\" tabindex=\"-1\">P\u00e1gina Inicial<\/a><\/li>\n<li class=\"menu-item menu-item-type-post_type menu-item-object-page menu-item-832\"><a href=\"https:\/\/sites.usp.br\/laec\/equipe\/\" class=\"elementor-item\" tabindex=\"-1\">Equipe<\/a><\/li>\n<li class=\"menu-item menu-item-type-post_type menu-item-object-page menu-item-826\"><a href=\"https:\/\/sites.usp.br\/laec\/publicacoes\/\" class=\"elementor-item\" tabindex=\"-1\">Publica\u00e7\u00f5es<\/a><\/li>\n<li class=\"menu-item menu-item-type-post_type menu-item-object-page menu-item-824\"><a href=\"https:\/\/sites.usp.br\/laec\/galeria\/\" class=\"elementor-item\" tabindex=\"-1\">Galeria<\/a><\/li>\n<li class=\"menu-item menu-item-type-post_type menu-item-object-page menu-item-825\"><a href=\"https:\/\/sites.usp.br\/laec\/ensino\/\" class=\"elementor-item\" tabindex=\"-1\">Ensino<\/a><\/li>\n<li class=\"qtranxs-lang-menu qtranxs-lang-menu-pt menu-item menu-item-type-custom menu-item-object-custom menu-item-has-children menu-item-1357\"><a href=\"#\" title=\"Portugu\u00eas\" class=\"elementor-item elementor-item-anchor\" tabindex=\"-1\">Idioma:&nbsp;<img decoding=\"async\" src=\"https:\/\/sites.usp.br\/laec\/wp-content\/plugins\/qtranslate-x\/flags\/br.png\" alt=\"Portugu\u00eas\" \/><\/a>\n<ul class=\"sub-menu elementor-nav-menu--dropdown\">\n\t<li class=\"qtranxs-lang-menu-item qtranxs-lang-menu-item-pt menu-item menu-item-type-custom menu-item-object-custom menu-item-1358\"><a href=\"https:\/\/sites.usp.br\/laec\/pt\/wp-json\/wp\/v2\/pages\/959\" title=\"Portugu\u00eas\" class=\"elementor-sub-item\" tabindex=\"-1\"><img decoding=\"async\" src=\"https:\/\/sites.usp.br\/laec\/wp-content\/plugins\/qtranslate-x\/flags\/br.png\" alt=\"Portugu\u00eas\" \/>&nbsp;Portugu\u00eas<\/a><\/li>\n\t<li class=\"qtranxs-lang-menu-item qtranxs-lang-menu-item-en menu-item menu-item-type-custom menu-item-object-custom menu-item-1359\"><a href=\"https:\/\/sites.usp.br\/laec\/en\/wp-json\/wp\/v2\/pages\/959\" title=\"English\" class=\"elementor-sub-item\" tabindex=\"-1\"><img decoding=\"async\" src=\"https:\/\/sites.usp.br\/laec\/wp-content\/plugins\/qtranslate-x\/flags\/gb.png\" alt=\"English\" \/>&nbsp;English<\/a><\/li>\n<\/ul>\n<\/li>\n<\/ul>\t\t\t<\/nav>\n\t\t\t\t<\/div>\n\t\t\t\t<\/div>\n\t\t\t\t\t<\/div>\n\t\t<\/div>\n\t\t\t\t\t<\/div>\n\t\t<\/section>\n\t\t\t\t<section class=\"elementor-section elementor-top-section elementor-element elementor-element-4a205d4 elementor-section-stretched elementor-section-full_width elementor-section-height-default elementor-section-height-default\" data-id=\"4a205d4\" data-element_type=\"section\" data-settings=\"{&quot;stretch_section&quot;:&quot;section-stretched&quot;}\">\n\t\t\t\t\t\t<div class=\"elementor-container elementor-column-gap-default\">\n\t\t\t\t\t<div class=\"elementor-column elementor-col-50 elementor-top-column elementor-element elementor-element-8d00382\" data-id=\"8d00382\" data-element_type=\"column\">\n\t\t\t<div class=\"elementor-widget-wrap elementor-element-populated\">\n\t\t\t\t\t\t<div class=\"elementor-element elementor-element-8a22629 elementor-widget elementor-widget-image\" data-id=\"8a22629\" data-element_type=\"widget\" data-widget_type=\"image.default\">\n\t\t\t\t<div class=\"elementor-widget-container\">\n\t\t\t\t\t\t\t\t\t\t\t\t\t<img decoding=\"async\" width=\"150\" height=\"150\" src=\"https:\/\/sites.usp.br\/laec\/wp-content\/uploads\/sites\/849\/2020\/11\/cropped-cropped-Portugues_colorido_redondo-1-2-150x150.png\" class=\"attachment-thumbnail size-thumbnail wp-image-864\" alt=\"\" srcset=\"https:\/\/sites.usp.br\/laec\/wp-content\/uploads\/sites\/849\/2020\/11\/cropped-cropped-Portugues_colorido_redondo-1-2-150x150.png 150w, https:\/\/sites.usp.br\/laec\/wp-content\/uploads\/sites\/849\/2020\/11\/cropped-cropped-Portugues_colorido_redondo-1-2-300x300.png 300w, https:\/\/sites.usp.br\/laec\/wp-content\/uploads\/sites\/849\/2020\/11\/cropped-cropped-Portugues_colorido_redondo-1-2-125x125.png 125w, https:\/\/sites.usp.br\/laec\/wp-content\/uploads\/sites\/849\/2020\/11\/cropped-cropped-Portugues_colorido_redondo-1-2-45x45.png 45w, https:\/\/sites.usp.br\/laec\/wp-content\/uploads\/sites\/849\/2020\/11\/cropped-cropped-Portugues_colorido_redondo-1-2-200x200.png 200w, https:\/\/sites.usp.br\/laec\/wp-content\/uploads\/sites\/849\/2020\/11\/cropped-cropped-Portugues_colorido_redondo-1-2-400x400.png 400w, https:\/\/sites.usp.br\/laec\/wp-content\/uploads\/sites\/849\/2020\/11\/cropped-cropped-Portugues_colorido_redondo-1-2.png 512w\" sizes=\"(max-width: 150px) 100vw, 150px\" \/>\t\t\t\t\t\t\t\t\t\t\t\t\t<\/div>\n\t\t\t\t<\/div>\n\t\t\t\t\t<\/div>\n\t\t<\/div>\n\t\t\t\t<div class=\"elementor-column elementor-col-50 elementor-top-column elementor-element elementor-element-93d9a52\" data-id=\"93d9a52\" data-element_type=\"column\" data-settings=\"{&quot;background_background&quot;:&quot;classic&quot;}\">\n\t\t\t<div class=\"elementor-widget-wrap elementor-element-populated\">\n\t\t\t\t\t<div class=\"elementor-background-overlay\"><\/div>\n\t\t\t\t\t\t<div class=\"elementor-element elementor-element-94c8bd1 elementor-widget elementor-widget-text-editor\" data-id=\"94c8bd1\" data-element_type=\"widget\" data-widget_type=\"text-editor.default\">\n\t\t\t\t<div class=\"elementor-widget-container\">\n\t\t\t\t\t\t\t<h1>\u00a0<\/h1><h1 class=\"title style-scope ytd-video-primary-info-renderer\" style=\"text-align: center;\"><b><span style=\"color: #ffffff;\">Laborat\u00f3rio de Ecologia e Conserva\u00e7\u00e3o <br \/><\/span><\/b><\/h1>\t\t\t\t\t\t<\/div>\n\t\t\t\t<\/div>\n\t\t\t\t\t<\/div>\n\t\t<\/div>\n\t\t\t\t\t<\/div>\n\t\t<\/section>\n\t\t\t\t<section class=\"elementor-section elementor-top-section elementor-element elementor-element-7e81da5 elementor-section-stretched elementor-section-boxed elementor-section-height-default elementor-section-height-default\" data-id=\"7e81da5\" data-element_type=\"section\" data-settings=\"{&quot;stretch_section&quot;:&quot;section-stretched&quot;}\">\n\t\t\t\t\t\t<div class=\"elementor-container elementor-column-gap-default\">\n\t\t\t\t\t<div class=\"elementor-column elementor-col-100 elementor-top-column elementor-element elementor-element-a160d22\" data-id=\"a160d22\" data-element_type=\"column\" data-settings=\"{&quot;background_background&quot;:&quot;classic&quot;}\">\n\t\t\t<div class=\"elementor-widget-wrap elementor-element-populated\">\n\t\t\t\t\t\t<div class=\"elementor-element elementor-element-94a50c1 elementor-widget elementor-widget-text-editor\" data-id=\"94a50c1\" data-element_type=\"widget\" data-widget_type=\"text-editor.default\">\n\t\t\t\t<div class=\"elementor-widget-container\">\n\t\t\t\t\t\t\t<p style=\"text-align: justify;\"><span style=\"color: #000000;\"><\/span><span style=\"color: rgb(0, 0, 0);\">O Laborat\u00f3rio de Ecologia e Conserva\u00e7\u00e3o (LAEC) est\u00e1 localizado no campus da Universidade de S\u00e3o Paulo em Ribeir\u00e3o Preto, uma das maiores cidades do interior de S\u00e3o Paulo. N\u00f3s, moradores locias, estamos orgulhosos do centro econ\u00f4mico representado por esta cidade e, importante dizer, de seu famoso chope. No entanto, como cidad\u00e3os informados, estamos tamb\u00e9m preocupados com as consequ\u00eancias sociais e ambientais resultantes desse crescimento. A partir de um importante produtor de caf\u00e9 em um passado n\u00e3o t\u00e3o distante, nossa regi\u00e3o concentra hoje em dia cerca de um ter\u00e7o da produ\u00e7\u00e3o brasileira de etanol (biocombust\u00edvel). O que significa que estamos cercados por um oceano de cana-de-a\u00e7\u00facar! Nosso foco de pesquisa n\u00e3o poderia, portanto, ignorar esta realidade ambiental. Assim, alguns dos t\u00f3picos atuais de investiga\u00e7\u00e3o em nosso laborat\u00f3rio incluem: os impactos resultantes da transforma\u00e7\u00e3o e degrada\u00e7\u00e3o das paisagens naturais sobre a vida selvagem; o papel das \u00e1reas protegidas, incluindo aquelas localizadas em propriedades rurais privadas, na salvaguarda da biodiversidade; habitat e flexibilidade ecol\u00f3gica de esp\u00e9cies da vida selvagem em paisagens perturbadas; invas\u00e3o biol\u00f3gica e esp\u00e9cies invasoras, o impacto e a sustentabilidade da ca\u00e7a, entre outras quest\u00f5es contempor\u00e2neas de conserva\u00e7\u00e3o. Embora nossos temas de pesquisa incluam preponderantemente mam\u00edferos, estudos envolvendo outros grupos de vertebrados tamb\u00e9m tem sido desenvolvidos e s\u00e3o muito bem-vindos, particularmente sobre esp\u00e9cies amea\u00e7adas de extin\u00e7\u00e3o, esp\u00e9cies-chave ou aquelas que fornecem importantes servi\u00e7os ecossist\u00eamicos.<\/span><\/p>\n<p style=\"text-align: justify;\"><span style=\"color: #000000;\"><\/span><\/p>\t\t\t\t\t\t<\/div>\n\t\t\t\t<\/div>\n\t\t\t\t\t<\/div>\n\t\t<\/div>\n\t\t\t\t\t<\/div>\n\t\t<\/section>\n\t\t\t\t<\/div>\n\t\t","protected":false},"excerpt":{"rendered":"<p>\u00a0 Laborat\u00f3rio de Ecologia e Conserva\u00e7\u00e3o O Laborat\u00f3rio de Ecologia e Conserva\u00e7\u00e3o (LAEC) est\u00e1 localizado no campus da Universidade de S\u00e3o Paulo em Ribeir\u00e3o Preto, uma das maiores cidades do interior de S\u00e3o Paulo. N\u00f3s, moradores locias, estamos orgulhosos do centro econ\u00f4mico representado por esta cidade e, importante dizer, de seu famoso chope. No entanto,<a href=\"https:\/\/sites.usp.br\/laec\/\">[&#8230;]<\/a><\/p>\n","protected":false},"author":1200,"featured_media":0,"parent":0,"menu_order":0,"comment_status":"closed","ping_status":"closed","template":"elementor_header_footer","meta":{"footnotes":"","_links_to":"","_links_to_target":""},"class_list":["post-959","page","type-page","status-publish","hentry"],"_links":{"self":[{"href":"https:\/\/sites.usp.br\/laec\/wp-json\/wp\/v2\/pages\/959","targetHints":{"allow":["GET"]}}],"collection":[{"href":"https:\/\/sites.usp.br\/laec\/wp-json\/wp\/v2\/pages"}],"about":[{"href":"https:\/\/sites.usp.br\/laec\/wp-json\/wp\/v2\/types\/page"}],"author":[{"embeddable":true,"href":"https:\/\/sites.usp.br\/laec\/wp-json\/wp\/v2\/users\/1200"}],"replies":[{"embeddable":true,"href":"https:\/\/sites.usp.br\/laec\/wp-json\/wp\/v2\/comments?post=959"}],"version-history":[{"count":4,"href":"https:\/\/sites.usp.br\/laec\/wp-json\/wp\/v2\/pages\/959\/revisions"}],"predecessor-version":[{"id":1385,"href":"https:\/\/sites.usp.br\/laec\/wp-json\/wp\/v2\/pages\/959\/revisions\/1385"}],"wp:attachment":[{"href":"https:\/\/sites.usp.br\/laec\/wp-json\/wp\/v2\/media?parent=959"}],"curies":[{"name":"wp","href":"https:\/\/api.w.org\/{rel}","templated":true}]}}