{"id":166,"date":"2020-05-27T15:59:27","date_gmt":"2020-05-27T17:59:27","guid":{"rendered":"https:\/\/sites.usp.br\/lafipebio\/?page_id=166"},"modified":"2020-06-03T20:24:41","modified_gmt":"2020-06-03T22:24:41","slug":"o-laboratorio","status":"publish","type":"page","link":"https:\/\/sites.usp.br\/lafipebio\/o-laboratorio\/","title":{"rendered":"O Laborat\u00f3rio"},"content":{"rendered":"<div id=\"pl-166\"  class=\"panel-layout\" ><div id=\"pg-166-0\"  class=\"panel-grid panel-no-style\" ><div id=\"pgc-166-0-0\"  class=\"panel-grid-cell\" ><div id=\"panel-166-0-0-0\" class=\"so-panel widget widget_sow-editor panel-first-child panel-last-child\" data-index=\"0\" ><div\n\t\t\t\n\t\t\tclass=\"so-widget-sow-editor so-widget-sow-editor-base\"\n\t\t\t\n\t\t>\n<div class=\"siteorigin-widget-tinymce textwidget\">\n\t<p>Nosso laborat\u00f3rio \u00e9 um cen\u00e1rio que prev\u00ea espa\u00e7o para criatividade e o arriscar-se na experimenta\u00e7\u00e3o de novos caminhos, onde enxergo minha atua\u00e7\u00e3o como pesquisadora na Universidade de S\u00e3o Paulo. Ora querendo entender o processo de diferencia\u00e7\u00e3o de c\u00e9lulas-tronco mesenquimais e de queratin\u00f3citos humanos (basais ou adultos), com perspectivas para melhor compreender a fisiologia da pele e desenvolver substitutos d\u00e9rmicos que possam ser usados em condi\u00e7\u00f5es patol\u00f3gicas e na medicina regenerativa, ora dedicando esfor\u00e7os para compreender os mecanismos moleculares envolvidos no surgimento e desenvolvimento do diabetes gestacional, com vistas ao desenvolvimento de tentativas terap\u00eauticas para essa condi\u00e7\u00e3o que atinge um grande n\u00famero de mulheres gr\u00e1vidas.<\/p>\n<\/div>\n<\/div><\/div><\/div><\/div><div id=\"pg-166-1\"  class=\"panel-grid panel-no-style\" ><div id=\"pgc-166-1-0\"  class=\"panel-grid-cell\" ><div id=\"panel-166-1-0-0\" class=\"so-panel widget widget_sow-image panel-first-child panel-last-child\" data-index=\"1\" ><div\n\t\t\t\n\t\t\tclass=\"so-widget-sow-image so-widget-sow-image-default-8b5b6f678277-166\"\n\t\t\t\n\t\t>\n<div class=\"sow-image-container\">\n\t\t<img \n\tsrc=\"https:\/\/sites.usp.br\/lafipebio\/wp-content\/uploads\/sites\/743\/2020\/06\/1.jpg\" width=\"620\" height=\"540\" srcset=\"https:\/\/sites.usp.br\/lafipebio\/wp-content\/uploads\/sites\/743\/2020\/06\/1.jpg 620w, https:\/\/sites.usp.br\/lafipebio\/wp-content\/uploads\/sites\/743\/2020\/06\/1-300x261.jpg 300w, https:\/\/sites.usp.br\/lafipebio\/wp-content\/uploads\/sites\/743\/2020\/06\/1-400x348.jpg 400w\" sizes=\"(max-width: 620px) 100vw, 620px\" alt=\"\" \t\tclass=\"so-widget-image\"\/>\n\t<\/div>\n\n<\/div><\/div><\/div><div id=\"pgc-166-1-1\"  class=\"panel-grid-cell\" ><div id=\"panel-166-1-1-0\" class=\"so-panel widget widget_sow-image panel-first-child panel-last-child\" data-index=\"2\" ><div\n\t\t\t\n\t\t\tclass=\"so-widget-sow-image so-widget-sow-image-default-8b5b6f678277-166\"\n\t\t\t\n\t\t>\n<div class=\"sow-image-container\">\n\t\t<img \n\tsrc=\"https:\/\/sites.usp.br\/lafipebio\/wp-content\/uploads\/sites\/743\/2020\/06\/4.jpg\" width=\"502\" height=\"311\" srcset=\"https:\/\/sites.usp.br\/lafipebio\/wp-content\/uploads\/sites\/743\/2020\/06\/4.jpg 502w, https:\/\/sites.usp.br\/lafipebio\/wp-content\/uploads\/sites\/743\/2020\/06\/4-300x186.jpg 300w, https:\/\/sites.usp.br\/lafipebio\/wp-content\/uploads\/sites\/743\/2020\/06\/4-400x248.jpg 400w\" sizes=\"(max-width: 502px) 100vw, 502px\" alt=\"\" \t\tclass=\"so-widget-image\"\/>\n\t<\/div>\n\n<\/div><\/div><\/div><\/div><div id=\"pg-166-2\"  class=\"panel-grid panel-no-style\" ><div id=\"pgc-166-2-0\"  class=\"panel-grid-cell\" ><div id=\"panel-166-2-0-0\" class=\"so-panel widget widget_sow-image panel-first-child panel-last-child\" data-index=\"3\" ><div\n\t\t\t\n\t\t\tclass=\"so-widget-sow-image so-widget-sow-image-default-8b5b6f678277-166\"\n\t\t\t\n\t\t>\n<div class=\"sow-image-container\">\n\t\t<img \n\tsrc=\"https:\/\/sites.usp.br\/lafipebio\/wp-content\/uploads\/sites\/743\/2020\/06\/9.jpg\" width=\"738\" height=\"490\" srcset=\"https:\/\/sites.usp.br\/lafipebio\/wp-content\/uploads\/sites\/743\/2020\/06\/9.jpg 738w, https:\/\/sites.usp.br\/lafipebio\/wp-content\/uploads\/sites\/743\/2020\/06\/9-300x199.jpg 300w, https:\/\/sites.usp.br\/lafipebio\/wp-content\/uploads\/sites\/743\/2020\/06\/9-272x182.jpg 272w, https:\/\/sites.usp.br\/lafipebio\/wp-content\/uploads\/sites\/743\/2020\/06\/9-400x266.jpg 400w\" sizes=\"(max-width: 738px) 100vw, 738px\" alt=\"\" \t\tclass=\"so-widget-image\"\/>\n\t<\/div>\n\n<\/div><\/div><\/div><div id=\"pgc-166-2-1\"  class=\"panel-grid-cell\" ><div id=\"panel-166-2-1-0\" class=\"so-panel widget widget_sow-image panel-first-child panel-last-child\" data-index=\"4\" ><div\n\t\t\t\n\t\t\tclass=\"so-widget-sow-image so-widget-sow-image-default-8b5b6f678277-166\"\n\t\t\t\n\t\t>\n<div class=\"sow-image-container\">\n\t\t<img \n\tsrc=\"https:\/\/sites.usp.br\/lafipebio\/wp-content\/uploads\/sites\/743\/2020\/06\/10.jpg\" width=\"703\" height=\"491\" srcset=\"https:\/\/sites.usp.br\/lafipebio\/wp-content\/uploads\/sites\/743\/2020\/06\/10.jpg 703w, https:\/\/sites.usp.br\/lafipebio\/wp-content\/uploads\/sites\/743\/2020\/06\/10-300x210.jpg 300w, https:\/\/sites.usp.br\/lafipebio\/wp-content\/uploads\/sites\/743\/2020\/06\/10-400x279.jpg 400w\" sizes=\"(max-width: 703px) 100vw, 703px\" alt=\"\" \t\tclass=\"so-widget-image\"\/>\n\t<\/div>\n\n<\/div><\/div><\/div><\/div><div id=\"pg-166-3\"  class=\"panel-grid panel-no-style\" ><div id=\"pgc-166-3-0\"  class=\"panel-grid-cell\" ><div id=\"panel-166-3-0-0\" class=\"so-panel widget widget_sow-image panel-first-child panel-last-child\" data-index=\"5\" ><div\n\t\t\t\n\t\t\tclass=\"so-widget-sow-image so-widget-sow-image-default-8b5b6f678277-166\"\n\t\t\t\n\t\t>\n<div class=\"sow-image-container\">\n\t\t<img \n\tsrc=\"https:\/\/sites.usp.br\/lafipebio\/wp-content\/uploads\/sites\/743\/2020\/06\/6.jpg\" width=\"691\" height=\"596\" srcset=\"https:\/\/sites.usp.br\/lafipebio\/wp-content\/uploads\/sites\/743\/2020\/06\/6.jpg 691w, https:\/\/sites.usp.br\/lafipebio\/wp-content\/uploads\/sites\/743\/2020\/06\/6-300x259.jpg 300w, https:\/\/sites.usp.br\/lafipebio\/wp-content\/uploads\/sites\/743\/2020\/06\/6-400x345.jpg 400w\" sizes=\"(max-width: 691px) 100vw, 691px\" alt=\"\" \t\tclass=\"so-widget-image\"\/>\n\t<\/div>\n\n<\/div><\/div><\/div><div id=\"pgc-166-3-1\"  class=\"panel-grid-cell\" ><div id=\"panel-166-3-1-0\" class=\"so-panel widget widget_sow-image panel-first-child panel-last-child\" data-index=\"6\" ><div\n\t\t\t\n\t\t\tclass=\"so-widget-sow-image so-widget-sow-image-default-8b5b6f678277-166\"\n\t\t\t\n\t\t>\n<div class=\"sow-image-container\">\n\t\t<img \n\tsrc=\"https:\/\/sites.usp.br\/lafipebio\/wp-content\/uploads\/sites\/743\/2020\/06\/5-1.jpg\" width=\"507\" height=\"579\" srcset=\"https:\/\/sites.usp.br\/lafipebio\/wp-content\/uploads\/sites\/743\/2020\/06\/5-1.jpg 507w, https:\/\/sites.usp.br\/lafipebio\/wp-content\/uploads\/sites\/743\/2020\/06\/5-1-263x300.jpg 263w, https:\/\/sites.usp.br\/lafipebio\/wp-content\/uploads\/sites\/743\/2020\/06\/5-1-400x457.jpg 400w\" sizes=\"(max-width: 507px) 100vw, 507px\" title=\"5\" alt=\"\" \t\tclass=\"so-widget-image\"\/>\n\t<\/div>\n\n<\/div><\/div><\/div><\/div><\/div>","protected":false},"excerpt":{"rendered":"<p>Nosso laborat\u00f3rio \u00e9 um cen\u00e1rio que prev\u00ea espa\u00e7o para criatividade e o arriscar-se na experimenta\u00e7\u00e3o de novos caminhos, onde enxergo minha atua\u00e7\u00e3o como pesquisadora na Universidade de S\u00e3o Paulo. Ora querendo entender o processo de diferencia\u00e7\u00e3o de c\u00e9lulas-tronco mesenquimais e de queratin\u00f3citos humanos (basais ou adultos), com perspectivas para melhor compreender a fisiologia da pele [&hellip;]<\/p>\n","protected":false},"author":484,"featured_media":0,"parent":0,"menu_order":0,"comment_status":"closed","ping_status":"closed","template":"","meta":{"_monsterinsights_skip_tracking":false,"_monsterinsights_sitenote_active":false,"_monsterinsights_sitenote_note":"","_monsterinsights_sitenote_category":0,"footnotes":"","_links_to":"","_links_to_target":""},"class_list":["post-166","page","type-page","status-publish","hentry"],"_links":{"self":[{"href":"https:\/\/sites.usp.br\/lafipebio\/wp-json\/wp\/v2\/pages\/166","targetHints":{"allow":["GET"]}}],"collection":[{"href":"https:\/\/sites.usp.br\/lafipebio\/wp-json\/wp\/v2\/pages"}],"about":[{"href":"https:\/\/sites.usp.br\/lafipebio\/wp-json\/wp\/v2\/types\/page"}],"author":[{"embeddable":true,"href":"https:\/\/sites.usp.br\/lafipebio\/wp-json\/wp\/v2\/users\/484"}],"replies":[{"embeddable":true,"href":"https:\/\/sites.usp.br\/lafipebio\/wp-json\/wp\/v2\/comments?post=166"}],"version-history":[{"count":5,"href":"https:\/\/sites.usp.br\/lafipebio\/wp-json\/wp\/v2\/pages\/166\/revisions"}],"predecessor-version":[{"id":439,"href":"https:\/\/sites.usp.br\/lafipebio\/wp-json\/wp\/v2\/pages\/166\/revisions\/439"}],"wp:attachment":[{"href":"https:\/\/sites.usp.br\/lafipebio\/wp-json\/wp\/v2\/media?parent=166"}],"curies":[{"name":"wp","href":"https:\/\/api.w.org\/{rel}","templated":true}]}}