{"id":172,"date":"2020-05-27T16:01:01","date_gmt":"2020-05-27T18:01:01","guid":{"rendered":"https:\/\/sites.usp.br\/lafipebio\/?page_id=172"},"modified":"2021-04-21T12:40:42","modified_gmt":"2021-04-21T14:40:42","slug":"viviane-nunes","status":"publish","type":"page","link":"https:\/\/sites.usp.br\/lafipebio\/viviane-nunes\/","title":{"rendered":"Viviane Nunes"},"content":{"rendered":"<div id=\"pl-172\"  class=\"panel-layout\" ><div id=\"pg-172-0\"  class=\"panel-grid panel-no-style\" ><div id=\"pgc-172-0-0\"  class=\"panel-grid-cell\" ><div id=\"panel-172-0-0-0\" class=\"so-panel widget widget_sow-editor panel-first-child panel-last-child\" data-index=\"0\" ><div\n\t\t\t\n\t\t\tclass=\"so-widget-sow-editor so-widget-sow-editor-base\"\n\t\t\t\n\t\t>\n<div class=\"siteorigin-widget-tinymce textwidget\">\n\t<p>Graduada em Ci\u00eancias Biol\u00f3gicas \u2012 Modalidade M\u00e9dica, pela Universidade Federal de S\u00e3o Paulo\u2013UNIFESP(1997), mestre em Biologia Molecular pela UNIFESP (2000), doutora em Ci\u00eancias (Biologia Molecular) pela UNIFESP (2004) e p\u00f3s-doutora em Gen\u00e9tica M\u00e9dica pela Universidade de S\u00e3o Paulo (USP). \u00c9 professora associada da USP das disciplinas de Fisiologia Humana, no curso de Biotecnologia. Experi\u00eancia em Bioqu\u00edmica e Biologia Molecular, atuando, principalmente, na \u00e1rea de fisiologia celular da pele e bioengenharia tecidual, al\u00e9m do estudo do mecanismo molecular de doen\u00e7as cr\u00f4nicas n\u00e3o transmiss\u00edveis como o diabetes gestacional.<\/p>\n<p>E-mail: vanunes@ib.usp.br<\/p>\n<p><span lang=\"EN-US\"><a href=\"http:\/\/scholar.google.com.br\/citations?hl=pt-BR&amp;amp;user=aXQHODUAAAAJ&amp;amp;view_op=list_works\" target=\"_blank\" rel=\"noopener noreferrer\"><b><u>Link para Google Scholar<\/u><\/b><\/a><\/span><\/p>\n<p><a href=\"http:\/\/buscatextual.cnpq.br\/buscatextual\/visualizacv.do?id=K4769221Z8&amp;tokenCaptchar=03AGdBq26uBQEe5Gl3UIHxSSuk692sZA8kfDIEvT9zu6aJyhg4BHllvAvG_VFX-MvUKKM1pRFN8WVfvY2u7mAz_OI_w_clEzIxIK9tPVowaqML9NLbiSR8vBdq-s9dAre-qCjMhopBHLPpLnALcLKER_Oh0tlYYX-H99Gc6texlLifyjrnaWKNGQDms1xv6ZnsQkypoJu4nTlaACoShRjh6HUU9IFNcSkDUkvGkgbkqWYhdvN6Ksc6GjBUapNldjtsimDsTz2geKKAj-pKHVr63xiy1Nq6yiH4Y9tA5arvQKaoZPsbqhqSNkvx2U21tv7r_INk6hLwvTew4hK9smNPMkbcnQLfddR22Y8geyRv38b2V_WyOs9t-KawGw6c-zyCsmNUvyethlGIH72Mr8gPSjbksKOEuemn-g\" target=\"_blank\" rel=\"noopener noreferrer\">Link para Lattes: http:\/\/lattes.cnpq.br\/0575462897293511<\/a><\/p>\n<\/div>\n<\/div><\/div><\/div><\/div><\/div>","protected":false},"excerpt":{"rendered":"<p>Graduada em Ci\u00eancias Biol\u00f3gicas \u2012 Modalidade M\u00e9dica, pela Universidade Federal de S\u00e3o Paulo\u2013UNIFESP(1997), mestre em Biologia Molecular pela UNIFESP (2000), doutora em Ci\u00eancias (Biologia Molecular) pela UNIFESP (2004) e p\u00f3s-doutora em Gen\u00e9tica M\u00e9dica pela Universidade de S\u00e3o Paulo (USP). \u00c9 professora associada da USP das disciplinas de Fisiologia Humana, no curso de Biotecnologia. Experi\u00eancia em [&hellip;]<\/p>\n","protected":false},"author":484,"featured_media":0,"parent":0,"menu_order":0,"comment_status":"closed","ping_status":"closed","template":"","meta":{"_monsterinsights_skip_tracking":false,"_monsterinsights_sitenote_active":false,"_monsterinsights_sitenote_note":"","_monsterinsights_sitenote_category":0,"footnotes":"","_links_to":"","_links_to_target":""},"class_list":["post-172","page","type-page","status-publish","hentry"],"_links":{"self":[{"href":"https:\/\/sites.usp.br\/lafipebio\/wp-json\/wp\/v2\/pages\/172","targetHints":{"allow":["GET"]}}],"collection":[{"href":"https:\/\/sites.usp.br\/lafipebio\/wp-json\/wp\/v2\/pages"}],"about":[{"href":"https:\/\/sites.usp.br\/lafipebio\/wp-json\/wp\/v2\/types\/page"}],"author":[{"embeddable":true,"href":"https:\/\/sites.usp.br\/lafipebio\/wp-json\/wp\/v2\/users\/484"}],"replies":[{"embeddable":true,"href":"https:\/\/sites.usp.br\/lafipebio\/wp-json\/wp\/v2\/comments?post=172"}],"version-history":[{"count":4,"href":"https:\/\/sites.usp.br\/lafipebio\/wp-json\/wp\/v2\/pages\/172\/revisions"}],"predecessor-version":[{"id":600,"href":"https:\/\/sites.usp.br\/lafipebio\/wp-json\/wp\/v2\/pages\/172\/revisions\/600"}],"wp:attachment":[{"href":"https:\/\/sites.usp.br\/lafipebio\/wp-json\/wp\/v2\/media?parent=172"}],"curies":[{"name":"wp","href":"https:\/\/api.w.org\/{rel}","templated":true}]}}